{"id":47183,"date":"2026-03-30T04:31:47","date_gmt":"2026-03-30T04:31:47","guid":{"rendered":"https:\/\/globalgiftsupplier.com\/?post_type=product&#038;p=47183"},"modified":"2026-03-30T04:31:47","modified_gmt":"2026-03-30T04:31:47","slug":"custom-sling-backpacks-with-zipper-pocket-and-mesh-side-pocket","status":"publish","type":"product","link":"https:\/\/globalgiftsupplier.com\/it\/product\/custom-sling-backpacks-with-zipper-pocket-and-mesh-side-pocket\/","title":{"rendered":"Zaini a fionda personalizzati con tasca con cerniera e tasca laterale in rete"},"content":{"rendered":"<p data-start=\"14666\" data-end=\"15072\">Questi zaini personalizzati offrono una soluzione di trasporto pratica e moderna per le attivit\u00e0 quotidiane, l'uso all'aperto e la distribuzione promozionale. Il design con una sola cinghia li rende facili da indossare su una spalla o sul corpo, mentre l'area di stoccaggio principale offre spazio per gli elementi essenziali di ogni giorno come quaderni, materiale per eventi, piccoli capi di abbigliamento, snack e accessori personali.<\/p>\n<p data-start=\"15074\" data-end=\"15429\">La tasca frontale con cerniera consente di tenere a portata di mano gli oggetti di uso comune, mentre la tasca laterale in rete \u00e8 utile per trasportare una bottiglia d'acqua, un ombrello o altri oggetti compatti. Questo rende la borsa un'opzione versatile per lo sport, il pendolarismo, la scuola, i viaggi e le fiere. \u00c8 particolarmente utile per gli utenti attivi che desiderano una borsa leggera e facile da trasportare.<\/p>\n<p data-start=\"15431\" data-end=\"15721\">L'area frontale pu\u00f2 essere personalizzata con il vostro logo o branding, rendendolo un forte articolo promozionale per eventi commerciali, omaggi aziendali, scuole, squadre sportive e campagne all'aperto. Essendo funzionale e facile da riutilizzare, questo zaino a fionda aiuta a mantenere il vostro logo visibile nella vita quotidiana.<\/p>\n<p data-start=\"15723\" data-end=\"16050\"><strong data-start=\"15723\" data-end=\"15739\">Caratteristiche principali<\/strong><br data-start=\"15739\" data-end=\"15742\" \/>Design dello zaino con cinghia singola<br data-start=\"15776\" data-end=\"15779\" \/>Ampio scomparto principale<br data-start=\"15804\" data-end=\"15807\" \/>Tasca frontale con cerniera<br data-start=\"15826\" data-end=\"15829\" \/>Tasca laterale in rete per bottiglia o accessori<br data-start=\"15871\" data-end=\"15874\" \/>Comodo per il trasporto quotidiano<br data-start=\"15904\" data-end=\"15907\" \/>Stampa del logo personalizzato disponibile<br data-start=\"15937\" data-end=\"15940\" \/>Adatto per viaggi, sport e uso scolastico<br data-start=\"15983\" data-end=\"15986\" \/>Riutilizzabile e facile da trasportare<br data-start=\"16012\" data-end=\"16015\" \/>Buona visibilit\u00e0 per la promozione del marchio<\/p>\n<p data-start=\"16052\" data-end=\"16412\"><strong data-start=\"16052\" data-end=\"16070\">Specifiche tecniche<\/strong><br data-start=\"16070\" data-end=\"16073\" \/>Tipo di prodotto: Zaino a fionda<br data-start=\"16101\" data-end=\"16104\" \/>Materiale: Poliestere \/ tessuto per borse promozionali<br data-start=\"16148\" data-end=\"16151\" \/>Stile: Zaino monospalla<br data-start=\"16176\" data-end=\"16179\" \/>Design delle tasche: Tasca frontale con cerniera e tasca laterale in rete<br data-start=\"16234\" data-end=\"16237\" \/>Colore: colori personalizzati disponibili<br data-start=\"16267\" data-end=\"16270\" \/>Logo: Possibilit\u00e0 di stampa del logo personalizzato<br data-start=\"16306\" data-end=\"16309\" \/>Utilizzo: Viaggi, sport, scuola, pendolarismo, promozioni<br data-start=\"16361\" data-end=\"16364\" \/>Origine: Cina<br data-start=\"16377\" data-end=\"16380\" \/>Tempo di produzione: 15 giorni lavorativi<\/p>\n<p data-start=\"16414\" data-end=\"16672\"><strong data-start=\"16414\" data-end=\"16441\">Perch\u00e9 scegliere questo prodotto<\/strong><br data-start=\"16441\" data-end=\"16444\" \/>Questo zaino a fionda combina la praticit\u00e0 di stoccaggio e la facilit\u00e0 di trasporto in un unico prodotto riutilizzabile. \u00c8 una scelta promozionale forte perch\u00e9 i clienti possono usarlo regolarmente, contribuendo a mantenere il vostro marchio visibile negli ambienti quotidiani.<\/p>\n<p data-start=\"16674\" data-end=\"16846\"><strong data-start=\"16674\" data-end=\"16687\">Ideale per<\/strong><br data-start=\"16687\" data-end=\"16690\" \/>Promozioni sportive<br data-start=\"16707\" data-end=\"16710\" \/>Omaggi di viaggio<br data-start=\"16726\" data-end=\"16729\" \/>Eventi scolastici<br data-start=\"16742\" data-end=\"16745\" \/>Fiere di settore<br data-start=\"16756\" data-end=\"16759\" \/>Campagne esterne<br data-start=\"16776\" data-end=\"16779\" \/>Promozioni in palestra<br data-start=\"16793\" data-end=\"16796\" \/>Uso pendolare<br data-start=\"16809\" data-end=\"16812\" \/>Eventi aziendali<br data-start=\"16826\" data-end=\"16829\" \/>Uso quotidiano del marchio<\/p>\n<p data-start=\"16848\" data-end=\"16857\"><strong data-start=\"16848\" data-end=\"16855\">FAQ<\/strong><\/p>\n<p data-start=\"16859\" data-end=\"16972\"><strong data-start=\"16859\" data-end=\"16904\">Questa borsa pu\u00f2 essere personalizzata con il nostro logo?<\/strong><br data-start=\"16904\" data-end=\"16907\" \/>S\u00ec. Il pannello frontale pu\u00f2 essere personalizzato con il vostro logo o messaggio.<\/p>\n<p data-start=\"16974\" data-end=\"17077\"><strong data-start=\"16974\" data-end=\"17013\">Cosa pu\u00f2 contenere la tasca laterale in rete?<\/strong><br data-start=\"17013\" data-end=\"17016\" \/>Pu\u00f2 contenere una bottiglia d'acqua, un ombrello o altri oggetti compatti.<\/p>\n<p data-start=\"17079\" data-end=\"17190\"><strong data-start=\"17079\" data-end=\"17117\">Si tratta di uno zaino o di una borsa a tracolla?<\/strong><br data-start=\"17117\" data-end=\"17120\" \/>\u00c8 uno zaino a fionda con una sola tracolla per facilitare il trasporto.<\/p>\n<p data-start=\"17192\" data-end=\"17322\"><strong data-start=\"17192\" data-end=\"17232\">Va bene per gli eventi promozionali?<\/strong><br data-start=\"17232\" data-end=\"17235\" \/>S\u00ec. \u00c8 utile, portatile e adatto per gli omaggi di marca e la distribuzione agli eventi.<\/p>\n<p data-start=\"17324\" data-end=\"17457\"><strong data-start=\"17324\" data-end=\"17364\">Pu\u00f2 essere utilizzato per i viaggi o per la scuola?<\/strong><br data-start=\"17364\" data-end=\"17367\" \/>S\u00ec. \u00c8 adatto per gli oggetti leggeri di uso quotidiano, per gli articoli da viaggio e per l'uso scolastico o pendolare.<\/p>","protected":false},"excerpt":{"rendered":"<p>Questi zaini personalizzati sono progettati per un comodo trasporto, un uso quotidiano e una visibilit\u00e0 promozionale. Dotati di un ampio scomparto principale, di una tasca frontale con cerniera e di una tasca laterale in rete, sono adatti per lo sport, i viaggi, il pendolarismo, la scuola e gli omaggi agli eventi. La struttura pratica e l'area riservata al logo personalizzato ne fanno una scelta intelligente.<\/p>","protected":false},"featured_media":47184,"template":"","meta":{"_gspb_post_css":""},"product_brand":[],"product_cat":[26],"product_tag":[],"class_list":{"0":"post-47183","1":"product","2":"type-product","3":"status-publish","4":"has-post-thumbnail","6":"product_cat-bags","8":"first","9":"instock","10":"shipping-taxable","11":"product-type-simple"},"_links":{"self":[{"href":"https:\/\/globalgiftsupplier.com\/it\/wp-json\/wp\/v2\/product\/47183","targetHints":{"allow":["GET"]}}],"collection":[{"href":"https:\/\/globalgiftsupplier.com\/it\/wp-json\/wp\/v2\/product"}],"about":[{"href":"https:\/\/globalgiftsupplier.com\/it\/wp-json\/wp\/v2\/types\/product"}],"wp:featuredmedia":[{"embeddable":true,"href":"https:\/\/globalgiftsupplier.com\/it\/wp-json\/wp\/v2\/media\/47184"}],"wp:attachment":[{"href":"https:\/\/globalgiftsupplier.com\/it\/wp-json\/wp\/v2\/media?parent=47183"}],"wp:term":[{"taxonomy":"product_brand","embeddable":true,"href":"https:\/\/globalgiftsupplier.com\/it\/wp-json\/wp\/v2\/product_brand?post=47183"},{"taxonomy":"product_cat","embeddable":true,"href":"https:\/\/globalgiftsupplier.com\/it\/wp-json\/wp\/v2\/product_cat?post=47183"},{"taxonomy":"product_tag","embeddable":true,"href":"https:\/\/globalgiftsupplier.com\/it\/wp-json\/wp\/v2\/product_tag?post=47183"}],"curies":[{"name":"wp","href":"https:\/\/api.w.org\/{rel}","templated":true}]}}