{"id":47177,"date":"2026-03-30T04:29:38","date_gmt":"2026-03-30T04:29:38","guid":{"rendered":"https:\/\/globalgiftsupplier.com\/?post_type=product&#038;p=47177"},"modified":"2026-03-30T04:29:38","modified_gmt":"2026-03-30T04:29:38","slug":"custom-baseball-pop-it-fidget-toys","status":"publish","type":"product","link":"https:\/\/globalgiftsupplier.com\/it\/product\/custom-baseball-pop-it-fidget-toys\/","title":{"rendered":"Giocattoli Fidget Pop It Baseball personalizzati"},"content":{"rendered":"<p data-start=\"10492\" data-end=\"10831\">Questi fidget toys personalizzati pop it baseball sono un articolo promozionale divertente e coinvolgente, pensato per alleviare lo stress, per i giochi sensoriali e per gli eventi a tema sportivo. La forma ispirata al baseball li rende particolarmente adatti alle promozioni sul baseball, agli omaggi per i giovani, alle attivit\u00e0 scolastiche, alle squadre sportive e alle campagne per le famiglie.<\/p>\n<p data-start=\"10833\" data-end=\"11227\">Il design delle bolle push-pop offre un'attivit\u00e0 pratica e soddisfacente che molti utenti apprezzano durante le pause, a scuola, agli eventi o a casa. Poich\u00e9 il prodotto \u00e8 interattivo anzich\u00e9 puramente decorativo, \u00e8 pi\u00f9 probabile che venga usato ripetutamente e conservato pi\u00f9 a lungo, il che contribuisce a prolungare l'esposizione del marchio. L'area centrale pu\u00f2 essere personalizzata con il vostro logo, rendendolo un articolo creativo per le promozioni di marca.<\/p>\n<p data-start=\"11229\" data-end=\"11484\">Realizzato in materiale siliconico e facile da trasportare, questo pop it da baseball \u00e8 adatto per sacchetti regalo, distribuzioni scolastiche, dispense per squadre, tavoli per eventi e promozioni di novit\u00e0. Offre un modo giocoso per collegare il vostro marchio al divertimento, al relax e all'uso quotidiano.<\/p>\n<p data-start=\"11486\" data-end=\"11807\"><strong data-start=\"11486\" data-end=\"11502\">Caratteristiche principali<\/strong><br data-start=\"11502\" data-end=\"11505\" \/>Design a forma di baseball<br data-start=\"11526\" data-end=\"11529\" \/>Funzione sensoriale push-pop<br data-start=\"11554\" data-end=\"11557\" \/>Stampa del logo personalizzato disponibile<br data-start=\"11587\" data-end=\"11590\" \/>Leggero e portatile<br data-start=\"11614\" data-end=\"11617\" \/>Articolo promozionale divertente e interattivo<br data-start=\"11653\" data-end=\"11656\" \/>Ottimo per alleviare lo stress e per il gioco sensoriale<br data-start=\"11695\" data-end=\"11698\" \/>Adatto per eventi a tema sportivo<br data-start=\"11731\" data-end=\"11734\" \/>Materiale in silicone riutilizzabile<br data-start=\"11760\" data-end=\"11763\" \/>Popolare tra i bambini, gli studenti e gli appassionati di sport<\/p>\n<p data-start=\"11809\" data-end=\"12082\"><strong data-start=\"11809\" data-end=\"11827\">Specifiche tecniche<\/strong><br data-start=\"11827\" data-end=\"11830\" \/>Tipo di prodotto: Giocattolo fidget Pop it<br data-start=\"11861\" data-end=\"11864\" \/>Materiale: Silicone<br data-start=\"11882\" data-end=\"11885\" \/>Forma: Baseball<br data-start=\"11900\" data-end=\"11903\" \/>Colore: colori personalizzati disponibili<br data-start=\"11933\" data-end=\"11936\" \/>Logo: Possibilit\u00e0 di stampa del logo personalizzato<br data-start=\"11972\" data-end=\"11975\" \/>Utilizzo: Sollievo dallo stress, gioco sensoriale, omaggio promozionale<br data-start=\"12031\" data-end=\"12034\" \/>Origine: Cina<br data-start=\"12047\" data-end=\"12050\" \/>Tempo di produzione: 15 giorni lavorativi<\/p>\n<p data-start=\"12084\" data-end=\"12333\"><strong data-start=\"12084\" data-end=\"12111\">Perch\u00e9 scegliere questo prodotto<\/strong><br data-start=\"12111\" data-end=\"12114\" \/>Questo prodotto \u00e8 memorabile perch\u00e9 combina un tema sportivo riconoscibile con un gioco interattivo. \u00c8 un articolo da regalo divertente che le persone sono pi\u00f9 propense a conservare, utilizzare e condividere, aiutando il vostro marchio a rimanere visibile pi\u00f9 a lungo.<\/p>\n<p data-start=\"12335\" data-end=\"12523\"><strong data-start=\"12335\" data-end=\"12348\">Ideale per<\/strong><br data-start=\"12348\" data-end=\"12351\" \/>Promozioni per il baseball<br data-start=\"12370\" data-end=\"12373\" \/>Omaggi per la scuola<br data-start=\"12389\" data-end=\"12392\" \/>Programmi per i giovani<br data-start=\"12406\" data-end=\"12409\" \/>Squadre sportive<br data-start=\"12421\" data-end=\"12424\" \/>Eventi comunitari<br data-start=\"12440\" data-end=\"12443\" \/>Attivit\u00e0 di raccolta fondi<br data-start=\"12465\" data-end=\"12468\" \/>Omaggi del festival<br data-start=\"12486\" data-end=\"12489\" \/>Eventi per le famiglie<br data-start=\"12502\" data-end=\"12505\" \/>Promozioni di novit\u00e0<\/p>\n<p data-start=\"12525\" data-end=\"12534\"><strong data-start=\"12525\" data-end=\"12532\">FAQ<\/strong><\/p>\n<p data-start=\"12536\" data-end=\"12663\"><strong data-start=\"12536\" data-end=\"12584\">Questo pop it pu\u00f2 essere personalizzato con il nostro logo?<\/strong><br data-start=\"12584\" data-end=\"12587\" \/>S\u00ec. L'area centrale pu\u00f2 essere personalizzata con il vostro logo o disegno promozionale.<\/p>\n<p data-start=\"12665\" data-end=\"12727\"><strong data-start=\"12665\" data-end=\"12699\">Di che materiale \u00e8 fatto?<\/strong><br data-start=\"12699\" data-end=\"12702\" \/>\u00c8 realizzato in silicone.<\/p>\n<p data-start=\"12729\" data-end=\"12879\"><strong data-start=\"12729\" data-end=\"12777\">Cosa rende questo prodotto buono per le promozioni?<\/strong><br data-start=\"12777\" data-end=\"12780\" \/>\u00c8 divertente, interattivo, portatile e probabilmente verr\u00e0 usato pi\u00f9 volte, il che aumenta l'esposizione del marchio.<\/p>\n<p data-start=\"12881\" data-end=\"13019\"><strong data-start=\"12881\" data-end=\"12929\">\u00c8 adatto per eventi a tema baseball?<\/strong><br data-start=\"12929\" data-end=\"12932\" \/>S\u00ec. La forma del baseball lo rende particolarmente adatto alle campagne sportive e di baseball.<\/p>\n<p data-start=\"13021\" data-end=\"13146\"><strong data-start=\"13021\" data-end=\"13052\">I bambini possono utilizzare questo articolo?<\/strong><br data-start=\"13052\" data-end=\"13055\" \/>S\u00ec. \u00c8 comunemente usato per eventi scolastici, programmi per giovani e promozioni per famiglie.<\/p>","protected":false},"excerpt":{"rendered":"<p>Questi fidget toys personalizzati pop it baseball combinano divertimento, gioco sensoriale e branding a tema sportivo in un unico articolo promozionale. Progettati a forma di palla da baseball e con bolle push-pop, sono ideali per eventi scolastici, promozioni sportive, omaggi, programmi giovanili e campagne di branding. Leggeri, interattivi e facili da trasportare, sono un regalo promozionale memorabile.<\/p>","protected":false},"featured_media":47178,"template":"","meta":{"_gspb_post_css":""},"product_brand":[],"product_cat":[34],"product_tag":[],"class_list":{"0":"post-47177","1":"product","2":"type-product","3":"status-publish","4":"has-post-thumbnail","6":"product_cat-stress-balls-games-toys","8":"first","9":"instock","10":"shipping-taxable","11":"product-type-simple"},"_links":{"self":[{"href":"https:\/\/globalgiftsupplier.com\/it\/wp-json\/wp\/v2\/product\/47177","targetHints":{"allow":["GET"]}}],"collection":[{"href":"https:\/\/globalgiftsupplier.com\/it\/wp-json\/wp\/v2\/product"}],"about":[{"href":"https:\/\/globalgiftsupplier.com\/it\/wp-json\/wp\/v2\/types\/product"}],"wp:featuredmedia":[{"embeddable":true,"href":"https:\/\/globalgiftsupplier.com\/it\/wp-json\/wp\/v2\/media\/47178"}],"wp:attachment":[{"href":"https:\/\/globalgiftsupplier.com\/it\/wp-json\/wp\/v2\/media?parent=47177"}],"wp:term":[{"taxonomy":"product_brand","embeddable":true,"href":"https:\/\/globalgiftsupplier.com\/it\/wp-json\/wp\/v2\/product_brand?post=47177"},{"taxonomy":"product_cat","embeddable":true,"href":"https:\/\/globalgiftsupplier.com\/it\/wp-json\/wp\/v2\/product_cat?post=47177"},{"taxonomy":"product_tag","embeddable":true,"href":"https:\/\/globalgiftsupplier.com\/it\/wp-json\/wp\/v2\/product_tag?post=47177"}],"curies":[{"name":"wp","href":"https:\/\/api.w.org\/{rel}","templated":true}]}}