{"id":47166,"date":"2026-03-30T04:25:19","date_gmt":"2026-03-30T04:25:19","guid":{"rendered":"https:\/\/globalgiftsupplier.com\/?post_type=product&#038;p=47166"},"modified":"2026-03-30T04:25:19","modified_gmt":"2026-03-30T04:25:19","slug":"custom-non-woven-tote-bags-with-side-pocket","status":"publish","type":"product","link":"https:\/\/globalgiftsupplier.com\/it\/product\/custom-non-woven-tote-bags-with-side-pocket\/","title":{"rendered":"Borse in tessuto non tessuto personalizzate con tasca laterale"},"content":{"rendered":"<p data-start=\"1573\" data-end=\"1915\">Queste borse personalizzate in tessuto non tessuto sono una pratica soluzione di packaging promozionale e di shopping per le aziende che desiderano visibilit\u00e0 e usabilit\u00e0 quotidiana. Realizzate in leggero materiale non tessuto, sono progettate per trasportare opuscoli, cataloghi, generi alimentari, campioni, materiale per eventi e altri oggetti di uso quotidiano.<\/p>\n<p data-start=\"1917\" data-end=\"2319\">Lo spazioso scomparto principale offre spazio sufficiente per i comuni articoli promozionali e di vendita al dettaglio, mentre la tasca laterale esterna aggiunge un comodo spazio extra per riviste, volantini, quaderni o piccoli accessori. I lunghi manici a spalla rendono la borsa comoda da portare a mano o a tracolla, rendendola adatta per lo shopping, le mostre, le conferenze, le scuole, le librerie e gli eventi comunitari.<\/p>\n<p data-start=\"2321\" data-end=\"2693\">La struttura semplice e l'ampia area di stampa frontale ne fanno un prodotto efficace per la stampa del logo. Poich\u00e9 la borsa \u00e8 riutilizzabile e facile da riporre, offre un'esposizione duratura al vostro marchio anche dopo la fine dell'evento. Utilizzata per l'asporto al dettaglio, per gli omaggi alle fiere o per le promozioni aziendali, questa tote bag combina convenienza, funzionalit\u00e0 e valore promozionale.<\/p>\n<p data-start=\"2695\" data-end=\"3039\"><strong data-start=\"2695\" data-end=\"2711\">Caratteristiche principali<\/strong><br data-start=\"2711\" data-end=\"2714\" \/>Ampio scomparto principale<br data-start=\"2739\" data-end=\"2742\" \/>Tasca laterale esterna per un maggiore spazio di archiviazione<br data-start=\"2780\" data-end=\"2783\" \/>Materiale non tessuto leggero<br data-start=\"2813\" data-end=\"2816\" \/>Maniglie lunghe per un trasporto confortevole<br data-start=\"2853\" data-end=\"2856\" \/>Stampa del logo personalizzato disponibile<br data-start=\"2886\" data-end=\"2889\" \/>Riutilizzabile per lo shopping e l'uso quotidiano<br data-start=\"2924\" data-end=\"2927\" \/>Adatto per eventi, vendita al dettaglio e promozioni<br data-start=\"2970\" data-end=\"2973\" \/>Facile da immagazzinare e distribuire<br data-start=\"3001\" data-end=\"3004\" \/>Buona visibilit\u00e0 per la messaggistica del marchio<\/p>\n<p data-start=\"3041\" data-end=\"3391\"><strong data-start=\"3041\" data-end=\"3059\">Specifiche tecniche<\/strong><br data-start=\"3059\" data-end=\"3062\" \/>Tipo di prodotto: Borsa in tessuto non tessuto<br data-start=\"3094\" data-end=\"3097\" \/>Materiale: Tessuto non tessuto<br data-start=\"3123\" data-end=\"3126\" \/>Stile: Tote bag con tasca laterale<br data-start=\"3158\" data-end=\"3161\" \/>Tipo di impugnatura: Manici lunghi a spalla<br data-start=\"3195\" data-end=\"3198\" \/>Chiusura: Aperto in alto<br data-start=\"3215\" data-end=\"3218\" \/>Colore: colori personalizzati disponibili<br data-start=\"3248\" data-end=\"3251\" \/>Metodo di stampa: Serigrafia\/trasferimento a caldo a seconda dell'opera d'arte<br data-start=\"3314\" data-end=\"3317\" \/>Posizione dell'impronta: Fronte<br data-start=\"3340\" data-end=\"3343\" \/>Origine: Cina<br data-start=\"3356\" data-end=\"3359\" \/>Tempo di produzione: 15 giorni lavorativi<\/p>\n<p data-start=\"3393\" data-end=\"3682\"><strong data-start=\"3393\" data-end=\"3420\">Perch\u00e9 scegliere questo prodotto<\/strong><br data-start=\"3420\" data-end=\"3423\" \/>Questa tote bag \u00e8 utile, riutilizzabile e facile da marchiare, il che la rende un prodotto promozionale eccellente per le aziende che desiderano una visibilit\u00e0 a lungo termine del logo. L'aggiunta di una tasca laterale le conferisce inoltre una maggiore funzionalit\u00e0 rispetto a una tote standard, rendendola pi\u00f9 attraente per l'uso quotidiano.<\/p>\n<p data-start=\"3684\" data-end=\"3893\"><strong data-start=\"3684\" data-end=\"3697\">Ideale per<\/strong><br data-start=\"3697\" data-end=\"3700\" \/>Promozioni per lo shopping<br data-start=\"3719\" data-end=\"3722\" \/>Omaggi per fiere<br data-start=\"3742\" data-end=\"3745\" \/>Borse da conferenza<br data-start=\"3760\" data-end=\"3763\" \/>Imballaggio per la vendita al dettaglio<br data-start=\"3779\" data-end=\"3782\" \/>Promozioni in libreria<br data-start=\"3802\" data-end=\"3805\" \/>Eventi scolastici<br data-start=\"3818\" data-end=\"3821\" \/>Campagne comunitarie<br data-start=\"3840\" data-end=\"3843\" \/>Promozioni nei supermercati<br data-start=\"3865\" data-end=\"3868\" \/>Eventi di branding aziendale<\/p>\n<p data-start=\"3895\" data-end=\"3904\"><strong data-start=\"3895\" data-end=\"3902\">FAQ<\/strong><\/p>\n<p data-start=\"3906\" data-end=\"4038\"><strong data-start=\"3906\" data-end=\"3949\">Questa borsa pu\u00f2 essere personalizzata con un logo?<\/strong><br data-start=\"3949\" data-end=\"3952\" \/>S\u00ec. Il pannello frontale pu\u00f2 essere personalizzato con il vostro logo, slogan o messaggio promozionale.<\/p>\n<p data-start=\"4040\" data-end=\"4161\"><strong data-start=\"4040\" data-end=\"4077\">A cosa serve la tasca laterale?<\/strong><br data-start=\"4077\" data-end=\"4080\" \/>\u00c8 adatto per opuscoli, volantini, quaderni, riviste o piccoli accessori.<\/p>\n<p data-start=\"4163\" data-end=\"4268\"><strong data-start=\"4163\" data-end=\"4188\">Questa borsa \u00e8 riutilizzabile?<\/strong><br data-start=\"4188\" data-end=\"4191\" \/>S\u00ec. \u00c8 progettata per un uso ripetuto durante lo shopping, gli eventi e il trasporto quotidiano.<\/p>\n<p data-start=\"4270\" data-end=\"4443\"><strong data-start=\"4270\" data-end=\"4316\">Che tipo di aziende utilizzano questa tote bag?<\/strong><br data-start=\"4316\" data-end=\"4319\" \/>Negozi al dettaglio, scuole, organizzatori di fiere, editori, supermercati e team di marketing aziendali utilizzano spesso questo stile.<\/p>\n<p data-start=\"4445\" data-end=\"4577\"><strong data-start=\"4445\" data-end=\"4484\">\u00c8 adatto per gli omaggi agli eventi?<\/strong><br data-start=\"4484\" data-end=\"4487\" \/>S\u00ec. \u00c8 leggero, facile da distribuire e utile per trasportare materiale promozionale.<\/p>","protected":false},"excerpt":{"rendered":"<p>Queste borse personalizzate in tessuto non tessuto sono progettate per un uso pratico e quotidiano e per il branding promozionale. Dotate di uno spazioso scomparto principale, di una tasca laterale e di comodi manici lunghi, sono ideali per lo shopping, le fiere, le conferenze, le confezioni per la vendita al dettaglio e gli omaggi. Leggere, riutilizzabili e facili da trasportare, rappresentano un'utile borsa di marca che i clienti possono continuare a utilizzare.<\/p>","protected":false},"featured_media":47167,"template":"","meta":{"_gspb_post_css":""},"product_brand":[],"product_cat":[26],"product_tag":[],"class_list":{"0":"post-47166","1":"product","2":"type-product","3":"status-publish","4":"has-post-thumbnail","6":"product_cat-bags","8":"first","9":"instock","10":"shipping-taxable","11":"product-type-simple"},"_links":{"self":[{"href":"https:\/\/globalgiftsupplier.com\/it\/wp-json\/wp\/v2\/product\/47166","targetHints":{"allow":["GET"]}}],"collection":[{"href":"https:\/\/globalgiftsupplier.com\/it\/wp-json\/wp\/v2\/product"}],"about":[{"href":"https:\/\/globalgiftsupplier.com\/it\/wp-json\/wp\/v2\/types\/product"}],"wp:featuredmedia":[{"embeddable":true,"href":"https:\/\/globalgiftsupplier.com\/it\/wp-json\/wp\/v2\/media\/47167"}],"wp:attachment":[{"href":"https:\/\/globalgiftsupplier.com\/it\/wp-json\/wp\/v2\/media?parent=47166"}],"wp:term":[{"taxonomy":"product_brand","embeddable":true,"href":"https:\/\/globalgiftsupplier.com\/it\/wp-json\/wp\/v2\/product_brand?post=47166"},{"taxonomy":"product_cat","embeddable":true,"href":"https:\/\/globalgiftsupplier.com\/it\/wp-json\/wp\/v2\/product_cat?post=47166"},{"taxonomy":"product_tag","embeddable":true,"href":"https:\/\/globalgiftsupplier.com\/it\/wp-json\/wp\/v2\/product_tag?post=47166"}],"curies":[{"name":"wp","href":"https:\/\/api.w.org\/{rel}","templated":true}]}}