{"id":47154,"date":"2026-03-30T03:33:44","date_gmt":"2026-03-30T03:33:44","guid":{"rendered":"https:\/\/globalgiftsupplier.com\/?post_type=product&#038;p=47154"},"modified":"2026-03-30T03:33:44","modified_gmt":"2026-03-30T03:33:44","slug":"custom-qi-wireless-charging-mouse-pad-10w","status":"publish","type":"product","link":"https:\/\/globalgiftsupplier.com\/it\/product\/custom-qi-wireless-charging-mouse-pad-10w\/","title":{"rendered":"Tappetino per mouse di ricarica wireless Qi personalizzato 10W"},"content":{"rendered":"<p data-start=\"1537\" data-end=\"1839\">Questo tappetino per mouse personalizzato con ricarica wireless Qi \u00e8 un pratico accessorio da ufficio che combina l'uso quotidiano della scrivania con la comoda ricarica wireless del telefono. \u00c8 stato progettato per gli utenti che desiderano uno spazio di lavoro pulito, mantenendo il telefono carico durante il lavoro, lo studio o l'uso quotidiano del computer.<\/p>\n<p data-start=\"1841\" data-end=\"2205\">Il tappetino per mouse presenta un'ampia superficie rettangolare che offre spazio sufficiente per un movimento confortevole del mouse. Allo stesso tempo, l'area di ricarica wireless integrata consente di ricaricare gli smartphone compatibili semplicemente appoggiandoli sul tappetino. Si tratta quindi di un prodotto da scrivania utile per uffici, postazioni di lavoro a casa, sale conferenze, reception ed eventi promozionali.<\/p>\n<p data-start=\"2207\" data-end=\"2591\">Realizzato in materiale PU con superficie in stile legno, questo tappetino per mouse ha un aspetto professionale e moderno che si adatta a un'ampia gamma di ambienti d'ufficio. \u00c8 dotato di ingresso Type-C e supporta la ricarica wireless per i telefoni cellulari che soddisfano gli standard di ricarica wireless. Il prodotto \u00e8 inoltre progettato con pratiche funzioni di protezione della carica, che lo rendono adatto a un uso regolare sulla scrivania.<\/p>\n<p data-start=\"2593\" data-end=\"2966\">\u00c8 possibile aggiungere un logo personalizzato alla superficie, trasformando il tappetino per mouse in un articolo di marca ad alta visibilit\u00e0. Poich\u00e9 rimane sulla scrivania e viene utilizzato quotidianamente, offre un'esposizione duratura del marchio e allo stesso tempo una funzionalit\u00e0 utile. \u00c8 una scelta eccellente per regali aziendali, kit di benvenuto per i dipendenti, omaggi per fiere, promozioni per l'ufficio e progetti di branding aziendale.<\/p>\n<p data-start=\"2968\" data-end=\"3357\"><strong data-start=\"2968\" data-end=\"2984\">Caratteristiche principali<\/strong><br data-start=\"2984\" data-end=\"2987\" \/>Funzione di ricarica wireless Qi integrata<br data-start=\"3025\" data-end=\"3028\" \/>Potenza di uscita 10W<br data-start=\"3044\" data-end=\"3047\" \/>Ampia superficie del mouse pad<br data-start=\"3075\" data-end=\"3078\" \/>Materiale in PU con aspetto in stile legno<br data-start=\"3122\" data-end=\"3125\" \/>Ingresso di tipo C<br data-start=\"3137\" data-end=\"3140\" \/>Adatto ai telefoni con ricarica wireless compatibili<br data-start=\"3188\" data-end=\"3191\" \/>Stampa del logo personalizzato disponibile<br data-start=\"3221\" data-end=\"3224\" \/>Utile per scrivanie e postazioni di lavoro in ufficio<br data-start=\"3264\" data-end=\"3267\" \/>Combina il tappetino per il mouse e la ricarica del telefono in un unico prodotto<br data-start=\"3319\" data-end=\"3322\" \/>Accessorio tecnologico con marchio professionale<\/p>\n<p data-start=\"3359\" data-end=\"3696\"><strong data-start=\"3359\" data-end=\"3377\">Specifiche tecniche<\/strong><br data-start=\"3377\" data-end=\"3380\" \/>Tipo di prodotto: Tappetino per mouse con ricarica wireless<br data-start=\"3421\" data-end=\"3424\" \/>Standard di ricarica: Ricarica wireless Qi<br data-start=\"3463\" data-end=\"3466\" \/>Potenza di uscita: 10W<br data-start=\"3483\" data-end=\"3486\" \/>Materiale: PU<br data-start=\"3498\" data-end=\"3501\" \/>Porta di ingresso: Tipo-C<br data-start=\"3519\" data-end=\"3522\" \/>Lunghezza: 13,58 pollici<br data-start=\"3540\" data-end=\"3543\" \/>Larghezza: 8,58 pollici<br data-start=\"3559\" data-end=\"3562\" \/>Spessore: 0,236 pollici<br data-start=\"3583\" data-end=\"3586\" \/>Personalizzazione: Stampa del logo disponibile<br data-start=\"3624\" data-end=\"3627\" \/>Utilizzo: Scrivania d'ufficio, ufficio domestico, postazione di lavoro per computer, regalo promozionale<\/p>\n<p data-start=\"3698\" data-end=\"3969\"><strong data-start=\"3698\" data-end=\"3725\">Perch\u00e9 scegliere questo prodotto<\/strong><br data-start=\"3725\" data-end=\"3728\" \/>Questo prodotto combina organizzazione della scrivania, praticit\u00e0 di ricarica e visibilit\u00e0 del marchio in un unico articolo. \u00c8 un utile accessorio promozionale che rimane sulla scrivania ogni giorno, aiutando a mantenere il vostro logo in vista e offrendo una reale comodit\u00e0 all'utente.<\/p>\n<p data-start=\"3971\" data-end=\"4173\"><strong data-start=\"3971\" data-end=\"3984\">Ideale per<\/strong><br data-start=\"3984\" data-end=\"3987\" \/>Regali aziendali<br data-start=\"4002\" data-end=\"4005\" \/>Accessori per scrivania<br data-start=\"4028\" data-end=\"4031\" \/>Kit di benvenuto per i dipendenti<br data-start=\"4052\" data-end=\"4055\" \/>Omaggi per fiere<br data-start=\"4075\" data-end=\"4078\" \/>Prodotti tecnologici promozionali<br data-start=\"4103\" data-end=\"4106\" \/>Eventi aziendali<br data-start=\"4121\" data-end=\"4124\" \/>Regali per l'ufficio domestico<br data-start=\"4141\" data-end=\"4144\" \/>Promozioni sugli accessori per computer<\/p>\n<p data-start=\"4175\" data-end=\"4182\"><strong data-start=\"4175\" data-end=\"4182\">FAQ<\/strong><\/p>\n<p data-start=\"4184\" data-end=\"4318\"><strong data-start=\"4184\" data-end=\"4233\">Questo tappetino per mouse pu\u00f2 essere personalizzato con un logo?<\/strong><br data-start=\"4233\" data-end=\"4236\" \/>S\u00ec. La superficie pu\u00f2 essere personalizzata con il vostro logo per un uso promozionale o di branding.<\/p>\n<p data-start=\"4320\" data-end=\"4428\"><strong data-start=\"4320\" data-end=\"4358\">Supporta la ricarica wireless?<\/strong><br data-start=\"4358\" data-end=\"4361\" \/>S\u00ec. Supporta la ricarica wireless Qi per i telefoni cellulari compatibili.<\/p>\n<p data-start=\"4430\" data-end=\"4488\"><strong data-start=\"4430\" data-end=\"4461\">Qual \u00e8 la potenza di carica?<\/strong><br data-start=\"4461\" data-end=\"4464\" \/>La potenza di uscita \u00e8 di 10W.<\/p>\n<p data-start=\"4490\" data-end=\"4555\"><strong data-start=\"4490\" data-end=\"4524\">Di che materiale \u00e8 fatto?<\/strong><br data-start=\"4524\" data-end=\"4527\" \/>\u00c8 realizzato in materiale PU.<\/p>\n<p data-start=\"4557\" data-end=\"4615\"><strong data-start=\"4557\" data-end=\"4589\">Qual \u00e8 l'interfaccia di ingresso?<\/strong><br data-start=\"4589\" data-end=\"4592\" \/>Utilizza un ingresso di tipo C.<\/p>\n<p data-start=\"4617\" data-end=\"4721\"><strong data-start=\"4617\" data-end=\"4648\">Che dimensioni ha il tappetino per il mouse?<\/strong><br data-start=\"4648\" data-end=\"4651\" \/>Le dimensioni del prodotto sono circa 13,58 pollici x 8,58 pollici x 0,236 pollici.<\/p>\n<p data-start=\"4723\" data-end=\"4835\"><strong data-start=\"4723\" data-end=\"4757\">\u00c8 adatto all'uso in ufficio?<\/strong><br data-start=\"4757\" data-end=\"4760\" \/>S\u00ec. \u00c8 progettato per scrivanie d'ufficio, postazioni di lavoro e configurazioni home office.<\/p>","protected":false},"excerpt":{"rendered":"<p>Questo tappetino per mouse personalizzato con ricarica wireless Qi combina una superficie liscia per il mouse da tavolo con un caricatore wireless integrato da 10 W per i telefoni cellulari compatibili. Realizzato in materiale PU con finitura in stile legno, offre un look pulito e moderno per le scrivanie degli uffici, le postazioni di lavoro a casa e i marchi promozionali. Grazie all'ampia area stampabile per il logo e all'ingresso Type-C, \u00e8 un pratico regalo tecnologico brandizzato per l'uso lavorativo quotidiano.<\/p>","protected":false},"featured_media":47155,"template":"","meta":{"_gspb_post_css":""},"product_brand":[],"product_cat":[31],"product_tag":[],"class_list":{"0":"post-47154","1":"product","2":"type-product","3":"status-publish","4":"has-post-thumbnail","6":"product_cat-office","8":"first","9":"instock","10":"shipping-taxable","11":"product-type-simple"},"_links":{"self":[{"href":"https:\/\/globalgiftsupplier.com\/it\/wp-json\/wp\/v2\/product\/47154","targetHints":{"allow":["GET"]}}],"collection":[{"href":"https:\/\/globalgiftsupplier.com\/it\/wp-json\/wp\/v2\/product"}],"about":[{"href":"https:\/\/globalgiftsupplier.com\/it\/wp-json\/wp\/v2\/types\/product"}],"wp:featuredmedia":[{"embeddable":true,"href":"https:\/\/globalgiftsupplier.com\/it\/wp-json\/wp\/v2\/media\/47155"}],"wp:attachment":[{"href":"https:\/\/globalgiftsupplier.com\/it\/wp-json\/wp\/v2\/media?parent=47154"}],"wp:term":[{"taxonomy":"product_brand","embeddable":true,"href":"https:\/\/globalgiftsupplier.com\/it\/wp-json\/wp\/v2\/product_brand?post=47154"},{"taxonomy":"product_cat","embeddable":true,"href":"https:\/\/globalgiftsupplier.com\/it\/wp-json\/wp\/v2\/product_cat?post=47154"},{"taxonomy":"product_tag","embeddable":true,"href":"https:\/\/globalgiftsupplier.com\/it\/wp-json\/wp\/v2\/product_tag?post=47154"}],"curies":[{"name":"wp","href":"https:\/\/api.w.org\/{rel}","templated":true}]}}