{"id":47137,"date":"2026-03-30T03:27:26","date_gmt":"2026-03-30T03:27:26","guid":{"rendered":"https:\/\/globalgiftsupplier.com\/?post_type=product&#038;p=47137"},"modified":"2026-03-30T03:27:26","modified_gmt":"2026-03-30T03:27:26","slug":"custom-ergonomic-mouse-pad-with-wrist-rest","status":"publish","type":"product","link":"https:\/\/globalgiftsupplier.com\/it\/product\/custom-ergonomic-mouse-pad-with-wrist-rest\/","title":{"rendered":"Tappetino per mouse ergonomico personalizzato con poggiapolsi"},"content":{"rendered":"<p data-start=\"1482\" data-end=\"1866\">Questo tappetino per mouse ergonomico personalizzato con poggiapolsi \u00e8 un accessorio da scrivania funzionale e promozionale che combina l'utilit\u00e0 quotidiana con una forte visibilit\u00e0 del marchio. Progettato per l'ufficio, la casa e le postazioni di lavoro al computer, offre una superficie confortevole per il movimento del mouse e un supporto per i polsi integrato per un maggiore comfort durante i lunghi periodi di lavoro.<\/p>\n<p data-start=\"1868\" data-end=\"2232\">La caratteristica principale di questo tappetino per mouse \u00e8 la sua sezione ergonomica di appoggio per il polso, che aiuta a sostenerlo durante l'uso del mouse. Questo lo rende particolarmente adatto a impiegati, studenti, lavoratori a distanza e a tutti coloro che trascorrono molto tempo alla scrivania. La sua forma compatta ma efficace si adatta facilmente alla maggior parte delle scrivanie e delle postazioni di lavoro senza occupare troppo spazio.<\/p>\n<p data-start=\"2234\" data-end=\"2655\">L'ampia superficie stampabile consente di visualizzare chiaramente il logo aziendale, lo slogan o la grafica personalizzata, rendendo questo prodotto una valida opzione per l'uso promozionale. Poich\u00e9 viene utilizzato ripetutamente su una scrivania ogni giorno, offre un'esposizione a lungo termine del marchio e un valore pratico allo stesso tempo. \u00c8 adatto per regali aziendali, omaggi per conferenze, kit di benvenuto per i dipendenti, promozioni scolastiche e programmi di forniture per ufficio con marchio.<\/p>\n<p data-start=\"2657\" data-end=\"2924\">Disponibile in diversi colori classici e brillanti, questo tappetino per mouse si adatta a diversi stili di branding e temi promozionali. La sua forma semplice, la funzione pratica e l'area di stampa visibile lo rendono un articolo affidabile per le aziende che cercano un utile prodotto da scrivania personalizzato.<\/p>\n<p data-start=\"2926\" data-end=\"3242\"><strong data-start=\"2926\" data-end=\"2942\">Caratteristiche principali<\/strong><br data-start=\"2942\" data-end=\"2945\" \/>Tappetino mouse ergonomico con poggiapolsi<br data-start=\"2980\" data-end=\"2983\" \/>Design di supporto confortevole per l'uso quotidiano del computer<br data-start=\"3032\" data-end=\"3035\" \/>Ampia area di stampa del logo<br data-start=\"3058\" data-end=\"3061\" \/>Adatto per l'ufficio, la scuola e la casa<br data-start=\"3102\" data-end=\"3105\" \/>Disponibile in pi\u00f9 colori<br data-start=\"3133\" data-end=\"3136\" \/>Utile accessorio promozionale per l'ufficio<br data-start=\"3171\" data-end=\"3174\" \/>Ideale per il branding e gli omaggi<br data-start=\"3206\" data-end=\"3209\" \/>Design compatto per il posizionamento sulla scrivania<\/p>\n<p data-start=\"3244\" data-end=\"3442\"><strong data-start=\"3244\" data-end=\"3262\">Specifiche tecniche<\/strong><br data-start=\"3262\" data-end=\"3265\" \/>Tipo di prodotto: Tappetino per mouse con poggiapolsi<br data-start=\"3304\" data-end=\"3307\" \/>Personalizzazione: Stampa del logo disponibile<br data-start=\"3345\" data-end=\"3348\" \/>Colori: Sono disponibili pi\u00f9 colori<br data-start=\"3381\" data-end=\"3384\" \/>Utilizzo: Ufficio, scrivania, computer, casa, scuola, uso promozionale<\/p>\n<p data-start=\"3444\" data-end=\"3728\"><strong data-start=\"3444\" data-end=\"3471\">Perch\u00e9 scegliere questo prodotto<\/strong><br data-start=\"3471\" data-end=\"3474\" \/>Questo tappetino per mouse \u00e8 un articolo promozionale forte perch\u00e9 \u00e8 pratico, visibile e utilizzato frequentemente negli ambienti di lavoro quotidiani. Il design del supporto per il polso aggiunge comfort, mentre l'ampia area di stampa personalizzata aiuta a mantenere il vostro marchio in vista su scrivanie e postazioni di lavoro.<\/p>\n<p data-start=\"3730\" data-end=\"3923\"><strong data-start=\"3730\" data-end=\"3743\">Ideale per<\/strong><br data-start=\"3743\" data-end=\"3746\" \/>Omaggi per l'ufficio<br data-start=\"3762\" data-end=\"3765\" \/>Regali aziendali<br data-start=\"3780\" data-end=\"3783\" \/>Kit di benvenuto per i dipendenti<br data-start=\"3804\" data-end=\"3807\" \/>Fiere di settore<br data-start=\"3818\" data-end=\"3821\" \/>Promozioni scolastiche<br data-start=\"3838\" data-end=\"3841\" \/>Collezioni di accessori da scrivania<br data-start=\"3867\" data-end=\"3870\" \/>Programmi accessori per computer<br data-start=\"3897\" data-end=\"3900\" \/>Forniture per ufficio di marca<\/p>\n<p data-start=\"3925\" data-end=\"3932\"><strong data-start=\"3925\" data-end=\"3932\">FAQ<\/strong><\/p>\n<p data-start=\"3934\" data-end=\"4053\"><strong data-start=\"3934\" data-end=\"3983\">Questo tappetino per mouse pu\u00f2 essere personalizzato con un logo?<\/strong><br data-start=\"3983\" data-end=\"3986\" \/>S\u00ec. La superficie principale offre un'area libera per la stampa del logo personalizzato.<\/p>\n<p data-start=\"4055\" data-end=\"4163\"><strong data-start=\"4055\" data-end=\"4089\">Include un supporto per i polsi?<\/strong><br data-start=\"4089\" data-end=\"4092\" \/>S\u00ec. \u00c8 dotato di un poggiapolsi integrato per un maggiore comfort durante l'uso.<\/p>\n<p data-start=\"4165\" data-end=\"4285\"><strong data-start=\"4165\" data-end=\"4199\">\u00c8 adatto all'uso in ufficio?<\/strong><br data-start=\"4199\" data-end=\"4202\" \/>S\u00ec. \u00c8 progettato per le scrivanie degli uffici, le postazioni di lavoro a casa e l'uso quotidiano del computer.<\/p>\n<p data-start=\"4287\" data-end=\"4396\"><strong data-start=\"4287\" data-end=\"4326\">\u00c8 un buon prodotto promozionale?<\/strong><br data-start=\"4326\" data-end=\"4329\" \/>S\u00ec. \u00c8 un utile articolo da scrivania di marca con una forte visibilit\u00e0 quotidiana.<\/p>\n<p data-start=\"4398\" data-end=\"4487\"><strong data-start=\"4398\" data-end=\"4432\">Sono disponibili pi\u00f9 colori?<\/strong><br data-start=\"4432\" data-end=\"4435\" \/>S\u00ec. Il prodotto \u00e8 disponibile in pi\u00f9 opzioni di colore.<\/p>","protected":false},"excerpt":{"rendered":"<p data-start=\"940\" data-end=\"1376\">Questo tappetino per mouse ergonomico personalizzato con poggiapolsi \u00e8 un pratico accessorio da ufficio progettato per l'uso quotidiano del computer. Il suo poggiapolsi aiuta a migliorare il comfort durante le lunghe ore alla scrivania, mentre l'ampia area di stampa frontale lo rende ideale per la personalizzazione del logo. Disponibile in pi\u00f9 colori, questo tappetino per mouse \u00e8 una scelta utile per uffici, regali ai dipendenti, fiere, scuole e campagne promozionali.<\/p>","protected":false},"featured_media":47138,"template":"","meta":{"_gspb_post_css":""},"product_brand":[],"product_cat":[31],"product_tag":[],"class_list":{"0":"post-47137","1":"product","2":"type-product","3":"status-publish","4":"has-post-thumbnail","6":"product_cat-office","8":"first","9":"instock","10":"shipping-taxable","11":"product-type-simple"},"_links":{"self":[{"href":"https:\/\/globalgiftsupplier.com\/it\/wp-json\/wp\/v2\/product\/47137","targetHints":{"allow":["GET"]}}],"collection":[{"href":"https:\/\/globalgiftsupplier.com\/it\/wp-json\/wp\/v2\/product"}],"about":[{"href":"https:\/\/globalgiftsupplier.com\/it\/wp-json\/wp\/v2\/types\/product"}],"wp:featuredmedia":[{"embeddable":true,"href":"https:\/\/globalgiftsupplier.com\/it\/wp-json\/wp\/v2\/media\/47138"}],"wp:attachment":[{"href":"https:\/\/globalgiftsupplier.com\/it\/wp-json\/wp\/v2\/media?parent=47137"}],"wp:term":[{"taxonomy":"product_brand","embeddable":true,"href":"https:\/\/globalgiftsupplier.com\/it\/wp-json\/wp\/v2\/product_brand?post=47137"},{"taxonomy":"product_cat","embeddable":true,"href":"https:\/\/globalgiftsupplier.com\/it\/wp-json\/wp\/v2\/product_cat?post=47137"},{"taxonomy":"product_tag","embeddable":true,"href":"https:\/\/globalgiftsupplier.com\/it\/wp-json\/wp\/v2\/product_tag?post=47137"}],"curies":[{"name":"wp","href":"https:\/\/api.w.org\/{rel}","templated":true}]}}