{"id":47112,"date":"2026-03-30T03:10:04","date_gmt":"2026-03-30T03:10:04","guid":{"rendered":"https:\/\/globalgiftsupplier.com\/?post_type=product&#038;p=47112"},"modified":"2026-03-30T03:10:05","modified_gmt":"2026-03-30T03:10:05","slug":"3-in-1-keychain-usb-charging-data-cable-with-led-logo","status":"publish","type":"product","link":"https:\/\/globalgiftsupplier.com\/it\/product\/3-in-1-keychain-usb-charging-data-cable-with-led-logo\/","title":{"rendered":"Cavo dati di ricarica USB portachiavi 3 in 1 con logo LED"},"content":{"rendered":"<p data-start=\"1600\" data-end=\"1967\">Questo cavo USB di ricarica dati portachiavi 3 in 1 con logo LED \u00e8 un accessorio tecnologico promozionale compatto e pratico, progettato per la comodit\u00e0 di tutti i giorni. Con il suo stile portachiavi portatile e il design multi-connettore integrato, offre una soluzione di ricarica semplice per gli utenti che portano con s\u00e9 diversi dispositivi e vogliono un cavo facile da tenere a portata di mano.<\/p>\n<p data-start=\"1969\" data-end=\"2343\">Il cavo comprende <strong data-start=\"1988\" data-end=\"2062\">tre connettori popolari in un'unica unit\u00e0: Micro USB, Tipo-C e Lightning<\/strong>. Questo lo rende adatto a ricaricare un'ampia gamma di smartphone, power bank e altri dispositivi elettronici compatibili. Il suo design multiuso aiuta a ridurre la necessit\u00e0 di portare con s\u00e9 diversi cavi di ricarica separati, rendendolo particolarmente utile per i viaggi, il pendolarismo, il lavoro in ufficio e gli eventi.<\/p>\n<p data-start=\"2345\" data-end=\"2768\">Realizzato in <strong data-start=\"2355\" data-end=\"2370\">ABS e TPE<\/strong>, Questo cavo di ricarica \u00e8 stato progettato per garantire flessibilit\u00e0, durata e uso quotidiano. La struttura a quattro fili di rame aiuta a supportare prestazioni di ricarica efficienti, mentre il corpo compatto rende il cavo facile da trasportare in tasca, in borsa, nel marsupio o attaccato alle chiavi. Con una lunghezza totale di circa <strong data-start=\"2666\" data-end=\"2680\">6,3 pollici<\/strong>, \u00c8 una soluzione conveniente per la ricarica a breve distanza, quando la portabilit\u00e0 \u00e8 pi\u00f9 importante.<\/p>\n<p data-start=\"2770\" data-end=\"3173\">Una delle caratteristiche distintive di questo prodotto \u00e8 il suo <strong data-start=\"2822\" data-end=\"2855\">area del logo illuminata a LED personalizzata<\/strong>, che contribuisce a rendere il vostro marchio pi\u00f9 visibile e memorabile. Quando viene collegata, la sezione del logo si illumina, trasformando un utile accessorio di uso quotidiano in un forte articolo promozionale. Questo lo rende ideale per omaggi aziendali, fiere, regali ai clienti, kit per i dipendenti, promozioni tecnologiche e programmi di branded merchandise.<\/p>\n<p data-start=\"3175\" data-end=\"3360\">I colori disponibili indicati nei dettagli del prodotto includono <strong data-start=\"3233\" data-end=\"3280\">arancione, blu, nero, rosso, bianco e giallo<\/strong>, per offrire molteplici possibilit\u00e0 di abbinamento con lo stile della vostra azienda o con il tema della vostra campagna.<\/p>\n<p data-start=\"3362\" data-end=\"3760\"><strong data-start=\"3362\" data-end=\"3378\">Caratteristiche principali<\/strong><br data-start=\"3378\" data-end=\"3381\" \/>Design del cavo di ricarica 3 in 1<br data-start=\"3409\" data-end=\"3412\" \/>Include i connettori Micro USB, Type-C e Lightning<br data-start=\"3464\" data-end=\"3467\" \/>Gancio portachiavi incorporato per un facile trasporto<br data-start=\"3507\" data-end=\"3510\" \/>Area di brandizzazione del logo illuminata a LED personalizzata<br data-start=\"3548\" data-end=\"3551\" \/>Design compatto e portatile<br data-start=\"3578\" data-end=\"3581\" \/>Lunghezza circa 6,3 pollici<br data-start=\"3604\" data-end=\"3607\" \/>Realizzato in ABS e TPE<br data-start=\"3628\" data-end=\"3631\" \/>Struttura a quattro fili di rame<br data-start=\"3662\" data-end=\"3665\" \/>Adatto alla ricarica quotidiana del telefono e all'uso promozionale<br data-start=\"3718\" data-end=\"3721\" \/>Ideale per i viaggi, l'ufficio e gli omaggi<\/p>\n<p data-start=\"3762\" data-end=\"4082\"><strong data-start=\"3762\" data-end=\"3789\">Perch\u00e9 scegliere questo prodotto<\/strong><br data-start=\"3789\" data-end=\"3792\" \/>Questo cavo \u00e8 piccolo, utile e altamente brandizzabile. Il suo design a portachiavi lo rende facile da trasportare ovunque, mentre il logo luminoso aggiunge un maggiore impatto visivo per le promozioni. Combina convenienza, portabilit\u00e0 e personalizzazione del marchio in un prodotto semplice che pu\u00f2 essere utilizzato ogni giorno.<\/p>\n<p data-start=\"4084\" data-end=\"4333\"><strong data-start=\"4084\" data-end=\"4097\">Ideale per<\/strong><br data-start=\"4097\" data-end=\"4100\" \/>Omaggi per fiere<br data-start=\"4120\" data-end=\"4123\" \/>Promozioni aziendali<br data-start=\"4143\" data-end=\"4146\" \/>Regali per la conferenza<br data-start=\"4162\" data-end=\"4165\" \/>Kit di benvenuto per i dipendenti<br data-start=\"4186\" data-end=\"4189\" \/>Accessori da viaggio<br data-start=\"4207\" data-end=\"4210\" \/>Accessori per scrivania<br data-start=\"4233\" data-end=\"4236\" \/>Collezioni di accessori per telefoni<br data-start=\"4263\" data-end=\"4266\" \/>Promozioni tecniche<br data-start=\"4281\" data-end=\"4284\" \/>Merce di marca<br data-start=\"4303\" data-end=\"4306\" \/>Regali di apprezzamento per i clienti<\/p>\n<p data-start=\"4335\" data-end=\"4342\"><strong data-start=\"4335\" data-end=\"4342\">FAQ<\/strong><\/p>\n<p data-start=\"4344\" data-end=\"4469\"><strong data-start=\"4344\" data-end=\"4389\">Questo cavo pu\u00f2 essere personalizzato con un logo?<\/strong><br data-start=\"4389\" data-end=\"4392\" \/>S\u00ec. \u00c8 dotato di un'area con logo luminoso a LED personalizzato per l'uso promozionale del marchio.<\/p>\n<p data-start=\"4471\" data-end=\"4571\"><strong data-start=\"4471\" data-end=\"4504\">Quali connettori sono inclusi?<\/strong><br data-start=\"4504\" data-end=\"4507\" \/>Questo cavo include i connettori Micro USB, Type-C e Lightning.<\/p>\n<p data-start=\"4573\" data-end=\"4638\"><strong data-start=\"4573\" data-end=\"4607\">Di che materiale \u00e8 fatto?<\/strong><br data-start=\"4607\" data-end=\"4610\" \/>\u00c8 realizzato in ABS e TPE.<\/p>\n<p data-start=\"4640\" data-end=\"4714\"><strong data-start=\"4640\" data-end=\"4666\">Quanto \u00e8 lungo il cavo?<\/strong><br data-start=\"4666\" data-end=\"4669\" \/>La lunghezza del cavo \u00e8 di circa 6,3 pollici.<\/p>\n<p data-start=\"4716\" data-end=\"4847\"><strong data-start=\"4716\" data-end=\"4740\">\u00c8 facile da trasportare?<\/strong><br data-start=\"4740\" data-end=\"4743\" \/>S\u00ec. Le sue dimensioni compatte e il gancio portachiavi incorporato lo rendono facile da portare con le chiavi, le borse o gli oggetti da viaggio.<\/p>\n<p data-start=\"4849\" data-end=\"4994\"><strong data-start=\"4849\" data-end=\"4879\">Quali sono i colori disponibili?<\/strong><br data-start=\"4879\" data-end=\"4882\" \/>Secondo i dettagli del prodotto, i colori disponibili sono arancione, blu, nero, rosso, bianco e giallo.<\/p>","protected":false},"excerpt":{"rendered":"<p>Questo cavo di ricarica USB portachiavi 3 in 1 con logo LED combina i connettori Micro USB, Type-C e Lightning in un unico design compatto e portatile. Realizzato in ABS e TPE, \u00e8 leggero, flessibile e facile da trasportare grazie al gancio portachiavi integrato. Il logo personalizzato illuminato lo rende una scelta eccellente per omaggi promozionali, eventi, viaggi, uso in ufficio e accessori tecnologici di marca.<\/p>","protected":false},"featured_media":47113,"template":"","meta":{"_gspb_post_css":""},"product_brand":[],"product_cat":[27],"product_tag":[],"class_list":{"0":"post-47112","1":"product","2":"type-product","3":"status-publish","4":"has-post-thumbnail","6":"product_cat-technology","8":"first","9":"instock","10":"shipping-taxable","11":"product-type-simple"},"_links":{"self":[{"href":"https:\/\/globalgiftsupplier.com\/it\/wp-json\/wp\/v2\/product\/47112","targetHints":{"allow":["GET"]}}],"collection":[{"href":"https:\/\/globalgiftsupplier.com\/it\/wp-json\/wp\/v2\/product"}],"about":[{"href":"https:\/\/globalgiftsupplier.com\/it\/wp-json\/wp\/v2\/types\/product"}],"wp:featuredmedia":[{"embeddable":true,"href":"https:\/\/globalgiftsupplier.com\/it\/wp-json\/wp\/v2\/media\/47113"}],"wp:attachment":[{"href":"https:\/\/globalgiftsupplier.com\/it\/wp-json\/wp\/v2\/media?parent=47112"}],"wp:term":[{"taxonomy":"product_brand","embeddable":true,"href":"https:\/\/globalgiftsupplier.com\/it\/wp-json\/wp\/v2\/product_brand?post=47112"},{"taxonomy":"product_cat","embeddable":true,"href":"https:\/\/globalgiftsupplier.com\/it\/wp-json\/wp\/v2\/product_cat?post=47112"},{"taxonomy":"product_tag","embeddable":true,"href":"https:\/\/globalgiftsupplier.com\/it\/wp-json\/wp\/v2\/product_tag?post=47112"}],"curies":[{"name":"wp","href":"https:\/\/api.w.org\/{rel}","templated":true}]}}