{"id":47106,"date":"2026-03-30T03:07:34","date_gmt":"2026-03-30T03:07:34","guid":{"rendered":"https:\/\/globalgiftsupplier.com\/?post_type=product&#038;p=47106"},"modified":"2026-03-30T03:07:34","modified_gmt":"2026-03-30T03:07:34","slug":"3-in-1-nylon-braided-multiple-usb-phone-charger-cord","status":"publish","type":"product","link":"https:\/\/globalgiftsupplier.com\/it\/product\/3-in-1-nylon-braided-multiple-usb-phone-charger-cord\/","title":{"rendered":"Cavo di nylon intrecciato 3 in 1 per il caricatore del telefono USB multiplo"},"content":{"rendered":"<p data-start=\"1663\" data-end=\"2055\">Questo cavo di ricarica per telefono USB multiplo intrecciato in nylon 3 in 1 \u00e8 un accessorio tecnologico pratico e molto utile, progettato per ricaricare comodamente diversi tipi di dispositivi. Invece di portare con s\u00e9 cavi diversi per telefoni o tablet diversi, questo cavo di ricarica all-in-one offre una soluzione semplice per l'uso quotidiano a casa, in ufficio, in auto o in viaggio.<\/p>\n<p data-start=\"2057\" data-end=\"2438\">Il cavo \u00e8 dotato di <strong data-start=\"2076\" data-end=\"2157\">tre tipi di connettori popolari in un unico design: Lightning, Micro USB e Tipo-C<\/strong>. Questo lo rende adatto alla ricarica di un'ampia gamma di smartphone, power bank, tablet e altri dispositivi elettronici compatibili. \u00c8 un'opzione eccellente per chi utilizza pi\u00f9 dispositivi o ha bisogno di un cavo versatile in grado di gestire diverse esigenze di ricarica senza ulteriori ingombri.<\/p>\n<p data-start=\"2440\" data-end=\"2872\">Realizzato in <strong data-start=\"2450\" data-end=\"2495\">materiale intrecciato in nylon e lega di alluminio<\/strong>, Questo cavo di ricarica \u00e8 stato progettato per essere pi\u00f9 resistente e di qualit\u00e0 rispetto ai cavi di ricarica standard in plastica. L'esterno intrecciato contribuisce a migliorare la flessibilit\u00e0 e a ridurre gli aggrovigliamenti, mentre il design rinforzato del connettore favorisce una migliore resistenza all'usura quotidiana. Il cavo \u00e8 morbido al tatto, robusto nella struttura e comodo da trasportare in borse, cassetti della scrivania, kit da viaggio o veicoli.<\/p>\n<p data-start=\"2874\" data-end=\"3164\">Con una lunghezza di circa <strong data-start=\"2905\" data-end=\"2921\">39,37 pollici<\/strong>, Questo cavo offre una comoda portata per la ricarica su scrivanie, comodini, veicoli e altri ambienti quotidiani. Il suo design compatto a pi\u00f9 connettori consente di risparmiare spazio e di organizzarsi senza dover portare con s\u00e9 pi\u00f9 cavi separati.<\/p>\n<p data-start=\"3166\" data-end=\"3575\">Questo prodotto \u00e8 anche un forte articolo promozionale perch\u00e9 sostiene <strong data-start=\"3233\" data-end=\"3257\">logo personalizzato<\/strong> sull'area centrale del connettore. Si tratta di un omaggio ideale per le aziende che cercano un prodotto tecnologico pratico che i clienti e i dipendenti possono utilizzare ogni giorno. I cavi di ricarica brandizzati sono particolarmente efficaci per fiere, eventi, conferenze, regali ai clienti, kit di benvenuto per il personale e promozioni di accessori mobili.<\/p>\n<p data-start=\"3577\" data-end=\"3777\">I colori disponibili indicati nelle informazioni sul prodotto fornite comprendono <strong data-start=\"3644\" data-end=\"3696\">blu, nero, rosa, rosso, verde, bianco e arancione<\/strong>, per offrire molteplici opzioni di abbinamento al marchio e programmi di merchandising personalizzati.<\/p>\n<p data-start=\"3779\" data-end=\"4206\"><strong data-start=\"3779\" data-end=\"3795\">Caratteristiche principali<\/strong><br data-start=\"3795\" data-end=\"3798\" \/>Design del cavo di ricarica 3 in 1<br data-start=\"3826\" data-end=\"3829\" \/>Include connettori Lightning, Micro USB e Type-C<br data-start=\"3881\" data-end=\"3884\" \/>Cavo intrecciato in nylon per una maggiore durata<br data-start=\"3924\" data-end=\"3927\" \/>Parti del connettore in lega di alluminio<br data-start=\"3957\" data-end=\"3960\" \/>Struttura flessibile e resistente ai grovigli<br data-start=\"3999\" data-end=\"4002\" \/>Lunghezza circa 39,37 pollici<br data-start=\"4027\" data-end=\"4030\" \/>Adatto per smartphone e altri dispositivi compatibili<br data-start=\"4083\" data-end=\"4086\" \/>Logo personalizzato disponibile<br data-start=\"4116\" data-end=\"4119\" \/>Ideale per i viaggi, l'ufficio, l'auto e l'uso quotidiano<br data-start=\"4163\" data-end=\"4166\" \/>Utile accessorio promozionale per l'elettronica<\/p>\n<p data-start=\"4208\" data-end=\"4574\"><strong data-start=\"4208\" data-end=\"4235\">Perch\u00e9 scegliere questo prodotto<\/strong><br data-start=\"4235\" data-end=\"4238\" \/>Questo cavo di ricarica \u00e8 semplice, pratico e facile da usare. Il suo design a pi\u00f9 connettori lo rende pi\u00f9 comodo rispetto ai cavi di ricarica separati, mentre la finitura in nylon intrecciato e le parti in lega di alluminio gli conferiscono un aspetto pi\u00f9 resistente e di qualit\u00e0. \u00c8 un oggetto utile per tutti i giorni che funziona molto bene anche come omaggio promozionale di marca.<\/p>\n<p data-start=\"4576\" data-end=\"4817\"><strong data-start=\"4576\" data-end=\"4589\">Ideale per<\/strong><br data-start=\"4589\" data-end=\"4592\" \/>Omaggi aziendali<br data-start=\"4611\" data-end=\"4614\" \/>Fiere di settore<br data-start=\"4625\" data-end=\"4628\" \/>Regali per la conferenza<br data-start=\"4644\" data-end=\"4647\" \/>Accessori per scrivania<br data-start=\"4670\" data-end=\"4673\" \/>Promozioni di viaggio<br data-start=\"4690\" data-end=\"4693\" \/>Kit di benvenuto per i dipendenti<br data-start=\"4714\" data-end=\"4717\" \/>Regali di apprezzamento per i clienti<br data-start=\"4744\" data-end=\"4747\" \/>Collezioni di accessori per telefoni<br data-start=\"4774\" data-end=\"4777\" \/>Merce tecnologica<br data-start=\"4793\" data-end=\"4796\" \/>Campagne promozionali<\/p>\n<p data-start=\"4819\" data-end=\"4826\"><strong data-start=\"4819\" data-end=\"4826\">FAQ<\/strong><\/p>\n<p data-start=\"4828\" data-end=\"4964\"><strong data-start=\"4828\" data-end=\"4873\">Questo cavo pu\u00f2 essere personalizzato con un logo?<\/strong><br data-start=\"4873\" data-end=\"4876\" \/>S\u00ec. La sezione centrale pu\u00f2 essere personalizzata con il vostro logo per uso promozionale o di marca.<\/p>\n<p data-start=\"4966\" data-end=\"5066\"><strong data-start=\"4966\" data-end=\"4999\">Quali connettori sono inclusi?<\/strong><br data-start=\"4999\" data-end=\"5002\" \/>Questo cavo include i connettori Lightning, Micro USB e Type-C.<\/p>\n<p data-start=\"5068\" data-end=\"5163\"><strong data-start=\"5068\" data-end=\"5102\">Di che materiale \u00e8 fatto?<\/strong><br data-start=\"5102\" data-end=\"5105\" \/>\u00c8 realizzato in materiale intrecciato di nylon e lega di alluminio.<\/p>\n<p data-start=\"5165\" data-end=\"5243\"><strong data-start=\"5165\" data-end=\"5191\">Quanto \u00e8 lungo il cavo?<\/strong><br data-start=\"5191\" data-end=\"5194\" \/>La lunghezza del prodotto \u00e8 di circa 39,37 pollici.<\/p>\n<p data-start=\"5245\" data-end=\"5406\"><strong data-start=\"5245\" data-end=\"5278\">\u00c8 adatto all'uso quotidiano?<\/strong><br data-start=\"5278\" data-end=\"5281\" \/>S\u00ec. Il design intrecciato e la struttura rinforzata lo rendono adatto all'ufficio, ai viaggi, all'auto e all'uso quotidiano della ricarica.<\/p>\n<p data-start=\"5408\" data-end=\"5558\"><strong data-start=\"5408\" data-end=\"5438\">Quali sono i colori disponibili?<\/strong><br data-start=\"5438\" data-end=\"5441\" \/>Secondo i dettagli del prodotto, i colori disponibili sono blu, nero, rosa, rosso, verde, bianco e arancione.<\/p>","protected":false},"excerpt":{"rendered":"<p>Questo cavo di ricarica del telefono USB multiplo intrecciato in nylon 3 in 1 combina i connettori Lightning, Micro USB e Type-C in un unico pratico cavo. Realizzato in materiale intrecciato di nylon e lega di alluminio, offre una soluzione di ricarica durevole, flessibile e conveniente per smartphone e dispositivi compatibili. La possibilit\u00e0 di personalizzare il logo lo rende un'ottima scelta per gli omaggi promozionali, l'uso in ufficio, i viaggi e le esigenze di ricarica quotidiana.<\/p>","protected":false},"featured_media":47107,"template":"","meta":{"_gspb_post_css":""},"product_brand":[],"product_cat":[27],"product_tag":[],"class_list":{"0":"post-47106","1":"product","2":"type-product","3":"status-publish","4":"has-post-thumbnail","6":"product_cat-technology","8":"first","9":"instock","10":"shipping-taxable","11":"product-type-simple"},"_links":{"self":[{"href":"https:\/\/globalgiftsupplier.com\/it\/wp-json\/wp\/v2\/product\/47106","targetHints":{"allow":["GET"]}}],"collection":[{"href":"https:\/\/globalgiftsupplier.com\/it\/wp-json\/wp\/v2\/product"}],"about":[{"href":"https:\/\/globalgiftsupplier.com\/it\/wp-json\/wp\/v2\/types\/product"}],"wp:featuredmedia":[{"embeddable":true,"href":"https:\/\/globalgiftsupplier.com\/it\/wp-json\/wp\/v2\/media\/47107"}],"wp:attachment":[{"href":"https:\/\/globalgiftsupplier.com\/it\/wp-json\/wp\/v2\/media?parent=47106"}],"wp:term":[{"taxonomy":"product_brand","embeddable":true,"href":"https:\/\/globalgiftsupplier.com\/it\/wp-json\/wp\/v2\/product_brand?post=47106"},{"taxonomy":"product_cat","embeddable":true,"href":"https:\/\/globalgiftsupplier.com\/it\/wp-json\/wp\/v2\/product_cat?post=47106"},{"taxonomy":"product_tag","embeddable":true,"href":"https:\/\/globalgiftsupplier.com\/it\/wp-json\/wp\/v2\/product_tag?post=47106"}],"curies":[{"name":"wp","href":"https:\/\/api.w.org\/{rel}","templated":true}]}}