{"id":47080,"date":"2026-03-19T08:35:19","date_gmt":"2026-03-19T08:35:19","guid":{"rendered":"https:\/\/globalgiftsupplier.com\/?post_type=product&#038;p=47080"},"modified":"2026-03-19T08:39:19","modified_gmt":"2026-03-19T08:39:19","slug":"3-in-1-braided-keychain-charging-cable-with-led-laser-logo","status":"publish","type":"product","link":"https:\/\/globalgiftsupplier.com\/it\/product\/3-in-1-braided-keychain-charging-cable-with-led-laser-logo\/","title":{"rendered":"Cavo di ricarica portachiavi intrecciato 3 in 1 con logo laser a LED"},"content":{"rendered":"<p data-start=\"1452\" data-end=\"1835\">Questo cavo di ricarica portachiavi intrecciato 3 in 1 con logo laser a LED \u00e8 un accessorio tecnologico compatto e molto pratico, progettato per garantire la comodit\u00e0 della ricarica quotidiana e un forte valore promozionale. Combina diversi tipi di connettori in un unico piccolo cavo portatile, che rappresenta una soluzione intelligente per gli utenti che necessitano di un caricabatterie affidabile per diversi dispositivi mentre sono in viaggio.<\/p>\n<p data-start=\"1837\" data-end=\"2230\">Il cavo \u00e8 dotato di <strong data-start=\"1856\" data-end=\"1927\">tre connettori di ricarica popolari: Micro USB, Type-C e Lightning<\/strong>, che gli consente di funzionare con un'ampia gamma di smartphone, tablet e altri dispositivi elettronici. Secondo le informazioni fornite sul prodotto, \u00e8 in grado di caricare <strong data-start=\"2083\" data-end=\"2123\">fino a tre dispositivi contemporaneamente<\/strong>, e quindi particolarmente utile per le scrivanie degli uffici, le borse da viaggio, le automobili, le dispense delle fiere e il trasporto quotidiano.<\/p>\n<p data-start=\"2232\" data-end=\"2623\">Una caratteristica distintiva di questo articolo \u00e8 la <strong data-start=\"2271\" data-end=\"2296\">logo laser a LED personalizzato<\/strong> sul corpo del portachiavi. Quando il cavo \u00e8 collegato, il logo si illumina, aiutando il vostro marchio ad attirare maggiormente l'attenzione rispetto a un cavo stampato standard. L'effetto illuminato del marchio conferisce al prodotto un aspetto pi\u00f9 pregiato e moderno, rendendolo un'ottima scelta per le campagne promozionali, i regali ai clienti e il merchandising di marca.<\/p>\n<p data-start=\"2625\" data-end=\"3090\">Il cavo \u00e8 realizzato in <strong data-start=\"2648\" data-end=\"2686\">materiali ecologici TPE e ABS<\/strong> e include un <strong data-start=\"2702\" data-end=\"2726\">design del cavo intrecciato<\/strong> per una maggiore durata, flessibilit\u00e0 e una finitura pi\u00f9 pulita. La struttura a quattro fili di rame contribuisce a migliorare l'efficienza di carica e la corrente massima totale in uscita pu\u00f2 raggiungere <strong data-start=\"2913\" data-end=\"2919\">2A<\/strong> in base ai dettagli forniti. Con una dimensione compatta di circa <strong data-start=\"2980\" data-end=\"2995\">5,91 pollici<\/strong>, \u00c8 facile da trasportare in tasca, in borsa, nello zaino, nel marsupio da viaggio o da attaccare direttamente alle chiavi.<\/p>\n<p data-start=\"3092\" data-end=\"3437\">Il sistema integrato <strong data-start=\"3105\" data-end=\"3122\">anello portachiavi<\/strong> aggiunge ulteriore praticit\u00e0, consentendo agli utenti di agganciare il cavo a portachiavi, borse o cordini, in modo che sia sempre facile da trovare e pronto all'uso. Questo lo rende molto pi\u00f9 pratico dei normali omaggi tecnologici e aumenta la possibilit\u00e0 che i clienti lo conservino e lo utilizzino regolarmente, dando al vostro marchio un'esposizione pi\u00f9 duratura.<\/p>\n<p data-start=\"3439\" data-end=\"3774\">Questo prodotto \u00e8 adatto per <strong data-start=\"3468\" data-end=\"3652\">omaggi aziendali, promozioni per fiere, regali d'affari, gadget per eventi, collezioni di accessori tecnologici, articoli per l'apprezzamento dei clienti, omaggi per l'ufficio e promozioni legate ai viaggi.<\/strong>. Funziona particolarmente bene per le aziende che desiderano un prodotto promozionale pratico che le persone utilizzano nella vita quotidiana.<\/p>\n<p data-start=\"3776\" data-end=\"4024\">Il prodotto \u00e8 disponibile in <strong data-start=\"3804\" data-end=\"3823\">bianco e nero<\/strong> e offre un'area di personalizzazione semplice sull'alloggiamento anteriore per il vostro logo. La forma pulita, la struttura intrecciata e l'effetto di illuminazione del marchio ne fanno una scelta forte per il marketing promozionale moderno.<\/p>\n<p data-start=\"4026\" data-end=\"4236\">Se desiderate un accessorio di ricarica compatto, facile da trasportare, ampiamente compatibile ed efficace per la visibilit\u00e0 del marchio, questo cavo di ricarica intrecciato 3 in 1 personalizzato \u00e8 un'opzione eccellente per il vostro sito web.<\/p>\n<p data-start=\"4238\" data-end=\"4645\"><strong data-start=\"4238\" data-end=\"4254\">Caratteristiche principali<\/strong><br data-start=\"4254\" data-end=\"4257\" \/>Design del cavo di ricarica 3 in 1<br data-start=\"4285\" data-end=\"4288\" \/>Connettori micro USB, Type-C e Lightning<br data-start=\"4331\" data-end=\"4334\" \/>Logo laser a LED personalizzato<br data-start=\"4355\" data-end=\"4358\" \/>Pu\u00f2 caricare fino a 3 dispositivi contemporaneamente<br data-start=\"4401\" data-end=\"4404\" \/>Cavo intrecciato per una maggiore durata e flessibilit\u00e0<br data-start=\"4448\" data-end=\"4451\" \/>Materiali ecologici TPE e ABS<br data-start=\"4485\" data-end=\"4488\" \/>Design compatto del portachiavi per una maggiore portabilit\u00e0<br data-start=\"4527\" data-end=\"4530\" \/>Dimensioni circa 5,91 pollici<br data-start=\"4552\" data-end=\"4555\" \/>Corrente di uscita totale massima fino a 2A<br data-start=\"4592\" data-end=\"4595\" \/>Adatto per viaggi, ufficio, eventi e uso quotidiano<\/p>\n<p data-start=\"4647\" data-end=\"4883\"><strong data-start=\"4647\" data-end=\"4674\">Perch\u00e9 scegliere questo prodotto<\/strong><br data-start=\"4674\" data-end=\"4677\" \/>Questo cavo di ricarica \u00e8 compatto, pratico ed esteticamente accattivante. L'effetto del logo a LED rende pi\u00f9 evidente il marchio, mentre il design multiconnettore lo rende utile per un'ampia gamma di utenti e dispositivi.<\/p>\n<p data-start=\"4885\" data-end=\"5121\"><strong data-start=\"4885\" data-end=\"4898\">Ideale per<\/strong><br data-start=\"4898\" data-end=\"4901\" \/>Omaggi aziendali<br data-start=\"4920\" data-end=\"4923\" \/>Fiere di settore<br data-start=\"4934\" data-end=\"4937\" \/>Eventi promozionali<br data-start=\"4955\" data-end=\"4958\" \/>Set di regali tecnologici<br data-start=\"4972\" data-end=\"4975\" \/>Dispense dell'ufficio<br data-start=\"4990\" data-end=\"4993\" \/>Accessori da viaggio<br data-start=\"5011\" data-end=\"5014\" \/>Regali di ringraziamento per i clienti<br data-start=\"5038\" data-end=\"5041\" \/>Kit di benvenuto per i dipendenti<br data-start=\"5062\" data-end=\"5065\" \/>Collezioni di accessori per telefoni<br data-start=\"5092\" data-end=\"5095\" \/>Merce al dettaglio con marchio<\/p>\n<p data-start=\"5123\" data-end=\"5130\"><strong data-start=\"5123\" data-end=\"5130\">FAQ<\/strong><\/p>\n<p data-start=\"5132\" data-end=\"5298\"><strong data-start=\"5132\" data-end=\"5186\">Questo cavo di ricarica pu\u00f2 essere personalizzato con un logo?<\/strong><br data-start=\"5186\" data-end=\"5189\" \/>S\u00ec, l'alloggiamento anteriore pu\u00f2 essere personalizzato con il vostro logo, che pu\u00f2 apparire con un effetto di illuminazione a LED.<\/p>\n<p data-start=\"5300\" data-end=\"5405\"><strong data-start=\"5300\" data-end=\"5338\">Quali tipi di connettore sono inclusi?<\/strong><br data-start=\"5338\" data-end=\"5341\" \/>Questo cavo include i connettori Micro USB, Type-C e Lightning.<\/p>\n<p data-start=\"5407\" data-end=\"5543\"><strong data-start=\"5407\" data-end=\"5450\">Pu\u00f2 caricare pi\u00f9 dispositivi contemporaneamente?<\/strong><br data-start=\"5450\" data-end=\"5453\" \/>S\u00ec, secondo i dettagli del prodotto, pu\u00f2 caricare fino a tre dispositivi contemporaneamente.<\/p>\n<p data-start=\"5545\" data-end=\"5686\"><strong data-start=\"5545\" data-end=\"5577\">Questo cavo \u00e8 facile da trasportare?<\/strong><br data-start=\"5577\" data-end=\"5580\" \/>S\u00ec, ha dimensioni compatte e un anello portachiavi che lo rende facile da agganciare alle chiavi, alle borse o all'attrezzatura da viaggio.<\/p>\n<p data-start=\"5688\" data-end=\"5810\"><strong data-start=\"5688\" data-end=\"5722\">Di che materiale \u00e8 fatto?<\/strong><br data-start=\"5722\" data-end=\"5725\" \/>\u00c8 realizzato in materiali ecologici TPE e ABS con una struttura a cavo intrecciato.<\/p>","protected":false},"excerpt":{"rendered":"<p>Questo cavo di ricarica portachiavi intrecciato 3 in 1 combina i connettori Micro USB, Type-C e Lightning in un unico design compatto. Realizzato in TPE e ABS ecologico con un cavo intrecciato resistente, supporta la ricarica rapida, la facile portabilit\u00e0 e la personalizzazione del logo LED per uso promozionale e al dettaglio.<\/p>","protected":false},"featured_media":47083,"template":"","meta":{"_gspb_post_css":""},"product_brand":[],"product_cat":[27],"product_tag":[],"class_list":{"0":"post-47080","1":"product","2":"type-product","3":"status-publish","4":"has-post-thumbnail","6":"product_cat-technology","8":"first","9":"instock","10":"shipping-taxable","11":"product-type-simple"},"_links":{"self":[{"href":"https:\/\/globalgiftsupplier.com\/it\/wp-json\/wp\/v2\/product\/47080","targetHints":{"allow":["GET"]}}],"collection":[{"href":"https:\/\/globalgiftsupplier.com\/it\/wp-json\/wp\/v2\/product"}],"about":[{"href":"https:\/\/globalgiftsupplier.com\/it\/wp-json\/wp\/v2\/types\/product"}],"wp:featuredmedia":[{"embeddable":true,"href":"https:\/\/globalgiftsupplier.com\/it\/wp-json\/wp\/v2\/media\/47083"}],"wp:attachment":[{"href":"https:\/\/globalgiftsupplier.com\/it\/wp-json\/wp\/v2\/media?parent=47080"}],"wp:term":[{"taxonomy":"product_brand","embeddable":true,"href":"https:\/\/globalgiftsupplier.com\/it\/wp-json\/wp\/v2\/product_brand?post=47080"},{"taxonomy":"product_cat","embeddable":true,"href":"https:\/\/globalgiftsupplier.com\/it\/wp-json\/wp\/v2\/product_cat?post=47080"},{"taxonomy":"product_tag","embeddable":true,"href":"https:\/\/globalgiftsupplier.com\/it\/wp-json\/wp\/v2\/product_tag?post=47080"}],"curies":[{"name":"wp","href":"https:\/\/api.w.org\/{rel}","templated":true}]}}