{"id":47068,"date":"2026-03-19T08:32:54","date_gmt":"2026-03-19T08:32:54","guid":{"rendered":"https:\/\/globalgiftsupplier.com\/?post_type=product&#038;p=47068"},"modified":"2026-03-19T08:32:54","modified_gmt":"2026-03-19T08:32:54","slug":"3-in-1-keychain-charging-cable-with-led-laser-logo","status":"publish","type":"product","link":"https:\/\/globalgiftsupplier.com\/it\/product\/3-in-1-keychain-charging-cable-with-led-laser-logo\/","title":{"rendered":"Cavo di ricarica portachiavi 3 in 1 con logo laser a LED"},"content":{"rendered":"<p data-start=\"1432\" data-end=\"1790\">Questo cavo di ricarica portachiavi 3 in 1 con logo laser a LED \u00e8 un articolo tecnologico promozionale compatto e utile, progettato per la comodit\u00e0 di tutti i giorni. Combina pi\u00f9 connettori di ricarica in un unico cavo portatile, rendendolo una scelta intelligente per clienti, dipendenti, visitatori di eventi e chiunque abbia bisogno di una soluzione di ricarica semplice in movimento.<\/p>\n<p data-start=\"1792\" data-end=\"2177\">Il cavo comprende tre tipi di connettori di ricarica molto diffusi: <strong data-start=\"1851\" data-end=\"1887\">Micro USB, Tipo-C e Lightning<\/strong>, che consente agli utenti di ricaricare un'ampia gamma di telefoni cellulari e dispositivi elettronici con un unico accessorio. Secondo i dettagli del prodotto, \u00e8 in grado di caricare fino a <strong data-start=\"2046\" data-end=\"2080\">tre dispositivi contemporaneamente<\/strong>, Il sistema \u00e8 ancora pi\u00f9 pratico per l'uso quotidiano, per i viaggi, per il lavoro d'ufficio o per la ricarica di emergenza.<\/p>\n<p data-start=\"2179\" data-end=\"2571\">Una delle caratteristiche pi\u00f9 attraenti di questo articolo \u00e8 il <strong data-start=\"2235\" data-end=\"2260\">logo laser a LED personalizzato<\/strong> sul corpo rotondo del portachiavi. Quando \u00e8 collegato e in uso, il logo si illumina, conferendo al vostro marchio un aspetto pi\u00f9 accattivante e di qualit\u00e0. Rispetto ai cavi di ricarica stampati standard, l'effetto del logo illuminato rende questo prodotto molto pi\u00f9 memorabile e aiuta il vostro marchio a distinguersi negli ambienti promozionali.<\/p>\n<p data-start=\"2573\" data-end=\"3029\">Il cavo \u00e8 realizzato con <strong data-start=\"2596\" data-end=\"2634\">materiali ecologici TPE e ABS<\/strong> e presenta un <strong data-start=\"2650\" data-end=\"2674\">design del cavo intrecciato<\/strong> per una maggiore durata, flessibilit\u00e0 e una finitura pi\u00f9 elegante. La struttura a quattro fili di rame aiuta a supportare prestazioni di ricarica stabili, con un <strong data-start=\"2829\" data-end=\"2873\">corrente di uscita totale massima fino a 2A<\/strong> in base alle informazioni sul prodotto fornite. Le dimensioni compatte di circa <strong data-start=\"2943\" data-end=\"2958\">5,91 pollici<\/strong> Lo rende facile da trasportare in tasca, in borsa, nello zaino, in auto o nel kit da viaggio.<\/p>\n<p data-start=\"3031\" data-end=\"3370\">Il suo sistema incorporato <strong data-start=\"3044\" data-end=\"3061\">anello portachiavi<\/strong> rende questo articolo particolarmente comodo. Gli utenti possono agganciarlo alle chiavi, agli zaini, alle borse o ai cordini, in modo da mantenerlo accessibile per tutto il giorno. Essendo utile e portatile, \u00e8 molto pi\u00f9 probabile che venga conservato e riutilizzato rispetto ai normali omaggi, garantendo al vostro marchio una maggiore visibilit\u00e0 nel tempo.<\/p>\n<p data-start=\"3372\" data-end=\"3701\">Questo prodotto \u00e8 adatto per <strong data-start=\"3404\" data-end=\"3563\">omaggi aziendali, fiere, promozioni tecnologiche, regali per l'ufficio, articoli di ringraziamento per i clienti, kit da viaggio, materiale informativo per eventi e accessori tecnologici di marca per la vendita al dettaglio.<\/strong>. \u00c8 una scelta importante per le aziende che desiderano un prodotto promozionale moderno, funzionale e pertinente all'uso quotidiano dei dispositivi.<\/p>\n<p data-start=\"3703\" data-end=\"3987\">Il cavo \u00e8 mostrato in versione classica <strong data-start=\"3733\" data-end=\"3766\">opzioni di colore bianco e nero<\/strong>, conferendogli un aspetto pulito e professionale che si adatta a diversi stili di branding. Il pannello frontale rotondo offre una chiara area di personalizzazione per il vostro logo, mentre l'effetto LED aggiunge un tocco finale pi\u00f9 innovativo.<\/p>\n<p data-start=\"3989\" data-end=\"4177\">Se desiderate un accessorio promozionale che combini praticit\u00e0, portabilit\u00e0 e forte visibilit\u00e0 del marchio, questo cavo di ricarica personalizzato 3 in 1 portachiavi \u00e8 un'opzione eccellente per il vostro sito web.<\/p>\n<p data-start=\"4179\" data-end=\"4553\"><strong data-start=\"4179\" data-end=\"4195\">Caratteristiche principali<\/strong><br data-start=\"4195\" data-end=\"4198\" \/>Design del cavo di ricarica 3 in 1<br data-start=\"4226\" data-end=\"4229\" \/>Connettori micro USB, Type-C e Lightning<br data-start=\"4272\" data-end=\"4275\" \/>Logo laser a LED personalizzato<br data-start=\"4296\" data-end=\"4299\" \/>Pu\u00f2 caricare fino a 3 dispositivi contemporaneamente<br data-start=\"4342\" data-end=\"4345\" \/>Cavo intrecciato per una maggiore durata<br data-start=\"4379\" data-end=\"4382\" \/>Costruzione ecologica in TPE e ABS<br data-start=\"4419\" data-end=\"4422\" \/>Design compatto del portachiavi per un facile trasporto<br data-start=\"4463\" data-end=\"4466\" \/>Dimensioni portatili di circa 5,91 pollici<br data-start=\"4497\" data-end=\"4500\" \/>Adatto per l'uso quotidiano, i viaggi, l'ufficio e gli eventi<\/p>\n<p data-start=\"4555\" data-end=\"4845\"><strong data-start=\"4555\" data-end=\"4582\">Perch\u00e9 scegliere questo prodotto<\/strong><br data-start=\"4582\" data-end=\"4585\" \/>Questo prodotto combina la praticit\u00e0 della ricarica con l'effetto luminoso del logo personalizzato, rendendolo pi\u00f9 utile e pi\u00f9 memorabile rispetto agli accessori promozionali standard. Lo stile compatto del portachiavi lo rende inoltre facile da trasportare e pi\u00f9 facile da usare regolarmente.<\/p>\n<p data-start=\"4847\" data-end=\"5088\"><strong data-start=\"4847\" data-end=\"4860\">Ideale per<\/strong><br data-start=\"4860\" data-end=\"4863\" \/>Omaggi aziendali<br data-start=\"4882\" data-end=\"4885\" \/>Fiere di settore<br data-start=\"4896\" data-end=\"4899\" \/>Campagne promozionali<br data-start=\"4920\" data-end=\"4923\" \/>Set di regali tecnologici<br data-start=\"4937\" data-end=\"4940\" \/>Dispense dell'ufficio<br data-start=\"4955\" data-end=\"4958\" \/>Accessori da viaggio<br data-start=\"4976\" data-end=\"4979\" \/>Regali di apprezzamento per i clienti<br data-start=\"5006\" data-end=\"5009\" \/>Kit di benvenuto per i dipendenti<br data-start=\"5030\" data-end=\"5033\" \/>Collezioni di accessori per telefoni<br data-start=\"5060\" data-end=\"5063\" \/>Merchandising dell'evento con marchio<\/p>\n<p data-start=\"5090\" data-end=\"5097\"><strong data-start=\"5090\" data-end=\"5097\">FAQ<\/strong><\/p>\n<p data-start=\"5099\" data-end=\"5279\"><strong data-start=\"5099\" data-end=\"5153\">Questo cavo di ricarica pu\u00f2 essere personalizzato con un logo?<\/strong><br data-start=\"5153\" data-end=\"5156\" \/>S\u00ec, l'area frontale rotonda pu\u00f2 essere personalizzata con il vostro logo e il logo \u00e8 dotato di un effetto di illuminazione laser a LED quando viene utilizzato.<\/p>\n<p data-start=\"5281\" data-end=\"5386\"><strong data-start=\"5281\" data-end=\"5319\">Quali tipi di connettore sono inclusi?<\/strong><br data-start=\"5319\" data-end=\"5322\" \/>Questo cavo include i connettori Micro USB, Type-C e Lightning.<\/p>\n<p data-start=\"5388\" data-end=\"5515\"><strong data-start=\"5388\" data-end=\"5427\">Pu\u00f2 caricare pi\u00f9 di un dispositivo?<\/strong><br data-start=\"5427\" data-end=\"5430\" \/>Secondo i dettagli del prodotto, pu\u00f2 caricare fino a tre dispositivi contemporaneamente.<\/p>\n<p data-start=\"5517\" data-end=\"5669\"><strong data-start=\"5517\" data-end=\"5551\">Questo prodotto \u00e8 facile da trasportare?<\/strong><br data-start=\"5551\" data-end=\"5554\" \/>S\u00ec, ha un formato mini e compatto e un anello portachiavi che lo rende facile da attaccare a chiavi, borse o accessori da viaggio.<\/p>\n<p data-start=\"5671\" data-end=\"5790\"><strong data-start=\"5671\" data-end=\"5705\">Di che materiale \u00e8 fatto?<\/strong><br data-start=\"5705\" data-end=\"5708\" \/>\u00c8 realizzato in materiali ecologici TPE e ABS con una struttura a cavi intrecciati.<\/p>","protected":false},"excerpt":{"rendered":"<p>Questo cavo di ricarica portachiavi 3 in 1 \u00e8 un accessorio tecnologico promozionale compatto e pratico con connettori Micro USB, Type-C e Lightning in un unico design portatile. Dotato di un cavo intrecciato, di una struttura resistente in ABS e TPE e di un logo laser a LED personalizzato, \u00e8 ideale per la ricarica quotidiana, per l'uso in viaggio e per gli omaggi di marca.<\/p>","protected":false},"featured_media":47069,"template":"","meta":{"_gspb_post_css":""},"product_brand":[],"product_cat":[27],"product_tag":[],"class_list":{"0":"post-47068","1":"product","2":"type-product","3":"status-publish","4":"has-post-thumbnail","6":"product_cat-technology","8":"first","9":"instock","10":"shipping-taxable","11":"product-type-simple"},"_links":{"self":[{"href":"https:\/\/globalgiftsupplier.com\/it\/wp-json\/wp\/v2\/product\/47068","targetHints":{"allow":["GET"]}}],"collection":[{"href":"https:\/\/globalgiftsupplier.com\/it\/wp-json\/wp\/v2\/product"}],"about":[{"href":"https:\/\/globalgiftsupplier.com\/it\/wp-json\/wp\/v2\/types\/product"}],"wp:featuredmedia":[{"embeddable":true,"href":"https:\/\/globalgiftsupplier.com\/it\/wp-json\/wp\/v2\/media\/47069"}],"wp:attachment":[{"href":"https:\/\/globalgiftsupplier.com\/it\/wp-json\/wp\/v2\/media?parent=47068"}],"wp:term":[{"taxonomy":"product_brand","embeddable":true,"href":"https:\/\/globalgiftsupplier.com\/it\/wp-json\/wp\/v2\/product_brand?post=47068"},{"taxonomy":"product_cat","embeddable":true,"href":"https:\/\/globalgiftsupplier.com\/it\/wp-json\/wp\/v2\/product_cat?post=47068"},{"taxonomy":"product_tag","embeddable":true,"href":"https:\/\/globalgiftsupplier.com\/it\/wp-json\/wp\/v2\/product_tag?post=47068"}],"curies":[{"name":"wp","href":"https:\/\/api.w.org\/{rel}","templated":true}]}}