{"id":47055,"date":"2026-03-19T08:26:04","date_gmt":"2026-03-19T08:26:04","guid":{"rendered":"https:\/\/globalgiftsupplier.com\/?post_type=product&#038;p=47055"},"modified":"2026-03-19T08:26:04","modified_gmt":"2026-03-19T08:26:04","slug":"custom-metal-stylus-ballpoint-pen-with-touchscreen-tip","status":"publish","type":"product","link":"https:\/\/globalgiftsupplier.com\/it\/product\/custom-metal-stylus-ballpoint-pen-with-touchscreen-tip\/","title":{"rendered":"Penna a sfera stilo in metallo personalizzata con punta touchscreen"},"content":{"rendered":"<p data-start=\"1152\" data-end=\"1531\">Questa penna a sfera personalizzata con stilo in metallo \u00e8 un prodotto promozionale pratico e moderno, progettato sia per la scrittura che per l'uso del touchscreen. Combina l'utilit\u00e0 di una classica penna a sfera con la comodit\u00e0 della punta a stilo, rendendola una scelta eccellente per uffici, riunioni, eventi, scuole, hotel, fiere e programmi di branding aziendale.<\/p>\n<p data-start=\"1533\" data-end=\"2009\">La penna presenta un elegante fusto in metallo con finitura colorata liscia e accenti cromati lucidi che le conferiscono un aspetto raffinato e professionale. Rispetto alle normali penne in plastica, questo stile offre un aspetto pi\u00f9 pregiato e una migliore sensazione in mano, aiutando il vostro marchio a fare un'impressione pi\u00f9 forte durante l'uso quotidiano. \u00c8 un'opzione intelligente per le aziende che desiderano uno strumento di scrittura dall'aspetto raffinato, ma allo stesso tempo pratico ed economico per le promozioni su larga scala.<\/p>\n<p data-start=\"2011\" data-end=\"2454\">Uno dei vantaggi principali di questo prodotto \u00e8 il suo design a doppia funzione. La punta dello stilo consente agli utenti di interagire con schermi tattili come telefoni, tablet, schermi self-service e altri dispositivi digitali, mentre la funzione penna rimane utile per prendere appunti, firmare documenti, moduli, riunioni e per la scrittura quotidiana in ufficio. Questa combinazione rende il prodotto pi\u00f9 versatile rispetto a una penna promozionale standard e gli conferisce una maggiore utilit\u00e0 quotidiana.<\/p>\n<p data-start=\"2456\" data-end=\"2863\">Il fusto \u00e8 dotato di un'area trasparente per il logo personalizzato, che consente di mantenere visibile il nome dell'azienda, il marchio o il messaggio promozionale durante l'uso ripetuto. Poich\u00e9 i destinatari possono utilizzare questo articolo sia come penna che come accessorio per touchscreen, ha un forte valore promozionale a lungo termine. Pi\u00f9 un prodotto \u00e8 utile, pi\u00f9 \u00e8 probabile che le persone lo tengano vicino, il che contribuisce ad aumentare l'esposizione del marchio nel tempo.<\/p>\n<p data-start=\"2865\" data-end=\"3290\">Dalle immagini, questa penna \u00e8 disponibile in una gamma di colori classici e brillanti, tra cui nero, grigio, blu, verde, rosso, viola, rosa, arancione e altre tonalit\u00e0 moderne. In questo modo \u00e8 facile abbinare diversi stili di branding aziendale, temi di campagna, colori scolastici, palette di eventi o promozioni stagionali. Sia che la vostra azienda desideri un articolo da regalo audace o un look aziendale pi\u00f9 pulito, questo stile di penna offre un fascino visivo flessibile.<\/p>\n<p data-start=\"3292\" data-end=\"3696\">Il suo profilo sottile lo rende facile da inserire in kit di direct mail, borse per eventi, set di regali per l'ufficio, pacchetti di benvenuto, materiale per conferenze e pacchetti promozionali. Si abbina bene a quaderni, cartelle, diari, articoli da scrivania e altri prodotti per ufficio di marca. Per le aziende che desiderano offrire un oggetto pratico e di uso quotidiano, ma pi\u00f9 aggiornato per l'uso digitale moderno, questa penna stilo personalizzata \u00e8 una scelta valida.<\/p>\n<p data-start=\"3698\" data-end=\"4034\">Questo prodotto \u00e8 particolarmente adatto per eventi aziendali, promozioni tecnologiche, programmi di forniture per ufficio, dispense per i clienti, reception di hotel, omaggi didattici, uffici sanitari e kit per l'inserimento dei dipendenti. Poich\u00e9 funziona sia in ambienti di lavoro fisici che digitali, si adatta a un'ampia gamma di settori e gruppi di utenti.<\/p>\n<p data-start=\"4036\" data-end=\"4284\">Se desiderate una penna promozionale che offra sia l'utilit\u00e0 della scrittura che la comodit\u00e0 del touchscreen, dando al contempo al vostro logo una presentazione elegante e professionale, questa penna a sfera stilo in metallo personalizzata \u00e8 un'eccellente aggiunta alla vostra linea di prodotti per il sito web.<\/p>\n<p data-start=\"4286\" data-end=\"4653\"><strong data-start=\"4286\" data-end=\"4302\">Caratteristiche principali<\/strong><br data-start=\"4302\" data-end=\"4305\" \/>Penna a sfera con stilo in metallo<br data-start=\"4331\" data-end=\"4334\" \/>Penna e stilo touchscreen a doppia funzione<br data-start=\"4374\" data-end=\"4377\" \/>Area di stampa del logo personalizzato sul fusto<br data-start=\"4411\" data-end=\"4414\" \/>Elegante canna colorata con accenti cromati<br data-start=\"4454\" data-end=\"4457\" \/>Adatto alla scrittura quotidiana e all'uso di dispositivi<br data-start=\"4501\" data-end=\"4504\" \/>Look professionale per le promozioni aziendali<br data-start=\"4545\" data-end=\"4548\" \/>Disponibile in pi\u00f9 opzioni di colore mostrate nelle immagini<br data-start=\"4599\" data-end=\"4602\" \/>Ideale per l'uso in ufficio, per eventi e per il branding aziendale<\/p>\n<p data-start=\"4655\" data-end=\"4968\"><strong data-start=\"4655\" data-end=\"4682\">Perch\u00e9 scegliere questo prodotto<\/strong><br data-start=\"4682\" data-end=\"4685\" \/>Questo prodotto si distingue perch\u00e9 combina l'uso tradizionale della scrittura con la moderna funzionalit\u00e0 touchscreen. Offre un valore quotidiano superiore a quello di una penna standard, conferisce al vostro marchio un'immagine pi\u00f9 aggiornata e offre un'elegante finitura metallica che contribuisce a creare un'impressione promozionale pi\u00f9 forte.<\/p>\n<p data-start=\"4970\" data-end=\"5199\"><strong data-start=\"4970\" data-end=\"4983\">Ideale per<\/strong><br data-start=\"4983\" data-end=\"4986\" \/>Promozioni d'ufficio<br data-start=\"5003\" data-end=\"5006\" \/>Omaggi aziendali<br data-start=\"5025\" data-end=\"5028\" \/>Fiere di settore<br data-start=\"5039\" data-end=\"5042\" \/>Dispense della conferenza<br data-start=\"5061\" data-end=\"5064\" \/>Kit di benvenuto per i dipendenti<br data-start=\"5085\" data-end=\"5088\" \/>Promozioni scolastiche<br data-start=\"5105\" data-end=\"5108\" \/>Forniture per la reception dell'hotel<br data-start=\"5133\" data-end=\"5136\" \/>Riunioni di lavoro<br data-start=\"5153\" data-end=\"5156\" \/>Regali per i clienti<br data-start=\"5168\" data-end=\"5171\" \/>Campagne tecnologiche<\/p>\n<p data-start=\"5201\" data-end=\"5208\"><strong data-start=\"5201\" data-end=\"5208\">FAQ<\/strong><\/p>\n<p data-start=\"5210\" data-end=\"5349\"><strong data-start=\"5210\" data-end=\"5253\">Questa penna pu\u00f2 essere personalizzata con un logo?<\/strong><br data-start=\"5253\" data-end=\"5256\" \/>S\u00ec, il barile pu\u00f2 essere personalizzato con il logo della vostra azienda, il nome del vostro marchio o un messaggio promozionale.<\/p>\n<p data-start=\"5351\" data-end=\"5481\"><strong data-start=\"5351\" data-end=\"5390\">Questa penna funziona con i touchscreen?<\/strong><br data-start=\"5390\" data-end=\"5393\" \/>S\u00ec, include una punta di stilo da utilizzare su telefoni, tablet e altri dispositivi touchscreen.<\/p>\n<p data-start=\"5483\" data-end=\"5677\"><strong data-start=\"5483\" data-end=\"5548\">Cosa rende questa penna diversa da una normale penna promozionale?<\/strong><br data-start=\"5548\" data-end=\"5551\" \/>Combina due funzioni in un unico prodotto, offrendo agli utenti sia una penna per scrivere che uno stilo per touchscreen per una maggiore comodit\u00e0 quotidiana.<\/p>\n<p data-start=\"5679\" data-end=\"5882\"><strong data-start=\"5679\" data-end=\"5732\">Questo prodotto \u00e8 adatto alle promozioni aziendali?<\/strong><br data-start=\"5732\" data-end=\"5735\" \/>L'elegante look metallico e il pratico design a doppio uso ne fanno una scelta ideale per uffici, eventi aziendali, fiere e omaggi ai clienti.<\/p>","protected":false},"excerpt":{"rendered":"<p>Questa penna a sfera personalizzata con stilo in metallo combina una scrittura scorrevole con la comodit\u00e0 del touchscreen in un unico prodotto promozionale elegante. Dotata di fusto colorato, accenti cromati, punta stilo soft-touch e area per il logo personalizzato, \u00e8 ideale per le promozioni in ufficio, gli omaggi aziendali, le fiere, i kit per i dipendenti e l'uso quotidiano del marchio aziendale.<\/p>","protected":false},"featured_media":47056,"template":"","meta":{"_gspb_post_css":""},"product_brand":[],"product_cat":[31],"product_tag":[],"class_list":{"0":"post-47055","1":"product","2":"type-product","3":"status-publish","4":"has-post-thumbnail","6":"product_cat-office","8":"first","9":"instock","10":"shipping-taxable","11":"product-type-simple"},"_links":{"self":[{"href":"https:\/\/globalgiftsupplier.com\/it\/wp-json\/wp\/v2\/product\/47055","targetHints":{"allow":["GET"]}}],"collection":[{"href":"https:\/\/globalgiftsupplier.com\/it\/wp-json\/wp\/v2\/product"}],"about":[{"href":"https:\/\/globalgiftsupplier.com\/it\/wp-json\/wp\/v2\/types\/product"}],"wp:featuredmedia":[{"embeddable":true,"href":"https:\/\/globalgiftsupplier.com\/it\/wp-json\/wp\/v2\/media\/47056"}],"wp:attachment":[{"href":"https:\/\/globalgiftsupplier.com\/it\/wp-json\/wp\/v2\/media?parent=47055"}],"wp:term":[{"taxonomy":"product_brand","embeddable":true,"href":"https:\/\/globalgiftsupplier.com\/it\/wp-json\/wp\/v2\/product_brand?post=47055"},{"taxonomy":"product_cat","embeddable":true,"href":"https:\/\/globalgiftsupplier.com\/it\/wp-json\/wp\/v2\/product_cat?post=47055"},{"taxonomy":"product_tag","embeddable":true,"href":"https:\/\/globalgiftsupplier.com\/it\/wp-json\/wp\/v2\/product_tag?post=47055"}],"curies":[{"name":"wp","href":"https:\/\/api.w.org\/{rel}","templated":true}]}}