{"id":46979,"date":"2026-03-19T07:48:13","date_gmt":"2026-03-19T07:48:13","guid":{"rendered":"https:\/\/globalgiftsupplier.com\/?post_type=product&#038;p=46979"},"modified":"2026-03-19T07:48:13","modified_gmt":"2026-03-19T07:48:13","slug":"custom-metal-push-click-action-ball-pen-with-logo-imprint","status":"publish","type":"product","link":"https:\/\/globalgiftsupplier.com\/it\/product\/custom-metal-push-click-action-ball-pen-with-logo-imprint\/","title":{"rendered":"Penna a sfera a scatto personalizzata in metallo con impronta del logo"},"content":{"rendered":"<p data-start=\"1130\" data-end=\"1537\">Promuovete il vostro marchio con uno strumento di scrittura pulito e moderno che combina la praticit\u00e0 dell'uso quotidiano con un look aziendale raffinato. Questa penna a sfera a scatto personalizzata in metallo presenta un fusto sottile, un meccanismo a scatto fluido e un design elegante della clip, che la rendono una scelta intelligente per le aziende che desiderano una penna promozionale dall'aspetto pi\u00f9 raffinato rispetto a una normale penna in plastica da regalare.<\/p>\n<p data-start=\"1539\" data-end=\"1957\">Questa penna \u00e8 stata progettata per le aziende che desiderano un prodotto di scrittura semplice, professionale e facile da usare. Il corpo sottile le conferisce un profilo elegante che fa bella mostra di s\u00e9 sulle scrivanie, nei quaderni, all'interno di cartelle e nel materiale per conferenze. L'azione a scatto la rende comoda per prendere appunti ogni giorno, per l'uso in ufficio, per le riunioni e gli eventi, mentre la superficie pulita del fusto offre un'area libera per la stampa del logo personalizzato.<\/p>\n<p data-start=\"1959\" data-end=\"2359\">La moderna struttura in metallo contribuisce a conferire alla penna una sensazione di maggiore consistenza e qualit\u00e0. Rispetto alle penne standard a basso costo, una penna in metallo spesso crea una prima impressione pi\u00f9 forte e riflette meglio l'immagine professionale del marchio. Per questo motivo, questo prodotto \u00e8 particolarmente adatto per le promozioni aziendali, gli omaggi ai clienti, i kit di benvenuto per i dipendenti, le scrivanie degli hotel, le visite di vendita e gli omaggi per gli eventi commerciali.<\/p>\n<p data-start=\"2361\" data-end=\"2826\">Il suo design si distingue anche per la clip contemporanea e il dettaglio superiore che aggiunge interesse visivo senza far sembrare la penna eccessivamente complicata. La combinazione di colori brillanti del fusto e di accenti pi\u00f9 scuri conferisce alla penna uno stile fresco e moderno che si adatta bene sia ai temi formali che a quelli pi\u00f9 creativi del branding. Sia che il vostro marchio preferisca i colori classici o i toni promozionali pi\u00f9 vivaci, questa penna offre una presentazione versatile che ha comunque un aspetto organizzato e professionale.<\/p>\n<p data-start=\"2828\" data-end=\"3253\">Poich\u00e9 le penne sono uno degli articoli promozionali pi\u00f9 utilizzati, questo prodotto offre un valore di branding a lungo termine. \u00c8 probabile che una penna utile venga tenuta sulla scrivania, portata in borsa, conservata in un cassetto o condivisa durante le riunioni e la routine quotidiana. Ogni volta che la penna viene utilizzata, il vostro logo rimane visibile. Questa esposizione ripetuta contribuisce a rendere le penne personalizzate uno dei prodotti promozionali pi\u00f9 affidabili e convenienti per molti settori.<\/p>\n<p data-start=\"3255\" data-end=\"3662\">Questa penna in metallo con logo personalizzato \u00e8 adatta per uffici, scuole, conferenze, front desk, programmi di ospitalit\u00e0, promozioni immobiliari, servizi finanziari, uffici sanitari, istituti di istruzione e confezioni per eventi di marca. \u00c8 anche una buona opzione per le aziende che desiderano una penna promozionale pi\u00f9 elegante di un modello standard in plastica, pur rimanendo pratica per la distribuzione su larga scala.<\/p>\n<p data-start=\"3664\" data-end=\"4068\">Il meccanismo a scatto \u00e8 semplice e comodo e consente di estendere rapidamente la punta della penna con una sola pressione. Questo rende la penna particolarmente utile in ambienti veloci come ricevimenti, sale riunioni, tavoli per la registrazione di eventi, sportelli di assistenza clienti e uffici quotidiani. La sua forma sottile permette inoltre di inserirla comodamente nei set di cancelleria, nelle agende, nei portablocco e nelle borse da regalo.<\/p>\n<p data-start=\"4070\" data-end=\"4321\">Se siete alla ricerca di una penna promozionale personalizzata che combini un look elegante in metallo, un design scorrevole a scatto e un forte valore di branding quotidiano, questa penna a sfera personalizzata in metallo a scatto \u00e8 un'aggiunta eccellente al vostro sito web e alla vostra linea di prodotti.<\/p>\n<p data-start=\"4323\" data-end=\"4710\"><strong data-start=\"4323\" data-end=\"4339\">Caratteristiche principali<\/strong><br data-start=\"4339\" data-end=\"4342\" \/>Design della penna a scatto in metallo<br data-start=\"4376\" data-end=\"4379\" \/>Canna sottile e moderna per un look professionale e pulito<br data-start=\"4427\" data-end=\"4430\" \/>Area di stampa del logo personalizzato sul fusto<br data-start=\"4464\" data-end=\"4467\" \/>Elegante dettaglio a clip per un aspetto contemporaneo<br data-start=\"4516\" data-end=\"4519\" \/>Scrittura scorrevole per l'uso quotidiano in ufficio e in riunione<br data-start=\"4566\" data-end=\"4569\" \/>Pratico design retrattile<br data-start=\"4597\" data-end=\"4600\" \/>Adatto per promozioni aziendali e omaggi<br data-start=\"4646\" data-end=\"4649\" \/>Ideale per uffici, conferenze, fiere e confezioni per clienti<\/p>\n<p data-start=\"4712\" data-end=\"5027\"><strong data-start=\"4712\" data-end=\"4747\">Perch\u00e9 scegliere questa penna promozionale<\/strong><br data-start=\"4747\" data-end=\"4750\" \/>Questa penna \u00e8 una scelta promozionale forte perch\u00e9 combina l'utilit\u00e0 della scrittura quotidiana con un aspetto pi\u00f9 curato e professionale. Rispetto alle normali penne da regalo, il corpo in metallo e il design sottile a scatto aiutano a presentare il vostro marchio in modo pi\u00f9 pulito e moderno.<\/p>\n<p data-start=\"5029\" data-end=\"5290\"><strong data-start=\"5029\" data-end=\"5042\">Ideale per<\/strong><br data-start=\"5042\" data-end=\"5045\" \/>Promozioni d'ufficio<br data-start=\"5062\" data-end=\"5065\" \/>Riunioni aziendali<br data-start=\"5083\" data-end=\"5086\" \/>Omaggi per fiere<br data-start=\"5106\" data-end=\"5109\" \/>Pacchetti di apprezzamento per i clienti<br data-start=\"5134\" data-end=\"5137\" \/>Kit di benvenuto per la conferenza<br data-start=\"5160\" data-end=\"5163\" \/>Scrivanie per reception<br data-start=\"5178\" data-end=\"5181\" \/>Branding alberghiero e ospitalit\u00e0<br data-start=\"5211\" data-end=\"5214\" \/>Marketing immobiliare<br data-start=\"5235\" data-end=\"5238\" \/>Programmi della scuola e del campus<br data-start=\"5264\" data-end=\"5267\" \/>Dispense di eventi aziendali<\/p>\n<p data-start=\"5292\" data-end=\"5299\"><strong data-start=\"5292\" data-end=\"5299\">FAQ<\/strong><\/p>\n<p data-start=\"5301\" data-end=\"5440\"><strong data-start=\"5301\" data-end=\"5344\">Questa penna pu\u00f2 essere personalizzata con un logo?<\/strong><br data-start=\"5344\" data-end=\"5347\" \/>S\u00ec, il barile pu\u00f2 essere personalizzato con il logo della vostra azienda, il nome del vostro marchio o un messaggio promozionale.<\/p>\n<p data-start=\"5442\" data-end=\"5668\"><strong data-start=\"5442\" data-end=\"5507\">Cosa rende questa penna diversa da una normale penna promozionale?<\/strong><br data-start=\"5507\" data-end=\"5510\" \/>Questa penna \u00e8 caratterizzata da un fusto sottile in metallo e da un design a scatto pi\u00f9 moderno, che le conferisce un aspetto pi\u00f9 pulito e raffinato rispetto a una normale penna da regalo in plastica.<\/p>\n<p data-start=\"5670\" data-end=\"5846\"><strong data-start=\"5670\" data-end=\"5719\">Questa penna \u00e8 adatta per le promozioni aziendali?<\/strong><br data-start=\"5719\" data-end=\"5722\" \/>S\u00ec, \u00e8 ideale per uffici, riunioni, regali ai clienti, fiere, kit per conferenze e altri usi promozionali professionali.<\/p>\n<p data-start=\"5848\" data-end=\"6020\"><strong data-start=\"5848\" data-end=\"5894\">Qual \u00e8 il vantaggio di una penna a scatto?<\/strong><br data-start=\"5894\" data-end=\"5897\" \/>La penna a scatto \u00e8 facile e veloce da usare e risulta comoda per le riunioni, per prendere appunti, per i moduli e per la scrittura quotidiana in ufficio.<\/p>\n<p data-start=\"6022\" data-end=\"6253\" data-is-last-node=\"\" data-is-only-node=\"\"><strong data-start=\"6022\" data-end=\"6070\">Per chi \u00e8 pi\u00f9 adatta questa penna promozionale?<\/strong><br data-start=\"6070\" data-end=\"6073\" \/>\u00c8 ideale per aziende, scuole, hotel, agenzie immobiliari, uffici, conferenze e marchi alla ricerca di un pratico articolo di scrittura personalizzato con un aspetto pi\u00f9 professionale.<\/p>","protected":false},"excerpt":{"rendered":"<p>Questa penna a sfera a scatto personalizzata in metallo \u00e8 caratterizzata da un fusto sottile e moderno, da un'elegante clip e da un design scorrevole e retrattile per l'uso lavorativo quotidiano. Ideale per uffici, riunioni, fiere, pacchetti clienti e omaggi promozionali, offre un modo pratico e raffinato di mostrare il vostro logo.<\/p>","protected":false},"featured_media":46980,"template":"","meta":{"_gspb_post_css":""},"product_brand":[],"product_cat":[31],"product_tag":[],"class_list":{"0":"post-46979","1":"product","2":"type-product","3":"status-publish","4":"has-post-thumbnail","6":"product_cat-office","8":"first","9":"instock","10":"shipping-taxable","11":"product-type-simple"},"_links":{"self":[{"href":"https:\/\/globalgiftsupplier.com\/it\/wp-json\/wp\/v2\/product\/46979","targetHints":{"allow":["GET"]}}],"collection":[{"href":"https:\/\/globalgiftsupplier.com\/it\/wp-json\/wp\/v2\/product"}],"about":[{"href":"https:\/\/globalgiftsupplier.com\/it\/wp-json\/wp\/v2\/types\/product"}],"wp:featuredmedia":[{"embeddable":true,"href":"https:\/\/globalgiftsupplier.com\/it\/wp-json\/wp\/v2\/media\/46980"}],"wp:attachment":[{"href":"https:\/\/globalgiftsupplier.com\/it\/wp-json\/wp\/v2\/media?parent=46979"}],"wp:term":[{"taxonomy":"product_brand","embeddable":true,"href":"https:\/\/globalgiftsupplier.com\/it\/wp-json\/wp\/v2\/product_brand?post=46979"},{"taxonomy":"product_cat","embeddable":true,"href":"https:\/\/globalgiftsupplier.com\/it\/wp-json\/wp\/v2\/product_cat?post=46979"},{"taxonomy":"product_tag","embeddable":true,"href":"https:\/\/globalgiftsupplier.com\/it\/wp-json\/wp\/v2\/product_tag?post=46979"}],"curies":[{"name":"wp","href":"https:\/\/api.w.org\/{rel}","templated":true}]}}