{"id":46912,"date":"2026-03-19T05:48:55","date_gmt":"2026-03-19T05:48:55","guid":{"rendered":"https:\/\/globalgiftsupplier.com\/?post_type=product&#038;p=46912"},"modified":"2026-03-19T05:48:55","modified_gmt":"2026-03-19T05:48:55","slug":"custom-full-color-imprint-3-layer-face-mask-with-logo-design","status":"publish","type":"product","link":"https:\/\/globalgiftsupplier.com\/it\/product\/custom-full-color-imprint-3-layer-face-mask-with-logo-design\/","title":{"rendered":"Maschera facciale personalizzata a 3 strati con stampa a colori e design del logo"},"content":{"rendered":"<p data-start=\"1154\" data-end=\"1572\">Promuovete il vostro marchio con un prodotto che offre visibilit\u00e0 quotidiana e un'ampia area di stampa personalizzata con questa maschera facciale a 3 strati con stampa a colori. Progettata per l'uso del marchio, l'identit\u00e0 di squadra, la distribuzione di eventi e i programmi promozionali, questa maschera offre alle aziende e alle organizzazioni un articolo pratico che pu\u00f2 mostrare in modo evidente loghi, messaggi, opere d'arte o disegni personalizzati sul pannello frontale.<\/p>\n<p data-start=\"1574\" data-end=\"2001\">Questa maschera facciale personalizzata \u00e8 progettata con una struttura a 3 strati e un'ampia superficie stampabile che la rende particolarmente adatta a grafiche a colori, messaggi di marca, opere d'arte a tema, progetti scolastici, loghi aziendali, identit\u00e0 di club e immagini relative a eventi. A differenza di molti prodotti promozionali pi\u00f9 piccoli con spazio limitato per l'impronta, questo articolo offre al vostro marchio una posizione altamente visibile che pu\u00f2 essere vista chiaramente durante l'uso quotidiano.<\/p>\n<p data-start=\"2003\" data-end=\"2403\">La forma aderente e i passanti auricolari integrati contribuiscono a creare un'esperienza di utilizzo confortevole e sicura per l'uso quotidiano. Il pannello frontale pulito permette al vostro design di risaltare, sia che vogliate un semplice logo, un testo in grassetto, un motivo personalizzato o un concetto visivo completamente stampato. Questo lo rende un'ottima scelta per le aziende e i gruppi che desiderano combinare l'uso pratico con un forte marchio visivo.<\/p>\n<p data-start=\"2405\" data-end=\"2817\">Questa maschera facciale stampata su misura \u00e8 un'opzione utile per scuole, negozi al dettaglio, team aziendali, personale addetto all'ospitalit\u00e0, squadre di eventi, campagne no-profit, programmi di sensibilizzazione, sostenitori sportivi e progetti di merchandising di marca. Pu\u00f2 essere utilizzata come parte di un aspetto coordinato del personale, inclusa in pacchetti promozionali, distribuita durante eventi speciali o offerta come accessorio personalizzato per clienti e sostenitori.<\/p>\n<p data-start=\"2819\" data-end=\"3259\">Uno dei principali punti di forza di questo prodotto \u00e8 la forte flessibilit\u00e0 del design. Il pannello frontale pu\u00f2 essere personalizzato con il marchio dell'azienda, slogan, immagini di eventi, grafica creativa o temi promozionali, aiutando la vostra azienda a creare un articolo pi\u00f9 personalizzato e riconoscibile. Questo rende la maschera adatta non solo per la semplice promozione del logo, ma anche per il branding in stile fashion, le campagne di sensibilizzazione, gli eventi stagionali e i programmi di identit\u00e0 personalizzati.<\/p>\n<p data-start=\"3261\" data-end=\"3616\">Essendo indossabile e altamente visibile, questa maschera facciale offre una forte esposizione del marchio rispetto a molti piccoli articoli da regalo che sono facili da trascurare. Un design personalizzato indossato in scuole, uffici, negozi, eventi e spazi pubblici pu\u00f2 contribuire a rafforzare l'immagine del vostro marchio e a creare un aspetto pi\u00f9 unitario e professionale per squadre o gruppi promozionali.<\/p>\n<p data-start=\"3618\" data-end=\"4013\">Questo prodotto \u00e8 anche una scelta pratica per le organizzazioni che desiderano articoli di abbigliamento di marca senza rientrare completamente nelle categorie di abbigliamento standard. Funziona bene per le uniformi aziendali, il merchandising promozionale, gli articoli per lo spirito scolastico, l'equipaggiamento dei tifosi, i kit di supporto agli eventi e gli accessori personalizzati per la vendita al dettaglio. La forma semplice e l'ampia area stampabile lo rendono adattabile a molti settori e tipi di campagne.<\/p>\n<p data-start=\"4015\" data-end=\"4245\">Se siete alla ricerca di una maschera facciale promozionale personalizzata con possibilit\u00e0 di stampa a colori, un'area di design pulita e un forte valore di branding quotidiano, questa maschera facciale a 3 strati \u00e8 un'aggiunta eccellente al vostro sito web e alla vostra linea di prodotti.<\/p>\n<p data-start=\"4247\" data-end=\"4578\"><strong data-start=\"4247\" data-end=\"4263\">Caratteristiche principali<\/strong><br data-start=\"4263\" data-end=\"4266\" \/>Maschera facciale a 3 strati<br data-start=\"4290\" data-end=\"4293\" \/>Ampia area frontale per la stampa personalizzata a colori<br data-start=\"4339\" data-end=\"4342\" \/>Stampa di logo, testo o grafica personalizzati<br data-start=\"4380\" data-end=\"4383\" \/>Confortevole design del passante auricolare<br data-start=\"4410\" data-end=\"4413\" \/>Forma aderente per un abbigliamento quotidiano<br data-start=\"4443\" data-end=\"4446\" \/>Forte valore visivo del marchio<br data-start=\"4474\" data-end=\"4477\" \/>Adatto per squadre, eventi, personale e promozioni<br data-start=\"4526\" data-end=\"4529\" \/>Ideale per il merchandising personalizzato e i programmi di marca<\/p>\n<p data-start=\"4580\" data-end=\"4972\"><strong data-start=\"4580\" data-end=\"4607\">Perch\u00e9 scegliere questo prodotto<\/strong><br data-start=\"4607\" data-end=\"4610\" \/>Questa maschera facciale personalizzata \u00e8 una scelta promozionale forte perch\u00e9 offre un'area di branding ampia e ben visibile su un prodotto progettato per l'uso quotidiano. Rispetto agli articoli da regalo pi\u00f9 piccoli, offre al vostro logo o design personalizzato pi\u00f9 spazio per risaltare e rende pi\u00f9 facile creare un look coordinato per squadre, personale, eventi o campagne promozionali.<\/p>\n<p data-start=\"4974\" data-end=\"5221\"><strong data-start=\"4974\" data-end=\"4987\">Ideale per<\/strong><br data-start=\"4987\" data-end=\"4990\" \/>Programmi scolastici<br data-start=\"5005\" data-end=\"5008\" \/>Promozioni al dettaglio<br data-start=\"5025\" data-end=\"5028\" \/>Uniformi del personale aziendale<br data-start=\"5050\" data-end=\"5053\" \/>Team di ospitalit\u00e0<br data-start=\"5070\" data-end=\"5073\" \/>Personale addetto a fiere ed eventi<br data-start=\"5099\" data-end=\"5102\" \/>Campagne di sensibilizzazione<br data-start=\"5121\" data-end=\"5124\" \/>Attivit\u00e0 di sensibilizzazione per le organizzazioni non profit<br data-start=\"5142\" data-end=\"5145\" \/>Abbigliamento per tifosi dello sport<br data-start=\"5166\" data-end=\"5169\" \/>Programmi di merchandising con marchio<br data-start=\"5197\" data-end=\"5200\" \/>Pacchetti omaggio personalizzati<\/p>\n<p data-start=\"5223\" data-end=\"5230\"><strong data-start=\"5223\" data-end=\"5230\">FAQ<\/strong><\/p>\n<p data-start=\"5232\" data-end=\"5417\"><strong data-start=\"5232\" data-end=\"5302\">Questa maschera facciale pu\u00f2 essere personalizzata con un logo o un disegno a colori?<\/strong><br data-start=\"5302\" data-end=\"5305\" \/>S\u00ec, il pannello frontale pu\u00f2 essere personalizzato con loghi, testi, immagini, motivi o altri disegni stampati a colori.<\/p>\n<p data-start=\"5419\" data-end=\"5618\"><strong data-start=\"5419\" data-end=\"5467\">Cosa rende questo prodotto buono per le promozioni?<\/strong><br data-start=\"5467\" data-end=\"5470\" \/>Offre un'ampia area di stampa visibile su un pratico articolo da indossare, aiutando il vostro marchio a risaltare pi\u00f9 chiaramente rispetto a molti piccoli prodotti da regalo.<\/p>\n<p data-start=\"5620\" data-end=\"5817\"><strong data-start=\"5620\" data-end=\"5666\">Per chi \u00e8 adatta questa maschera facciale personalizzata?<\/strong><br data-start=\"5666\" data-end=\"5669\" \/>\u00c8 adatto per aziende, scuole, negozi al dettaglio, team di eventi, personale dell'ospitalit\u00e0, campagne di sensibilizzazione, club e progetti di merchandising di marca.<\/p>\n<p data-start=\"5819\" data-end=\"6006\"><strong data-start=\"5819\" data-end=\"5866\">Questo prodotto \u00e8 adatto all'uso da parte del personale o del team?<\/strong><br data-start=\"5866\" data-end=\"5869\" \/>S\u00ec, \u00e8 un'opzione utile per il personale aziendale, le troupe di eventi, i gruppi scolastici e altri team che desiderano un aspetto pi\u00f9 coerente del marchio.<\/p>\n<p data-start=\"6008\" data-end=\"6199\" data-is-last-node=\"\" data-is-only-node=\"\"><strong data-start=\"6008\" data-end=\"6061\">Che tipo di disegni si possono stampare su questa maschera?<\/strong><br data-start=\"6061\" data-end=\"6064\" \/>\u00c8 possibile stampare loghi aziendali, nomi di marchi, slogan, opere d'arte a colori, grafiche a tema, messaggi promozionali o design visivi personalizzati.<\/p>","protected":false},"excerpt":{"rendered":"<p>Questa maschera facciale personalizzata a 3 strati con stampa in quadricromia presenta un'ampia area frontale stampabile, comodi passanti per le orecchie e una forma pulita per l'uso promozionale quotidiano. Ideale per campagne pubblicitarie, eventi, uniformi del personale, scuole, programmi di vendita al dettaglio e omaggi, offre un modo pratico per mostrare il vostro logo personalizzato o la vostra opera d'arte.<\/p>","protected":false},"featured_media":46913,"template":"","meta":{"_gspb_post_css":""},"product_brand":[],"product_cat":[32],"product_tag":[],"class_list":{"0":"post-46912","1":"product","2":"type-product","3":"status-publish","4":"has-post-thumbnail","6":"product_cat-healthcare-ppe","8":"first","9":"instock","10":"shipping-taxable","11":"product-type-simple"},"_links":{"self":[{"href":"https:\/\/globalgiftsupplier.com\/it\/wp-json\/wp\/v2\/product\/46912","targetHints":{"allow":["GET"]}}],"collection":[{"href":"https:\/\/globalgiftsupplier.com\/it\/wp-json\/wp\/v2\/product"}],"about":[{"href":"https:\/\/globalgiftsupplier.com\/it\/wp-json\/wp\/v2\/types\/product"}],"wp:featuredmedia":[{"embeddable":true,"href":"https:\/\/globalgiftsupplier.com\/it\/wp-json\/wp\/v2\/media\/46913"}],"wp:attachment":[{"href":"https:\/\/globalgiftsupplier.com\/it\/wp-json\/wp\/v2\/media?parent=46912"}],"wp:term":[{"taxonomy":"product_brand","embeddable":true,"href":"https:\/\/globalgiftsupplier.com\/it\/wp-json\/wp\/v2\/product_brand?post=46912"},{"taxonomy":"product_cat","embeddable":true,"href":"https:\/\/globalgiftsupplier.com\/it\/wp-json\/wp\/v2\/product_cat?post=46912"},{"taxonomy":"product_tag","embeddable":true,"href":"https:\/\/globalgiftsupplier.com\/it\/wp-json\/wp\/v2\/product_tag?post=46912"}],"curies":[{"name":"wp","href":"https:\/\/api.w.org\/{rel}","templated":true}]}}