{"id":46908,"date":"2026-03-19T05:44:59","date_gmt":"2026-03-19T05:44:59","guid":{"rendered":"https:\/\/globalgiftsupplier.com\/?post_type=product&#038;p=46908"},"modified":"2026-03-19T05:44:59","modified_gmt":"2026-03-19T05:44:59","slug":"custom-advertising-banner-ballpoint-pen-with-pull-out-message-insert-and-logo-imprint","status":"publish","type":"product","link":"https:\/\/globalgiftsupplier.com\/it\/product\/custom-advertising-banner-ballpoint-pen-with-pull-out-message-insert-and-logo-imprint\/","title":{"rendered":"Penna a sfera con striscione pubblicitario personalizzato con inserto per messaggio estraibile e logo stampato"},"content":{"rendered":"<p data-start=\"1309\" data-end=\"1938\">Date al vostro marchio pi\u00f9 spazio per essere visto con questa penna a sfera con banner pubblicitario personalizzato, un pratico prodotto per la scrittura progettato con un inserto di messaggio estraibile integrato per una maggiore visualizzazione promozionale. A differenza delle normali penne che offrono solo una piccola area di stampa sul fusto, questa penna banner include una striscia interna rimovibile che pu\u00f2 essere utilizzata per visualizzare ulteriori marchi, informazioni di contatto, testi promozionali, dettagli della campagna, messaggi sui prodotti, programmi di eventi o altri contenuti personalizzati. \u00c8 un eccellente articolo promozionale per le aziende che desiderano una penna con un valore comunicativo pi\u00f9 forte.<\/p>\n<p data-start=\"1940\" data-end=\"2448\">Questa penna a sfera per striscioni \u00e8 una scelta intelligente per fiere, mostre, eventi di marketing, sensibilizzazione dei clienti, promozioni dirette, programmi di ospitalit\u00e0, campagne immobiliari, eventi comunitari, programmi educativi e molti altri usi pubblicitari. Poich\u00e9 combina una penna funzionale con un inserto stampabile pi\u00f9 grande, offre molto di pi\u00f9 del semplice inserimento del logo. Offre alla vostra azienda uno strumento promozionale compatto che le persone possono effettivamente utilizzare, oltre a contenere messaggi pi\u00f9 dettagliati rispetto a una normale penna da regalo.<\/p>\n<p data-start=\"2450\" data-end=\"2908\">L'inserto banner estraibile rende questo prodotto particolarmente efficace per le organizzazioni che desiderano condividere pi\u00f9 di un nome o di un logo. Pu\u00f2 essere utilizzato per i contatti, le informazioni sul sito web, le caratteristiche dei prodotti, i promemoria degli eventi, i numeri di telefono, le sedi dei negozi, i messaggi di servizio, le informazioni sulla sicurezza o le immagini promozionali. L'area di inserimento aggiuntiva conferisce alla penna un maggiore valore di marketing e la distingue da altri omaggi per la scrittura in occasione di eventi e fiere.<\/p>\n<p data-start=\"2910\" data-end=\"3370\">Oltre alle sue caratteristiche promozionali, questa penna \u00e8 comunque pensata per la scrittura quotidiana. Funziona come una pratica penna a sfera che gli utenti possono tenere sulla scrivania, in borsa, al bancone della reception o in un kit da regalo. Poich\u00e9 i destinatari sono pi\u00f9 propensi a conservare e riutilizzare una penna rispetto a molti altri articoli promozionali, questo prodotto contribuisce a creare un'esposizione duratura del marchio. Ogni volta che la penna viene utilizzata o il banner viene visualizzato, il vostro messaggio continua a funzionare.<\/p>\n<p data-start=\"3372\" data-end=\"3812\">Il fusto trasparente mette in evidenza l'inserto interno, rendendo facilmente percepibile la funzione pubblicitaria. La parte superiore a scatto e l'impugnatura testurizzata aggiungono praticit\u00e0 e comfort di scrittura, mentre i colori vivaci dell'impugnatura rendono la penna pi\u00f9 moderna e accattivante. Questa combinazione di funzionalit\u00e0 e valore espositivo rende la penna adatta ai marchi che desiderano un omaggio utile con una maggiore visibilit\u00e0 e una migliore ritenzione del messaggio.<\/p>\n<p data-start=\"3814\" data-end=\"4218\">Questa penna con banner personalizzato \u00e8 particolarmente utile per le campagne di marketing in cui lo spazio \u00e8 importante. Ad esempio, le aziende possono usarla per mostrare un logo sul fusto e utilizzare l'inserto estraibile per i dettagli aziendali, l'offerta di un prodotto, le informazioni su un evento o il branding di una campagna. \u00c8 quindi ideale per aziende, scuole, organizzazioni non profit, programmi sanitari, promozioni al dettaglio, campagne turistiche e materiale per eventi di marca.<\/p>\n<p data-start=\"4220\" data-end=\"4560\">Grazie alla sua leggerezza, trasportabilit\u00e0 e facilit\u00e0 di distribuzione, questa penna pubblicitaria si presta bene a essere inserita in pacchetti di benvenuto, borse per convegni, omaggi per fiere, desk di accoglienza, promozioni per direct mail e kit informativi. Si tratta di un prodotto promozionale conveniente che unisce l'utilit\u00e0 quotidiana e lo spazio per il messaggio in un unico oggetto compatto.<\/p>\n<p data-start=\"4562\" data-end=\"4880\">Se siete alla ricerca di una penna promozionale che offra un maggiore impatto di marketing rispetto a una penna stampata standard, questa penna a sfera con striscione pubblicitario personalizzato \u00e8 una scelta valida. Combina un pratico utilizzo per la scrittura con un inserto espositivo estraibile, che consente al vostro logo e al vostro messaggio di rimanere visibili in un formato semplice ma molto efficace.<\/p>\n<p data-start=\"4882\" data-end=\"5294\"><strong data-start=\"4882\" data-end=\"4898\">Caratteristiche principali<\/strong><br data-start=\"4898\" data-end=\"4901\" \/>Inserto banner estraibile per un'esposizione promozionale pi\u00f9 ampia<br data-start=\"4956\" data-end=\"4959\" \/>Fusto trasparente per mostrare la striscia di messaggi interna<br data-start=\"5003\" data-end=\"5006\" \/>Opzioni di stampa di messaggi e logo personalizzati<br data-start=\"5046\" data-end=\"5049\" \/>Scrittura a sfera scorrevole per l'uso quotidiano<br data-start=\"5090\" data-end=\"5093\" \/>Impugnatura confortevole e strutturata per una migliore maneggevolezza<br data-start=\"5138\" data-end=\"5141\" \/>Pratica combinazione di strumento di scrittura e spazio pubblicitario<br data-start=\"5200\" data-end=\"5203\" \/>Leggero e facile da distribuire<br data-start=\"5237\" data-end=\"5240\" \/>Ideale per eventi, promozioni, campagne e omaggi<\/p>\n<p data-start=\"5296\" data-end=\"5692\"><strong data-start=\"5296\" data-end=\"5331\">Perch\u00e9 scegliere questa penna promozionale<\/strong><br data-start=\"5331\" data-end=\"5334\" \/>Questa penna \u00e8 una scelta promozionale forte perch\u00e9 offre pi\u00f9 spazio per comunicare rispetto a una penna con logo standard. L'inserto estraibile per i messaggi consente di condividere ulteriori dettagli, pur offrendo un prodotto utile per la scrittura di tutti i giorni. Questo la rende particolarmente efficace per campagne, eventi e omaggi di marca in cui la visibilit\u00e0 e lo spazio per il messaggio sono entrambi importanti.<\/p>\n<p data-start=\"5694\" data-end=\"5962\"><strong data-start=\"5694\" data-end=\"5707\">Ideale per<\/strong><br data-start=\"5707\" data-end=\"5710\" \/>Omaggi per fiere<br data-start=\"5730\" data-end=\"5733\" \/>Mostre e marketing per eventi<br data-start=\"5764\" data-end=\"5767\" \/>Promozioni aziendali<br data-start=\"5787\" data-end=\"5790\" \/>Campagne di direct mail<br data-start=\"5811\" data-end=\"5814\" \/>Scrivanie per reception<br data-start=\"5829\" data-end=\"5832\" \/>Promozioni alberghiere e di viaggio<br data-start=\"5859\" data-end=\"5862\" \/>Pubblicit\u00e0 al dettaglio e nei negozi<br data-start=\"5890\" data-end=\"5893\" \/>Programmi scolastici<br data-start=\"5908\" data-end=\"5911\" \/>Eventi di sensibilizzazione della comunit\u00e0<br data-start=\"5936\" data-end=\"5939\" \/>Kit di benvenuto per la conferenza<\/p>\n<p data-start=\"5964\" data-end=\"5971\"><strong data-start=\"5964\" data-end=\"5971\">FAQ<\/strong><\/p>\n<p data-start=\"5973\" data-end=\"6215\"><strong data-start=\"5973\" data-end=\"6045\">Cosa rende questa penna per banner diversa da una normale penna promozionale?<\/strong><br data-start=\"6045\" data-end=\"6048\" \/>Questa penna include un inserto per messaggi estraibile all'interno del fusto, che offre molto pi\u00f9 spazio per il marchio, i dati di contatto, i messaggi promozionali o le informazioni sulla campagna.<\/p>\n<p data-start=\"6217\" data-end=\"6403\"><strong data-start=\"6217\" data-end=\"6260\">Questa penna pu\u00f2 essere personalizzata con un logo?<\/strong><br data-start=\"6260\" data-end=\"6263\" \/>S\u00ec, la penna pu\u00f2 essere personalizzata con il vostro logo e pu\u00f2 anche includere contenuti stampati sull'inserto estraibile per un ulteriore impatto promozionale.<\/p>\n<p data-start=\"6405\" data-end=\"6614\"><strong data-start=\"6405\" data-end=\"6450\">Cosa si pu\u00f2 stampare sull'inserto del banner?<\/strong><br data-start=\"6450\" data-end=\"6453\" \/>L'inserto pu\u00f2 essere utilizzato per i dati aziendali, le informazioni sul sito web, i numeri di contatto, i messaggi sui prodotti, le informazioni sugli eventi, le immagini promozionali o i contenuti delle campagne.<\/p>\n<p data-start=\"6616\" data-end=\"6820\"><strong data-start=\"6616\" data-end=\"6668\">Questa penna \u00e8 adatta per fiere ed eventi?<\/strong><br data-start=\"6668\" data-end=\"6671\" \/>S\u00ec, \u00e8 particolarmente adatto per fiere, mostre, eventi e promozioni, perch\u00e9 combina l'uso quotidiano con l'ampliamento dello spazio pubblicitario.<\/p>\n<p data-start=\"6822\" data-end=\"7037\" data-is-last-node=\"\" data-is-only-node=\"\"><strong data-start=\"6822\" data-end=\"6865\">Perch\u00e9 \u00e8 un buon prodotto promozionale?<\/strong><br data-start=\"6865\" data-end=\"6868\" \/>\u00c8 utile, facile da distribuire e offre pi\u00f9 spazio per il marchio e il messaggio rispetto a una penna standard, contribuendo a migliorare la visibilit\u00e0 e a rendere pi\u00f9 efficace il vostro marketing.<\/p>","protected":false},"excerpt":{"rendered":"<p>Questa penna a sfera con banner pubblicitario personalizzato \u00e8 dotata di un inserto con messaggio estraibile che offre spazio extra per contenuti promozionali, branding o dettagli di contatto. Ideale per fiere, eventi, campagne, uffici e omaggi, combina la funzione di scrittura quotidiana con un'area pubblicitaria pi\u00f9 ampia e accattivante rispetto a una penna promozionale standard.<\/p>","protected":false},"featured_media":46909,"template":"","meta":{"_gspb_post_css":""},"product_brand":[],"product_cat":[35],"product_tag":[],"class_list":{"0":"post-46908","1":"product","2":"type-product","3":"status-publish","4":"has-post-thumbnail","6":"product_cat-tradeshow-events","8":"first","9":"instock","10":"shipping-taxable","11":"product-type-simple"},"_links":{"self":[{"href":"https:\/\/globalgiftsupplier.com\/it\/wp-json\/wp\/v2\/product\/46908","targetHints":{"allow":["GET"]}}],"collection":[{"href":"https:\/\/globalgiftsupplier.com\/it\/wp-json\/wp\/v2\/product"}],"about":[{"href":"https:\/\/globalgiftsupplier.com\/it\/wp-json\/wp\/v2\/types\/product"}],"wp:featuredmedia":[{"embeddable":true,"href":"https:\/\/globalgiftsupplier.com\/it\/wp-json\/wp\/v2\/media\/46909"}],"wp:attachment":[{"href":"https:\/\/globalgiftsupplier.com\/it\/wp-json\/wp\/v2\/media?parent=46908"}],"wp:term":[{"taxonomy":"product_brand","embeddable":true,"href":"https:\/\/globalgiftsupplier.com\/it\/wp-json\/wp\/v2\/product_brand?post=46908"},{"taxonomy":"product_cat","embeddable":true,"href":"https:\/\/globalgiftsupplier.com\/it\/wp-json\/wp\/v2\/product_cat?post=46908"},{"taxonomy":"product_tag","embeddable":true,"href":"https:\/\/globalgiftsupplier.com\/it\/wp-json\/wp\/v2\/product_tag?post=46908"}],"curies":[{"name":"wp","href":"https:\/\/api.w.org\/{rel}","templated":true}]}}