{"id":46886,"date":"2026-03-19T03:23:34","date_gmt":"2026-03-19T03:23:34","guid":{"rendered":"https:\/\/globalgiftsupplier.com\/?post_type=product&#038;p=46886"},"modified":"2026-03-19T03:23:34","modified_gmt":"2026-03-19T03:23:34","slug":"custom-click-action-ballpoint-pens-with-rubber-grip-and-logo-imprint","status":"publish","type":"product","link":"https:\/\/globalgiftsupplier.com\/it\/product\/custom-click-action-ballpoint-pens-with-rubber-grip-and-logo-imprint\/","title":{"rendered":"Penne a sfera a scatto personalizzate con impugnatura in gomma e logo impresso"},"content":{"rendered":"<p data-start=\"1166\" data-end=\"1631\">Rendete il vostro marchio parte della scrittura quotidiana con queste penne a sfera a scatto personalizzate, progettate per combinare comfort, stile e valore promozionale in un pratico omaggio. Dotata di un elegante fusto cromato, di un moderno meccanismo a scatto e di una morbida impugnatura in gomma, questa penna \u00e8 una scelta affidabile per le aziende alla ricerca di un utile articolo promozionale che clienti, dipendenti, studenti e partecipanti agli eventi conserveranno e utilizzeranno.<\/p>\n<p data-start=\"1633\" data-end=\"2112\">Questa penna a sfera promozionale si distingue per la forma elegante e le opzioni di colore accattivanti. Il fusto lucido conferisce alla penna un aspetto pi\u00f9 raffinato rispetto alle normali penne da regalo, mentre la clip e l'impugnatura colorate aggiungono contrasto ed energia che aiutano il vostro marchio ad attirare l'attenzione. Utilizzata in ufficio, in uno stand fieristico, in un kit di benvenuto o nell'ambito di una promozione scolastica o ospedaliera, questa penna offre un look pulito e professionale, adatto a molti settori.<\/p>\n<p data-start=\"2114\" data-end=\"2607\">La comoda impugnatura in gomma contribuisce a creare una migliore esperienza di scrittura per l'uso quotidiano. Rende la penna pi\u00f9 facile da tenere in mano e pi\u00f9 confortevole durante le sessioni di scrittura pi\u00f9 lunghe, aggiungendo un reale valore pratico per gli utenti. Il design a scatto \u00e8 semplice e comodo e consente di iniziare a scrivere rapidamente senza dover rimuovere o perdere il cappuccio. Questo rende la penna particolarmente adatta agli ambienti pi\u00f9 affollati, come uffici, front desk, aule scolastiche, riunioni, conferenze e sportelli di assistenza clienti.<\/p>\n<p data-start=\"2609\" data-end=\"3128\">Uno dei maggiori punti di forza di questa penna promozionale personalizzata \u00e8 la sua versatilit\u00e0. Le penne sono uno dei prodotti promozionali pi\u00f9 utilizzati perch\u00e9 sono leggere, convenienti, facili da distribuire e utili in quasi tutti i contesti. Dalle fiere e dalle visite di vendita alle promozioni in ufficio e alle campagne scolastiche, una penna di marca continua a dare visibilit\u00e0 anche molto tempo dopo la consegna iniziale. Ogni volta che qualcuno firma un modulo, scrive una nota o condivide la penna con qualcun altro, il vostro logo continua a lavorare per il vostro marchio.<\/p>\n<p data-start=\"3130\" data-end=\"3502\">Questo modello \u00e8 realizzato in materiale ABS riciclabile, che lo rende una scelta pi\u00f9 pratica per le aziende che desiderano un prodotto promozionale di utilit\u00e0 quotidiana e una scelta di materiali pi\u00f9 ponderata. Se abbinata al vostro logo personalizzato sul corpo della penna, diventa un articolo di marca semplice ma efficace che favorisce un'esposizione a lungo termine in uffici, case, scuole e spazi pubblici.<\/p>\n<p data-start=\"3504\" data-end=\"3912\">Queste penne a sfera con logo personalizzato sono un'ottima scelta per gli omaggi delle fiere, le riunioni di vendita, i programmi di fornitura per ufficio, le campagne educative, le promozioni sanitarie, gli eventi bancari e finanziari, le reception degli hotel, il marketing immobiliare e i programmi di sensibilizzazione della comunit\u00e0. Sono ideali anche per le aziende che cercano una penna promozionale economica che offra comunque un aspetto elegante e un'impugnatura confortevole.<\/p>\n<p data-start=\"3914\" data-end=\"4153\">Se siete alla ricerca di una penna promozionale personalizzata in grado di bilanciare convenienza, funzionalit\u00e0 quotidiana e forte visibilit\u00e0 del logo, questa penna a sfera a scatto con impugnatura in gomma \u00e8 un'opzione eccellente per il vostro sito web e la vostra linea di prodotti promozionali.<\/p>\n<p data-start=\"4155\" data-end=\"4521\"><strong data-start=\"4155\" data-end=\"4171\">Caratteristiche principali<\/strong><br data-start=\"4171\" data-end=\"4174\" \/>Design retrattile a scatto<br data-start=\"4205\" data-end=\"4208\" \/>Comoda impugnatura in gomma per facilitare la scrittura<br data-start=\"4250\" data-end=\"4253\" \/>Fusto cromato per un look elegante e raffinato<br data-start=\"4302\" data-end=\"4305\" \/>Colori accesi per una maggiore attrattiva visiva<br data-start=\"4349\" data-end=\"4352\" \/>Area di stampa del logo personalizzato sul corpo della penna<br data-start=\"4388\" data-end=\"4391\" \/>Leggero e pratico per l'uso quotidiano<br data-start=\"4433\" data-end=\"4436\" \/>Realizzato in materiale ABS riciclabile<br data-start=\"4469\" data-end=\"4472\" \/>Ideale per omaggi, uffici, scuole ed eventi<\/p>\n<p data-start=\"4523\" data-end=\"4962\"><strong data-start=\"4523\" data-end=\"4558\">Perch\u00e9 scegliere questa penna promozionale<\/strong><br data-start=\"4558\" data-end=\"4561\" \/>Questa penna \u00e8 una scelta promozionale forte perch\u00e9 combina l'utilit\u00e0 quotidiana con uno spazio di branding pulito e un aspetto aggiornato. Rispetto alle penne da regalo standard a basso costo, il fusto cromato e l'impugnatura in gomma le conferiscono un aspetto pi\u00f9 raffinato e una sensazione pi\u00f9 confortevole in mano. Questo valore aggiunto pu\u00f2 contribuire a migliorare la percezione del vostro marchio da parte dei destinatari, pur mantenendo l'articolo pratico ed economico.<\/p>\n<p data-start=\"4964\" data-end=\"5221\"><strong data-start=\"4964\" data-end=\"4977\">Ideale per<\/strong><br data-start=\"4977\" data-end=\"4980\" \/>Omaggi per fiere<br data-start=\"5000\" data-end=\"5003\" \/>Promozioni d'ufficio<br data-start=\"5020\" data-end=\"5023\" \/>Eventi scolastici<br data-start=\"5036\" data-end=\"5039\" \/>Visite di vendita<br data-start=\"5051\" data-end=\"5054\" \/>Campagne ospedaliere e sanitarie<br data-start=\"5087\" data-end=\"5090\" \/>Programmi di marketing aziendale<br data-start=\"5118\" data-end=\"5121\" \/>Scrivanie per reception<br data-start=\"5136\" data-end=\"5139\" \/>Branding alberghiero e ospitalit\u00e0<br data-start=\"5169\" data-end=\"5172\" \/>Omaggi immobiliari<br data-start=\"5193\" data-end=\"5196\" \/>Eventi di sensibilizzazione della comunit\u00e0<\/p>\n<p data-start=\"5223\" data-end=\"5230\"><strong data-start=\"5223\" data-end=\"5230\">FAQ<\/strong><\/p>\n<p data-start=\"5232\" data-end=\"5459\"><strong data-start=\"5232\" data-end=\"5280\">Cosa rende questa penna un buon articolo promozionale?<\/strong><br data-start=\"5280\" data-end=\"5283\" \/>Questa penna \u00e8 pratica, conveniente, facile da distribuire e utile per la scrittura quotidiana. Poich\u00e9 le persone usano regolarmente le penne, il vostro logo rimane visibile per un periodo di tempo pi\u00f9 lungo.<\/p>\n<p data-start=\"5461\" data-end=\"5602\"><strong data-start=\"5461\" data-end=\"5504\">Questa penna pu\u00f2 essere personalizzata con un logo?<\/strong><br data-start=\"5504\" data-end=\"5507\" \/>S\u00ec, il corpo della penna pu\u00f2 essere personalizzato con il logo aziendale, il marchio o un messaggio promozionale.<\/p>\n<p data-start=\"5604\" data-end=\"5770\"><strong data-start=\"5604\" data-end=\"5655\">Questa penna \u00e8 adatta all'uso in ufficio e a scuola?<\/strong><br data-start=\"5655\" data-end=\"5658\" \/>S\u00ec, \u00e8 ideale per uffici, scuole, riunioni, conferenze, fiere e altri ambienti di scrittura quotidiana.<\/p>\n<p data-start=\"5772\" data-end=\"5952\"><strong data-start=\"5772\" data-end=\"5821\">Cosa c'\u00e8 di speciale nel design dell'impugnatura in gomma?<\/strong><br data-start=\"5821\" data-end=\"5824\" \/>L'impugnatura in gomma rende la penna pi\u00f9 comoda da tenere in mano e contribuisce a migliorare l'esperienza di scrittura durante l'uso ripetuto o prolungato.<\/p>\n<p data-start=\"5954\" data-end=\"6141\"><strong data-start=\"5954\" data-end=\"6003\">Quali settori possono utilizzare questa penna promozionale?<\/strong><br data-start=\"6003\" data-end=\"6006\" \/>Questa penna \u00e8 ideale per l'istruzione, la sanit\u00e0, la finanza, l'ospitalit\u00e0, il settore immobiliare, la vendita al dettaglio, le fiere e le promozioni commerciali in generale.<\/p>","protected":false},"excerpt":{"rendered":"<p>Queste penne a sfera a scatto personalizzate sono caratterizzate da un elegante fusto cromato, una comoda impugnatura in gomma e un design retrattile per la scrittura quotidiana. Ideali per uffici, scuole, fiere, visite commerciali e omaggi promozionali, offrono un modo pratico e conveniente per mantenere visibile il vostro logo.<\/p>","protected":false},"featured_media":46887,"template":"","meta":{"_gspb_post_css":""},"product_brand":[],"product_cat":[31],"product_tag":[],"class_list":{"0":"post-46886","1":"product","2":"type-product","3":"status-publish","4":"has-post-thumbnail","6":"product_cat-office","8":"first","9":"instock","10":"shipping-taxable","11":"product-type-simple"},"_links":{"self":[{"href":"https:\/\/globalgiftsupplier.com\/it\/wp-json\/wp\/v2\/product\/46886","targetHints":{"allow":["GET"]}}],"collection":[{"href":"https:\/\/globalgiftsupplier.com\/it\/wp-json\/wp\/v2\/product"}],"about":[{"href":"https:\/\/globalgiftsupplier.com\/it\/wp-json\/wp\/v2\/types\/product"}],"wp:featuredmedia":[{"embeddable":true,"href":"https:\/\/globalgiftsupplier.com\/it\/wp-json\/wp\/v2\/media\/46887"}],"wp:attachment":[{"href":"https:\/\/globalgiftsupplier.com\/it\/wp-json\/wp\/v2\/media?parent=46886"}],"wp:term":[{"taxonomy":"product_brand","embeddable":true,"href":"https:\/\/globalgiftsupplier.com\/it\/wp-json\/wp\/v2\/product_brand?post=46886"},{"taxonomy":"product_cat","embeddable":true,"href":"https:\/\/globalgiftsupplier.com\/it\/wp-json\/wp\/v2\/product_cat?post=46886"},{"taxonomy":"product_tag","embeddable":true,"href":"https:\/\/globalgiftsupplier.com\/it\/wp-json\/wp\/v2\/product_tag?post=46886"}],"curies":[{"name":"wp","href":"https:\/\/api.w.org\/{rel}","templated":true}]}}