{"id":46876,"date":"2026-03-19T03:04:09","date_gmt":"2026-03-19T03:04:09","guid":{"rendered":"https:\/\/globalgiftsupplier.com\/?post_type=product&#038;p=46876"},"modified":"2026-03-19T03:04:09","modified_gmt":"2026-03-19T03:04:09","slug":"custom-promotional-ballpoint-pens-with-colored-grip-and-logo-imprint","status":"publish","type":"product","link":"https:\/\/globalgiftsupplier.com\/it\/product\/custom-promotional-ballpoint-pens-with-colored-grip-and-logo-imprint\/","title":{"rendered":"Penne a sfera promozionali personalizzate con impugnatura colorata e impronta del logo"},"content":{"rendered":"<p data-start=\"1253\" data-end=\"1672\">Rendete il vostro marchio parte della vita quotidiana con queste penne a sfera promozionali personalizzate, progettate per offrire funzionalit\u00e0 e visibilit\u00e0 in un unico prodotto di marketing. Caratterizzate da un fusto moderno e pulito, da un design retrattile a scatto e da un'impugnatura a coste dall'aspetto morbido, queste penne sono una scelta pratica per le aziende alla ricerca di omaggi promozionali convenienti che vengano effettivamente utilizzati.<\/p>\n<p data-start=\"1674\" data-end=\"2111\">Queste penne promozionali sono ideali per le attivit\u00e0 di scrittura quotidiane in uffici, scuole, banchi di ricevimento, fiere, conferenze, banche, cliniche, hotel e sportelli di assistenza clienti. Poich\u00e9 le penne sono uno degli articoli promozionali pi\u00f9 utilizzati e pi\u00f9 frequentemente conservati, continuano ad offrire una forte esposizione del marchio anche dopo la fine di un evento. Ogni volta che un cliente firma un modulo, scrive un appunto o ne tiene una in borsa, il vostro logo rimane visibile.<\/p>\n<p data-start=\"2113\" data-end=\"2494\">La penna presenta un fusto bianco con accenti di colore vivaci che conferiscono un aspetto fresco ed energico. La clip colorata e l'impugnatura coordinata creano un look pulito e bicolore che aiuta il prodotto a distinguersi dalle normali penne da regalo. Questa elegante combinazione la rende adatta a diverse esigenze di branding, dalle promozioni aziendali agli eventi scolastici e alle campagne di sensibilizzazione della comunit\u00e0.<\/p>\n<p data-start=\"2496\" data-end=\"2861\">La comoda impugnatura contribuisce a migliorare l'esperienza di scrittura, rendendo la penna pi\u00f9 facile da tenere in mano durante l'uso prolungato. Il design retrattile aggiunge praticit\u00e0, consentendo agli utenti di fare clic e scrivere rapidamente senza preoccuparsi di perdere il cappuccio. Questo rende la penna particolarmente utile nei luoghi di lavoro, nelle scrivanie, nelle aule e negli eventi in cui la praticit\u00e0 \u00e8 importante.<\/p>\n<p data-start=\"2863\" data-end=\"3241\">Uno dei maggiori vantaggi di questa penna a sfera personalizzata \u00e8 il suo ampio appeal. \u00c8 adatta a quasi tutti i settori e a tutti i tipi di pubblico, il che la rende uno dei prodotti promozionali pi\u00f9 versatili disponibili. Sia che ci si rivolga a studenti, impiegati, partecipanti a eventi, pazienti, clienti o dipendenti, una penna a sfera di marca rimane una scelta affidabile e conveniente.<\/p>\n<p data-start=\"3243\" data-end=\"3588\">Il vostro logo pu\u00f2 essere stampato sul fusto, trasformando questo strumento di scrittura quotidiano in una risorsa di branding portatile. Poich\u00e9 le penne vengono condivise, prese in prestito, portate e riutilizzate, creano naturalmente impressioni ripetute in uffici, case, scuole e spazi pubblici. Questa esposizione ripetuta aiuta a rafforzare la consapevolezza del marchio e a mantenere la vostra azienda al centro dell'attenzione.<\/p>\n<p data-start=\"3590\" data-end=\"3944\">Queste penne promozionali personalizzate sono una scelta eccellente per gli omaggi delle fiere, le promozioni aziendali, i kit di benvenuto, i programmi di fornitura per ufficio, le campagne scolastiche, le iniziative no-profit, il marketing sanitario, gli eventi immobiliari e i banchi di vendita al dettaglio. Sono anche un'opzione intelligente per le aziende che cercano omaggi personalizzati economici con un valore pratico a lungo termine.<\/p>\n<p data-start=\"3946\" data-end=\"4321\">Disponibili in una variet\u00e0 di colori vivaci, queste penne retrattili apportano energia e personalit\u00e0 alla vostra campagna promozionale, pur mantenendo un aspetto professionale. Se siete alla ricerca di un classico omaggio di marca che combini utilit\u00e0, convenienza e visibilit\u00e0 quotidiana, queste penne a sfera con logo personalizzato sono un'eccellente aggiunta alla vostra linea di prodotti promozionali.<\/p>\n<p data-start=\"4323\" data-end=\"4700\"><strong data-start=\"4323\" data-end=\"4339\">Caratteristiche principali<\/strong><br data-start=\"4339\" data-end=\"4342\" \/>Design retrattile a scatto<br data-start=\"4373\" data-end=\"4376\" \/>Comoda impugnatura a coste per la scrittura quotidiana<br data-start=\"4420\" data-end=\"4423\" \/>Fusto bianco con colori accesi<br data-start=\"4461\" data-end=\"4464\" \/>Area di stampa del logo personalizzato sul fusto<br data-start=\"4498\" data-end=\"4501\" \/>Leggero e facile da trasportare<br data-start=\"4530\" data-end=\"4533\" \/>Ideale per uffici, scuole, eventi e fiere<br data-start=\"4584\" data-end=\"4587\" \/>Articolo promozionale pratico e di grande appeal<br data-start=\"4631\" data-end=\"4634\" \/>Adatto per campagne aziendali, educative, sanitarie e di vendita al dettaglio<\/p>\n<p data-start=\"4702\" data-end=\"5115\"><strong data-start=\"4702\" data-end=\"4737\">Perch\u00e9 scegliere questa penna promozionale<\/strong><br data-start=\"4737\" data-end=\"4740\" \/>Questa penna promozionale personalizzata offre il perfetto equilibrio tra costo, funzionalit\u00e0 e valore del marchio. \u00c8 un prodotto semplice e quotidiano che i clienti, i dipendenti e i partecipanti agli eventi probabilmente conserveranno e utilizzeranno. Rispetto a molti articoli da regalare una tantum, le penne garantiscono un'esposizione quotidiana e ripetuta, rendendole uno dei prodotti di marca pi\u00f9 efficaci e affidabili per il marketing a lungo termine.<\/p>\n<p data-start=\"5117\" data-end=\"5381\"><strong data-start=\"5117\" data-end=\"5130\">Ideale per<\/strong><br data-start=\"5130\" data-end=\"5133\" \/>Omaggi per fiere<br data-start=\"5153\" data-end=\"5156\" \/>Promozioni d'ufficio<br data-start=\"5173\" data-end=\"5176\" \/>Eventi scolastici<br data-start=\"5189\" data-end=\"5192\" \/>Campagne di marketing aziendale<br data-start=\"5221\" data-end=\"5224\" \/>Scrivanie per reception<br data-start=\"5239\" data-end=\"5242\" \/>Promozioni sanitarie<br data-start=\"5263\" data-end=\"5266\" \/>Promozioni bancarie e finanziarie<br data-start=\"5296\" data-end=\"5299\" \/>Omaggi immobiliari<br data-start=\"5320\" data-end=\"5323\" \/>Branding alberghiero e ospitalit\u00e0<br data-start=\"5353\" data-end=\"5356\" \/>Eventi di sensibilizzazione della comunit\u00e0<\/p>\n<p data-start=\"5383\" data-end=\"5390\"><strong data-start=\"5383\" data-end=\"5390\">FAQ<\/strong><\/p>\n<p data-start=\"5392\" data-end=\"5586\"><strong data-start=\"5392\" data-end=\"5443\">Cosa rende questa penna un buon prodotto promozionale?<\/strong><br data-start=\"5443\" data-end=\"5446\" \/>Questa penna \u00e8 utile, conveniente e facile da distribuire. Poich\u00e9 le persone usano le penne ogni giorno, il vostro logo avr\u00e0 una visibilit\u00e0 ripetuta nel tempo.<\/p>\n<p data-start=\"5588\" data-end=\"5727\"><strong data-start=\"5588\" data-end=\"5631\">Questa penna pu\u00f2 essere personalizzata con un logo?<\/strong><br data-start=\"5631\" data-end=\"5634\" \/>S\u00ec, il barile pu\u00f2 essere personalizzato con il logo della vostra azienda, il nome del vostro marchio o un messaggio promozionale.<\/p>\n<p data-start=\"5729\" data-end=\"5901\"><strong data-start=\"5729\" data-end=\"5774\">Dove possono essere utilizzate queste penne promozionali?<\/strong><br data-start=\"5774\" data-end=\"5777\" \/>Sono ideali per fiere, scuole, uffici, strutture sanitarie, hotel, banche, banchi di vendita al dettaglio ed eventi comunitari.<\/p>\n<p data-start=\"5903\" data-end=\"6110\"><strong data-start=\"5903\" data-end=\"5959\">Perch\u00e9 le penne a sfera personalizzate sono molto apprezzate come omaggio?<\/strong><br data-start=\"5959\" data-end=\"5962\" \/>Le penne a sfera personalizzate sono popolari perch\u00e9 sono pratiche, economiche, leggere, facili da distribuire e adatte a quasi tutti i settori.<\/p>\n<p data-start=\"6112\" data-end=\"6294\"><strong data-start=\"6112\" data-end=\"6172\">Queste penne sono adatte a grandi campagne promozionali?<\/strong><br data-start=\"6172\" data-end=\"6175\" \/>S\u00ec, sono una scelta eccellente per i grandi eventi e gli omaggi di massa, perch\u00e9 sono molto utili e facili da brandizzare.<\/p>","protected":false},"excerpt":{"rendered":"<p>Penne a sfera promozionali personalizzate con design retrattile, impugnatura colorata e logo personalizzato. Un omaggio pratico e conveniente per fiere, uffici, scuole, eventi e per l'esposizione quotidiana del marchio.<\/p>","protected":false},"featured_media":46877,"template":"","meta":{"_gspb_post_css":""},"product_brand":[],"product_cat":[31],"product_tag":[],"class_list":{"0":"post-46876","1":"product","2":"type-product","3":"status-publish","4":"has-post-thumbnail","6":"product_cat-office","8":"first","9":"instock","10":"shipping-taxable","11":"product-type-simple"},"_links":{"self":[{"href":"https:\/\/globalgiftsupplier.com\/it\/wp-json\/wp\/v2\/product\/46876","targetHints":{"allow":["GET"]}}],"collection":[{"href":"https:\/\/globalgiftsupplier.com\/it\/wp-json\/wp\/v2\/product"}],"about":[{"href":"https:\/\/globalgiftsupplier.com\/it\/wp-json\/wp\/v2\/types\/product"}],"wp:featuredmedia":[{"embeddable":true,"href":"https:\/\/globalgiftsupplier.com\/it\/wp-json\/wp\/v2\/media\/46877"}],"wp:attachment":[{"href":"https:\/\/globalgiftsupplier.com\/it\/wp-json\/wp\/v2\/media?parent=46876"}],"wp:term":[{"taxonomy":"product_brand","embeddable":true,"href":"https:\/\/globalgiftsupplier.com\/it\/wp-json\/wp\/v2\/product_brand?post=46876"},{"taxonomy":"product_cat","embeddable":true,"href":"https:\/\/globalgiftsupplier.com\/it\/wp-json\/wp\/v2\/product_cat?post=46876"},{"taxonomy":"product_tag","embeddable":true,"href":"https:\/\/globalgiftsupplier.com\/it\/wp-json\/wp\/v2\/product_tag?post=46876"}],"curies":[{"name":"wp","href":"https:\/\/api.w.org\/{rel}","templated":true}]}}