{"id":46868,"date":"2026-03-19T02:52:23","date_gmt":"2026-03-19T02:52:23","guid":{"rendered":"https:\/\/globalgiftsupplier.com\/?post_type=product&#038;p=46868"},"modified":"2026-03-19T02:52:23","modified_gmt":"2026-03-19T02:52:23","slug":"custom-wireless-bluetooth-v5-0-music-sports-headband-with-built-in-headphones-microphone","status":"publish","type":"product","link":"https:\/\/globalgiftsupplier.com\/it\/product\/custom-wireless-bluetooth-v5-0-music-sports-headband-with-built-in-headphones-microphone\/","title":{"rendered":"Fascia sportiva musicale Bluetooth V5.0 wireless personalizzata con cuffie e microfono integrati"},"content":{"rendered":"<p data-start=\"3113\" data-end=\"3540\">Realizzata in morbido materiale acrilico, questa fascia sportiva Bluetooth offre una vestibilit\u00e0 confortevole per l'uso quotidiano. Aiuta a tenere la testa al caldo nei periodi pi\u00f9 freddi, mantiene i capelli al loro posto e offre un look semplice e pulito che va bene sia per gli uomini che per le donne. Sia che la si utilizzi per fare jogging, camminare, andare in palestra, viaggiare, fare yoga o attivit\u00e0 all'aperto, questa fascia \u00e8 stata progettata per offrire comfort e praticit\u00e0 durante tutta la giornata.<\/p>\n<p data-start=\"3542\" data-end=\"3951\">Grazie alla tecnologia Bluetooth V5.0 integrata, gli utenti possono collegare l'archetto in modalit\u00e0 wireless a smartphone, tablet e altri dispositivi Bluetooth compatibili. Si tratta di un'ottima alternativa alle cuffie tradizionali per chi desidera una soluzione audio pi\u00f9 leggera e indossabile. Il pannello di controllo integrato consente agli utenti di regolare il volume, gestire la riproduzione musicale e rispondere alle chiamate in tutta semplicit\u00e0 mentre sono in movimento.<\/p>\n<p data-start=\"3953\" data-end=\"4385\">Questa fascia musicale Bluetooth personalizzata \u00e8 alimentata da una batteria ricaricabile da 200 mAh, che offre un comodo utilizzo quotidiano senza bisogno di batterie usa e getta. Il design ricaricabile aggiunge valore pratico e rende il prodotto pi\u00f9 interessante come articolo promozionale a lungo termine. Inoltre, i componenti interni delle cuffie possono essere rimossi quando necessario, consentendo di pulire pi\u00f9 facilmente l'archetto e contribuendo a prolungare l'utilizzabilit\u00e0 del prodotto nel tempo.<\/p>\n<p data-start=\"4387\" data-end=\"4780\">Come regalo promozionale, questa fascia Bluetooth wireless offre una forte combinazione di funzionalit\u00e0 e valore percepito. A differenza degli articoli da regalo di base che spesso vengono dimenticati, questo \u00e8 un prodotto che le persone possono effettivamente utilizzare durante gli allenamenti, i viaggi, i tragitti e la routine quotidiana. Poich\u00e9 viene indossato pubblicamente e utilizzato ripetutamente, crea un'esposizione continua al marchio e migliora il ricordo del logo aziendale.<\/p>\n<p data-start=\"4782\" data-end=\"5139\">Questo articolo \u00e8 particolarmente indicato per centri fitness, marchi sportivi, campagne benessere, promozioni invernali, omaggi per le festivit\u00e0, regali di apprezzamento per i dipendenti, programmi di merchandising scolastico, rivenditori di lifestyle ed eventi aziendali. \u00c8 anche un'ottima opzione per le aziende che desiderano <strong data-start=\"5066\" data-end=\"5096\">regali tecnologici indossabili personalizzati<\/strong> che si sentono moderni, utili e distintivi.<\/p>\n<p data-start=\"5141\" data-end=\"5421\">Disponibile nei classici colori neutri, tra cui il nero, il grigio scuro e il grigio chiaro, questa fascia Bluetooth lavorata a maglia ha un ampio appeal su diversi mercati e stili di branding. Il design semplice e funzionale la rende adatta sia alla distribuzione promozionale che ai programmi di vendita al dettaglio.<\/p>\n<p data-start=\"5423\" data-end=\"5723\">Se siete alla ricerca di un <strong data-start=\"5448\" data-end=\"5489\">fascia Bluetooth promozionale personalizzata<\/strong> che unisce musica, comfort, praticit\u00e0 e visibilit\u00e0 del logo, questo prodotto \u00e8 una scelta eccellente. \u00c8 un regalo pratico che supporta uno stile di vita attivo e aiuta il vostro marchio a distinguersi in un mercato promozionale competitivo.<\/p>\n<p data-start=\"5725\" data-end=\"6201\"><strong data-start=\"5725\" data-end=\"5741\">Caratteristiche principali<\/strong><br \/>\nMateriale morbido in maglia acrilica<br data-start=\"5768\" data-end=\"5771\" \/>Connessione wireless Bluetooth V5.0<br data-start=\"5805\" data-end=\"5808\" \/>Cuffie integrate per l'ascolto della musica<br data-start=\"5847\" data-end=\"5850\" \/>Microfono incorporato per chiamate in vivavoce<br data-start=\"5892\" data-end=\"5895\" \/>Batteria ricaricabile da 200 mAh<br data-start=\"5922\" data-end=\"5925\" \/>Pannello di controllo frontale di facile utilizzo<br data-start=\"5958\" data-end=\"5961\" \/>Componenti interni dei diffusori rimovibili per facilitare la pulizia<br data-start=\"6018\" data-end=\"6021\" \/>Comodo per lo sport, i viaggi, il pendolarismo e l'uso quotidiano<br data-start=\"6081\" data-end=\"6084\" \/>Ideale per il branding personalizzato e gli omaggi promozionali<br data-start=\"6135\" data-end=\"6138\" \/>Adatto per campagne di fitness, benessere, inverno e stile di vita<\/p>\n<p data-start=\"6203\" data-end=\"6572\"><strong data-start=\"6203\" data-end=\"6229\">Specifiche del prodotto<\/strong><br \/>\nNome del prodotto: Fascia sportiva senza fili Bluetooth V5.0 Music<br data-start=\"6289\" data-end=\"6292\" \/>Materiale: Acrilico<br data-start=\"6309\" data-end=\"6312\" \/>Colori: Nero, grigio scuro, grigio chiaro<br data-start=\"6348\" data-end=\"6351\" \/>Dimensioni: 8,66\u2033 L x 2,56\u2033 A x 0,79\u2033 P<br data-start=\"6384\" data-end=\"6387\" \/>Capacit\u00e0 della batteria: 200 mAh<br data-start=\"6411\" data-end=\"6414\" \/>Funzione: Riproduzione musicale wireless e chiamate in vivavoce<br data-start=\"6470\" data-end=\"6473\" \/>Opzione logo: Logo personalizzato disponibile<br data-start=\"6507\" data-end=\"6510\" \/>Metodo di stampa: Ricamo<br data-start=\"6536\" data-end=\"6539\" \/>Area di stampa: 1 colore, 1 posizione<\/p>\n<p data-start=\"6574\" data-end=\"6795\"><strong data-start=\"6574\" data-end=\"6587\">Ideale per<\/strong><br \/>\nPromozioni fitness<br data-start=\"6606\" data-end=\"6609\" \/>Campagne sportive e outdoor<br data-start=\"6637\" data-end=\"6640\" \/>Regali ai dipendenti<br data-start=\"6654\" data-end=\"6657\" \/>Regali per le vacanze<br data-start=\"6674\" data-end=\"6677\" \/>Promozioni invernali<br data-start=\"6694\" data-end=\"6697\" \/>Negozi scolastici e merchandising di squadra<br data-start=\"6731\" data-end=\"6734\" \/>Programmi di benessere aziendale<br data-start=\"6761\" data-end=\"6764\" \/>Set regalo per la vendita al dettaglio e l'e-commerce<\/p>\n<p data-start=\"6797\" data-end=\"6804\"><strong data-start=\"6797\" data-end=\"6804\">FAQ<\/strong><\/p>\n<p data-start=\"6806\" data-end=\"7044\"><strong data-start=\"6806\" data-end=\"6851\">A cosa serve questa fascia Bluetooth?<\/strong><br data-start=\"6851\" data-end=\"6854\" \/>Questa fascia sportiva Bluetooth \u00e8 progettata per ascoltare la musica e rispondere alle chiamate in vivavoce, mantenendo il comfort di chi la indossa durante gli allenamenti, i viaggi, il pendolarismo e le attivit\u00e0 all'aperto.<\/p>\n<p data-start=\"7046\" data-end=\"7257\"><strong data-start=\"7046\" data-end=\"7094\">Questa fascia pu\u00f2 essere personalizzata con un logo?<\/strong><br data-start=\"7094\" data-end=\"7097\" \/>S\u00ec, questa fascia per capelli pu\u00f2 essere personalizzata con il logo dell'azienda, diventando cos\u00ec un eccellente regalo promozionale per eventi di branding, omaggi aziendali e programmi di vendita al dettaglio.<\/p>\n<p data-start=\"7259\" data-end=\"7410\"><strong data-start=\"7259\" data-end=\"7312\">Questa fascia Bluetooth \u00e8 adatta agli allenamenti?<\/strong><br data-start=\"7312\" data-end=\"7315\" \/>S\u00ec, \u00e8 adatto per allenamenti leggeri, passeggiate, jogging, yoga, uso in palestra e abbigliamento attivo quotidiano.<\/p>\n<p data-start=\"7412\" data-end=\"7535\"><strong data-start=\"7412\" data-end=\"7444\">L'archetto pu\u00f2 essere pulito?<\/strong><br data-start=\"7444\" data-end=\"7447\" \/>S\u00ec, i componenti interni delle cuffie possono essere rimossi, il che facilita la pulizia.<\/p>\n<p data-start=\"7537\" data-end=\"7718\"><strong data-start=\"7537\" data-end=\"7570\">Per chi \u00e8 pi\u00f9 indicato questo prodotto?<\/strong><br data-start=\"7570\" data-end=\"7573\" \/>Questo articolo \u00e8 ideale per marchi di fitness, campagne di benessere, promozioni sportive, omaggi invernali, regali per i dipendenti e programmi di marketing lifestyle.<\/p>","protected":false},"excerpt":{"rendered":"<p>Aggiornate il vostro assortimento di prodotti promozionali con questo pratico ed elegante <strong data-start=\"2761\" data-end=\"2810\">Fascia sportiva senza fili Bluetooth V5.0 per la musica<\/strong>, un regalo indossabile intelligente che combina calore, comfort e audio wireless in un unico articolo. Progettata per le persone con uno stile di vita attivo, questa fascia per capelli \u00e8 dotata di cuffie e microfono integrati, che consentono di ascoltare la musica e rispondere alle chiamate in vivavoce senza bisogno di auricolari separati o cuffie ingombranti.<\/p>","protected":false},"featured_media":46869,"template":"","meta":{"_gspb_post_css":""},"product_brand":[],"product_cat":[29,27],"product_tag":[],"class_list":{"0":"post-46868","1":"product","2":"type-product","3":"status-publish","4":"has-post-thumbnail","6":"product_cat-apparel","7":"product_cat-technology","9":"first","10":"instock","11":"shipping-taxable","12":"product-type-simple"},"_links":{"self":[{"href":"https:\/\/globalgiftsupplier.com\/it\/wp-json\/wp\/v2\/product\/46868","targetHints":{"allow":["GET"]}}],"collection":[{"href":"https:\/\/globalgiftsupplier.com\/it\/wp-json\/wp\/v2\/product"}],"about":[{"href":"https:\/\/globalgiftsupplier.com\/it\/wp-json\/wp\/v2\/types\/product"}],"wp:featuredmedia":[{"embeddable":true,"href":"https:\/\/globalgiftsupplier.com\/it\/wp-json\/wp\/v2\/media\/46869"}],"wp:attachment":[{"href":"https:\/\/globalgiftsupplier.com\/it\/wp-json\/wp\/v2\/media?parent=46868"}],"wp:term":[{"taxonomy":"product_brand","embeddable":true,"href":"https:\/\/globalgiftsupplier.com\/it\/wp-json\/wp\/v2\/product_brand?post=46868"},{"taxonomy":"product_cat","embeddable":true,"href":"https:\/\/globalgiftsupplier.com\/it\/wp-json\/wp\/v2\/product_cat?post=46868"},{"taxonomy":"product_tag","embeddable":true,"href":"https:\/\/globalgiftsupplier.com\/it\/wp-json\/wp\/v2\/product_tag?post=46868"}],"curies":[{"name":"wp","href":"https:\/\/api.w.org\/{rel}","templated":true}]}}