{"id":46858,"date":"2026-03-19T02:47:02","date_gmt":"2026-03-19T02:47:02","guid":{"rendered":"https:\/\/globalgiftsupplier.com\/?post_type=product&#038;p=46858"},"modified":"2026-03-19T02:47:03","modified_gmt":"2026-03-19T02:47:03","slug":"bluetooth-baseball-cap-with-headphones-mic-bluetooth-5-0-music-cap-custom-logo-available","status":"publish","type":"product","link":"https:\/\/globalgiftsupplier.com\/it\/product\/bluetooth-baseball-cap-with-headphones-mic-bluetooth-5-0-music-cap-custom-logo-available\/","title":{"rendered":"Berretto da baseball Bluetooth con cuffie e microfono (berretto musicale Bluetooth 5.0) - Logo personalizzato disponibile"},"content":{"rendered":"<p data-start=\"752\" data-end=\"1318\">Connessione Bluetooth 5.0 per un accoppiamento rapido e prestazioni wireless stabili<br data-start=\"848\" data-end=\"851\" \/>- Le cuffie integrate offrono un suono stereo per musica, podcast e chiamate<br data-start=\"924\" data-end=\"927\" \/>- Il microfono incorporato supporta le chiamate a mani libere in movimento<br data-start=\"986\" data-end=\"989\" \/>- Portata wireless fino a 10 m (33 piedi) in aree aperte<br data-start=\"1038\" data-end=\"1041\" \/>- Classico cappellino da baseball a 6 pannelli con \u201clingua d'anatra\u201d da indossare tutti i giorni<br data-start=\"1109\" data-end=\"1112\" \/>- Confortevole tessuto di cotone per un utilizzo traspirante per tutto il giorno<br data-start=\"1167\" data-end=\"1170\" \/>- Ricamo del logo personalizzato supportato per campagne di branding e promozionali<br data-start=\"1243\" data-end=\"1246\" \/>- Sono disponibili pi\u00f9 opzioni di colore per diversi stili di marchio ed eventi<\/p>\n<p data-start=\"1320\" data-end=\"1797\">Perch\u00e9 questo tappo musicale Bluetooth funziona per le promozioni<br data-start=\"1369\" data-end=\"1372\" \/>La maggior parte degli articoli promozionali viene usata una volta e dimenticata. Un cappellino da baseball Bluetooth \u00e8 diverso: diventa parte della routine quotidiana di una persona. Le persone indossano il berretto quando camminano, fanno il pendolare, viaggiano, fanno esercizio fisico, lavorano all'aperto o partecipano a eventi. L'aggiunta dell'audio Bluetooth lo rende ancora pi\u00f9 utile, cos\u00ec il berretto viene tenuto pi\u00f9 a lungo e indossato pi\u00f9 spesso. Per questo motivo, questo prodotto si presta bene come omaggio aziendale, come prodotto aggiuntivo per la vendita al dettaglio o come articolo per eventi stagionali.<\/p>\n<p data-start=\"1799\" data-end=\"2203\">Scenari d'uso (ottimi per gli utenti finali)<br data-start=\"1834\" data-end=\"1837\" \/>Questa cuffia Bluetooth wireless si adatta a un'ampia gamma di scenari reali:<br data-start=\"1907\" data-end=\"1910\" \/>- Eventi all'aperto e attivazioni del marchio<br data-start=\"1948\" data-end=\"1951\" \/>- Omaggi per fiere e conferenze<br data-start=\"1989\" data-end=\"1992\" \/>- Regali per i dipendenti per le squadre e i lavoratori all'aperto<br data-start=\"2044\" data-end=\"2047\" \/>- Promozioni di viaggio e campagne per le vacanze<br data-start=\"2088\" data-end=\"2091\" \/>- Camminate, jogging, allenamenti leggeri e tempo libero all'aperto<br data-start=\"2146\" data-end=\"2149\" \/>- Pendolarismo quotidiano, vita del campus e attivit\u00e0 del fine settimana<\/p>\n<p data-start=\"2205\" data-end=\"2636\">Opzioni di personalizzazione del marchio<br data-start=\"2228\" data-end=\"2231\" \/>Il logo personalizzato \u00e8 disponibile per aiutarvi a creare un cappellino di marca dall'aspetto premium e professionale. Il ricamo \u00e8 consigliato per una finitura pulita e duratura che si adatta allo stile dei cappellini da baseball.<br data-start=\"2428\" data-end=\"2431\" \/>Collocazione suggerita del logo: pannello anteriore (migliore visibilit\u00e0 nelle foto e nell'uso quotidiano).<br data-start=\"2512\" data-end=\"2515\" \/>Se state creando un set promozionale completo, questo cappellino si abbina bene anche a power bank, drinkware e accessori da viaggio.<\/p>\n<p data-start=\"2638\" data-end=\"2976\">Specifiche tecniche<br data-start=\"2652\" data-end=\"2655\" \/>- Materiale: Cotone<br data-start=\"2673\" data-end=\"2676\" \/>- Costruzione del berretto: Cappello da baseball a 6 pannelli<br data-start=\"2716\" data-end=\"2719\" \/>- Dimensioni del prodotto: 5,91\u2033 \u00d7 2,17\u2033 \u00d7 7,87\u2033<br data-start=\"2756\" data-end=\"2759\" \/>- Colori disponibili: Nero, bianco, blu, grigio, marrone, rosso, rosa, kaki<br data-start=\"2828\" data-end=\"2831\" \/>- Portata wireless: fino a 10 m (33 piedi) in aree aperte<br data-start=\"2881\" data-end=\"2884\" \/>- Compatibilit\u00e0: funziona con la maggior parte degli smartphone e dei tablet abilitati alla tecnologia Bluetooth.<br data-start=\"2958\" data-end=\"2961\" \/>- Origine: Cina<\/p>\n<p data-start=\"2978\" data-end=\"3219\">Cura e note<br data-start=\"2990\" data-end=\"2993\" \/>- Questo \u00e8 un prodotto elettronico con componenti audio integrati. Si prega di evitare l'immersione.<br data-start=\"3078\" data-end=\"3081\" \/>- Per ottenere prestazioni ottimali, mantenere l'area di controllo pulita e asciutta.<br data-start=\"3141\" data-end=\"3144\" \/>- Le prestazioni wireless effettive possono variare a seconda dell'ambiente e del dispositivo.<\/p>\n<p data-start=\"3221\" data-end=\"3413\">Produzione e imballaggio<br data-start=\"3243\" data-end=\"3246\" \/>- Tempo di produzione standard: 20 giorni lavorativi<br data-start=\"3289\" data-end=\"3292\" \/>- Servizio urgente: 15 giorni lavorativi<br data-start=\"3323\" data-end=\"3326\" \/>- Confezione in cartone: 100 pezzi\/ctn<br data-start=\"3352\" data-end=\"3355\" \/>- Peso della confezione: 24,3 libbre<br data-start=\"3380\" data-end=\"3383\" \/>- Dimensioni del cartone: 53 \u00d7 53 \u00d7 46 cm<\/p>","protected":false},"excerpt":{"rendered":"<p>Il berretto da baseball Bluetooth \u00e8 un regalo promozionale tecnologico indossabile che combina un classico berretto di cotone con musica wireless e chiamate in vivavoce. Con cuffie e microfono integrati, questo berretto musicale Bluetooth 5.0 consente agli utenti di ascoltare l'audio, rispondere alle chiamate e rimanere attivi senza tenere in mano il telefono: perfetto per il pendolarismo, gli eventi all'aperto, i viaggi e il lavoro quotidiano. \u00c8 un regalo pratico che le persone indossano davvero, il che significa che il vostro logo viene esposto ripetutamente in situazioni reali.<\/p>","protected":false},"featured_media":46859,"template":"","meta":{"_gspb_post_css":""},"product_brand":[],"product_cat":[29,27],"product_tag":[],"class_list":{"0":"post-46858","1":"product","2":"type-product","3":"status-publish","4":"has-post-thumbnail","6":"product_cat-apparel","7":"product_cat-technology","9":"first","10":"instock","11":"shipping-taxable","12":"product-type-simple"},"_links":{"self":[{"href":"https:\/\/globalgiftsupplier.com\/it\/wp-json\/wp\/v2\/product\/46858","targetHints":{"allow":["GET"]}}],"collection":[{"href":"https:\/\/globalgiftsupplier.com\/it\/wp-json\/wp\/v2\/product"}],"about":[{"href":"https:\/\/globalgiftsupplier.com\/it\/wp-json\/wp\/v2\/types\/product"}],"wp:featuredmedia":[{"embeddable":true,"href":"https:\/\/globalgiftsupplier.com\/it\/wp-json\/wp\/v2\/media\/46859"}],"wp:attachment":[{"href":"https:\/\/globalgiftsupplier.com\/it\/wp-json\/wp\/v2\/media?parent=46858"}],"wp:term":[{"taxonomy":"product_brand","embeddable":true,"href":"https:\/\/globalgiftsupplier.com\/it\/wp-json\/wp\/v2\/product_brand?post=46858"},{"taxonomy":"product_cat","embeddable":true,"href":"https:\/\/globalgiftsupplier.com\/it\/wp-json\/wp\/v2\/product_cat?post=46858"},{"taxonomy":"product_tag","embeddable":true,"href":"https:\/\/globalgiftsupplier.com\/it\/wp-json\/wp\/v2\/product_tag?post=46858"}],"curies":[{"name":"wp","href":"https:\/\/api.w.org\/{rel}","templated":true}]}}