{"id":46809,"date":"2026-02-27T03:20:01","date_gmt":"2026-02-27T03:20:01","guid":{"rendered":"https:\/\/globalgiftsupplier.com\/?post_type=product&#038;p=46809"},"modified":"2026-02-27T03:20:01","modified_gmt":"2026-02-27T03:20:01","slug":"ankle-leg-foot-pedal-puller","status":"publish","type":"product","link":"https:\/\/globalgiftsupplier.com\/it\/product\/ankle-leg-foot-pedal-puller\/","title":{"rendered":"Estrattore a pedale per caviglia e gamba"},"content":{"rendered":"<p data-start=\"688\" data-end=\"1190\">Con una lunghezza massima del tratto di <strong data-start=\"721\" data-end=\"730\">47.2\u2033<\/strong>, Questa fune di trazione a pedale offre una pratica gamma di resistenze per <strong data-start=\"795\" data-end=\"900\">yoga, pilates, riscaldamento, stretching, attivazione dei glutei, routine per il giorno delle gambe e movimenti per scolpire il core.<\/strong>. E' leggero e facile da riporre, ideale per <strong data-start=\"958\" data-end=\"1014\">casa, ufficio, camere d'albergo o spazi privati esterni<\/strong>. Aggiungete il vostro logo personalizzato per creare un'alta utilit\u00e0. <strong data-start=\"1062\" data-end=\"1086\">omaggio promozionale<\/strong> che le persone usano davvero, perfetti per le campagne di benessere, gli eventi di fitness e i programmi sanitari aziendali.<\/p>\n<hr data-start=\"1192\" data-end=\"1195\" \/>\n<h3 data-start=\"1197\" data-end=\"1226\">Caratteristiche e vantaggi principali<\/h3>\n<p data-start=\"1227\" data-end=\"1379\">\u2705 <strong data-start=\"1229\" data-end=\"1274\">Comode impugnature in schiuma (presa antiscivolo)<\/strong><br data-start=\"1274\" data-end=\"1277\" \/>Le impugnature in morbida schiuma riducono l'affaticamento della mano e migliorano il controllo durante le trazioni, lo stretching e le sessioni di tonificazione.<\/p>\n<p data-start=\"1381\" data-end=\"1552\">\u2705 <strong data-start=\"1383\" data-end=\"1421\">Resistenza del tubo in lattice ad alta elasticit\u00e0<\/strong><br data-start=\"1421\" data-end=\"1424\" \/>Realizzato con <strong data-start=\"1434\" data-end=\"1471\">Tubo elastico in lattice TPE + schiuma NBR<\/strong>, che offre una resistenza flessibile ma stabile per l'esercizio quotidiano e l'uso a lungo termine.<\/p>\n<p data-start=\"1554\" data-end=\"1725\">\u2705 <strong data-start=\"1556\" data-end=\"1604\">Design a 4 tubi per una migliore tensione e stabilit\u00e0<\/strong><br data-start=\"1604\" data-end=\"1607\" \/>Caratteristiche <strong data-start=\"1616\" data-end=\"1636\">4 corde di trazione<\/strong>, che offre una maggiore resistenza alla trazione e una migliore elasticit\u00e0, ideale per un allenamento costante.<\/p>\n<p data-start=\"1727\" data-end=\"1898\">\u2705 <strong data-start=\"1729\" data-end=\"1779\">Movimento fluido per esercizi core e di scultura<\/strong><br data-start=\"1779\" data-end=\"1782\" \/>Progettato per supportare i movimenti controllati di \u201ctrazione e rilascio\u201d, contribuendo a ridurre i pizzicotti e le spremiture della pelle durante l'allenamento.<\/p>\n<p data-start=\"1900\" data-end=\"2060\">\u2705 <strong data-start=\"1902\" data-end=\"1949\">Strumento fitness portatile per allenamenti ovunque<\/strong><br data-start=\"1949\" data-end=\"1952\" \/>Perfetto per la palestra di casa, le pause in ufficio, gli allenamenti in viaggio e le routine di benessere: facile da trasportare e semplice da usare.<\/p>\n<p data-start=\"2062\" data-end=\"2221\">\u2705 <strong data-start=\"2064\" data-end=\"2104\">Logo personalizzato Regalo promozionale per il fitness<\/strong><br data-start=\"2104\" data-end=\"2107\" \/>Aggiungete il vostro logo per un articolo di marca che si adatta a tutte le esigenze <strong data-start=\"2150\" data-end=\"2182\">promozioni salute e benessere<\/strong>, campagne in palestra e regali aziendali.<\/p>\n<hr data-start=\"2223\" data-end=\"2226\" \/>\n<h3 data-start=\"2228\" data-end=\"2263\">Usi suggeriti (SEO-Friendly)<\/h3>\n<p data-start=\"2264\" data-end=\"2310\">Questo <strong data-start=\"2269\" data-end=\"2294\">banda di resistenza a pedale<\/strong> \u00e8 ideale per:<\/p>\n<ul data-start=\"2311\" data-end=\"2506\">\n<li data-start=\"2311\" data-end=\"2344\">\n<p data-start=\"2313\" data-end=\"2344\"><strong data-start=\"2313\" data-end=\"2342\">Yoga e Pilates stretching<\/strong><\/p>\n<\/li>\n<li data-start=\"2345\" data-end=\"2381\">\n<p data-start=\"2347\" data-end=\"2381\"><strong data-start=\"2347\" data-end=\"2379\">Giornata delle gambe e attivazione dei glutei<\/strong><\/p>\n<\/li>\n<li data-start=\"2382\" data-end=\"2422\">\n<p data-start=\"2384\" data-end=\"2422\"><strong data-start=\"2384\" data-end=\"2420\">Allenamento del girovita e del core<\/strong><\/p>\n<\/li>\n<li data-start=\"2423\" data-end=\"2465\">\n<p data-start=\"2425\" data-end=\"2465\"><strong data-start=\"2425\" data-end=\"2463\">Tonificazione delle braccia e rilassamento delle spalle<\/strong><\/p>\n<\/li>\n<li data-start=\"2466\" data-end=\"2506\">\n<p data-start=\"2468\" data-end=\"2506\"><strong data-start=\"2468\" data-end=\"2504\">Riscaldamento e allenamento della flessibilit\u00e0<\/strong><\/p>\n<\/li>\n<\/ul>\n<blockquote data-start=\"2508\" data-end=\"2601\">\n<p data-start=\"2510\" data-end=\"2601\">Ideale per i principianti, gli utenti dell'home fitness e tutti coloro che sono alla ricerca di un facile strumento di allenamento quotidiano.<\/p>\n<\/blockquote>\n<hr data-start=\"2603\" data-end=\"2606\" \/>\n<h3 data-start=\"2608\" data-end=\"2628\">Specifiche tecniche<\/h3>\n<ul data-start=\"2629\" data-end=\"2862\">\n<li data-start=\"2629\" data-end=\"2669\">\n<p data-start=\"2631\" data-end=\"2669\"><strong data-start=\"2631\" data-end=\"2648\">Dimensioni del prodotto:<\/strong> <strong data-start=\"2649\" data-end=\"2667\">9.84\u2033 \u00d7 16.14\u2033<\/strong><\/p>\n<\/li>\n<li data-start=\"2670\" data-end=\"2707\">\n<p data-start=\"2672\" data-end=\"2707\"><strong data-start=\"2672\" data-end=\"2695\">Lunghezza massima di allungamento:<\/strong> <strong data-start=\"2696\" data-end=\"2705\">47.2\u2033<\/strong><\/p>\n<\/li>\n<li data-start=\"2708\" data-end=\"2764\">\n<p data-start=\"2710\" data-end=\"2764\"><strong data-start=\"2710\" data-end=\"2724\">Materiali:<\/strong> <strong data-start=\"2725\" data-end=\"2762\">Tubo elastico in lattice TPE + schiuma NBR<\/strong><\/p>\n<\/li>\n<li data-start=\"2765\" data-end=\"2818\">\n<p data-start=\"2767\" data-end=\"2818\"><strong data-start=\"2767\" data-end=\"2788\">Colori disponibili:<\/strong> <strong data-start=\"2789\" data-end=\"2816\">Viola, rosso, blu, rosa<\/strong><\/p>\n<\/li>\n<li data-start=\"2819\" data-end=\"2840\">\n<p data-start=\"2821\" data-end=\"2840\"><strong data-start=\"2821\" data-end=\"2832\">Origine:<\/strong> Cina<\/p>\n<\/li>\n<\/ul>\n<hr data-start=\"2864\" data-end=\"2867\" \/>\n<h3 data-start=\"2869\" data-end=\"2890\">Tempo di produzione<\/h3>\n<ul data-start=\"2891\" data-end=\"2979\">\n<li data-start=\"2891\" data-end=\"2939\">\n<p data-start=\"2893\" data-end=\"2939\"><strong data-start=\"2893\" data-end=\"2917\">Produzione standard:<\/strong> <strong data-start=\"2918\" data-end=\"2937\">25 giorni lavorativi<\/strong><\/p>\n<\/li>\n<li data-start=\"2940\" data-end=\"2979\">\n<p data-start=\"2942\" data-end=\"2979\"><strong data-start=\"2942\" data-end=\"2959\">Servizio urgente:<\/strong> <strong data-start=\"2960\" data-end=\"2979\">18 giorni lavorativi<\/strong><\/p>\n<\/li>\n<\/ul>\n<hr data-start=\"2981\" data-end=\"2984\" \/>\n<h3 data-start=\"2986\" data-end=\"3026\">Perch\u00e9 funziona come regalo promozionale<\/h3>\n<p data-start=\"3027\" data-end=\"3229\">Gli articoli per il fitness sono prodotti promozionali ad alta fidelizzazione: le persone li conservano, li riutilizzano e vedono il vostro logo pi\u00f9 volte. Questo tira pedali \u00e8 pratico, economico e facile da distribuire, ed \u00e8 ideale per:<\/p>\n<ul data-start=\"3230\" data-end=\"3378\">\n<li data-start=\"3230\" data-end=\"3264\">\n<p data-start=\"3232\" data-end=\"3264\">Iniziative di benessere aziendale<\/p>\n<\/li>\n<li data-start=\"3265\" data-end=\"3292\">\n<p data-start=\"3267\" data-end=\"3292\">Promozioni per palestre\/studio<\/p>\n<\/li>\n<li data-start=\"3293\" data-end=\"3313\">\n<p data-start=\"3295\" data-end=\"3313\">Campagne per la salute<\/p>\n<\/li>\n<li data-start=\"3314\" data-end=\"3343\">\n<p data-start=\"3316\" data-end=\"3343\">Eventi sportivi e omaggi<\/p>\n<\/li>\n<li data-start=\"3344\" data-end=\"3378\">\n<p data-start=\"3346\" data-end=\"3378\">Fiere e regali per i dipendenti<\/p>\n<\/li>\n<\/ul>","protected":false},"excerpt":{"rendered":"<p>Migliorate i vostri allenamenti a casa con questo <strong data-start=\"342\" data-end=\"373\">Estrattore di caviglia gamba piede pedale<\/strong>-Un prodotto compatto, adatto ai principianti <strong data-start=\"403\" data-end=\"428\">banda di resistenza a pedale<\/strong> progettato per la tonificazione di tutto il corpo, lo stretching e l'allenamento quotidiano. Costruito con <strong data-start=\"511\" data-end=\"551\">impugnature in schiuma ecologica di alta qualit\u00e0<\/strong> e <strong data-start=\"556\" data-end=\"586\">tubi in lattice altamente elastici<\/strong>, Il sistema offre una maneggevolezza confortevole, una resistenza fluida e una durata affidabile per un uso ripetuto.<\/p>","protected":false},"featured_media":46810,"template":"","meta":{"_gspb_post_css":""},"product_brand":[],"product_cat":[33],"product_tag":[],"class_list":{"0":"post-46809","1":"product","2":"type-product","3":"status-publish","4":"has-post-thumbnail","6":"product_cat-sports-outdoor","8":"first","9":"instock","10":"shipping-taxable","11":"product-type-simple"},"_links":{"self":[{"href":"https:\/\/globalgiftsupplier.com\/it\/wp-json\/wp\/v2\/product\/46809","targetHints":{"allow":["GET"]}}],"collection":[{"href":"https:\/\/globalgiftsupplier.com\/it\/wp-json\/wp\/v2\/product"}],"about":[{"href":"https:\/\/globalgiftsupplier.com\/it\/wp-json\/wp\/v2\/types\/product"}],"wp:featuredmedia":[{"embeddable":true,"href":"https:\/\/globalgiftsupplier.com\/it\/wp-json\/wp\/v2\/media\/46810"}],"wp:attachment":[{"href":"https:\/\/globalgiftsupplier.com\/it\/wp-json\/wp\/v2\/media?parent=46809"}],"wp:term":[{"taxonomy":"product_brand","embeddable":true,"href":"https:\/\/globalgiftsupplier.com\/it\/wp-json\/wp\/v2\/product_brand?post=46809"},{"taxonomy":"product_cat","embeddable":true,"href":"https:\/\/globalgiftsupplier.com\/it\/wp-json\/wp\/v2\/product_cat?post=46809"},{"taxonomy":"product_tag","embeddable":true,"href":"https:\/\/globalgiftsupplier.com\/it\/wp-json\/wp\/v2\/product_tag?post=46809"}],"curies":[{"name":"wp","href":"https:\/\/api.w.org\/{rel}","templated":true}]}}