{"id":46734,"date":"2026-02-16T08:38:53","date_gmt":"2026-02-16T08:38:53","guid":{"rendered":"https:\/\/globalgiftsupplier.com\/?post_type=product&#038;p=46734"},"modified":"2026-02-16T08:49:12","modified_gmt":"2026-02-16T08:49:12","slug":"yoga-fitness-exercises-natural-latex-resistance-loop-band","status":"publish","type":"product","link":"https:\/\/globalgiftsupplier.com\/it\/product\/yoga-fitness-exercises-natural-latex-resistance-loop-band\/","title":{"rendered":"Yoga Fitness Esercizi di resistenza in lattice naturale Loop Band"},"content":{"rendered":"<ul data-start=\"951\" data-end=\"1426\">\n<li data-start=\"951\" data-end=\"1059\">\n<p data-start=\"953\" data-end=\"1059\"><strong data-start=\"953\" data-end=\"989\">Resistenza durevole e costante:<\/strong> Realizzato in lattice naturale 100%, senza TPE, con una resistenza di lunga durata.<\/p>\n<\/li>\n<li data-start=\"1060\" data-end=\"1154\">\n<p data-start=\"1062\" data-end=\"1154\"><strong data-start=\"1062\" data-end=\"1080\">Uso versatile:<\/strong> Ideale per lo yoga, il pilates, lo stretching, l'attivazione dei glutei, la giornata delle gambe e altro ancora.<\/p>\n<\/li>\n<li data-start=\"1155\" data-end=\"1251\">\n<p data-start=\"1157\" data-end=\"1251\"><strong data-start=\"1157\" data-end=\"1184\">Spessore personalizzabile:<\/strong> Disponibile negli spessori 0,014\u2033, 0,02\u2033, 0,028\u2033, 0,035\u2033 o 0,043\u2033.<\/p>\n<\/li>\n<li data-start=\"1252\" data-end=\"1320\">\n<p data-start=\"1254\" data-end=\"1320\"><strong data-start=\"1254\" data-end=\"1277\">Portatile e compatto:<\/strong> Facile da trasportare e da riporre per l'uso in movimento.<\/p>\n<\/li>\n<li data-start=\"1321\" data-end=\"1426\">\n<p data-start=\"1323\" data-end=\"1426\"><strong data-start=\"1323\" data-end=\"1343\">Marchio personalizzato:<\/strong> Aggiungete il vostro logo per aumentare la visibilit\u00e0 del marchio e renderlo un perfetto regalo promozionale.<\/p>\n<\/li>\n<\/ul>\n<h4 data-start=\"1428\" data-end=\"1452\"><strong data-start=\"1433\" data-end=\"1452\">Specifiche:<\/strong><\/h4>\n<ul data-start=\"1453\" data-end=\"1896\">\n<li data-start=\"1453\" data-end=\"1478\">\n<p data-start=\"1455\" data-end=\"1478\"><strong data-start=\"1455\" data-end=\"1466\">Lunghezza:<\/strong> 12 pollici<\/p>\n<\/li>\n<li data-start=\"1479\" data-end=\"1502\">\n<p data-start=\"1481\" data-end=\"1502\"><strong data-start=\"1481\" data-end=\"1491\">Larghezza:<\/strong> 2 pollici<\/p>\n<\/li>\n<li data-start=\"1503\" data-end=\"1567\">\n<p data-start=\"1505\" data-end=\"1567\"><strong data-start=\"1505\" data-end=\"1527\">Opzioni di spessore:<\/strong> 0.014\u2033, 0.02\u2033, 0.028\u2033, 0.035\u2033, 0.043\u2033<\/p>\n<\/li>\n<li data-start=\"1568\" data-end=\"1614\">\n<p data-start=\"1570\" data-end=\"1614\"><strong data-start=\"1570\" data-end=\"1583\">Materiale:<\/strong> 100% Lattice naturale, senza TPE<\/p>\n<\/li>\n<li data-start=\"1652\" data-end=\"1697\">\n<p data-start=\"1654\" data-end=\"1697\"><strong data-start=\"1654\" data-end=\"1673\">Dimensioni della confezione:<\/strong> 34 cm x 28 cm x 38 cm<\/p>\n<\/li>\n<li data-start=\"1698\" data-end=\"1762\">\n<p data-start=\"1700\" data-end=\"1762\"><strong data-start=\"1700\" data-end=\"1720\">Peso di spedizione:<\/strong> 32 libbre per cartone (1000 pezzi per cartone)<\/p>\n<\/li>\n<li data-start=\"1763\" data-end=\"1839\">\n<p data-start=\"1765\" data-end=\"1839\"><strong data-start=\"1765\" data-end=\"1785\">Tempo di produzione:<\/strong> 30 giorni lavorativi (servizio urgente disponibile in 28 giorni)<\/p>\n<\/li>\n<li data-start=\"1840\" data-end=\"1874\">\n<p data-start=\"1842\" data-end=\"1874\"><strong data-start=\"1842\" data-end=\"1861\">Metodo di stampa:<\/strong> Serigrafia<\/p>\n<\/li>\n<li data-start=\"1875\" data-end=\"1896\">\n<p data-start=\"1877\" data-end=\"1896\"><strong data-start=\"1877\" data-end=\"1888\">Origine:<\/strong> Cina<\/p>\n<\/li>\n<\/ul>\n<h4 data-start=\"1898\" data-end=\"1924\"><strong data-start=\"1903\" data-end=\"1924\">Colori disponibili:<\/strong><\/h4>\n<p data-start=\"1925\" data-end=\"1958\">Verde, blu, giallo, rosso, nero<\/p>\n<h4 data-start=\"2130\" data-end=\"2149\"><strong data-start=\"2135\" data-end=\"2149\">Ideale per:<\/strong><\/h4>\n<ul data-start=\"2150\" data-end=\"2231\">\n<li data-start=\"2150\" data-end=\"2231\">\n<p data-start=\"2152\" data-end=\"2231\"><strong data-start=\"2152\" data-end=\"2231\">Regali aziendali, omaggi promozionali, attrezzature per il fitness, marchi personalizzati.<\/strong><\/p>\n<\/li>\n<\/ul>","protected":false},"excerpt":{"rendered":"<p>Questa fascia personalizzata all'ingrosso per Pilates, yoga e fitness \u00e8 realizzata in lattice naturale 100% ed \u00e8 priva di TPE. Mantiene lo stesso livello di resistenza anche dopo molte ripetizioni, garantendo durata e costanza durante l'allenamento. Questa versatile mini fascia pu\u00f2 essere utilizzata per lo yoga, il pilates, lo stretching, l'attivazione dei glutei, il leg day e altro ancora. Ogni fascia \u00e8 lunga 12 pollici e larga 2 pollici, con uno spessore di 0,014\u2033. Sono disponibili opzioni di spessore personalizzate, da 0,02\u2033 a 0,043\u2033. Aggiungete il vostro logo a questo prodotto popolare e rendetelo un eccellente regalo promozionale che attirer\u00e0 l'attenzione e aumenter\u00e0 la visibilit\u00e0 del vostro marchio.<\/p>","protected":false},"featured_media":46738,"template":"","meta":{"_gspb_post_css":""},"product_brand":[],"product_cat":[33],"product_tag":[],"class_list":{"0":"post-46734","1":"product","2":"type-product","3":"status-publish","4":"has-post-thumbnail","6":"product_cat-sports-outdoor","8":"first","9":"instock","10":"shipping-taxable","11":"product-type-simple"},"_links":{"self":[{"href":"https:\/\/globalgiftsupplier.com\/it\/wp-json\/wp\/v2\/product\/46734","targetHints":{"allow":["GET"]}}],"collection":[{"href":"https:\/\/globalgiftsupplier.com\/it\/wp-json\/wp\/v2\/product"}],"about":[{"href":"https:\/\/globalgiftsupplier.com\/it\/wp-json\/wp\/v2\/types\/product"}],"wp:featuredmedia":[{"embeddable":true,"href":"https:\/\/globalgiftsupplier.com\/it\/wp-json\/wp\/v2\/media\/46738"}],"wp:attachment":[{"href":"https:\/\/globalgiftsupplier.com\/it\/wp-json\/wp\/v2\/media?parent=46734"}],"wp:term":[{"taxonomy":"product_brand","embeddable":true,"href":"https:\/\/globalgiftsupplier.com\/it\/wp-json\/wp\/v2\/product_brand?post=46734"},{"taxonomy":"product_cat","embeddable":true,"href":"https:\/\/globalgiftsupplier.com\/it\/wp-json\/wp\/v2\/product_cat?post=46734"},{"taxonomy":"product_tag","embeddable":true,"href":"https:\/\/globalgiftsupplier.com\/it\/wp-json\/wp\/v2\/product_tag?post=46734"}],"curies":[{"name":"wp","href":"https:\/\/api.w.org\/{rel}","templated":true}]}}