{"id":46728,"date":"2026-02-16T08:28:14","date_gmt":"2026-02-16T08:28:14","guid":{"rendered":"https:\/\/globalgiftsupplier.com\/?post_type=product&#038;p=46728"},"modified":"2026-02-16T08:28:14","modified_gmt":"2026-02-16T08:28:14","slug":"4-in-1-finger-capsule-charger-magnetic-wireless-power-bank","status":"publish","type":"product","link":"https:\/\/globalgiftsupplier.com\/it\/product\/4-in-1-finger-capsule-charger-magnetic-wireless-power-bank\/","title":{"rendered":"4 in 1 caricatore a capsula da dito banca di energia magnetica senza fili"},"content":{"rendered":"<ul data-start=\"901\" data-end=\"1416\">\n<li data-start=\"901\" data-end=\"995\">\n<p data-start=\"903\" data-end=\"995\"><strong data-start=\"903\" data-end=\"921\">Design unico:<\/strong> Power bank a forma di dito o di capsula con portachiavi per una facile portabilit\u00e0.<\/p>\n<\/li>\n<li data-start=\"996\" data-end=\"1112\">\n<p data-start=\"998\" data-end=\"1112\"><strong data-start=\"998\" data-end=\"1016\">Alta capacit\u00e0:<\/strong> Include 1 power bank di base (5000mAh) e 4 finger power bank (1000mAh ciascuno), per un totale di 9000mAh.<\/p>\n<\/li>\n<li data-start=\"1113\" data-end=\"1226\">\n<p data-start=\"1115\" data-end=\"1226\"><strong data-start=\"1115\" data-end=\"1143\">Compatibilit\u00e0 universale:<\/strong> Viene fornito con 3 adattatori per la compatibilit\u00e0 con quasi tutti gli smartphone e gli auricolari.<\/p>\n<\/li>\n<li data-start=\"1227\" data-end=\"1313\">\n<p data-start=\"1229\" data-end=\"1313\"><strong data-start=\"1229\" data-end=\"1249\">Marchio personalizzato:<\/strong> Aggiungete il vostro logo al guscio protettivo per un tocco personalizzato.<\/p>\n<\/li>\n<li data-start=\"1314\" data-end=\"1416\">\n<p data-start=\"1316\" data-end=\"1416\"><strong data-start=\"1316\" data-end=\"1339\">Appello promozionale:<\/strong> Il look raffinato lo rende perfetto come oggetto da regalare per aumentare la notoriet\u00e0 del marchio.<\/p>\n<\/li>\n<\/ul>\n<h4 data-start=\"1418\" data-end=\"1442\"><strong data-start=\"1423\" data-end=\"1442\">Specifiche:<\/strong><\/h4>\n<ul data-start=\"1443\" data-end=\"1931\">\n<li data-start=\"1443\" data-end=\"1484\">\n<p data-start=\"1445\" data-end=\"1484\"><strong data-start=\"1445\" data-end=\"1474\">Banca di alimentazione di base Capacit\u00e0:<\/strong> 5000mAh<\/p>\n<\/li>\n<li data-start=\"1485\" data-end=\"1544\">\n<p data-start=\"1487\" data-end=\"1544\"><strong data-start=\"1487\" data-end=\"1518\">Dito Capacit\u00e0 della banca di potenza:<\/strong> 1000mAh ciascuno (4 pezzi)<\/p>\n<\/li>\n<li data-start=\"1545\" data-end=\"1576\">\n<p data-start=\"1547\" data-end=\"1576\"><strong data-start=\"1547\" data-end=\"1566\">Capacit\u00e0 totale:<\/strong> 9000mAh<\/p>\n<\/li>\n<li data-start=\"1577\" data-end=\"1617\">\n<p data-start=\"1579\" data-end=\"1617\"><strong data-start=\"1579\" data-end=\"1593\">Dimensioni della base:<\/strong> 5,73\u2033 x 3,06\u2033 x 0,63\u2033<\/p>\n<\/li>\n<li data-start=\"1618\" data-end=\"1660\">\n<p data-start=\"1620\" data-end=\"1660\"><strong data-start=\"1620\" data-end=\"1636\">Dimensione delle dita:<\/strong> 2,93\u2033 x 1,32\u2033 x 0,69\u2033<\/p>\n<\/li>\n<li data-start=\"1661\" data-end=\"1686\">\n<p data-start=\"1663\" data-end=\"1686\"><strong data-start=\"1663\" data-end=\"1676\">Materiale:<\/strong> ABS, PC<\/p>\n<\/li>\n<li data-start=\"1687\" data-end=\"1751\">\n<p data-start=\"1689\" data-end=\"1751\"><strong data-start=\"1689\" data-end=\"1709\">Peso di spedizione:<\/strong> 33,5 libbre per cartone (40 pezzi per cartone)<\/p>\n<\/li>\n<li data-start=\"1752\" data-end=\"1797\">\n<p data-start=\"1754\" data-end=\"1797\"><strong data-start=\"1754\" data-end=\"1773\">Dimensioni della confezione:<\/strong> 39 cm x 31 cm x 24 cm<\/p>\n<\/li>\n<li data-start=\"1798\" data-end=\"1874\">\n<p data-start=\"1800\" data-end=\"1874\"><strong data-start=\"1800\" data-end=\"1820\">Tempo di produzione:<\/strong> 15 giorni lavorativi (servizio urgente disponibile in 12 giorni)<\/p>\n<\/li>\n<li data-start=\"1875\" data-end=\"1909\">\n<p data-start=\"1877\" data-end=\"1909\"><strong data-start=\"1877\" data-end=\"1896\">Metodo di stampa:<\/strong> Serigrafia<\/p>\n<\/li>\n<li data-start=\"1910\" data-end=\"1931\">\n<p data-start=\"1912\" data-end=\"1931\"><strong data-start=\"1912\" data-end=\"1923\">Origine:<\/strong> Cina<\/p>\n<\/li>\n<\/ul>\n<h4 data-start=\"1933\" data-end=\"1959\"><strong data-start=\"1938\" data-end=\"1959\">Colori disponibili:<\/strong><\/h4>\n<p data-start=\"1960\" data-end=\"1974\">Bianco, nero<\/p>\n<h4 data-start=\"2146\" data-end=\"2165\"><strong data-start=\"2151\" data-end=\"2165\">Ideale per:<\/strong><\/h4>\n<ul data-start=\"2166\" data-end=\"2248\">\n<li data-start=\"2166\" data-end=\"2248\">\n<p data-start=\"2168\" data-end=\"2248\"><strong data-start=\"2168\" data-end=\"2248\">Regali aziendali, omaggi promozionali, accessori per cellulari, branding personalizzato.<\/strong><\/p>\n<\/li>\n<\/ul>","protected":false},"excerpt":{"rendered":"<p>Questo power bank innovativo e compatto combina funzionalit\u00e0 e stile, con un design a forma di dito o capsula. Il power bank di base ha una capacit\u00e0 di 5000 mAh, mentre ogni power bank da dito ha 1000 mAh, per una capacit\u00e0 totale di 9000 mAh. Include tre adattatori di uso comune (compatibili con la maggior parte degli smartphone e degli auricolari) e presenta un design a portachiavi che ne facilita il trasporto. Sia che lo utilizziate per la vendita al dettaglio o come regalo promozionale, l'aggiunta del vostro logo al power bank assicura al vostro marchio grande visibilit\u00e0 e attenzione.<\/p>","protected":false},"featured_media":46729,"template":"","meta":{"_gspb_post_css":""},"product_brand":[],"product_cat":[27],"product_tag":[],"class_list":{"0":"post-46728","1":"product","2":"type-product","3":"status-publish","4":"has-post-thumbnail","6":"product_cat-technology","8":"first","9":"instock","10":"shipping-taxable","11":"product-type-simple"},"_links":{"self":[{"href":"https:\/\/globalgiftsupplier.com\/it\/wp-json\/wp\/v2\/product\/46728","targetHints":{"allow":["GET"]}}],"collection":[{"href":"https:\/\/globalgiftsupplier.com\/it\/wp-json\/wp\/v2\/product"}],"about":[{"href":"https:\/\/globalgiftsupplier.com\/it\/wp-json\/wp\/v2\/types\/product"}],"wp:featuredmedia":[{"embeddable":true,"href":"https:\/\/globalgiftsupplier.com\/it\/wp-json\/wp\/v2\/media\/46729"}],"wp:attachment":[{"href":"https:\/\/globalgiftsupplier.com\/it\/wp-json\/wp\/v2\/media?parent=46728"}],"wp:term":[{"taxonomy":"product_brand","embeddable":true,"href":"https:\/\/globalgiftsupplier.com\/it\/wp-json\/wp\/v2\/product_brand?post=46728"},{"taxonomy":"product_cat","embeddable":true,"href":"https:\/\/globalgiftsupplier.com\/it\/wp-json\/wp\/v2\/product_cat?post=46728"},{"taxonomy":"product_tag","embeddable":true,"href":"https:\/\/globalgiftsupplier.com\/it\/wp-json\/wp\/v2\/product_tag?post=46728"}],"curies":[{"name":"wp","href":"https:\/\/api.w.org\/{rel}","templated":true}]}}