{"id":47578,"date":"2026-03-31T16:02:53","date_gmt":"2026-03-31T16:02:53","guid":{"rendered":"https:\/\/globalgiftsupplier.com\/?post_type=product&#038;p=47578"},"modified":"2026-03-31T16:02:53","modified_gmt":"2026-03-31T16:02:53","slug":"custom-promotional-gift-set-with-logo","status":"publish","type":"product","link":"https:\/\/globalgiftsupplier.com\/fr\/product\/custom-promotional-gift-set-with-logo\/","title":{"rendered":"Coffret promotionnel personnalis\u00e9 avec logo"},"content":{"rendered":"<p data-start=\"1653\" data-end=\"2175\"><strong data-start=\"1679\" data-end=\"2175\">Ce set de cadeaux promotionnels personnalis\u00e9s est une solution compl\u00e8te de marchandise de marque cr\u00e9\u00e9e pour les entreprises, les \u00e9coles, les organisations et les \u00e9quipes d'\u00e9v\u00e9nements qui souhaitent une fa\u00e7on plus professionnelle et m\u00e9morable de pr\u00e9senter leur marque. Au lieu d'offrir un seul article promotionnel, ce concept de produit combine plusieurs articles utiles en un ensemble coordonn\u00e9, permettant \u00e0 votre logo d'appara\u00eetre sur des articles essentiels au quotidien tels que des boissons, des cahiers, des stylos, des parapluies, des sacs, des v\u00eatements, des casquettes, des accessoires de bureau et des cadeaux publicitaires.<\/strong><\/p>\n<p data-start=\"2177\" data-end=\"2765\"><strong data-start=\"2177\" data-end=\"2765\">D'apr\u00e8s les images des produits, ces coffrets peuvent \u00eatre con\u00e7us de diff\u00e9rentes mani\u00e8res en fonction de votre public cible, du type d'\u00e9v\u00e9nement, de votre budget et de vos objectifs de marque. Certains coffrets cadeaux sont ax\u00e9s sur les articles de bureau essentiels, tandis que d'autres conviennent mieux \u00e0 l'accueil des employ\u00e9s, aux trousses de bienvenue des \u00e9tudiants, aux kits de conf\u00e9rence, aux cadeaux promotionnels, aux campagnes de salons professionnels, \u00e0 l'image de marque des \u00e9coles ou aux collections de marchandises de marque pr\u00eates \u00e0 \u00eatre vendues au d\u00e9tail. Cette flexibilit\u00e9 rend le produit beaucoup plus pr\u00e9cieux qu'un cadeau unique, car l'ensemble cr\u00e9e une impression de marque plus forte et une pr\u00e9sentation plus soign\u00e9e.<\/strong><\/p>\n<p data-start=\"2767\" data-end=\"3313\"><strong data-start=\"2767\" data-end=\"3313\">Un coffret cadeau promotionnel personnalis\u00e9 est particuli\u00e8rement efficace lorsque vous souhaitez que les destinataires aient l'impression que les articles font partie d'une seule et m\u00eame exp\u00e9rience de marque. Une bouteille, un carnet, un stylo, un sac, une casquette, un parapluie ou un mug assortis peuvent cr\u00e9er une identit\u00e9 visuelle coh\u00e9rente qui semble plus intentionnelle et de meilleure qualit\u00e9 que si l'on distribuait s\u00e9par\u00e9ment des produits qui n'ont rien \u00e0 voir entre eux. Cet aspect est important pour les entreprises soucieuses de leur image, de leur pr\u00e9sentation et de l'exposition \u00e0 long terme de leur marque. Lorsque chaque article porte le m\u00eame logo, le m\u00eame th\u00e8me de couleur ou le m\u00eame style visuel, l'effet global est beaucoup plus fort.<\/strong><\/p>\n<p data-start=\"3315\" data-end=\"3875\"><strong data-start=\"3315\" data-end=\"3875\">Les images montrent un large \u00e9ventail de combinaisons possibles de produits. Certains ensembles mettent l'accent sur l'utilisation quotidienne au bureau avec des cahiers, des classeurs, des stylos, des porte-blocs et des articles pour boire. D'autres mettent l'accent sur l'aspect pratique des \u00e9v\u00e9nements et des activit\u00e9s de plein air avec des parapluies, des sacs \u00e0 cordon, des bouteilles d'eau, des casquettes et des v\u00eatements. D'autres ressemblent davantage \u00e0 des collections de cadeaux haut de gamme avec des emballages coordonn\u00e9s, des accessoires de bureau, des tasses, des bo\u00eetes cadeaux et des instruments d'\u00e9criture. Cela signifie que le produit peut \u00eatre utilis\u00e9 \u00e0 de nombreuses fins commerciales, qu'il s'agisse d'ensembles promotionnels \u00e9conomiques ou de pr\u00e9sentations de cadeaux d'entreprise plus \u00e9labor\u00e9es.<\/strong><\/p>\n<p data-start=\"3877\" data-end=\"4393\"><strong data-start=\"3877\" data-end=\"4393\">L'un des principaux avantages d'un coffret cadeau de marque est qu'il permet \u00e0 votre logo d'\u00eatre pr\u00e9sent dans diff\u00e9rentes parties de la vie quotidienne du destinataire. Un carnet de notes peut rester sur le bureau. Une bouteille ou un gobelet peuvent \u00eatre transport\u00e9s au bureau, \u00e0 la salle de sport ou dans la voiture. Une casquette ou un T-shirt peuvent \u00eatre port\u00e9s lors d'\u00e9v\u00e9nements en plein air. Un parapluie peut \u00eatre utilis\u00e9 pendant les voyages ou les d\u00e9placements. Un fourre-tout ou un sac \u00e0 cordon peut \u00eatre r\u00e9utilis\u00e9 plusieurs fois. Les produits \u00e9tant pratiques, la marque reste visible longtemps apr\u00e8s la fin de l'\u00e9v\u00e9nement ou de la campagne d'origine.<\/strong><\/p>\n<p data-start=\"4395\" data-end=\"4894\"><strong data-start=\"4395\" data-end=\"4894\">Ces coffrets sont \u00e9galement id\u00e9aux pour les organisations qui souhaitent une meilleure exp\u00e9rience de d\u00e9ballage et de livraison. Par rapport \u00e0 l'envoi de produits individuels, un coffret cadeau coordonn\u00e9 donne l'impression d'\u00eatre plus complet, plus attentionn\u00e9 et plus pr\u00e9cieux. Il est particuli\u00e8rement utile pour les packs d'accueil des employ\u00e9s, les cadeaux pour les cadres, les kits pour les participants aux conf\u00e9rences, les cadeaux de remerciement pour les clients, les mailings promotionnels, les campagnes de rentr\u00e9e scolaire, les marchandises universitaires, les cadeaux d'accueil et les \u00e9v\u00e9nements d'entreprise pour lesquels la pr\u00e9sentation est importante.<\/strong><\/p>\n<p data-start=\"4896\" data-end=\"5370\"><strong data-start=\"4896\" data-end=\"5370\">Du point de vue de l'image de marque, ce produit est tr\u00e8s flexible. Vous pouvez cr\u00e9er un ensemble propre et professionnel d'une seule couleur pour les entreprises, un ensemble portant la marque d'une \u00e9cole pour les universit\u00e9s et les programmes \u00e9tudiants, un ensemble sur le th\u00e8me d'une campagne pour les salons et les expositions, ou un ensemble saisonnier portant la marque d'une entreprise pour les promotions et les f\u00eates. Comme le produit peut inclure plusieurs cat\u00e9gories d'articles, il permet \u00e0 votre marque d'appara\u00eetre dans plus d'endroits et de plus de fa\u00e7ons qu'un seul produit ne pourrait jamais le faire.<\/strong><\/p>\n<p data-start=\"5372\" data-end=\"5707\"><strong data-start=\"5372\" data-end=\"5707\">Ce coffret promotionnel personnalis\u00e9 est un choix judicieux pour les entreprises qui recherchent des produits pratiques, une pr\u00e9sentation coh\u00e9rente de leur logo et une valeur per\u00e7ue plus \u00e9lev\u00e9e. Que vous ayez besoin d'un simple kit de d\u00e9marrage ou d'un coffret plus complet avec plusieurs produits assortis, ce format permet \u00e0 votre marque d'\u00eatre organis\u00e9e, utile et m\u00e9morable.<\/strong><\/p>\n<p data-start=\"5709\" data-end=\"6474\"><strong data-start=\"5709\" data-end=\"5725\">Caract\u00e9ristiques principales<\/strong><br data-start=\"5725\" data-end=\"5728\" \/><strong data-start=\"5728\" data-end=\"5792\">- Coffret promotionnel personnalis\u00e9 avec logo coordonn\u00e9<\/strong><br data-start=\"5792\" data-end=\"5795\" \/><strong data-start=\"5795\" data-end=\"5851\">- Possibilit\u00e9 d'inclure plusieurs cat\u00e9gories de produits dans un m\u00eame ensemble<\/strong><br data-start=\"5851\" data-end=\"5854\" \/><strong data-start=\"5854\" data-end=\"5924\">- Convient aux cadeaux d'entreprise, aux \u00e9v\u00e9nements, \u00e0 l'int\u00e9gration et aux promotions<\/strong><br data-start=\"5924\" data-end=\"5927\" \/><strong data-start=\"5927\" data-end=\"5994\">- Favorise une pr\u00e9sentation coh\u00e9rente de la marque sur les diff\u00e9rents articles<\/strong><br data-start=\"5994\" data-end=\"5997\" \/><strong data-start=\"5997\" data-end=\"6090\">- Il peut s'agir de boissons, de carnets, de stylos, de sacs, de casquettes, de parapluies, de v\u00eatements et d'accessoires.<\/strong><br data-start=\"6090\" data-end=\"6093\" \/><strong data-start=\"6093\" data-end=\"6161\">- Id\u00e9al pour les kits de bienvenue, les cadeaux pour les salons professionnels et les cadeaux pour les clients<\/strong><br data-start=\"6161\" data-end=\"6164\" \/><strong data-start=\"6164\" data-end=\"6231\">- Flexible pour diff\u00e9rents budgets, publics et types de campagnes<\/strong><br data-start=\"6231\" data-end=\"6234\" \/><strong data-start=\"6234\" data-end=\"6309\">- Articles pratiques con\u00e7us pour un usage quotidien et une exposition r\u00e9p\u00e9t\u00e9e \u00e0 la marque<\/strong><br data-start=\"6309\" data-end=\"6312\" \/><strong data-start=\"6312\" data-end=\"6394\">- Peut \u00eatre pr\u00e9sent\u00e9 sous forme de coffrets-cadeaux, de kits de promotion ou de lots de marchandises de marque.<\/strong><br data-start=\"6394\" data-end=\"6397\" \/><strong data-start=\"6397\" data-end=\"6472\">- Convient aussi bien \u00e0 l'usage interne de l'entreprise qu'aux campagnes promotionnelles externes.<\/strong><\/p>\n<p data-start=\"6476\" data-end=\"7406\"><strong data-start=\"6476\" data-end=\"6494\">Sp\u00e9cifications<\/strong><br data-start=\"6494\" data-end=\"6497\" \/><strong data-start=\"6497\" data-end=\"6514\">Type de produit :<\/strong> Coffret promotionnel personnalis\u00e9<br data-start=\"6542\" data-end=\"6545\" \/><strong data-start=\"6545\" data-end=\"6555\">Style :<\/strong> Set de cadeaux d'entreprise \/ kit de bienvenue \/ set de cadeaux d'\u00e9v\u00e9nement \/ paquet de marchandises de marque<br data-start=\"6638\" data-end=\"6641\" \/><strong data-start=\"6641\" data-end=\"6654\">Mat\u00e9riau :<\/strong> Mat\u00e9riaux mixtes en fonction de la s\u00e9lection des articles<br data-start=\"6698\" data-end=\"6701\" \/><strong data-start=\"6701\" data-end=\"6716\">Style du logo :<\/strong> Impression de logos personnalis\u00e9s, gravure, broderie, transfert thermique, s\u00e9rigraphie ou autres m\u00e9thodes en fonction du type d'article.<br data-start=\"6828\" data-end=\"6831\" \/><strong data-start=\"6831\" data-end=\"6848\">Contenu de l'ensemble :<\/strong> Peut inclure des bouteilles, des gobelets, des tasses, des carnets, des stylos, des parapluies, des v\u00eatements, des sacs, des casquettes, des dossiers, des porte-cl\u00e9s, des accessoires de bureau, etc.<br data-start=\"6983\" data-end=\"6986\" \/><strong data-start=\"6986\" data-end=\"7002\">Style de couleur :<\/strong> Marquage en une seule couleur, couleurs de marque coordonn\u00e9es ou couleurs de produits m\u00e9lang\u00e9es<br data-start=\"7075\" data-end=\"7078\" \/><strong data-start=\"7078\" data-end=\"7092\">Emballage :<\/strong> Peut \u00eatre emball\u00e9 sous forme de coffrets-cadeaux, de kits swag ou de paquets de marque coordonn\u00e9s.<br data-start=\"7162\" data-end=\"7165\" \/><strong data-start=\"7165\" data-end=\"7173\">Utiliser :<\/strong> Embarquement des employ\u00e9s, cadeaux aux clients, conf\u00e9rences, promotions scolaires, salons professionnels, campagnes saisonni\u00e8res, marchandises de marque<br data-start=\"7295\" data-end=\"7298\" \/><strong data-start=\"7298\" data-end=\"7308\">Th\u00e8me :<\/strong> Image de marque, campagnes promotionnelles, articles scolaires, marketing \u00e9v\u00e9nementiel, cadeaux d'entreprise**.<\/p>\n<p data-start=\"7408\" data-end=\"7943\"><strong data-start=\"7408\" data-end=\"7435\">Pourquoi choisir ce produit ?<\/strong><br data-start=\"7435\" data-end=\"7438\" \/><strong data-start=\"7438\" data-end=\"7943\">Ce produit offre une valeur de marque bien plus importante qu'un simple article cadeau, car il permet \u00e0 votre logo d'appara\u00eetre sur plusieurs produits pratiques \u00e0 la fois. Il contribue \u00e0 cr\u00e9er une premi\u00e8re impression plus forte, une image de marque plus professionnelle et une exp\u00e9rience de cadeau plus m\u00e9morable. Il est \u00e9galement suffisamment flexible pour s'adapter \u00e0 diff\u00e9rents secteurs, diff\u00e9rents budgets et diff\u00e9rents sc\u00e9narios d'utilisation, ce qui en fait l'une des options les plus utiles pour les entreprises qui souhaitent une solution promotionnelle compl\u00e8te plut\u00f4t qu'une commande d'un seul article.<\/strong><\/p>\n<p data-start=\"7945\" data-end=\"8307\"><strong data-start=\"7945\" data-end=\"7958\">Id\u00e9al pour<\/strong><br data-start=\"7958\" data-end=\"7961\" \/><strong data-start=\"7961\" data-end=\"7982\">- Cadeaux d'entreprise<\/strong><br data-start=\"7982\" data-end=\"7985\" \/><strong data-start=\"7985\" data-end=\"8012\">- Kits de bienvenue pour les employ\u00e9s<\/strong><br data-start=\"8012\" data-end=\"8015\" \/><strong data-start=\"8015\" data-end=\"8046\">- Cadeaux de remerciement pour les clients<\/strong><br data-start=\"8046\" data-end=\"8049\" \/><strong data-start=\"8049\" data-end=\"8087\">- Promotion des universit\u00e9s et des \u00e9coles<\/strong><br data-start=\"8087\" data-end=\"8090\" \/><strong data-start=\"8090\" data-end=\"8116\">- Cadeaux pour les salons professionnels<\/strong><br data-start=\"8116\" data-end=\"8119\" \/><strong data-start=\"8119\" data-end=\"8150\">- Packs pour les participants \u00e0 la conf\u00e9rence<\/strong><br data-start=\"8150\" data-end=\"8153\" \/><strong data-start=\"8153\" data-end=\"8184\">- Paquets de marchandises pour les \u00e9v\u00e9nements<\/strong><br data-start=\"8184\" data-end=\"8187\" \/><strong data-start=\"8187\" data-end=\"8223\">- Campagnes promotionnelles saisonni\u00e8res<\/strong><br data-start=\"8223\" data-end=\"8226\" \/><strong data-start=\"8226\" data-end=\"8262\">- Coffrets cadeaux de marque pr\u00eats \u00e0 \u00eatre vendus au d\u00e9tail<\/strong><br data-start=\"8262\" data-end=\"8265\" \/><strong data-start=\"8265\" data-end=\"8305\">- Programmes internes de promotion de l'image de marque de l'entreprise<\/strong><\/p>\n<p data-start=\"8309\" data-end=\"8318\"><strong data-start=\"8309\" data-end=\"8316\">FAQ<\/strong><\/p>\n<p data-start=\"8320\" data-end=\"8541\"><strong data-start=\"8320\" data-end=\"8382\">Ce coffret promotionnel peut-il \u00eatre personnalis\u00e9 avec notre logo ?<\/strong><br data-start=\"8382\" data-end=\"8385\" \/><strong data-start=\"8385\" data-end=\"8541\">Oui. Chaque article du set peut \u00eatre personnalis\u00e9 avec votre logo, votre nom de marque, votre slogan ou le design de votre campagne, en fonction du type de produit et de la m\u00e9thode de d\u00e9coration.<\/strong><\/p>\n<p data-start=\"8543\" data-end=\"8803\"><strong data-start=\"8543\" data-end=\"8590\">Quels sont les articles qui peuvent \u00eatre inclus dans le coffret cadeau ?<\/strong><br data-start=\"8590\" data-end=\"8593\" \/><strong data-start=\"8593\" data-end=\"8803\">Le set peut inclure une large gamme de produits promotionnels tels que des bouteilles, des gobelets, des tasses, des carnets, des stylos, des parapluies, des casquettes, des v\u00eatements, des sacs, des porte-cl\u00e9s, des chemises, des fournitures de bureau et d'autres accessoires de marque.<\/strong><\/p>\n<p data-start=\"8805\" data-end=\"9027\"><strong data-start=\"8805\" data-end=\"8853\">Puis-je choisir ma propre combinaison de produits ?<\/strong><br data-start=\"8853\" data-end=\"8856\" \/><strong data-start=\"8856\" data-end=\"9027\">Oui. Les images des produits montrent que ces ensembles peuvent \u00eatre construits de diff\u00e9rentes mani\u00e8res, de sorte que le contenu peut \u00eatre adapt\u00e9 en fonction de votre \u00e9v\u00e9nement, de votre budget, de votre public et de vos besoins en mati\u00e8re de strat\u00e9gie de marque.<\/strong><\/p>\n<p data-start=\"9029\" data-end=\"9252\"><strong data-start=\"9029\" data-end=\"9079\">Cela convient-il pour les kits d'accueil des employ\u00e9s ?<\/strong><br data-start=\"9079\" data-end=\"9082\" \/><strong data-start=\"9082\" data-end=\"9252\">Oui. Il s'agit d'une excellente option pour les kits de bienvenue des employ\u00e9s, car elle permet de combiner des articles de bureau, des boissons, des v\u00eatements et des articles de marque essentiels en un seul ensemble coordonn\u00e9.<\/strong><\/p>\n<p data-start=\"9254\" data-end=\"9498\"><strong data-start=\"9254\" data-end=\"9304\">Peut-on l'utiliser pour les \u00e9coles et les universit\u00e9s ?<\/strong><br data-start=\"9304\" data-end=\"9307\" \/><strong data-start=\"9307\" data-end=\"9498\">Oui. Les images montrent clairement des exemples de marques de style scolaire et universitaire, ce qui convient aux kits d'accueil des \u00e9tudiants, aux promotions sur les campus, aux cadeaux de fin d'\u00e9tudes et aux marchandises de marque.<\/strong><\/p>\n<p data-start=\"9500\" data-end=\"9743\"><strong data-start=\"9500\" data-end=\"9553\">Est-ce un bon choix pour les salons et les \u00e9v\u00e9nements ?<\/strong><br data-start=\"9553\" data-end=\"9556\" \/><strong data-start=\"9556\" data-end=\"9743\">Oui. Un ensemble de cadeaux promotionnels personnalis\u00e9s est id\u00e9al pour les conf\u00e9rences, les expositions et les salons professionnels, car il cr\u00e9e une impression de marque plus forte que la distribution d'un seul petit article.<\/strong><\/p>\n<p data-start=\"9745\" data-end=\"9924\"><strong data-start=\"9745\" data-end=\"9789\">Le set peut-il \u00eatre r\u00e9alis\u00e9 aux couleurs de notre marque ?<\/strong><br data-start=\"9789\" data-end=\"9792\" \/><strong data-start=\"9792\" data-end=\"9924\">Oui, l'aspect g\u00e9n\u00e9ral du set peut \u00eatre coordonn\u00e9 avec les couleurs de votre logo et l'identit\u00e9 de votre marque, en fonction des articles s\u00e9lectionn\u00e9s.<\/strong><\/p>\n<p data-start=\"9926\" data-end=\"10127\"><strong data-start=\"9926\" data-end=\"9992\">Ce produit est-il adapt\u00e9 aux cadeaux de clients et aux cadeaux d'entreprise ?<\/strong><br data-start=\"9992\" data-end=\"9995\" \/><strong data-start=\"9995\" data-end=\"10127\">Oui, c'est un excellent choix pour les cadeaux de remerciement des clients, les cadeaux de fin d'ann\u00e9e, les cadeaux internes \u00e0 l'entreprise et les pr\u00e9sentations de marque haut de gamme.<\/strong><\/p>\n<p data-start=\"10129\" data-end=\"10351\"><strong data-start=\"10129\" data-end=\"10191\">Les articles peuvent-ils \u00eatre emball\u00e9s dans une bo\u00eete cadeau ou un coffret de pr\u00e9sentation ?<\/strong><br data-start=\"10191\" data-end=\"10194\" \/><strong data-start=\"10194\" data-end=\"10351\">Oui. Ces produits peuvent \u00eatre pr\u00e9sent\u00e9s sous forme de coffret cadeau, de kit swag, de pack de bienvenue ou d'ensemble promotionnel coordonn\u00e9, en fonction de vos besoins de pr\u00e9sentation.<\/strong><\/p>\n<p data-start=\"10353\" data-end=\"10610\"><strong data-start=\"10353\" data-end=\"10419\">Pourquoi choisir un coffret cadeau plut\u00f4t qu'un produit promotionnel unique ?<\/strong><br data-start=\"10419\" data-end=\"10422\" \/><strong data-start=\"10422\" data-end=\"10610\">Un coffret cadeau cr\u00e9e une exp\u00e9rience de marque plus compl\u00e8te, augmente la valeur per\u00e7ue de la promotion et donne \u00e0 votre logo une visibilit\u00e9 sur plusieurs produits utiles au lieu d'un seul.<\/strong><\/p>","protected":false},"excerpt":{"rendered":"<p>Ce coffret promotionnel personnalis\u00e9 est une solution flexible de marchandise de marque con\u00e7ue pour les cadeaux d'entreprise, les kits de bienvenue pour les employ\u00e9s, les promotions universitaires, les cadeaux d'\u00e9v\u00e9nements et les campagnes de marketing. D'apr\u00e8s les images du produit, chaque set peut inclure des boissons, des carnets, des stylos, des parapluies, des sacs, des v\u00eatements, des casquettes, des porte-cl\u00e9s et d'autres articles promotionnels pratiques, tous personnalis\u00e9s avec votre logo pour une pr\u00e9sentation coordonn\u00e9e et professionnelle.<\/p>","protected":false},"featured_media":47579,"template":"","meta":{"_gspb_post_css":""},"product_brand":[],"product_cat":[40,15],"product_tag":[],"class_list":{"0":"post-47578","1":"product","2":"type-product","3":"status-publish","4":"has-post-thumbnail","6":"product_cat-corporate-gifts","7":"product_cat-all-promotional-products","9":"first","10":"instock","11":"shipping-taxable","12":"product-type-simple"},"_links":{"self":[{"href":"https:\/\/globalgiftsupplier.com\/fr\/wp-json\/wp\/v2\/product\/47578","targetHints":{"allow":["GET"]}}],"collection":[{"href":"https:\/\/globalgiftsupplier.com\/fr\/wp-json\/wp\/v2\/product"}],"about":[{"href":"https:\/\/globalgiftsupplier.com\/fr\/wp-json\/wp\/v2\/types\/product"}],"wp:featuredmedia":[{"embeddable":true,"href":"https:\/\/globalgiftsupplier.com\/fr\/wp-json\/wp\/v2\/media\/47579"}],"wp:attachment":[{"href":"https:\/\/globalgiftsupplier.com\/fr\/wp-json\/wp\/v2\/media?parent=47578"}],"wp:term":[{"taxonomy":"product_brand","embeddable":true,"href":"https:\/\/globalgiftsupplier.com\/fr\/wp-json\/wp\/v2\/product_brand?post=47578"},{"taxonomy":"product_cat","embeddable":true,"href":"https:\/\/globalgiftsupplier.com\/fr\/wp-json\/wp\/v2\/product_cat?post=47578"},{"taxonomy":"product_tag","embeddable":true,"href":"https:\/\/globalgiftsupplier.com\/fr\/wp-json\/wp\/v2\/product_tag?post=47578"}],"curies":[{"name":"wp","href":"https:\/\/api.w.org\/{rel}","templated":true}]}}