{"id":47571,"date":"2026-03-31T15:58:50","date_gmt":"2026-03-31T15:58:50","guid":{"rendered":"https:\/\/globalgiftsupplier.com\/?post_type=product&#038;p=47571"},"modified":"2026-03-31T15:58:50","modified_gmt":"2026-03-31T15:58:50","slug":"custom-silicone-wristband-with-logo","status":"publish","type":"product","link":"https:\/\/globalgiftsupplier.com\/fr\/product\/custom-silicone-wristband-with-logo\/","title":{"rendered":"Bracelet en silicone personnalis\u00e9 avec logo"},"content":{"rendered":"<p data-start=\"1545\" data-end=\"2038\">Le pr\u00e9sent <strong data-start=\"1576\" data-end=\"1605\">Bracelet en silicone personnalis\u00e9<\/strong> est un produit promotionnel simple mais puissant, con\u00e7u pour <strong data-start=\"1664\" data-end=\"1800\">visibilit\u00e9 de la marque, cadeaux pour des \u00e9v\u00e9nements, campagnes de sensibilisation, esprit d'\u00e9quipe, activit\u00e9s scolaires, programmes de collecte de fonds et marchandises vendues au d\u00e9tail<\/strong>. D'apr\u00e8s les images du produit, ce mod\u00e8le pr\u00e9sente une forme de bandeau \u00e9pur\u00e9e avec <strong data-start=\"1875\" data-end=\"1936\">texte personnalis\u00e9, logo et effets de relief ou d'encastrement de l'illustration<\/strong>, Il s'agit donc d'un choix id\u00e9al pour les organisations qui souhaitent disposer d'un article peu co\u00fbteux avec une visibilit\u00e9 \u00e9lev\u00e9e et r\u00e9p\u00e9t\u00e9e.<\/p>\n<p data-start=\"2040\" data-end=\"2542\">Les bracelets en silicone restent l'un des accessoires promotionnels les plus pratiques car ils sont <strong data-start=\"2134\" data-end=\"2229\">l\u00e9ger, confortable \u00e0 porter, facile \u00e0 distribuer et facile \u00e0 reconna\u00eetre \u00e0 distance<\/strong>. Les gens peuvent les porter lors d'\u00e9v\u00e9nements, d'activit\u00e9s sportives, de programmes scolaires, de courses de charit\u00e9, de campagnes de supporters, de concerts, de promotions dans le commerce de d\u00e9tail et de projets communautaires. Une fois port\u00e9, le bracelet garde le message visible tout au long de la journ\u00e9e, aidant ainsi votre marque, votre slogan ou votre campagne \u00e0 rester visible de mani\u00e8re naturelle et r\u00e9p\u00e9t\u00e9e.<\/p>\n<p data-start=\"2544\" data-end=\"3117\">Les images du produit montrent plusieurs <strong data-start=\"2576\" data-end=\"2605\">combinaisons de couleurs personnalis\u00e9es<\/strong>, Les bracelets sont disponibles en plusieurs couleurs, y compris les bracelets unicolores et les logos ou textes contrast\u00e9s. Le bracelet convient donc \u00e0 de nombreux styles de marquage diff\u00e9rents. Une entreprise peut l'utiliser pour la promotion de son logo, une \u00e9cole peut l'utiliser pour des activit\u00e9s spirituelles, une organisation \u00e0 but non lucratif peut l'utiliser pour des messages de sensibilisation, et un organisateur d'\u00e9v\u00e9nements peut l'utiliser comme un simple objet de participation ou un accessoire d'entr\u00e9e. Comme la surface de la bande peut porter un message court, le nom d'une marque ou un dessin personnalis\u00e9, elle convient tout aussi bien pour <strong data-start=\"3070\" data-end=\"3114\">l'utilisation promotionnelle et la connexion \u00e9motionnelle<\/strong>.<\/p>\n<p data-start=\"3119\" data-end=\"3640\">Un autre avantage important de ce produit est qu'il <strong data-start=\"3170\" data-end=\"3185\">polyvalence<\/strong>. Il peut \u00eatre utilis\u00e9 comme cadeau, comme article de soutien, comme bracelet de campagne ou comme accessoire de vente au d\u00e9tail. Par rapport \u00e0 de nombreux produits \u00e9v\u00e9nementiels uniques en papier ou en plastique, les bracelets en silicone sont plus susceptibles d'\u00eatre conserv\u00e9s et port\u00e9s \u00e0 nouveau. Cela permet de prolonger votre image de marque au-del\u00e0 de l'\u00e9v\u00e9nement ou de la promotion d'origine. Pour les entreprises et les organisations \u00e0 la recherche d'un produit <strong data-start=\"3535\" data-end=\"3603\">forte visibilit\u00e9, production simple et distribution en vrac ais\u00e9e<\/strong>, Il s'agit d'un choix tr\u00e8s fiable.<\/p>\n<p data-start=\"3642\" data-end=\"4099\">Les bracelets pr\u00e9sent\u00e9s dans les images sugg\u00e8rent \u00e9galement diff\u00e9rents <strong data-start=\"3700\" data-end=\"3729\">effets de pr\u00e9sentation de logo<\/strong>, Les bracelets en caoutchouc peuvent \u00eatre personnalis\u00e9s, y compris avec des mod\u00e8les gaufr\u00e9s, d\u00e9boss\u00e9s ou remplis de couleurs. Cela permet au produit d'\u00eatre plus personnalis\u00e9 et plus sp\u00e9cifique \u00e0 la marque au lieu de ressembler \u00e0 un bracelet en caoutchouc g\u00e9n\u00e9rique. Que vous souhaitiez un look audacieux de supporter sportif, un message d'entreprise clair ou un bracelet de campagne avec un court slogan, ce style peut \u00eatre adapt\u00e9 pour correspondre au bon public et au bon ton.<\/p>\n<p data-start=\"4101\" data-end=\"4552\">Les bracelets en silicone \u00e9tant faciles \u00e0 empiler, \u00e0 emballer et \u00e0 distribuer, ils sont particuli\u00e8rement utiles pour <strong data-start=\"4199\" data-end=\"4226\">les promotions \u00e0 grande \u00e9chelle<\/strong>. Ils conviennent parfaitement aux tables d'inscription, aux manifestations de supporters, aux kits de bienvenue dans les \u00e9coles, aux collectes de fonds caritatives, aux programmes de clubs, aux lancements de produits, aux concerts, aux activit\u00e9s religieuses, aux campagnes de sensibilisation et aux cadeaux de caisse des d\u00e9taillants. Ils constituent \u00e9galement une bonne option pour les marques qui souhaitent un article avec un logo. <strong data-start=\"4496\" data-end=\"4549\">faible co\u00fbt de distribution et forte valeur d'utilisation r\u00e9p\u00e9t\u00e9e<\/strong>.<\/p>\n<p data-start=\"4554\" data-end=\"4855\">Si vous avez besoin d'un produit promotionnel simple qui est <strong data-start=\"4603\" data-end=\"4661\">abordable, portable, personnalisable et tr\u00e8s visible<\/strong>, ce bracelet en silicone personnalis\u00e9 est une option intelligente. Il est facile \u00e0 assortir \u00e0 vos couleurs, facile \u00e0 personnaliser avec un message ou un logo, et utile dans de nombreux secteurs d'activit\u00e9 et types d'\u00e9v\u00e9nements.<\/p>\n<p data-start=\"4857\" data-end=\"5549\"><strong data-start=\"4857\" data-end=\"4873\">Caract\u00e9ristiques principales<\/strong><br data-start=\"4873\" data-end=\"4876\" \/>\u2022 <strong data-start=\"4878\" data-end=\"4907\">Bracelet en silicone personnalis\u00e9<\/strong> pour la promotion, la sensibilisation et l'organisation d'\u00e9v\u00e9nements<br data-start=\"4948\" data-end=\"4951\" \/>\u2022 <strong data-start=\"4953\" data-end=\"5009\">Convient \u00e0 la personnalisation de logos, de slogans et de messages<\/strong><br data-start=\"5009\" data-end=\"5012\" \/>\u2022 <strong data-start=\"5014\" data-end=\"5052\">Bandeau simple et confortable<\/strong> pour une utilisation quotidienne<br data-start=\"5067\" data-end=\"5070\" \/>\u2022 <strong data-start=\"5072\" data-end=\"5127\">Disponible en plusieurs couleurs et combinaisons de couleurs<\/strong> sur la base des images<br data-start=\"5147\" data-end=\"5150\" \/>\u2022 <strong data-start=\"5152\" data-end=\"5222\">Bonne visibilit\u00e9 pour les noms de marque, le texte de la campagne et les messages courts<\/strong><br data-start=\"5222\" data-end=\"5225\" \/>\u2022 <strong data-start=\"5227\" data-end=\"5296\">Utile pour les cadeaux, le soutien des fans, les \u00e9v\u00e9nements scolaires et les collectes de fonds.<\/strong><br data-start=\"5296\" data-end=\"5299\" \/>\u2022 <strong data-start=\"5301\" data-end=\"5331\">Facile \u00e0 distribuer en vrac<\/strong> pour les grandes campagnes et les \u00e9v\u00e9nements<br data-start=\"5362\" data-end=\"5365\" \/>\u2022 <strong data-start=\"5367\" data-end=\"5394\">L\u00e9ger et durable<\/strong> pour une utilisation r\u00e9p\u00e9t\u00e9e<br data-start=\"5410\" data-end=\"5413\" \/>\u2022 <strong data-start=\"5415\" data-end=\"5482\">Peut \u00eatre utilis\u00e9 comme marchandise promotionnelle ou comme accessoire de supporter<\/strong><br data-start=\"5482\" data-end=\"5485\" \/>\u2022 <strong data-start=\"5487\" data-end=\"5547\">Un article de marque peu co\u00fbteux avec une valeur d'exposition durable<\/strong><\/p>\n<p data-start=\"5551\" data-end=\"6107\"><strong data-start=\"5551\" data-end=\"5569\">Sp\u00e9cifications<\/strong><br data-start=\"5569\" data-end=\"5572\" \/><strong data-start=\"5572\" data-end=\"5589\">Type de produit :<\/strong> Bracelet en silicone<br data-start=\"5608\" data-end=\"5611\" \/><strong data-start=\"5611\" data-end=\"5621\">Style :<\/strong> Bracelet promotionnel \/ bracelet de sensibilisation \/ bracelet d'\u00e9v\u00e9nement<br data-start=\"5677\" data-end=\"5680\" \/><strong data-start=\"5680\" data-end=\"5693\">Mat\u00e9riau :<\/strong> Silicone<br data-start=\"5702\" data-end=\"5705\" \/><strong data-start=\"5705\" data-end=\"5715\">Forme :<\/strong> Bracelet \u00e0 boucle ferm\u00e9e<br data-start=\"5737\" data-end=\"5740\" \/><strong data-start=\"5740\" data-end=\"5755\">Style du logo :<\/strong> Texte personnalis\u00e9, logo, slogan, effet de gaufrage ou de d\u00e9bossage montr\u00e9 dans les images<br data-start=\"5838\" data-end=\"5841\" \/><strong data-start=\"5841\" data-end=\"5857\">Style de couleur :<\/strong> Options de couleurs unicolores et bicolores pr\u00e9sent\u00e9es dans les images du produit<br data-start=\"5921\" data-end=\"5924\" \/><strong data-start=\"5924\" data-end=\"5932\">Utiliser :<\/strong> \u00c9v\u00e9nements, campagnes de sensibilisation, \u00e9coles, soutien sportif, clubs, collecte de fonds, cadeaux, produits de d\u00e9tail<br data-start=\"6036\" data-end=\"6039\" \/><strong data-start=\"6039\" data-end=\"6049\">Th\u00e8me :<\/strong> Promotions, image de marque, v\u00eatements de supporters, accessoires pour \u00e9v\u00e9nements<\/p>\n<p data-start=\"6109\" data-end=\"6571\"><strong data-start=\"6109\" data-end=\"6136\">Pourquoi choisir ce produit ?<\/strong><br data-start=\"6136\" data-end=\"6139\" \/>Ce produit offre un bon \u00e9quilibre entre <strong data-start=\"6179\" data-end=\"6251\">faible co\u00fbt, grande visibilit\u00e9, personnalisation facile et valeur d'usure r\u00e9p\u00e9t\u00e9e<\/strong>. Contrairement aux documents imprim\u00e9s une seule fois, un bracelet en silicone peut continuer \u00e0 \u00eatre port\u00e9 apr\u00e8s l'\u00e9v\u00e9nement initial, ce qui permet \u00e0 votre logo ou \u00e0 votre message de rester visible plus longtemps. Il est id\u00e9al pour les entreprises, les \u00e9coles, les clubs, les organisations caritatives et les organisateurs d'\u00e9v\u00e9nements qui souhaitent disposer d'un article promotionnel pratique, tr\u00e8s attrayant et facile \u00e0 distribuer.<\/p>\n<p data-start=\"6573\" data-end=\"6864\"><strong data-start=\"6573\" data-end=\"6586\">Id\u00e9al pour<\/strong><br data-start=\"6586\" data-end=\"6589\" \/>- Campagnes de sensibilisation<br data-start=\"6610\" data-end=\"6613\" \/>- Manifestations de collecte de fonds \u00e0 des fins caritatives<br data-start=\"6641\" data-end=\"6644\" \/>- Activit\u00e9s \u00e0 l'\u00e9cole et sur le campus<br data-start=\"6674\" data-end=\"6677\" \/>- Esprit d'\u00e9quipe et soutien des supporters<br data-start=\"6706\" data-end=\"6709\" \/>- Concerts et festivals<br data-start=\"6733\" data-end=\"6736\" \/>- Programmes de l'\u00e9glise et de la communaut\u00e9<br data-start=\"6767\" data-end=\"6770\" \/>- Promotions sportives<br data-start=\"6789\" data-end=\"6792\" \/>- Articles relatifs \u00e0 l'adh\u00e9sion \u00e0 un club<br data-start=\"6815\" data-end=\"6818\" \/>- Accessoires de vente au d\u00e9tail<br data-start=\"6838\" data-end=\"6841\" \/>- Cadeaux d'entreprise<\/p>\n<p data-start=\"6866\" data-end=\"6875\"><strong data-start=\"6866\" data-end=\"6873\">FAQ<\/strong><\/p>\n<p data-start=\"6877\" data-end=\"7040\"><strong data-start=\"6877\" data-end=\"6926\">Ce bracelet peut-il \u00eatre personnalis\u00e9 avec un logo ?<\/strong><br data-start=\"6926\" data-end=\"6929\" \/>Oui, le bracelet peut \u00eatre personnalis\u00e9 avec <strong data-start=\"6971\" data-end=\"7037\">votre logo, votre marque, votre slogan, votre message de campagne ou un texte court<\/strong>.<\/p>\n<p data-start=\"7042\" data-end=\"7194\"><strong data-start=\"7042\" data-end=\"7088\">En quel mat\u00e9riau ce bracelet est-il fabriqu\u00e9 ?<\/strong><br data-start=\"7088\" data-end=\"7091\" \/>Il se pr\u00e9sente comme un <strong data-start=\"7112\" data-end=\"7134\">bracelet en silicone<\/strong>, L'utilisation d'une ceinture de s\u00e9curit\u00e9 est possible gr\u00e2ce \u00e0 l'utilisation d'une ceinture de s\u00e9curit\u00e9, qui est souple, flexible et adapt\u00e9e \u00e0 une utilisation r\u00e9p\u00e9t\u00e9e.<\/p>\n<p data-start=\"7196\" data-end=\"7386\"><strong data-start=\"7196\" data-end=\"7230\">Puis-je choisir des couleurs diff\u00e9rentes ?<\/strong><br data-start=\"7230\" data-end=\"7233\" \/>Oui, les images du produit montrent <strong data-start=\"7262\" data-end=\"7323\">plusieurs options de couleurs et des combinaisons de couleurs contrast\u00e9es<\/strong>, Il est donc facile d'harmoniser les diff\u00e9rents styles de campagne ou de marque.<\/p>\n<p data-start=\"7388\" data-end=\"7595\"><strong data-start=\"7388\" data-end=\"7429\">Est-ce un bon produit pour les cadeaux ?<\/strong><br data-start=\"7429\" data-end=\"7432\" \/>Oui, les bracelets en silicone sont l'un des produits les plus populaires. <strong data-start=\"7485\" data-end=\"7512\">des cadeaux peu co\u00fbteux<\/strong> parce qu'ils sont l\u00e9gers, visibles et faciles \u00e0 distribuer en grandes quantit\u00e9s.<\/p>\n<p data-start=\"7597\" data-end=\"7771\"><strong data-start=\"7597\" data-end=\"7650\">Ce produit peut-il \u00eatre utilis\u00e9 pour des campagnes de sensibilisation ?<\/strong><br data-start=\"7650\" data-end=\"7653\" \/>Oui, il s'agit d'une solution id\u00e9ale pour <strong data-start=\"7681\" data-end=\"7768\">les campagnes de sensibilisation, la collecte de fonds, les messages destin\u00e9s aux sympathisants et les promotions li\u00e9es \u00e0 une cause.<\/strong>.<\/p>\n<p data-start=\"7773\" data-end=\"7929\"><strong data-start=\"7773\" data-end=\"7816\">Les \u00e9coles et les clubs peuvent-ils utiliser ce produit ?<\/strong><br data-start=\"7816\" data-end=\"7819\" \/>Oui, il fonctionne tr\u00e8s bien pour <strong data-start=\"7847\" data-end=\"7926\">les \u00e9coles, les clubs, les \u00e9quipes, les \u00e9v\u00e9nements pour la jeunesse, les campagnes de sensibilisation et les programmes pour les \u00e9tudiants<\/strong>.<\/p>\n<p data-start=\"7931\" data-end=\"8171\"><strong data-start=\"7931\" data-end=\"7973\">Le logo doit-il \u00eatre imprim\u00e9 uniquement ?<\/strong><br data-start=\"7973\" data-end=\"7976\" \/>Pas n\u00e9cessairement. D'apr\u00e8s les images du produit, les bracelets peuvent \u00eatre pr\u00e9sent\u00e9s avec <strong data-start=\"8059\" data-end=\"8085\">diff\u00e9rents effets de logo<\/strong>, La personnalisation de l'image de marque de l'entreprise, y compris les styles qui ressemblent \u00e0 un gaufrage, \u00e0 un d\u00e9bossage ou \u00e0 une personnalisation par remplissage de couleur.<\/p>\n<p data-start=\"8173\" data-end=\"8364\"><strong data-start=\"8173\" data-end=\"8217\">Ce produit est-il adapt\u00e9 \u00e0 la vente au d\u00e9tail ?<\/strong><br data-start=\"8217\" data-end=\"8220\" \/>Oui. En plus des cadeaux, il peut \u00e9galement servir d'outil de promotion. <strong data-start=\"8273\" data-end=\"8301\">simple accessoire de marque<\/strong> pour la vente au d\u00e9tail, les marchandises des supporters et les souvenirs de l'\u00e9v\u00e9nement.<\/p>\n<p data-start=\"8366\" data-end=\"8571\"><strong data-start=\"8366\" data-end=\"8409\">Pourquoi est-ce un bon produit promotionnel ?<\/strong><br data-start=\"8409\" data-end=\"8412\" \/>Parce que c'est <strong data-start=\"8426\" data-end=\"8495\">portables, faciles \u00e0 distribuer, abordables et susceptibles d'\u00eatre r\u00e9utilis\u00e9s<\/strong>, Il permet \u00e0 votre marque ou \u00e0 votre message de b\u00e9n\u00e9ficier d'une visibilit\u00e9 r\u00e9p\u00e9t\u00e9e apr\u00e8s la fin de l'\u00e9v\u00e9nement.<\/p>","protected":false},"excerpt":{"rendered":"<p>Ce bracelet en silicone personnalis\u00e9 est un produit promotionnel simple, abordable et tr\u00e8s visible, con\u00e7u pour les \u00e9v\u00e9nements, les campagnes de sensibilisation, le soutien aux \u00e9quipes, les collectes de fonds et les cadeaux de marque. Disponible en plusieurs couleurs avec des options de logo, de texte et de message personnalis\u00e9s, c'est un bracelet pratique pour les \u00e9coles, les clubs, les associations caritatives, les \u00e9v\u00e9nements sportifs, les marchandises au d\u00e9tail et les promotions d'entreprise.<\/p>","protected":false},"featured_media":47572,"template":"","meta":{"_gspb_post_css":""},"product_brand":[],"product_cat":[35],"product_tag":[],"class_list":{"0":"post-47571","1":"product","2":"type-product","3":"status-publish","4":"has-post-thumbnail","6":"product_cat-tradeshow-events","8":"first","9":"instock","10":"shipping-taxable","11":"product-type-simple"},"_links":{"self":[{"href":"https:\/\/globalgiftsupplier.com\/fr\/wp-json\/wp\/v2\/product\/47571","targetHints":{"allow":["GET"]}}],"collection":[{"href":"https:\/\/globalgiftsupplier.com\/fr\/wp-json\/wp\/v2\/product"}],"about":[{"href":"https:\/\/globalgiftsupplier.com\/fr\/wp-json\/wp\/v2\/types\/product"}],"wp:featuredmedia":[{"embeddable":true,"href":"https:\/\/globalgiftsupplier.com\/fr\/wp-json\/wp\/v2\/media\/47572"}],"wp:attachment":[{"href":"https:\/\/globalgiftsupplier.com\/fr\/wp-json\/wp\/v2\/media?parent=47571"}],"wp:term":[{"taxonomy":"product_brand","embeddable":true,"href":"https:\/\/globalgiftsupplier.com\/fr\/wp-json\/wp\/v2\/product_brand?post=47571"},{"taxonomy":"product_cat","embeddable":true,"href":"https:\/\/globalgiftsupplier.com\/fr\/wp-json\/wp\/v2\/product_cat?post=47571"},{"taxonomy":"product_tag","embeddable":true,"href":"https:\/\/globalgiftsupplier.com\/fr\/wp-json\/wp\/v2\/product_tag?post=47571"}],"curies":[{"name":"wp","href":"https:\/\/api.w.org\/{rel}","templated":true}]}}