{"id":47564,"date":"2026-03-31T15:56:09","date_gmt":"2026-03-31T15:56:09","guid":{"rendered":"https:\/\/globalgiftsupplier.com\/?post_type=product&#038;p=47564"},"modified":"2026-03-31T15:56:09","modified_gmt":"2026-03-31T15:56:09","slug":"custom-printed-breakaway-lanyard-with-id-badge-holder","status":"publish","type":"product","link":"https:\/\/globalgiftsupplier.com\/fr\/product\/custom-printed-breakaway-lanyard-with-id-badge-holder\/","title":{"rendered":"Lanyard \u00e0 rupture imprim\u00e9 avec porte-badge d'identification"},"content":{"rendered":"<p data-start=\"1678\" data-end=\"2260\">Le pr\u00e9sent <strong data-start=\"1709\" data-end=\"1766\">lanyard \u00e0 rupture imprim\u00e9 personnalis\u00e9 avec porte-badge d'identification<\/strong> est un produit de marquage pratique, color\u00e9 et tr\u00e8s visible, con\u00e7u pour les entreprises du secteur de la sant\u00e9. <strong data-start=\"1842\" data-end=\"1958\">l'identification du personnel, les cartes scolaires, les laissez-passer pour les manifestations, les cartes d'acc\u00e8s aux bureaux, les badges pour les visiteurs et les campagnes promotionnelles.<\/strong>. D'apr\u00e8s les images du produit, ce style associe une <strong data-start=\"2011\" data-end=\"2049\">sangle de lani\u00e8re en polyester color\u00e9<\/strong>, a <strong data-start=\"2053\" data-end=\"2080\">boucle de s\u00e9curit\u00e9<\/strong>, a <strong data-start=\"2084\" data-end=\"2109\">crochet m\u00e9tallique<\/strong>, et un <strong data-start=\"2117\" data-end=\"2152\">option de porte-badge d'identification assorti<\/strong>, Il s'agit donc d'un choix judicieux pour les organisations qui ont besoin \u00e0 la fois d'une fonctionnalit\u00e9 quotidienne et d'une exposition personnalis\u00e9e de leur logo.<\/p>\n<p data-start=\"2262\" data-end=\"2693\">Un bon cordon est plus qu'un simple tour de cou. C'est un objet que les gens portent tous les jours dans les bureaux, les campus, les h\u00f4pitaux, les expositions, les magasins et les grands \u00e9v\u00e9nements. Parce qu'il reste visible pendant qu'on l'utilise, il devient un outil de marquage simple mais efficace. Ce produit est particuli\u00e8rement adapt\u00e9 aux entreprises et aux organisations qui souhaitent un article promotionnel r\u00e9ellement utilisable au quotidien, et non un objet distribu\u00e9 une seule fois et oubli\u00e9.<\/p>\n<p data-start=\"2695\" data-end=\"3206\">Les images montrent une grande vari\u00e9t\u00e9 de <strong data-start=\"2729\" data-end=\"2754\">styles imprim\u00e9s sur mesure<\/strong>, La gamme de produits comprend des lani\u00e8res avec logo en couleur unie, des motifs multicolores brillants, des th\u00e8mes graphiques ludiques, des motifs floraux, des smileys et des ic\u00f4nes, ainsi que des lani\u00e8res imprim\u00e9es de style professionnel. Cela signifie que ce produit peut \u00eatre adapt\u00e9 \u00e0 diff\u00e9rents publics et \u00e0 diff\u00e9rents secteurs d'activit\u00e9. Vous pouvez le positionner pour <strong data-start=\"3035\" data-end=\"3203\">\u00e9v\u00e9nements d'entreprise, programmes scolaires, syst\u00e8mes de gestion des visiteurs, int\u00e9gration du personnel, kits d'inscription aux conf\u00e9rences, produits d\u00e9riv\u00e9s pour les supporters, \u00e9v\u00e9nements pour les jeunes et paquets cadeaux de marque.<\/strong>.<\/p>\n<p data-start=\"3208\" data-end=\"3651\">L'une des caract\u00e9ristiques les plus importantes est la <strong data-start=\"3250\" data-end=\"3270\">boucle cassante<\/strong>. Cette conception ajoute de la commodit\u00e9 et de la flexibilit\u00e9 au port quotidien en permettant \u00e0 la lani\u00e8re de se d\u00e9tacher plus facilement lorsque c'est n\u00e9cessaire. Il s'agit donc d'une option plus confortable et plus pratique pour les lieux de travail, les \u00e9coles et les \u00e9v\u00e9nements o\u00f9 les personnes peuvent porter leur longe pendant plusieurs heures d'affil\u00e9e. Il conf\u00e8re \u00e9galement au produit un aspect plus complet et plus professionnel par rapport aux lani\u00e8res standard tr\u00e8s basiques.<\/p>\n<p data-start=\"3653\" data-end=\"4166\">Les <strong data-start=\"3657\" data-end=\"3672\">fermoir en m\u00e9tal<\/strong> \u00e0 l'extr\u00e9mit\u00e9 de la sangle offre une connexion s\u00e9curis\u00e9e pour les porte-badges, les cartes d'identit\u00e9, les cartes d'acc\u00e8s, les cl\u00e9s et d'autres objets l\u00e9gers. Les mod\u00e8les de porte-badges pr\u00e9sent\u00e9s dans les images rendent le produit encore plus utile pour les besoins r\u00e9els d'identification. Au lieu de vendre uniquement une lani\u00e8re, vous pouvez la pr\u00e9senter comme un produit plus complet. <strong data-start=\"3995\" data-end=\"4025\">Solution de transport de badges d'identification<\/strong>. Cela permet d'augmenter la valeur du produit pour les \u00e9coles, les bureaux, les foires commerciales, les expositions, les bureaux d'enregistrement des visiteurs et les organisateurs d'\u00e9v\u00e9nements.<\/p>\n<p data-start=\"4168\" data-end=\"4668\">Les <strong data-start=\"4172\" data-end=\"4194\">Mati\u00e8re polyester<\/strong> donne au bracelet une surface lisse qui se pr\u00eate bien \u00e0 l'impression personnalis\u00e9e et \u00e0 une utilisation r\u00e9p\u00e9t\u00e9e. Il est l\u00e9ger, agr\u00e9able \u00e0 porter et convient \u00e0 la production de grandes quantit\u00e9s. Le polyester est l'un des mat\u00e9riaux les plus pratiques pour les lani\u00e8res, car il offre un bon \u00e9quilibre entre la clart\u00e9 des couleurs, la durabilit\u00e9, la flexibilit\u00e9 et la rentabilit\u00e9. Pour une utilisation promotionnelle, cela est particuli\u00e8rement important car les acheteurs veulent souvent un article qui soit beau, qui s'imprime proprement et qui reste pratique \u00e0 l'\u00e9chelle.<\/p>\n<p data-start=\"4670\" data-end=\"5168\">Un autre point fort est la <strong data-start=\"4698\" data-end=\"4720\">flexibilit\u00e9 visuelle<\/strong> pr\u00e9sent\u00e9s dans les photos. Certaines versions sont \u00e9pur\u00e9es et simples, tandis que d'autres sont lumineuses et expressives. Cela signifie que le m\u00eame type de produit peut convenir \u00e0 une conf\u00e9rence professionnelle s\u00e9rieuse, \u00e0 un programme d'identification scolaire, \u00e0 un syst\u00e8me de badge d'h\u00f4pital, \u00e0 une campagne de marketing \u00e0 th\u00e8me ou \u00e0 une ligne d'accessoires de vente au d\u00e9tail plus ludique. La possibilit\u00e9 d'assortir la couleur de la lani\u00e8re, la couleur du support, le th\u00e8me d'impression et le style du logo fait de ce lanyard un produit personnalis\u00e9 solide pour de nombreuses identit\u00e9s de marque diff\u00e9rentes.<\/p>\n<p data-start=\"5170\" data-end=\"5591\">Comme les utilisateurs conservent souvent leurs badges ou leurs cartes d'acc\u00e8s sur le m\u00eame cordon jour apr\u00e8s jour, ce produit permet d'obtenir les r\u00e9sultats suivants <strong data-start=\"5286\" data-end=\"5315\">visibilit\u00e9 \u00e0 long terme du logo<\/strong>. Il continue \u00e0 fonctionner comme un article de marque apr\u00e8s la fin de l'\u00e9v\u00e9nement ou de la campagne d'origine. Pour les entreprises, les \u00e9coles et les institutions qui ont besoin d'un produit personnalis\u00e9 abordable mais utile, ce lanyard offre un bon \u00e9quilibre entre <strong data-start=\"5537\" data-end=\"5588\">visibilit\u00e9, utilit\u00e9, confort et personnalisation<\/strong>.<\/p>\n<p data-start=\"5593\" data-end=\"6322\"><strong data-start=\"5593\" data-end=\"5609\">Caract\u00e9ristiques principales<\/strong><br data-start=\"5609\" data-end=\"5612\" \/>\u2022 <strong data-start=\"5614\" data-end=\"5650\">Lanyard \u00e0 rupture imprim\u00e9 sur mesure<\/strong> pour l'identification quotidienne et l'utilisation promotionnelle<br data-start=\"5695\" data-end=\"5698\" \/>\u2022 <strong data-start=\"5700\" data-end=\"5724\">Courroie en polyester souple<\/strong> convient \u00e0 l'impression en quadrichromie et au marquage de logos<br data-start=\"5775\" data-end=\"5778\" \/>\u2022 <strong data-start=\"5780\" data-end=\"5807\">Boucle de s\u00e9curit\u00e9<\/strong> pour plus de confort et de commodit\u00e9<br data-start=\"5841\" data-end=\"5844\" \/>\u2022 <strong data-start=\"5846\" data-end=\"5875\">Crochet en m\u00e9tal \/ fermoir pivotant<\/strong> pour une fixation s\u00fbre<br data-start=\"5897\" data-end=\"5900\" \/>\u2022 <strong data-start=\"5902\" data-end=\"5941\">Peut \u00eatre associ\u00e9 \u00e0 des porte-badges d'identification<\/strong> comme indiqu\u00e9 dans les images du produit<br data-start=\"5972\" data-end=\"5975\" \/>\u2022 <strong data-start=\"5977\" data-end=\"6058\">Convient pour les cartes d'identit\u00e9 du personnel, les cartes de visiteur, les cartes scolaires et les cartes d'acc\u00e8s aux bureaux.<\/strong><br data-start=\"6058\" data-end=\"6061\" \/>\u2022 <strong data-start=\"6063\" data-end=\"6124\">Disponible en couleur unie, avec logo ou avec des graphiques \u00e0 th\u00e8me.<\/strong><br data-start=\"6124\" data-end=\"6127\" \/>\u2022 <strong data-start=\"6129\" data-end=\"6177\">L\u00e9ger et confortable pour une utilisation tout au long de la journ\u00e9e<\/strong><br data-start=\"6177\" data-end=\"6180\" \/>\u2022 <strong data-start=\"6182\" data-end=\"6217\">Excellent pour la distribution en vrac<\/strong> lors de conf\u00e9rences, d'\u00e9v\u00e9nements et dans les \u00e9coles<br data-start=\"6253\" data-end=\"6256\" \/>\u2022 <strong data-start=\"6258\" data-end=\"6288\">Objet promotionnel pratique<\/strong> avec une visibilit\u00e9 \u00e0 long terme de la marque<\/p>\n<p data-start=\"6324\" data-end=\"7016\"><strong data-start=\"6324\" data-end=\"6342\">Sp\u00e9cifications<\/strong><br data-start=\"6342\" data-end=\"6345\" \/>Type de produit : Lanyard \u00e0 rupture imprim\u00e9 sur mesure avec porte-badge d'identification<br data-start=\"6412\" data-end=\"6415\" \/>Style : Lani\u00e8re de cou \/ lani\u00e8re de badge d'identification \/ lani\u00e8re d'\u00e9v\u00e9nement<br data-start=\"6469\" data-end=\"6472\" \/>Mati\u00e8re : Courroie en polyester<br data-start=\"6497\" data-end=\"6500\" \/>Attache : Fermoir m\u00e9tallique pivotant \/ mousqueton<br data-start=\"6545\" data-end=\"6548\" \/>Dispositif de d\u00e9verrouillage : Boucle de s\u00e9curit\u00e9 cassante<br data-start=\"6588\" data-end=\"6591\" \/>Style du porte-badge : Options de porte-badges assortis pr\u00e9sent\u00e9es dans les images du produit<br data-start=\"6658\" data-end=\"6661\" \/>Style de logo : Impression en couleur, impression de texte, impression d'ic\u00f4nes et dessins personnalis\u00e9s<br data-start=\"6742\" data-end=\"6745\" \/>Style de couleur : Couleurs unies, graphiques en couleur, motifs th\u00e9matiques et dessins personnalis\u00e9s<br data-start=\"6828\" data-end=\"6831\" \/>Utilisation : cartes d'identit\u00e9, badges visiteurs, laissez-passer, cartes de personnel, badges scolaires, cartes d'acc\u00e8s aux bureaux, accessoires l\u00e9gers.<br data-start=\"6942\" data-end=\"6945\" \/>Th\u00e8me : \u00c9v\u00e9nements, conf\u00e9rences, bureaux, \u00e9coles, expositions, promotions<\/p>\n<p data-start=\"7018\" data-end=\"7556\"><strong data-start=\"7018\" data-end=\"7045\">Pourquoi choisir ce produit ?<\/strong><br data-start=\"7045\" data-end=\"7048\" \/>Ce produit offre une combinaison solide de <strong data-start=\"7084\" data-end=\"7151\">visibilit\u00e9 de l'image de marque, praticit\u00e9 au quotidien et souplesse de conception<\/strong>. Par rapport \u00e0 un simple cordon, il vous offre une solution d'identification plus compl\u00e8te en combinant une sangle personnalis\u00e9e, une boucle de s\u00e9curit\u00e9, un fermoir m\u00e9tallique et un porte-badge. Il est adapt\u00e9 aux environnements professionnels et promotionnels, facile \u00e0 personnaliser, facile \u00e0 distribuer et susceptible d'\u00eatre r\u00e9utilis\u00e9 tous les jours. Cette utilisation r\u00e9p\u00e9t\u00e9e permet \u00e0 votre logo de rester visible bien plus longtemps qu'un article offert une seule fois.<\/p>\n<p data-start=\"7558\" data-end=\"7879\"><strong data-start=\"7558\" data-end=\"7571\">Id\u00e9al pour<\/strong><br data-start=\"7571\" data-end=\"7574\" \/>- Identifiants du personnel de bureau<br data-start=\"7592\" data-end=\"7595\" \/>- Programmes de badges pour les \u00e9coles et les campus<br data-start=\"7629\" data-end=\"7632\" \/>- Cartes d'acc\u00e8s \u00e0 la conf\u00e9rence et \u00e0 l'exposition<br data-start=\"7666\" data-end=\"7669\" \/>- Syst\u00e8mes d'enregistrement des visiteurs<br data-start=\"7699\" data-end=\"7702\" \/>- Cadeaux pour les salons professionnels<br data-start=\"7724\" data-end=\"7727\" \/>- Kits d'int\u00e9gration pour les entreprises<br data-start=\"7754\" data-end=\"7757\" \/>- Badges pour le personnel des h\u00f4pitaux et des cliniques<br data-start=\"7791\" data-end=\"7794\" \/>- Programmes de cartes de membre<br data-start=\"7820\" data-end=\"7823\" \/>- Produits d\u00e9riv\u00e9s de la marque de l'\u00e9v\u00e9nement<br data-start=\"7850\" data-end=\"7853\" \/>- Paquets cadeaux promotionnels<\/p>\n<p data-start=\"7881\" data-end=\"7890\"><strong data-start=\"7881\" data-end=\"7888\">FAQ<\/strong><\/p>\n<p data-start=\"7892\" data-end=\"8063\"><strong data-start=\"7892\" data-end=\"7939\">Ce cordon peut-il \u00eatre personnalis\u00e9 avec un logo ?<\/strong><br data-start=\"7939\" data-end=\"7942\" \/>Oui, la sangle en polyester peut \u00eatre personnalis\u00e9e avec <strong data-start=\"7990\" data-end=\"8060\">votre logo, du texte, des illustrations en couleur, des motifs et des graphiques th\u00e9matiques<\/strong>.<\/p>\n<p data-start=\"8065\" data-end=\"8242\"><strong data-start=\"8065\" data-end=\"8111\">Cette longe est-elle \u00e9quip\u00e9e d'une boucle de s\u00e9curit\u00e9 ?<\/strong><br data-start=\"8111\" data-end=\"8114\" \/>Oui, les images du produit montrent un <strong data-start=\"8145\" data-end=\"8172\">boucle de s\u00e9curit\u00e9 s\u00e9cable<\/strong>, Il peut donc \u00eatre port\u00e9 quotidiennement dans les \u00e9coles, les bureaux et lors d'\u00e9v\u00e9nements.<\/p>\n<p data-start=\"8244\" data-end=\"8440\"><strong data-start=\"8244\" data-end=\"8281\">Est-il livr\u00e9 avec un porte-badge ?<\/strong><br data-start=\"8281\" data-end=\"8284\" \/>Les images du produit montrent <strong data-start=\"8308\" data-end=\"8355\">mod\u00e8les de lani\u00e8res associ\u00e9s \u00e0 des porte-badges d'identification<\/strong>, Il peut donc \u00eatre pr\u00e9sent\u00e9 comme un format de cordon qui peut \u00eatre assorti \u00e0 des options de support.<\/p>\n<p data-start=\"8442\" data-end=\"8615\"><strong data-start=\"8442\" data-end=\"8480\">\u00c0 quoi peut servir cette lani\u00e8re ?<\/strong><br data-start=\"8480\" data-end=\"8483\" \/>Il peut \u00eatre utilis\u00e9 pour <strong data-start=\"8502\" data-end=\"8612\">les cartes d'identit\u00e9 du personnel, les badges visiteurs, les cartes scolaires, les cartes d'acc\u00e8s aux bureaux, les laissez-passer pour les \u00e9v\u00e9nements et autres besoins d'identification<\/strong>.<\/p>\n<p data-start=\"8617\" data-end=\"8781\"><strong data-start=\"8617\" data-end=\"8660\">En quel mat\u00e9riau la lani\u00e8re est-elle fabriqu\u00e9e ?<\/strong><br data-start=\"8660\" data-end=\"8663\" \/>Il se pr\u00e9sente comme un <strong data-start=\"8684\" data-end=\"8705\">lani\u00e8re en polyester<\/strong>, qui est l\u00e9ger, lisse, durable et adapt\u00e9 \u00e0 l'impression personnalis\u00e9e.<\/p>\n<p data-start=\"8783\" data-end=\"8936\"><strong data-start=\"8783\" data-end=\"8817\">Comprend-il un fermoir en m\u00e9tal ?<\/strong><br data-start=\"8817\" data-end=\"8820\" \/>Oui. Les images du produit montrent clairement un <strong data-start=\"8859\" data-end=\"8896\">fermoir m\u00e9tallique pivotant \/ mousqueton<\/strong> pour fixer des supports ou des accessoires.<\/p>\n<p data-start=\"8938\" data-end=\"9113\"><strong data-start=\"8938\" data-end=\"8989\">Peut-il \u00eatre utilis\u00e9 pour des conf\u00e9rences et des expositions ?<\/strong><br data-start=\"8989\" data-end=\"8992\" \/>Oui, il est id\u00e9al pour <strong data-start=\"9013\" data-end=\"9110\">l'inscription \u00e0 la conf\u00e9rence, les badges d'exposition, les laissez-passer pour le salon et l'identification du personnel de l'\u00e9v\u00e9nement<\/strong>.<\/p>\n<p data-start=\"9115\" data-end=\"9280\"><strong data-start=\"9115\" data-end=\"9168\">Ce produit convient-il aux \u00e9coles et aux bureaux ?<\/strong><br data-start=\"9168\" data-end=\"9171\" \/>Oui, il convient parfaitement pour <strong data-start=\"9200\" data-end=\"9277\">les cartes de campus, les cartes d'identit\u00e9 du personnel de bureau, les laissez-passer pour les visiteurs et l'utilisation quotidienne des cartes d'acc\u00e8s<\/strong>.<\/p>\n<p data-start=\"9282\" data-end=\"9482\"><strong data-start=\"9282\" data-end=\"9327\">Le cordon peut-il \u00eatre imprim\u00e9 en quadrichromie ?<\/strong><br data-start=\"9327\" data-end=\"9330\" \/>Oui. Les images montrent un large \u00e9ventail de <strong data-start=\"9367\" data-end=\"9397\">dessins imprim\u00e9s en couleur<\/strong>, L'ensemble de la gamme de produits de l'Union europ\u00e9enne comprend des logos, des bandes, des ic\u00f4nes, des motifs d\u00e9coratifs et des \u0153uvres d'art \u00e0 th\u00e8me ludique.<\/p>\n<p data-start=\"9484\" data-end=\"9677\"><strong data-start=\"9484\" data-end=\"9527\">Pourquoi est-ce un bon produit promotionnel ?<\/strong><br data-start=\"9527\" data-end=\"9530\" \/>Parce que c'est <strong data-start=\"9544\" data-end=\"9611\">utiles, portables, faciles \u00e0 personnaliser et souvent r\u00e9utilis\u00e9s tous les jours<\/strong>, Elle offre une visibilit\u00e9 \u00e0 long terme de la marque \u00e0 un co\u00fbt relativement faible.<\/p>","protected":false},"excerpt":{"rendered":"<p>Ce cordon de s\u00e9curit\u00e9 personnalis\u00e9 avec porte-badge est un accessoire promotionnel pratique et attrayant pour les cartes d'employ\u00e9s, les cartes d'\u00e9cole, les badges de visiteurs, les laissez-passer pour les \u00e9v\u00e9nements et l'utilisation au bureau. Dot\u00e9 d'une sangle en polyester souple, d'une impression personnalis\u00e9e en couleur, d'une boucle de s\u00e9curit\u00e9, d'un fermoir en m\u00e9tal et d'un porte-badge assorti en option, il est id\u00e9al pour les conf\u00e9rences, les expositions, les \u00e9coles, les bureaux et les cadeaux de marque.<\/p>","protected":false},"featured_media":47565,"template":"","meta":{"_gspb_post_css":""},"product_brand":[],"product_cat":[35],"product_tag":[],"class_list":{"0":"post-47564","1":"product","2":"type-product","3":"status-publish","4":"has-post-thumbnail","6":"product_cat-tradeshow-events","8":"first","9":"instock","10":"shipping-taxable","11":"product-type-simple"},"_links":{"self":[{"href":"https:\/\/globalgiftsupplier.com\/fr\/wp-json\/wp\/v2\/product\/47564","targetHints":{"allow":["GET"]}}],"collection":[{"href":"https:\/\/globalgiftsupplier.com\/fr\/wp-json\/wp\/v2\/product"}],"about":[{"href":"https:\/\/globalgiftsupplier.com\/fr\/wp-json\/wp\/v2\/types\/product"}],"wp:featuredmedia":[{"embeddable":true,"href":"https:\/\/globalgiftsupplier.com\/fr\/wp-json\/wp\/v2\/media\/47565"}],"wp:attachment":[{"href":"https:\/\/globalgiftsupplier.com\/fr\/wp-json\/wp\/v2\/media?parent=47564"}],"wp:term":[{"taxonomy":"product_brand","embeddable":true,"href":"https:\/\/globalgiftsupplier.com\/fr\/wp-json\/wp\/v2\/product_brand?post=47564"},{"taxonomy":"product_cat","embeddable":true,"href":"https:\/\/globalgiftsupplier.com\/fr\/wp-json\/wp\/v2\/product_cat?post=47564"},{"taxonomy":"product_tag","embeddable":true,"href":"https:\/\/globalgiftsupplier.com\/fr\/wp-json\/wp\/v2\/product_tag?post=47564"}],"curies":[{"name":"wp","href":"https:\/\/api.w.org\/{rel}","templated":true}]}}