{"id":47550,"date":"2026-03-31T15:48:06","date_gmt":"2026-03-31T15:48:06","guid":{"rendered":"https:\/\/globalgiftsupplier.com\/?post_type=product&#038;p=47550"},"modified":"2026-03-31T15:48:06","modified_gmt":"2026-03-31T15:48:06","slug":"custom-printed-polyester-lanyard-with-logo","status":"publish","type":"product","link":"https:\/\/globalgiftsupplier.com\/fr\/product\/custom-printed-polyester-lanyard-with-logo\/","title":{"rendered":"Lani\u00e8re en polyester imprim\u00e9e sur mesure avec logo"},"content":{"rendered":"<p data-start=\"1517\" data-end=\"2033\">Le pr\u00e9sent <strong data-start=\"1548\" data-end=\"1584\">lani\u00e8re en polyester imprim\u00e9e sur mesure<\/strong> est un produit promotionnel pratique, tr\u00e8s visible et facile \u00e0 personnaliser, con\u00e7u pour <strong data-start=\"1672\" data-end=\"1781\">\u00e9v\u00e9nements, conf\u00e9rences, \u00e9coles, bureaux, expositions, laissez-passer pour les visiteurs, badges pour le personnel et articles de marque<\/strong>. D'apr\u00e8s les images du produit, ce style pr\u00e9sente un <strong data-start=\"1834\" data-end=\"1860\">sangle en polyester lisse<\/strong>, <strong data-start=\"1862\" data-end=\"1890\">impression du logo en couleur<\/strong>, et <strong data-start=\"1896\" data-end=\"1940\">plusieurs options de fixation et de mat\u00e9riel<\/strong>, Il s'agit donc d'un choix polyvalent, tant pour l'identification quotidienne que pour les campagnes promotionnelles.<\/p>\n<p data-start=\"2035\" data-end=\"2474\">Un cordon est l'un des produits de marque les plus utiles, car les gens le portent, le transportent et le r\u00e9utilisent. Qu'il soit attach\u00e9 \u00e0 un <strong data-start=\"2168\" data-end=\"2243\">Porte-identit\u00e9, enrouleur de badge, carte d'acc\u00e8s, cl\u00e9s, cl\u00e9 USB ou accessoire lumineux<\/strong>, Gr\u00e2ce \u00e0 ce produit, votre marque reste visible dans les bureaux, les campus, les salles d'\u00e9v\u00e9nements, les espaces de vente au d\u00e9tail et les environnements publics. Cette visibilit\u00e9 quotidienne en fait une option de choix pour les entreprises qui souhaitent b\u00e9n\u00e9ficier d'une visibilit\u00e9 \u00e0 long terme avec un article promotionnel peu encombrant.<\/p>\n<p data-start=\"2476\" data-end=\"3061\">Les images des produits montrent une large gamme de <strong data-start=\"2516\" data-end=\"2569\">mod\u00e8les de lani\u00e8res imprim\u00e9es en couleur unie et en quadrichromie<\/strong>, Le produit peut \u00eatre utilis\u00e9 pour des mises en page de marques simples et \u00e9pur\u00e9es ou pour des versions plus d\u00e9coratives avec des rayures, des motifs, des logos, des ic\u00f4nes et des \u00e9l\u00e9ments graphiques r\u00e9p\u00e9t\u00e9s. Cela signifie que le produit peut prendre en charge \u00e0 la fois <strong data-start=\"2740\" data-end=\"2775\">l'image de marque professionnelle<\/strong> et des conceptions plus cr\u00e9atives pour les <strong data-start=\"2806\" data-end=\"2894\">les \u00e9coles, les festivals, les clubs, les campagnes, les produits d\u00e9riv\u00e9s pour les supporters et les promotions destin\u00e9es aux jeunes<\/strong>. Si vous souhaitez une image professionnelle nette, un simple logo imprim\u00e9 convient parfaitement. Si vous souhaitez un design plus accrocheur, des motifs en couleur peuvent cr\u00e9er un effet visuel plus fort.<\/p>\n<p data-start=\"3063\" data-end=\"3698\">Un autre avantage important de ce produit est qu'il <strong data-start=\"3111\" data-end=\"3147\">configuration flexible des accessoires<\/strong>. Les images montrent diff\u00e9rentes combinaisons d'accessoires, notamment <strong data-start=\"3210\" data-end=\"3358\">fermoirs m\u00e9talliques \u00e0 \u00e9merillon, pinces bulldog, boucles d\u00e9tachables, boucles en plastique \u00e0 rupture, sertissages m\u00e9talliques, couplages d'enrouleurs de badges, et diff\u00e9rents accessoires d'extr\u00e9mit\u00e9<\/strong>. Ce cordon convient donc \u00e0 un large \u00e9ventail d'utilisations, depuis les cartes d'identit\u00e9 standard des employ\u00e9s jusqu'aux documents d'inscription aux conf\u00e9rences, en passant par les cartes scolaires, les cartes de membre, les laissez-passer pour les m\u00e9dias et m\u00eame les tours de cou de marque pour les accessoires l\u00e9gers. Au lieu d'offrir un seul style de base, ce produit peut \u00eatre adapt\u00e9 \u00e0 diff\u00e9rents \u00e9v\u00e9nements et besoins sur le lieu de travail.<\/p>\n<p data-start=\"3700\" data-end=\"4184\">Les <strong data-start=\"3704\" data-end=\"3726\">Mati\u00e8re polyester<\/strong> donne \u00e0 la lani\u00e8re une sensation de douceur, de durabilit\u00e9 et de l\u00e9g\u00e8ret\u00e9 qui convient parfaitement \u00e0 une utilisation r\u00e9p\u00e9t\u00e9e. Il est suffisamment confortable pour \u00eatre port\u00e9 toute la journ\u00e9e tout en offrant une surface solide pour l'impression de logos et de dessins. Les lani\u00e8res en polyester sont particuli\u00e8rement appr\u00e9ci\u00e9es pour les grands \u00e9v\u00e9nements et l'utilisation quotidienne par le personnel, car elles sont rentables, faciles \u00e0 personnaliser et \u00e0 distribuer en vrac. Ils retiennent \u00e9galement bien les couleurs, ce qui permet au design final d'\u00eatre plus pr\u00e9cis et plus professionnel.<\/p>\n<p data-start=\"4186\" data-end=\"4694\">Comme les images montrent de nombreuses options de couleurs et de mises en page imprim\u00e9es, ce produit peut \u00e9galement \u00eatre positionn\u00e9 en tant qu'outil de communication. <strong data-start=\"4291\" data-end=\"4318\">article de marchandise personnalis\u00e9<\/strong>, Le porte-bonheur est non seulement un accessoire fonctionnel pour l'organisation d'\u00e9v\u00e9nements. Il peut \u00eatre utilis\u00e9 dans les packs d'accueil des employ\u00e9s, les kits d'inscription aux \u00e9v\u00e9nements, les cadeaux aux clients, les marques des universit\u00e9s, les courses de charit\u00e9, les programmes d'adh\u00e9sion, les boutiques de mus\u00e9es, les boutiques de cadeaux et les packs d'accueil des visiteurs. Un cordon de marque est simple, mais lorsqu'il est bien con\u00e7u, il devient un objet que les gens gardent et r\u00e9utilisent longtemps apr\u00e8s l'\u00e9v\u00e9nement original.<\/p>\n<p data-start=\"4696\" data-end=\"5017\">Pour les organisations qui recherchent un produit <strong data-start=\"4744\" data-end=\"4802\">abordable, utile, personnalisable et facile \u00e0 distribuer<\/strong>, Ce cordon personnalis\u00e9 en polyester offre un bon \u00e9quilibre entre praticit\u00e9 et valeur promotionnelle. C'est un choix fiable pour les marques qui ont besoin d'une fonction quotidienne, d'un placement visible du logo et d'une grande flexibilit\u00e9 de conception.<\/p>\n<p data-start=\"5019\" data-end=\"5785\"><strong data-start=\"5019\" data-end=\"5035\">Caract\u00e9ristiques principales<\/strong><br data-start=\"5035\" data-end=\"5038\" \/>\u2022 <strong data-start=\"5040\" data-end=\"5076\">Lani\u00e8re en polyester imprim\u00e9e sur mesure<\/strong> pour le marquage et l'utilisation promotionnelle<br data-start=\"5109\" data-end=\"5112\" \/>\u2022 <strong data-start=\"5114\" data-end=\"5140\">Courroie en polyester lisse<\/strong> avec une finition propre et professionnelle<br data-start=\"5174\" data-end=\"5177\" \/>\u2022 <strong data-start=\"5179\" data-end=\"5241\">Convient \u00e0 l'impression de logos en quadrichromie et aux illustrations r\u00e9p\u00e9t\u00e9es<\/strong><br data-start=\"5241\" data-end=\"5244\" \/>\u2022 <strong data-start=\"5246\" data-end=\"5296\">Plusieurs styles d'attachement illustr\u00e9s dans les images<\/strong>, Les fermoirs, les clips et les boucles, y compris les fermoirs pivotants<br data-start=\"5341\" data-end=\"5344\" \/>\u2022 <strong data-start=\"5346\" data-end=\"5409\">Peut \u00eatre associ\u00e9 \u00e0 des porte-badges, des cartes d'identit\u00e9 et des enrouleurs de badges.<\/strong><br data-start=\"5409\" data-end=\"5412\" \/>\u2022 <strong data-start=\"5414\" data-end=\"5506\">Utile pour les badges du personnel, les laissez-passer des visiteurs, les cl\u00e9s, les cartes d'acc\u00e8s et les accessoires l\u00e9gers.<\/strong><br data-start=\"5506\" data-end=\"5509\" \/>\u2022 <strong data-start=\"5511\" data-end=\"5541\">Confortable pour une utilisation quotidienne<\/strong> dans les bureaux, les \u00e9coles et les \u00e9v\u00e9nements<br data-start=\"5573\" data-end=\"5576\" \/>\u2022 <strong data-start=\"5578\" data-end=\"5634\">Disponible en couleurs unies et en motifs imprim\u00e9s personnalis\u00e9s<\/strong><br data-start=\"5634\" data-end=\"5637\" \/>\u2022 <strong data-start=\"5639\" data-end=\"5669\">Facile \u00e0 distribuer en vrac<\/strong> pour les conf\u00e9rences, les expositions et les campagnes<br data-start=\"5713\" data-end=\"5716\" \/>\u2022 <strong data-start=\"5718\" data-end=\"5751\">Produit promotionnel pratique<\/strong> avec une visibilit\u00e9 \u00e0 long terme de la marque<\/p>\n<p data-start=\"5787\" data-end=\"6375\"><strong data-start=\"5787\" data-end=\"5805\">Sp\u00e9cifications<\/strong><br data-start=\"5805\" data-end=\"5808\" \/>Type de produit : Lani\u00e8re en polyester imprim\u00e9e sur mesure<br data-start=\"5854\" data-end=\"5857\" \/>Style : Lani\u00e8re de cou \/ lani\u00e8re d'identification \/ lani\u00e8re d'\u00e9v\u00e9nement<br data-start=\"5905\" data-end=\"5908\" \/>Mati\u00e8re : Polyester<br data-start=\"5927\" data-end=\"5930\" \/>Style du logo : Impression de logo personnalis\u00e9 en couleur et impression de maquette<br data-start=\"5994\" data-end=\"5997\" \/>Options d'attache pr\u00e9sent\u00e9es dans les images : Fermoir m\u00e9tallique pivotant, clip bulldog, boucle d\u00e9tachable, boucle s\u00e9cable, sertissage m\u00e9tallique, couplage d'un enrouleur de badge.<br data-start=\"6135\" data-end=\"6138\" \/>Utilisation : cartes d'identit\u00e9, badges du personnel, cartes de visiteur, cartes d'acc\u00e8s, cl\u00e9s, porte-badges, accessoires l\u00e9gers<br data-start=\"6235\" data-end=\"6238\" \/>Style de couleur : Couleurs unies et motifs imprim\u00e9s personnalis\u00e9s disponibles<br data-start=\"6301\" data-end=\"6304\" \/>Th\u00e8me : \u00c9v\u00e9nements, conf\u00e9rences, bureaux, \u00e9coles, expositions, promotions<\/p>\n<p data-start=\"6377\" data-end=\"6954\"><strong data-start=\"6377\" data-end=\"6404\">Pourquoi choisir ce produit ?<\/strong><br data-start=\"6404\" data-end=\"6407\" \/>Ce produit offre une forte combinaison de <strong data-start=\"6451\" data-end=\"6510\">utilisation pratique, visibilit\u00e9 de la marque et souplesse de conception<\/strong>. Par rapport aux lani\u00e8res standard, il offre plus d'espace pour l'impression personnalis\u00e9e, plus d'options mat\u00e9rielles et plus de possibilit\u00e9s d'adapter le produit \u00e0 diff\u00e9rents publics et campagnes. Il convient tout aussi bien aux \u00e9v\u00e9nements d'entreprise, aux programmes scolaires, \u00e0 l'inscription aux expositions, aux cartes d'acc\u00e8s aux bureaux et aux marchandises promotionnelles. Comme les gens continuent souvent \u00e0 utiliser les lani\u00e8res apr\u00e8s la campagne ou l'\u00e9v\u00e9nement initial, votre logo reste visible au fil du temps.<\/p>\n<p data-start=\"6956\" data-end=\"7277\"><strong data-start=\"6956\" data-end=\"6969\">Id\u00e9al pour<\/strong><br data-start=\"6969\" data-end=\"6972\" \/>- Conf\u00e9rences et expositions<br data-start=\"7001\" data-end=\"7004\" \/>- Cadeaux pour les salons professionnels<br data-start=\"7026\" data-end=\"7029\" \/>- Identification du personnel de bureau<br data-start=\"7058\" data-end=\"7061\" \/>- Cartes d'identit\u00e9 de l'\u00e9cole et du campus<br data-start=\"7089\" data-end=\"7092\" \/>- D\u00e9tenteurs d'un laissez-passer de visiteur<br data-start=\"7114\" data-end=\"7117\" \/>- Programmes d'adh\u00e9sion<br data-start=\"7138\" data-end=\"7141\" \/>- Cadeaux d'entreprise<br data-start=\"7163\" data-end=\"7166\" \/>- Mat\u00e9riel d'inscription \u00e0 l'\u00e9v\u00e9nement<br data-start=\"7196\" data-end=\"7199\" \/>- Badges pour les m\u00e9dias et les exposants<br data-start=\"7227\" data-end=\"7230\" \/>- Marchandises de marque et campagnes promotionnelles<\/p>\n<p data-start=\"7279\" data-end=\"7288\"><strong data-start=\"7279\" data-end=\"7286\">FAQ<\/strong><\/p>\n<p data-start=\"7290\" data-end=\"7470\"><strong data-start=\"7290\" data-end=\"7337\">Ce cordon peut-il \u00eatre personnalis\u00e9 avec un logo ?<\/strong><br data-start=\"7337\" data-end=\"7340\" \/>Oui, la sangle en polyester peut \u00eatre personnalis\u00e9e avec <strong data-start=\"7388\" data-end=\"7467\">l'impression de logos, de textes de marque r\u00e9p\u00e9t\u00e9s, d'ic\u00f4nes, de graphiques et d'illustrations en couleur<\/strong>.<\/p>\n<p data-start=\"7472\" data-end=\"7617\"><strong data-start=\"7472\" data-end=\"7516\">En quel mat\u00e9riau cette lani\u00e8re est-elle fabriqu\u00e9e ?<\/strong><br data-start=\"7516\" data-end=\"7519\" \/>Il est fabriqu\u00e9 \u00e0 partir de <strong data-start=\"7535\" data-end=\"7548\">polyester<\/strong>, qui est l\u00e9ger, durable et adapt\u00e9 \u00e0 l'impression d'une marque.<\/p>\n<p data-start=\"7619\" data-end=\"7794\"><strong data-start=\"7619\" data-end=\"7657\">\u00c0 quoi peut servir cette lani\u00e8re ?<\/strong><br data-start=\"7657\" data-end=\"7660\" \/>Il peut \u00eatre utilis\u00e9 pour <strong data-start=\"7679\" data-end=\"7791\">Cartes d'identit\u00e9, badges du personnel, cartes d'acc\u00e8s, laissez-passer, cl\u00e9s, porte-badges et autres accessoires l\u00e9gers<\/strong>.<\/p>\n<p data-start=\"7796\" data-end=\"8033\"><strong data-start=\"7796\" data-end=\"7842\">Existe-t-il diff\u00e9rents styles d'attachement ?<\/strong><br data-start=\"7842\" data-end=\"7845\" \/>Oui, les images du produit montrent <strong data-start=\"7874\" data-end=\"7920\">plusieurs types d'embouts et d'accessoires<\/strong>, Les badges peuvent \u00eatre utilis\u00e9s dans le cadre d'un programme de formation, y compris les fermoirs m\u00e9talliques, les pinces bulldogs, les boucles d\u00e9tachables, les boucles de rupture et les combinaisons d'enrouleurs de badges.<\/p>\n<p data-start=\"8035\" data-end=\"8226\"><strong data-start=\"8035\" data-end=\"8088\">Peut-on l'utiliser pour des conf\u00e9rences et des salons ?<\/strong><br data-start=\"8088\" data-end=\"8091\" \/>Oui, il est id\u00e9al pour <strong data-start=\"8112\" data-end=\"8223\">l'inscription aux \u00e9v\u00e9nements, les badges pour les salons professionnels, les laissez-passer pour les conf\u00e9rences, les cartes d'exposant et l'identification des visiteurs.<\/strong>.<\/p>\n<p data-start=\"8228\" data-end=\"8403\"><strong data-start=\"8228\" data-end=\"8281\">Ce produit convient-il aux \u00e9coles et aux bureaux ?<\/strong><br data-start=\"8281\" data-end=\"8284\" \/>Oui, il convient largement pour <strong data-start=\"8315\" data-end=\"8400\">les cartes d'identit\u00e9 scolaires, les cartes de bureau, les laissez-passer d'employ\u00e9s, les badges de visiteurs et l'utilisation du contr\u00f4le d'acc\u00e8s<\/strong>.<\/p>\n<p data-start=\"8405\" data-end=\"8592\"><strong data-start=\"8405\" data-end=\"8448\">La sangle peut-elle \u00eatre imprim\u00e9e en quadrichromie ?<\/strong><br data-start=\"8448\" data-end=\"8451\" \/>Oui. D'apr\u00e8s les images, ce produit prend en charge <strong data-start=\"8499\" data-end=\"8529\">dessins imprim\u00e9s en couleur<\/strong>, Le logiciel de gestion de l'information est un outil de gestion de l'information, qui comprend des logos, des bandes, du texte, des ic\u00f4nes et des motifs personnalis\u00e9s.<\/p>\n<p data-start=\"8594\" data-end=\"8824\"><strong data-start=\"8594\" data-end=\"8642\">Pourquoi le polyester est-il un bon choix pour les lani\u00e8res ?<\/strong><br data-start=\"8642\" data-end=\"8645\" \/>Le polyester offre une <strong data-start=\"8664\" data-end=\"8768\">surface lisse pour l'impression, port confortable, construction l\u00e9g\u00e8re et bonne pr\u00e9sentation des couleurs<\/strong>, Ce qui en fait un choix populaire pour les lani\u00e8res promotionnelles.<\/p>\n<p data-start=\"8826\" data-end=\"9016\"><strong data-start=\"8826\" data-end=\"8865\">S'agit-il d'un bon produit promotionnel ?<\/strong><br data-start=\"8865\" data-end=\"8868\" \/>Oui. Il s'agit d'un produit pratique et r\u00e9utilisable que les gens continuent souvent d'utiliser apr\u00e8s l'\u00e9v\u00e9nement initial, ce qui permet de prolonger la dur\u00e9e de vie du produit. <strong data-start=\"8995\" data-end=\"9013\">exposition de la marque<\/strong>.<\/p>","protected":false},"excerpt":{"rendered":"<p>Ce cordon en polyester imprim\u00e9 est un accessoire promotionnel pratique et \u00e0 haute visibilit\u00e9 pour les cartes d'identit\u00e9, les badges, les laissez-passer, les cl\u00e9s et les objets de tous les jours. Dot\u00e9 d'une impression de logo en couleur, de multiples options d'attache et d'une sangle en polyester lisse, il est id\u00e9al pour les conf\u00e9rences, les \u00e9coles, les bureaux, les salons professionnels, les expositions et les cadeaux de marque.<\/p>","protected":false},"featured_media":47551,"template":"","meta":{"_gspb_post_css":""},"product_brand":[],"product_cat":[35],"product_tag":[],"class_list":{"0":"post-47550","1":"product","2":"type-product","3":"status-publish","4":"has-post-thumbnail","6":"product_cat-tradeshow-events","8":"first","9":"instock","10":"shipping-taxable","11":"product-type-simple"},"_links":{"self":[{"href":"https:\/\/globalgiftsupplier.com\/fr\/wp-json\/wp\/v2\/product\/47550","targetHints":{"allow":["GET"]}}],"collection":[{"href":"https:\/\/globalgiftsupplier.com\/fr\/wp-json\/wp\/v2\/product"}],"about":[{"href":"https:\/\/globalgiftsupplier.com\/fr\/wp-json\/wp\/v2\/types\/product"}],"wp:featuredmedia":[{"embeddable":true,"href":"https:\/\/globalgiftsupplier.com\/fr\/wp-json\/wp\/v2\/media\/47551"}],"wp:attachment":[{"href":"https:\/\/globalgiftsupplier.com\/fr\/wp-json\/wp\/v2\/media?parent=47550"}],"wp:term":[{"taxonomy":"product_brand","embeddable":true,"href":"https:\/\/globalgiftsupplier.com\/fr\/wp-json\/wp\/v2\/product_brand?post=47550"},{"taxonomy":"product_cat","embeddable":true,"href":"https:\/\/globalgiftsupplier.com\/fr\/wp-json\/wp\/v2\/product_cat?post=47550"},{"taxonomy":"product_tag","embeddable":true,"href":"https:\/\/globalgiftsupplier.com\/fr\/wp-json\/wp\/v2\/product_tag?post=47550"}],"curies":[{"name":"wp","href":"https:\/\/api.w.org\/{rel}","templated":true}]}}