{"id":47542,"date":"2026-03-31T15:43:24","date_gmt":"2026-03-31T15:43:24","guid":{"rendered":"https:\/\/globalgiftsupplier.com\/?post_type=product&#038;p=47542"},"modified":"2026-03-31T15:43:24","modified_gmt":"2026-03-31T15:43:24","slug":"custom-full-color-lanyard-with-badge-reel-and-id-holder","status":"publish","type":"product","link":"https:\/\/globalgiftsupplier.com\/fr\/product\/custom-full-color-lanyard-with-badge-reel-and-id-holder\/","title":{"rendered":"Lanyard personnalis\u00e9 en couleur avec enrouleur de badge et support de carte d'identit\u00e9"},"content":{"rendered":"<p data-start=\"1660\" data-end=\"2224\">Le pr\u00e9sent <strong data-start=\"1691\" data-end=\"1750\">lani\u00e8re personnalis\u00e9e en couleur avec enrouleur de badge et support d'identification<\/strong> est un accessoire pratique et tr\u00e8s visible con\u00e7u pour <strong data-start=\"1808\" data-end=\"1924\">\u00e9v\u00e9nements, conf\u00e9rences, \u00e9coles, bureaux, expositions, salons, identification du personnel et campagnes promotionnelles<\/strong>. D'apr\u00e8s les images du produit, ce style associe une <strong data-start=\"1977\" data-end=\"1999\">collier imprim\u00e9<\/strong>, <strong data-start=\"2001\" data-end=\"2016\">fermoir en m\u00e9tal<\/strong>, <strong data-start=\"2018\" data-end=\"2047\">boucle de s\u00e9curit\u00e9 optionnelle<\/strong>, <strong data-start=\"2049\" data-end=\"2075\">enrouleur de badge r\u00e9tractable<\/strong>, et <strong data-start=\"2081\" data-end=\"2118\">paire de porte-identit\u00e9s transparents ou encadr\u00e9s<\/strong>, Il s'agit donc d'un choix judicieux pour les organisations qui recherchent \u00e0 la fois une image de marque et une fonction quotidienne dans un seul produit.<\/p>\n<p data-start=\"2226\" data-end=\"2766\">La lani\u00e8re est con\u00e7ue pour tenir <strong data-start=\"2255\" data-end=\"2352\">Cartes d'identit\u00e9, badges pour le personnel, laissez-passer pour les visiteurs, cartes d'acc\u00e8s, bristols et accessoires l\u00e9gers<\/strong> de mani\u00e8re \u00e0 ce qu'il soit facile \u00e0 porter et \u00e0 utiliser. La sangle permet de garder la carte visible et accessible, tandis que l'enrouleur de badge permet de tirer la carte ou le laissez-passer vers l'avant lorsque cela est n\u00e9cessaire pour la scanner, la passer ou l'identifier rapidement. Ce produit est donc particuli\u00e8rement utile sur les lieux de travail, dans les \u00e9coles, lors d'\u00e9v\u00e9nements, dans les h\u00f4pitaux, lors d'expositions et dans tout environnement o\u00f9 les personnes doivent pr\u00e9senter un badge r\u00e9guli\u00e8rement au cours de la journ\u00e9e.<\/p>\n<p data-start=\"2768\" data-end=\"3279\">L'une des caract\u00e9ristiques les plus importantes de ce produit est son <strong data-start=\"2821\" data-end=\"2850\">conception imprim\u00e9e en couleur<\/strong>. Les images pr\u00e9sentent une grande vari\u00e9t\u00e9 de styles visuels, notamment <strong data-start=\"2911\" data-end=\"3047\">des bandes de couleur unie, des bandes multicolores, des graphiques de caract\u00e8re, des dessins g\u00e9om\u00e9triques, des mises en page ax\u00e9es sur le logo et des motifs d\u00e9coratifs personnalis\u00e9s<\/strong>. Cela rend le lanyard plus attrayant qu'une version standard simple et donne aux marques plus de libert\u00e9 pour cr\u00e9er un style qui correspond \u00e0 l'identit\u00e9 de leur entreprise, au th\u00e8me de l'\u00e9v\u00e9nement, aux couleurs de l'\u00e9cole, \u00e0 l'illustration de la campagne ou \u00e0 la conception de l'emballage du produit.<\/p>\n<p data-start=\"3281\" data-end=\"3815\">Les <strong data-start=\"3285\" data-end=\"3311\">enrouleur de badge r\u00e9tractable<\/strong> ajoute une commodit\u00e9 suppl\u00e9mentaire et rend ce mod\u00e8le plus fonctionnel pour un usage quotidien. Au lieu de retirer la carte d'un support ou de tirer le cordon complet du cou, l'utilisateur peut simplement \u00e9tendre l'enrouleur pour scanner ou afficher le badge et le laisser revenir automatiquement. Ceci est particuli\u00e8rement utile pour <strong data-start=\"3603\" data-end=\"3713\">cartes d'acc\u00e8s aux bureaux, cartes d'\u00e9tudiant, cartes d'employ\u00e9, badges d'acc\u00e8s, badges de visiteur et cartes d'identit\u00e9 pour les salons professionnels.<\/strong>. Gr\u00e2ce \u00e0 cette caract\u00e9ristique suppl\u00e9mentaire, le produit offre une valeur pratique sup\u00e9rieure \u00e0 celle d'une simple lani\u00e8re.<\/p>\n<p data-start=\"3817\" data-end=\"4420\">Les images montrent \u00e9galement <strong data-start=\"3838\" data-end=\"3874\">diff\u00e9rentes combinaisons d'accessoires<\/strong>, La gamme de produits comprend des porte-badges, des enrouleurs, des boucles \u00e0 rupture, des boucles \u00e0 d\u00e9gagement rapide, des crochets pivotants et des connecteurs de type sangle de t\u00e9l\u00e9phone. Cela conf\u00e8re au produit une plus grande polyvalence pour diff\u00e9rents types de clients et de sc\u00e9narios d'utilisation. Certains acheteurs peuvent vouloir un simple cordon d'\u00e9v\u00e9nement avec un fermoir, tandis que d'autres peuvent vouloir une solution plus compl\u00e8te de badge de personnel avec un enrouleur et un porte-badge. Cette flexibilit\u00e9 permet au produit d'\u00eatre utilis\u00e9 pour <strong data-start=\"4287\" data-end=\"4417\">cadeaux promotionnels, utilisation interne \u00e0 l'entreprise, programmes d'inscription, \u00e9tablissements d'enseignement et collections d'accessoires de vente au d\u00e9tail<\/strong>.<\/p>\n<p data-start=\"4422\" data-end=\"4928\">Un autre avantage est la <strong data-start=\"4447\" data-end=\"4467\">large gamme de couleurs<\/strong> visible dans les images du produit. Les lani\u00e8res standard de couleur unie sont pr\u00e9sent\u00e9es dans de nombreux tons, et les versions imprim\u00e9es d\u00e9montrent que le produit peut supporter des styles de marque vifs et cr\u00e9atifs. Cela aide les entreprises et les organisations \u00e0 cr\u00e9er des lani\u00e8res plus distinctives qui semblent personnalis\u00e9es plut\u00f4t que g\u00e9n\u00e9riques. Que vous souhaitiez un look professionnel simple, un design \u00e9v\u00e9nementiel amusant ou un lanyard color\u00e9 de type marchandise, ce produit peut prendre en charge un large \u00e9ventail de directions visuelles.<\/p>\n<p data-start=\"4930\" data-end=\"5341\">Comme les lani\u00e8res sont souvent port\u00e9es au quotidien ou attach\u00e9es aux cartes d'identit\u00e9 et aux badges d'acc\u00e8s, elles continuent \u00e0 promouvoir un logo longtemps apr\u00e8s la fin de l'\u00e9v\u00e9nement ou du cadeau initial. C'est pourquoi ce produit est un choix judicieux pour les entreprises qui recherchent <strong data-start=\"5166\" data-end=\"5219\">une visibilit\u00e9 \u00e0 long terme de la marque gr\u00e2ce \u00e0 un article utile<\/strong>. Il est l\u00e9ger, facile \u00e0 distribuer, pratique pour une utilisation dans le monde r\u00e9el et tr\u00e8s adaptable \u00e0 diff\u00e9rents secteurs d'activit\u00e9.<\/p>\n<p data-start=\"5343\" data-end=\"5595\">Pour les entreprises, les \u00e9coles, les organisateurs d'\u00e9v\u00e9nements et les institutions qui ont besoin d'un article de marque \u00e0 la fois visible et fonctionnel, ce mod\u00e8le de lani\u00e8re personnalis\u00e9e offre une combinaison fiable des \u00e9l\u00e9ments suivants <strong data-start=\"5524\" data-end=\"5592\">souplesse de conception, options d'accessoires et praticit\u00e9 au quotidien<\/strong>.<\/p>\n<p data-start=\"5597\" data-end=\"6369\"><strong data-start=\"5597\" data-end=\"5613\">Caract\u00e9ristiques principales<\/strong><br data-start=\"5613\" data-end=\"5616\" \/>\u2022 <strong data-start=\"5618\" data-end=\"5654\">Conception personnalis\u00e9e d'une lani\u00e8re en couleur<\/strong> pour le marquage et l'utilisation promotionnelle<br data-start=\"5687\" data-end=\"5690\" \/>\u2022 <strong data-start=\"5692\" data-end=\"5718\">Enrouleur de badge r\u00e9tractable<\/strong> pour faciliter la lecture et l'affichage des badges<br data-start=\"5754\" data-end=\"5757\" \/>\u2022 <strong data-start=\"5759\" data-end=\"5804\">Appairage du support d'identification illustr\u00e9 dans les images du produit<\/strong> pour les cartes et les laissez-passer<br data-start=\"5825\" data-end=\"5828\" \/>\u2022 <strong data-start=\"5830\" data-end=\"5867\">Fermoir m\u00e9tallique pivotant \/ mousqueton<\/strong> pour une fixation s\u00fbre<br data-start=\"5889\" data-end=\"5892\" \/>\u2022 <strong data-start=\"5894\" data-end=\"5955\">Boucle de s\u00e9curit\u00e9 et boucle \u00e0 d\u00e9gagement rapide en option<\/strong> illustr\u00e9 dans les images<br data-start=\"5971\" data-end=\"5974\" \/>\u2022 <strong data-start=\"5976\" data-end=\"6049\">Convient pour les cartes d'identit\u00e9, les badges du personnel, les laissez-passer des visiteurs et les cartes d'acc\u00e8s.<\/strong><br data-start=\"6049\" data-end=\"6052\" \/>\u2022 <strong data-start=\"6054\" data-end=\"6107\">Impression brillante du logo et d\u00e9coration de la sangle<\/strong> pour un impact visuel fort<br data-start=\"6132\" data-end=\"6135\" \/>\u2022 <strong data-start=\"6137\" data-end=\"6211\">Utile pour les bureaux, les \u00e9coles, les conf\u00e9rences, les salons et les expositions<\/strong><br data-start=\"6211\" data-end=\"6214\" \/>\u2022 <strong data-start=\"6216\" data-end=\"6254\">L\u00e9ger et facile \u00e0 distribuer<\/strong> pour les \u00e9v\u00e9nements et les campagnes<br data-start=\"6279\" data-end=\"6282\" \/>\u2022 <strong data-start=\"6284\" data-end=\"6332\">Plus pratique qu'une longe standard de base<\/strong> en raison des options de bobine et de support<\/p>\n<p data-start=\"6371\" data-end=\"7104\"><strong data-start=\"6371\" data-end=\"6389\">Sp\u00e9cifications<\/strong><br data-start=\"6389\" data-end=\"6392\" \/>Type de produit : Lani\u00e8re imprim\u00e9e personnalis\u00e9e avec enrouleur de badge et support d'identification<br data-start=\"6458\" data-end=\"6461\" \/>Style : Lani\u00e8re de cou \/ lani\u00e8re d'identification \/ lani\u00e8re d'\u00e9v\u00e9nement<br data-start=\"6509\" data-end=\"6512\" \/>Mati\u00e8re : Courroie en tissu avec accessoires en plastique et en m\u00e9tal<br data-start=\"6569\" data-end=\"6572\" \/>Attache : Fermoir m\u00e9tallique pivotant \/ mousqueton<br data-start=\"6617\" data-end=\"6620\" \/>Accessoires optionnels pr\u00e9sent\u00e9s dans les images : Enrouleur de badge r\u00e9tractable, porte-badge transparent, porte-pi\u00e8ce d'identit\u00e9 encadr\u00e9, boucle de s\u00e9curit\u00e9, boucle \u00e0 d\u00e9gagement rapide, connecteur pour sangle de t\u00e9l\u00e9phone.<br data-start=\"6781\" data-end=\"6784\" \/>Style du logo : Logo et illustrations imprim\u00e9s en quadrichromie et sur mesure<br data-start=\"6838\" data-end=\"6841\" \/>Style de couleur : Couleurs unies et motifs personnalis\u00e9s en couleur disponibles<br data-start=\"6907\" data-end=\"6910\" \/>Utilisation : cartes d'identit\u00e9 du personnel, badges de conf\u00e9rence, cartes de visiteur, cartes d'acc\u00e8s, badges scolaires, laissez-passer pour des \u00e9v\u00e9nements, accessoires l\u00e9gers.<br data-start=\"7026\" data-end=\"7029\" \/>Th\u00e8me : \u00c9v\u00e9nements, utilisation par le personnel, utilisation \u00e0 l'\u00e9cole, utilisation au bureau, conf\u00e9rences, promotions<\/p>\n<p data-start=\"7106\" data-end=\"7695\"><strong data-start=\"7106\" data-end=\"7133\">Pourquoi choisir ce produit ?<\/strong><br data-start=\"7133\" data-end=\"7136\" \/>Ce produit offre un bon \u00e9quilibre entre <strong data-start=\"7176\" data-end=\"7247\">visibilit\u00e9 de l'image de marque, utilisation quotidienne pratique et flexibilit\u00e9 des accessoires<\/strong>. Par rapport \u00e0 un simple cordon, il offre plus d'espace d'impression personnalis\u00e9, plus d'options fonctionnelles utiles et plus de commodit\u00e9 au quotidien. L'ajout d'un enrouleur de badge et d'un porte-badge le rend particuli\u00e8rement utile pour les bureaux, les \u00e9coles et les \u00e9v\u00e9nements o\u00f9 l'identification doit \u00eatre montr\u00e9e fr\u00e9quemment. Comme les utilisateurs continuent souvent \u00e0 utiliser les lani\u00e8res apr\u00e8s l'\u00e9v\u00e9nement initial, ce produit peut offrir une exposition plus longue de la marque que beaucoup d'autres articles \u00e0 offrir une seule fois.<\/p>\n<p data-start=\"7697\" data-end=\"8061\"><strong data-start=\"7697\" data-end=\"7710\">Id\u00e9al pour<\/strong><br data-start=\"7710\" data-end=\"7713\" \/>- Badges pour salons et expositions<br data-start=\"7747\" data-end=\"7750\" \/>- Personnel de bureau Programmes d'identification<br data-start=\"7776\" data-end=\"7779\" \/>- Cartes d'\u00e9cole et de campus<br data-start=\"7804\" data-end=\"7807\" \/>- Cartes de visiteurs et cartes d'acc\u00e8s<br data-start=\"7840\" data-end=\"7843\" \/>- Mat\u00e9riel d'inscription \u00e0 la conf\u00e9rence<br data-start=\"7878\" data-end=\"7881\" \/>- Identifiants du personnel de l'h\u00f4pital et de la clinique<br data-start=\"7912\" data-end=\"7915\" \/>- \u00c9v\u00e9nements d'entreprise et cadeaux de marque<br data-start=\"7955\" data-end=\"7958\" \/>- Cartes de membre et programmes des clubs<br data-start=\"7994\" data-end=\"7997\" \/>- Kits d'organisation d'\u00e9v\u00e9nements<br data-start=\"8019\" data-end=\"8022\" \/>- Collections d'articles promotionnels<\/p>\n<p data-start=\"8063\" data-end=\"8072\"><strong data-start=\"8063\" data-end=\"8070\">FAQ<\/strong><\/p>\n<p data-start=\"8074\" data-end=\"8225\"><strong data-start=\"8074\" data-end=\"8121\">Ce cordon peut-il \u00eatre personnalis\u00e9 avec un logo ?<\/strong><br data-start=\"8121\" data-end=\"8124\" \/>Oui, la sangle peut \u00eatre personnalis\u00e9e avec <strong data-start=\"8162\" data-end=\"8222\">l'impression de logos en couleur, de textes de marque et de dessins personnalis\u00e9s<\/strong>.<\/p>\n<p data-start=\"8227\" data-end=\"8439\"><strong data-start=\"8227\" data-end=\"8270\">Ce produit comprend-il un enrouleur de badge ?<\/strong><br data-start=\"8270\" data-end=\"8273\" \/>Les images du produit montrent <strong data-start=\"8297\" data-end=\"8351\">styles de lani\u00e8res associ\u00e9s \u00e0 des enrouleurs de badges r\u00e9tractables<\/strong>, Il peut donc \u00eatre pr\u00e9sent\u00e9 comme un mod\u00e8le de lani\u00e8re compatible avec cette combinaison d'accessoires.<\/p>\n<p data-start=\"8441\" data-end=\"8629\"><strong data-start=\"8441\" data-end=\"8478\">Peut-on l'utiliser avec un support d'identification ?<\/strong><br data-start=\"8478\" data-end=\"8481\" \/>Oui, les images du produit montrent clairement <strong data-start=\"8518\" data-end=\"8556\">Appairage du porte-identit\u00e9 et du porte-badge<\/strong>, Il convient donc aux cartes de personnel, aux badges visiteurs et aux laissez-passer pour les \u00e9v\u00e9nements.<\/p>\n<p data-start=\"8631\" data-end=\"8806\"><strong data-start=\"8631\" data-end=\"8669\">\u00c0 quoi peut servir cette lani\u00e8re ?<\/strong><br data-start=\"8669\" data-end=\"8672\" \/>Il peut \u00eatre utilis\u00e9 pour <strong data-start=\"8691\" data-end=\"8803\">Cartes d'identit\u00e9, badges du personnel, laissez-passer, cartes scolaires, cartes d'acc\u00e8s aux bureaux, cl\u00e9s et accessoires l\u00e9gers<\/strong>.<\/p>\n<p data-start=\"8808\" data-end=\"8924\"><strong data-start=\"8808\" data-end=\"8839\">Est-il muni d'un fermoir en m\u00e9tal ?<\/strong><br data-start=\"8839\" data-end=\"8842\" \/>Oui, les images du produit montrent un <strong data-start=\"8873\" data-end=\"8910\">fermoir m\u00e9tallique pivotant \/ mousqueton<\/strong> l'attachement.<\/p>\n<p data-start=\"8926\" data-end=\"9061\"><strong data-start=\"8926\" data-end=\"8962\">Existe-t-il une boucle de s\u00e9curit\u00e9 ?<\/strong><br data-start=\"8962\" data-end=\"8965\" \/>Oui. Certaines versions pr\u00e9sent\u00e9es dans les images comprennent un <strong data-start=\"9014\" data-end=\"9058\">boucle de s\u00e9curit\u00e9 ou boucle \u00e0 d\u00e9gagement rapide<\/strong>.<\/p>\n<p data-start=\"9063\" data-end=\"9244\"><strong data-start=\"9063\" data-end=\"9106\">La sangle peut-elle \u00eatre imprim\u00e9e en quadrichromie ?<\/strong><br data-start=\"9106\" data-end=\"9109\" \/>Oui, les images du produit montrent <strong data-start=\"9138\" data-end=\"9167\">sangles imprim\u00e9es en couleur<\/strong> avec des rayures, des logos, des motifs, des graphiques de caract\u00e8re et des \u00e9l\u00e9ments d\u00e9coratifs.<\/p>\n<p data-start=\"9246\" data-end=\"9452\"><strong data-start=\"9246\" data-end=\"9291\">Ce produit convient-il aux bureaux et aux \u00e9coles ?<\/strong><br data-start=\"9291\" data-end=\"9294\" \/>Oui, il est particuli\u00e8rement adapt\u00e9 pour <strong data-start=\"9329\" data-end=\"9395\">les cartes d'identit\u00e9 de l'\u00e9cole, les cartes du personnel, les badges des visiteurs et l'utilisation de l'acc\u00e8s aux bureaux<\/strong> car l'enrouleur de badge facilite la pr\u00e9sentation des cartes.<\/p>\n<p data-start=\"9454\" data-end=\"9647\"><strong data-start=\"9454\" data-end=\"9497\">Pourquoi est-ce un bon produit promotionnel ?<\/strong><br data-start=\"9497\" data-end=\"9500\" \/>Parce que c'est <strong data-start=\"9514\" data-end=\"9577\">utiles, portables, faciles \u00e0 marquer et souvent r\u00e9utilis\u00e9s tous les jours<\/strong>, Il permet \u00e0 votre logo d'\u00eatre visible dans des environnements de travail et d'\u00e9v\u00e9nements r\u00e9els.<\/p>\n<p data-start=\"9649\" data-end=\"9811\" data-is-last-node=\"\" data-is-only-node=\"\">","protected":false},"excerpt":{"rendered":"<p>Ce cordon personnalis\u00e9 en couleur avec enrouleur de badge et porte-carte d'identit\u00e9 est un accessoire promotionnel pratique pour les cartes d'identit\u00e9 du personnel, les cartes de visiteurs, les laissez-passer pour les \u00e9v\u00e9nements et l'utilisation au bureau. Dot\u00e9 d'une impression color\u00e9e, d'un fermoir m\u00e9tallique s\u00e9curis\u00e9, d'une boucle de s\u00e9curit\u00e9 optionnelle, d'un enrouleur de badge r\u00e9tractable et d'un porte-cartes, il est id\u00e9al pour les conf\u00e9rences, les \u00e9coles, les expositions, les bureaux et les cadeaux de marque.<\/p>","protected":false},"featured_media":47543,"template":"","meta":{"_gspb_post_css":""},"product_brand":[],"product_cat":[35],"product_tag":[],"class_list":{"0":"post-47542","1":"product","2":"type-product","3":"status-publish","4":"has-post-thumbnail","6":"product_cat-tradeshow-events","8":"first","9":"instock","10":"shipping-taxable","11":"product-type-simple"},"_links":{"self":[{"href":"https:\/\/globalgiftsupplier.com\/fr\/wp-json\/wp\/v2\/product\/47542","targetHints":{"allow":["GET"]}}],"collection":[{"href":"https:\/\/globalgiftsupplier.com\/fr\/wp-json\/wp\/v2\/product"}],"about":[{"href":"https:\/\/globalgiftsupplier.com\/fr\/wp-json\/wp\/v2\/types\/product"}],"wp:featuredmedia":[{"embeddable":true,"href":"https:\/\/globalgiftsupplier.com\/fr\/wp-json\/wp\/v2\/media\/47543"}],"wp:attachment":[{"href":"https:\/\/globalgiftsupplier.com\/fr\/wp-json\/wp\/v2\/media?parent=47542"}],"wp:term":[{"taxonomy":"product_brand","embeddable":true,"href":"https:\/\/globalgiftsupplier.com\/fr\/wp-json\/wp\/v2\/product_brand?post=47542"},{"taxonomy":"product_cat","embeddable":true,"href":"https:\/\/globalgiftsupplier.com\/fr\/wp-json\/wp\/v2\/product_cat?post=47542"},{"taxonomy":"product_tag","embeddable":true,"href":"https:\/\/globalgiftsupplier.com\/fr\/wp-json\/wp\/v2\/product_tag?post=47542"}],"curies":[{"name":"wp","href":"https:\/\/api.w.org\/{rel}","templated":true}]}}