{"id":47535,"date":"2026-03-31T15:39:00","date_gmt":"2026-03-31T15:39:00","guid":{"rendered":"https:\/\/globalgiftsupplier.com\/?post_type=product&#038;p=47535"},"modified":"2026-03-31T15:39:00","modified_gmt":"2026-03-31T15:39:00","slug":"custom-printed-breakaway-lanyard-with-logo","status":"publish","type":"product","link":"https:\/\/globalgiftsupplier.com\/fr\/product\/custom-printed-breakaway-lanyard-with-logo\/","title":{"rendered":"Lanyard \u00e0 rupture imprim\u00e9 avec logo"},"content":{"rendered":"<p data-start=\"1481\" data-end=\"2108\">Le pr\u00e9sent <strong data-start=\"1512\" data-end=\"1548\">lanyard breakaway imprim\u00e9 sur mesure<\/strong> est un accessoire promotionnel pratique et tr\u00e8s visible con\u00e7u pour les <strong data-start=\"1618\" data-end=\"1719\">\u00e9v\u00e9nements, conf\u00e9rences, \u00e9coles, bureaux, expositions, identification du personnel et marchandises de marque<\/strong>. D'apr\u00e8s les images du produit, ce style associe une <strong data-start=\"1772\" data-end=\"1800\">sangle imprim\u00e9e en couleur<\/strong>, a <strong data-start=\"1804\" data-end=\"1832\">boucle de s\u00e9curit\u00e9 en plastique<\/strong>, et un <strong data-start=\"1840\" data-end=\"1862\">fermoir m\u00e9tallique pivotant<\/strong> pour cr\u00e9er un objet utile au quotidien qui offre \u00e9galement une forte visibilit\u00e9 au logo. Il convient parfaitement pour tenir <strong data-start=\"1967\" data-end=\"2057\">Cartes d'identit\u00e9, badges visiteurs, badges nominatifs, cartes d'acc\u00e8s, cl\u00e9s et accessoires l\u00e9gers<\/strong> tout en conservant une image de marque claire et facilement perceptible.<\/p>\n<p data-start=\"2110\" data-end=\"2702\">L'un des principaux avantages de ce produit est qu'il est <strong data-start=\"2165\" data-end=\"2193\">flexibilit\u00e9 de l'impression personnalis\u00e9e<\/strong>. Les images montrent un large \u00e9ventail de mod\u00e8les de bracelets color\u00e9s, notamment <strong data-start=\"2261\" data-end=\"2370\">les couleurs unies, les rayures, les imprim\u00e9s floraux, les graphiques g\u00e9om\u00e9triques, les motifs multicolores et les logos r\u00e9p\u00e9t\u00e9s<\/strong>. Ce produit est donc parfaitement adapt\u00e9 non seulement \u00e0 l'utilisation de base des documents d'identit\u00e9 au bureau, mais aussi \u00e0 l'utilisation des documents d'identit\u00e9 \u00e0 la maison. <strong data-start=\"2455\" data-end=\"2578\">campagnes \u00e9v\u00e9nementielles, programmes scolaires, mat\u00e9riel pour salons professionnels, cartes de membre, marchandises de d\u00e9tail et ensembles de cadeaux promotionnels<\/strong>. Les marques peuvent cr\u00e9er un look simple et \u00e9pur\u00e9 ou un design plus d\u00e9coratif en fonction du public vis\u00e9 et du style de la campagne.<\/p>\n<p data-start=\"2704\" data-end=\"3306\">Les <strong data-start=\"2708\" data-end=\"2728\">boucle cassante<\/strong> ajoute une commodit\u00e9 suppl\u00e9mentaire pour le port quotidien. Il permet de lib\u00e9rer rapidement la lani\u00e8re en cas de besoin, ce qui est utile sur les lieux de travail, dans les \u00e9coles, lors de conf\u00e9rences et dans les environnements actifs o\u00f9 les utilisateurs peuvent souhaiter une solution de tour de cou plus flexible. Le <strong data-start=\"2965\" data-end=\"2987\">fermoir m\u00e9tallique pivotant<\/strong> \u00e0 la base fournit un point de connexion s\u00fbr pour attacher un porte-badge, une pochette de carte, un porte-cl\u00e9s ou tout autre article l\u00e9ger. Certaines des images montrent \u00e9galement la lani\u00e8re associ\u00e9e \u00e0 un porte-badge. <strong data-start=\"3172\" data-end=\"3214\">porte-badge ou enrouleur de badge r\u00e9tractable<\/strong>, ce qui prouve qu'il convient aux applications d'identification et de cartes d'acc\u00e8s.<\/p>\n<p data-start=\"3308\" data-end=\"3816\">Un autre avantage cl\u00e9 est la <strong data-start=\"3335\" data-end=\"3363\">une vari\u00e9t\u00e9 d'options de largeur<\/strong> illustr\u00e9s dans les images du produit. L'\u00e9cran de s\u00e9lection de la largeur indique <strong data-start=\"3427\" data-end=\"3461\">1 cm, 1,2 cm, 1,5 cm et 2 cm<\/strong> Ce style peut donc \u00eatre adapt\u00e9 \u00e0 diff\u00e9rentes tailles de logo, \u00e0 diff\u00e9rentes pr\u00e9f\u00e9rences d'utilisation et \u00e0 diff\u00e9rents styles de design. Une largeur plus \u00e9troite peut convenir \u00e0 des porte-cartes l\u00e9gers ou \u00e0 un marquage minimal, tandis que des lani\u00e8res plus larges offrent plus d'espace pour les logos, les textes et les illustrations d\u00e9coratives. Ce produit est donc plus flexible pour les projets d'entreprise et les projets promotionnels.<\/p>\n<p data-start=\"3818\" data-end=\"4211\">Les images du produit sugg\u00e8rent \u00e9galement <strong data-start=\"3850\" data-end=\"3899\">plusieurs styles de mat\u00e9riaux de sangles ou d'aspects de tissage<\/strong>, Ce format permet aux acheteurs de cr\u00e9er le bon \u00e9quilibre entre la couleur, la texture et la pr\u00e9sentation de l'impression. Que vous ayez besoin d'un cordon d'identification de style professionnel, d'un cadeau de conf\u00e9rence audacieux ou d'un accessoire scolaire color\u00e9, ce format de cordon offre une combinaison fiable de fonction quotidienne et de valeur de marque visuelle.<\/p>\n<p data-start=\"4213\" data-end=\"4658\">\u00c9tant donn\u00e9 que les lani\u00e8res sont port\u00e9es ou transport\u00e9es \u00e0 plusieurs reprises, elles continuent \u00e0 promouvoir un logo apr\u00e8s la fin de l'\u00e9v\u00e9nement ou de la campagne d'origine. Cela en fait l'un des produits promotionnels \u00e0 faible volume les plus utiles pour les organisations qui souhaitent <strong data-start=\"4439\" data-end=\"4467\">une exposition \u00e0 long terme de la marque<\/strong>. Les gens continuent souvent \u00e0 les utiliser comme badges de travail, cartes de campus, cl\u00e9s de bureau, acc\u00e8s aux b\u00e2timents ou accessoires personnels, ce qui permet d'\u00e9tendre la visibilit\u00e9 de votre marque bien au-del\u00e0 d'un cadeau unique.<\/p>\n<p data-start=\"4660\" data-end=\"4941\">Cette lani\u00e8re s\u00e9cable personnalis\u00e9e est un choix judicieux pour les entreprises et les organisations \u00e0 la recherche d'un produit de qualit\u00e9. <strong data-start=\"4756\" data-end=\"4816\">un produit fonctionnel, personnalisable et facile \u00e0 distribuer<\/strong>. Il est suffisamment simple pour \u00eatre utilis\u00e9 lors d'\u00e9v\u00e9nements de grande envergure, mais suffisamment attrayant pour servir de marchandise de marque ou d'accessoire pour le personnel.<\/p>\n<p data-start=\"4943\" data-end=\"5695\"><strong data-start=\"4943\" data-end=\"4959\">Caract\u00e9ristiques principales<\/strong><br data-start=\"4959\" data-end=\"4962\" \/>\u2022 <strong data-start=\"4964\" data-end=\"5000\">Lanyard \u00e0 rupture imprim\u00e9 sur mesure<\/strong> pour les \u00e9v\u00e9nements, l'utilisation par le personnel et les promotions<br data-start=\"5038\" data-end=\"5041\" \/>\u2022 <strong data-start=\"5043\" data-end=\"5071\">Boucle de s\u00e9curit\u00e9 en plastique<\/strong> pour plus de commodit\u00e9 et de flexibilit\u00e9<br data-start=\"5109\" data-end=\"5112\" \/>\u2022 <strong data-start=\"5114\" data-end=\"5151\">Fermoir m\u00e9tallique pivotant \/ mousqueton<\/strong> pour cl\u00e9s, badges et porte-cartes<br data-start=\"5186\" data-end=\"5189\" \/>\u2022 <strong data-start=\"5191\" data-end=\"5219\">Courroie imprim\u00e9e en couleur<\/strong> avec logo, texte et d\u00e9corations<br data-start=\"5259\" data-end=\"5262\" \/>\u2022 <strong data-start=\"5264\" data-end=\"5303\">Disponible en plusieurs largeurs<\/strong> repr\u00e9sent\u00e9 par 1 cm, 1,2 cm, 1,5 cm et 2 cm<br data-start=\"5343\" data-end=\"5346\" \/>\u2022 <strong data-start=\"5348\" data-end=\"5400\">Compatible avec les porte-badges et les accessoires d'identification<\/strong> illustr\u00e9 dans les images du produit<br data-start=\"5428\" data-end=\"5431\" \/>\u2022 <strong data-start=\"5433\" data-end=\"5509\">Convient pour les conf\u00e9rences, les \u00e9coles, les bureaux, les salons et les expositions.<\/strong><br data-start=\"5509\" data-end=\"5512\" \/>\u2022 <strong data-start=\"5514\" data-end=\"5570\">Utile pour le port quotidien et l'exposition r\u00e9p\u00e9t\u00e9e au marquage<\/strong><br data-start=\"5570\" data-end=\"5573\" \/>\u2022 <strong data-start=\"5575\" data-end=\"5605\">Facile \u00e0 distribuer en vrac<\/strong> pour les campagnes et les \u00e9v\u00e9nements<br data-start=\"5630\" data-end=\"5633\" \/>\u2022 <strong data-start=\"5635\" data-end=\"5693\">Une alternative plus flexible aux lani\u00e8res standard simples<\/strong><\/p>\n<p data-start=\"5697\" data-end=\"6309\"><strong data-start=\"5697\" data-end=\"5715\">Sp\u00e9cifications<\/strong><br data-start=\"5715\" data-end=\"5718\" \/>Type de produit : Lani\u00e8re de rupture imprim\u00e9e sur mesure<br data-start=\"5764\" data-end=\"5767\" \/>Style : Lani\u00e8re de cou \/ lani\u00e8re d'identification \/ sangle d'\u00e9v\u00e9nement<br data-start=\"5813\" data-end=\"5816\" \/>Mati\u00e8re : Sangle en tissu avec boucle en plastique et accessoires en m\u00e9tal<br data-start=\"5877\" data-end=\"5880\" \/>Attache : Fermoir m\u00e9tallique pivotant \/ mousqueton<br data-start=\"5925\" data-end=\"5928\" \/>Caract\u00e9ristique de d\u00e9clenchement : Boucle d'arr\u00eat<br data-start=\"5961\" data-end=\"5964\" \/>Options de largeur montr\u00e9es dans les images : 1 cm \/ 1,2 cm \/ 1,5 cm \/ 2 cm<br data-start=\"6024\" data-end=\"6027\" \/>Style du logo : Logo imprim\u00e9 en quadrichromie et dessin personnalis\u00e9<br data-start=\"6081\" data-end=\"6084\" \/>Accessoires optionnels pr\u00e9sent\u00e9s dans les images : Porte-badge, enrouleur de badge, porte-carte jumel\u00e9<br data-start=\"6167\" data-end=\"6170\" \/>Utilisation : cartes d'identit\u00e9, badges, cartes de visiteur, cl\u00e9s, cartes d'acc\u00e8s, accessoires l\u00e9gers<br data-start=\"6246\" data-end=\"6249\" \/>Th\u00e8me : \u00c9v\u00e9nements, utilisation par le personnel, conf\u00e9rences, \u00e9coles, promotions<\/p>\n<p data-start=\"6311\" data-end=\"6880\"><strong data-start=\"6311\" data-end=\"6338\">Pourquoi choisir ce produit ?<\/strong><br data-start=\"6338\" data-end=\"6341\" \/>Ce produit offre un bon \u00e9quilibre entre <strong data-start=\"6381\" data-end=\"6451\">visibilit\u00e9 de l'image de marque, fonction quotidienne et souplesse de personnalisation<\/strong>. Par rapport \u00e0 un simple cordon, il offre plus d'espace pour les illustrations personnalis\u00e9es, plus d'impact visuel et la commodit\u00e9 suppl\u00e9mentaire d'une boucle cassante. Il est l\u00e9ger, pratique et facile \u00e0 distribuer lors d'\u00e9v\u00e9nements, mais il a \u00e9galement une valeur quotidienne suffisante pour que les utilisateurs le conservent et continuent \u00e0 l'utiliser. Pour les marques, les \u00e9coles et les organisations \u00e0 la recherche d'un accessoire d'identification utile et professionnel, il s'agit d'une option fiable.<\/p>\n<p data-start=\"6882\" data-end=\"7182\"><strong data-start=\"6882\" data-end=\"6895\">Id\u00e9al pour<\/strong><br data-start=\"6895\" data-end=\"6898\" \/>- Conf\u00e9rences et salons<br data-start=\"6927\" data-end=\"6930\" \/>- Utilisation de la carte d'identit\u00e9 de l'\u00e9cole et du campus<br data-start=\"6956\" data-end=\"6959\" \/>- Identification du personnel de bureau<br data-start=\"6988\" data-end=\"6991\" \/>- D\u00e9tenteurs d'un laissez-passer de visiteur<br data-start=\"7013\" data-end=\"7016\" \/>- Programmes d'inscription aux \u00e9v\u00e9nements<br data-start=\"7045\" data-end=\"7048\" \/>- Cartes de membre et utilisation du club<br data-start=\"7079\" data-end=\"7082\" \/>- Promotions d'entreprise<br data-start=\"7104\" data-end=\"7107\" \/>- Cadeaux pour l'exposition<br data-start=\"7129\" data-end=\"7132\" \/>- Marchandises de l'entreprise<br data-start=\"7153\" data-end=\"7156\" \/>- Porte-clefs et porte-badges<\/p>\n<p data-start=\"7184\" data-end=\"7193\"><strong data-start=\"7184\" data-end=\"7191\">FAQ<\/strong><\/p>\n<p data-start=\"7195\" data-end=\"7360\"><strong data-start=\"7195\" data-end=\"7242\">Ce cordon peut-il \u00eatre personnalis\u00e9 avec un logo ?<\/strong><br data-start=\"7242\" data-end=\"7245\" \/>Oui, la sangle peut \u00eatre personnalis\u00e9e avec <strong data-start=\"7283\" data-end=\"7357\">l'impression de logos en couleur, la r\u00e9p\u00e9tition de dessins, de textes et de motifs graphiques<\/strong>.<\/p>\n<p data-start=\"7362\" data-end=\"7503\"><strong data-start=\"7362\" data-end=\"7408\">Cette longe est-elle \u00e9quip\u00e9e d'une boucle de s\u00e9curit\u00e9 ?<\/strong><br data-start=\"7408\" data-end=\"7411\" \/>Oui, les images du produit montrent un <strong data-start=\"7442\" data-end=\"7470\">boucle de s\u00e9curit\u00e9 en plastique<\/strong> pour une lib\u00e9ration ais\u00e9e.<\/p>\n<p data-start=\"7505\" data-end=\"7658\"><strong data-start=\"7505\" data-end=\"7543\">\u00c0 quoi peut servir cette lani\u00e8re ?<\/strong><br data-start=\"7543\" data-end=\"7546\" \/>Il peut \u00eatre utilis\u00e9 pour <strong data-start=\"7565\" data-end=\"7655\">Cartes d'identit\u00e9, badges, laissez-passer, cartes de visiteur, cl\u00e9s et autres accessoires l\u00e9gers<\/strong>.<\/p>\n<p data-start=\"7660\" data-end=\"7789\"><strong data-start=\"7660\" data-end=\"7694\">Comprend-il un fermoir en m\u00e9tal ?<\/strong><br data-start=\"7694\" data-end=\"7697\" \/>Oui, l'attachement inf\u00e9rieur montr\u00e9 dans les images est un <strong data-start=\"7749\" data-end=\"7786\">fermoir m\u00e9tallique pivotant \/ mousqueton<\/strong>.<\/p>\n<p data-start=\"7791\" data-end=\"7935\"><strong data-start=\"7791\" data-end=\"7832\">Peut-il \u00eatre associ\u00e9 \u00e0 un porte-badge ?<\/strong><br data-start=\"7832\" data-end=\"7835\" \/>Oui. Les images du produit montrent qu'il est utilis\u00e9 avec <strong data-start=\"7892\" data-end=\"7932\">Porte-badges et accessoires pour cartes d'identit\u00e9<\/strong>.<\/p>\n<p data-start=\"7937\" data-end=\"8071\"><strong data-start=\"7937\" data-end=\"7974\">Quelles sont les options de largeur disponibles ?<\/strong><br data-start=\"7974\" data-end=\"7977\" \/>La s\u00e9lection de largeurs pr\u00e9sent\u00e9e dans les images comprend <strong data-start=\"8026\" data-end=\"8060\">1 cm, 1,2 cm, 1,5 cm et 2 cm<\/strong> options.<\/p>\n<p data-start=\"8073\" data-end=\"8255\"><strong data-start=\"8073\" data-end=\"8116\">La sangle peut-elle \u00eatre imprim\u00e9e en quadrichromie ?<\/strong><br data-start=\"8116\" data-end=\"8119\" \/>Oui, les images montrent clairement <strong data-start=\"8148\" data-end=\"8184\">des courroies imprim\u00e9es en couleur<\/strong>, La plupart des produits de la gamme sont disponibles dans des couleurs unies, des rayures, des motifs floraux et des dessins de logos.<\/p>\n<p data-start=\"8257\" data-end=\"8425\"><strong data-start=\"8257\" data-end=\"8313\">Ce produit est-il adapt\u00e9 aux \u00e9v\u00e9nements et aux conf\u00e9rences ?<\/strong><br data-start=\"8313\" data-end=\"8316\" \/>Oui, il est id\u00e9al pour <strong data-start=\"8337\" data-end=\"8422\">salons professionnels, conf\u00e9rences, expositions, programmes d'inscription et utilisation de badges pour les \u00e9v\u00e9nements<\/strong>.<\/p>\n<p data-start=\"8427\" data-end=\"8592\"><strong data-start=\"8427\" data-end=\"8472\">Les \u00e9coles et les bureaux peuvent-ils utiliser cette lani\u00e8re ?<\/strong><br data-start=\"8472\" data-end=\"8475\" \/>Oui, il s'agit d'une solution id\u00e9ale pour <strong data-start=\"8503\" data-end=\"8589\">les cartes d'identit\u00e9 scolaires, les cartes d'acc\u00e8s aux bureaux, l'identification du personnel et le port quotidien des cl\u00e9s<\/strong>.<\/p>\n<p data-start=\"8594\" data-end=\"8805\"><strong data-start=\"8594\" data-end=\"8637\">Pourquoi est-ce un bon produit promotionnel ?<\/strong><br data-start=\"8637\" data-end=\"8640\" \/>Parce que c'est <strong data-start=\"8654\" data-end=\"8726\">utiles, portables, faciles \u00e0 personnaliser et souvent r\u00e9utilis\u00e9s apr\u00e8s un \u00e9v\u00e9nement<\/strong>, En outre, il offre une exposition plus durable du logo que beaucoup d'autres articles \u00e0 offrir une seule fois.<\/p>\n<p data-start=\"8807\" data-end=\"8968\" data-is-last-node=\"\" data-is-only-node=\"\">","protected":false},"excerpt":{"rendered":"<p>Cette lani\u00e8re \u00e0 rupture imprim\u00e9e est con\u00e7ue pour les badges d'\u00e9v\u00e9nements, les cartes d'identit\u00e9 du personnel, les cl\u00e9s et l'utilisation promotionnelle. Dot\u00e9 d'un tissu imprim\u00e9 en couleur, d'une boucle s\u00e9curis\u00e9e, d'un fermoir en m\u00e9tal et de largeurs personnalisables, il s'agit d'un cordon pratique et tr\u00e8s visible pour les conf\u00e9rences, les \u00e9coles, les bureaux, les expositions et les cadeaux de marque.<\/p>","protected":false},"featured_media":47536,"template":"","meta":{"_gspb_post_css":""},"product_brand":[],"product_cat":[35],"product_tag":[],"class_list":{"0":"post-47535","1":"product","2":"type-product","3":"status-publish","4":"has-post-thumbnail","6":"product_cat-tradeshow-events","8":"first","9":"instock","10":"shipping-taxable","11":"product-type-simple"},"_links":{"self":[{"href":"https:\/\/globalgiftsupplier.com\/fr\/wp-json\/wp\/v2\/product\/47535","targetHints":{"allow":["GET"]}}],"collection":[{"href":"https:\/\/globalgiftsupplier.com\/fr\/wp-json\/wp\/v2\/product"}],"about":[{"href":"https:\/\/globalgiftsupplier.com\/fr\/wp-json\/wp\/v2\/types\/product"}],"wp:featuredmedia":[{"embeddable":true,"href":"https:\/\/globalgiftsupplier.com\/fr\/wp-json\/wp\/v2\/media\/47536"}],"wp:attachment":[{"href":"https:\/\/globalgiftsupplier.com\/fr\/wp-json\/wp\/v2\/media?parent=47535"}],"wp:term":[{"taxonomy":"product_brand","embeddable":true,"href":"https:\/\/globalgiftsupplier.com\/fr\/wp-json\/wp\/v2\/product_brand?post=47535"},{"taxonomy":"product_cat","embeddable":true,"href":"https:\/\/globalgiftsupplier.com\/fr\/wp-json\/wp\/v2\/product_cat?post=47535"},{"taxonomy":"product_tag","embeddable":true,"href":"https:\/\/globalgiftsupplier.com\/fr\/wp-json\/wp\/v2\/product_tag?post=47535"}],"curies":[{"name":"wp","href":"https:\/\/api.w.org\/{rel}","templated":true}]}}