{"id":47527,"date":"2026-03-31T15:34:53","date_gmt":"2026-03-31T15:34:53","guid":{"rendered":"https:\/\/globalgiftsupplier.com\/?post_type=product&#038;p=47527"},"modified":"2026-03-31T15:34:53","modified_gmt":"2026-03-31T15:34:53","slug":"custom-printed-lanyard-with-badge-holder-and-metal-clasp","status":"publish","type":"product","link":"https:\/\/globalgiftsupplier.com\/fr\/product\/custom-printed-lanyard-with-badge-holder-and-metal-clasp\/","title":{"rendered":"Lanyard imprim\u00e9 personnalis\u00e9 avec porte-badge et fermoir en m\u00e9tal"},"content":{"rendered":"<p data-start=\"1592\" data-end=\"2200\">Le pr\u00e9sent <strong data-start=\"1623\" data-end=\"1667\">cordon imprim\u00e9 personnalis\u00e9 avec porte-badge<\/strong> est un article promotionnel pratique et \u00e0 haute visibilit\u00e9 con\u00e7u pour les \u00e9v\u00e9nements, les expositions, les bureaux, les \u00e9coles, les conf\u00e9rences et l'utilisation quotidienne des cartes d'identit\u00e9. D'apr\u00e8s les images du produit, ce mod\u00e8le combine <strong data-start=\"1855\" data-end=\"1884\">tissu imprim\u00e9 en couleur<\/strong>, a <strong data-start=\"1888\" data-end=\"1910\">fermoir m\u00e9tallique pivotant<\/strong>, et d'un \u00e9l\u00e9ment facultatif <strong data-start=\"1928\" data-end=\"1950\">porte-badge transparent<\/strong> pour cr\u00e9er un accessoire de marque \u00e0 la fois utile et visuellement attrayant. Il convient parfaitement pour contenir des cartes d'identit\u00e9, des laissez-passer de visiteurs, des cartes d'acc\u00e8s, des badges de personnel et des accessoires l\u00e9gers, tout en offrant \u00e0 votre logo une exposition r\u00e9p\u00e9t\u00e9e tout au long de la journ\u00e9e.<\/p>\n<p data-start=\"2202\" data-end=\"2681\">Le design imprim\u00e9 de la lani\u00e8re donne \u00e0 ce produit un aspect plus premium et plus accrocheur qu'un simple lanyard standard. Les images montrent plusieurs options de motifs color\u00e9s, y compris des imprim\u00e9s g\u00e9om\u00e9triques, des graphiques ludiques, des motifs d'inspiration florale et des mises en page \u00e9pur\u00e9es ax\u00e9es sur la marque. Ce cordon convient donc non seulement \u00e0 l'identification de base, mais aussi aux usages suivants <strong data-start=\"2559\" data-end=\"2644\">campagnes de marque, produits d\u00e9riv\u00e9s pour les \u00e9v\u00e9nements, programmes pour les \u00e9tudiants et collections promotionnelles<\/strong> o\u00f9 la pr\u00e9sentation visuelle est importante.<\/p>\n<p data-start=\"2683\" data-end=\"3236\">L'un des principaux avantages de ce produit est qu'il <strong data-start=\"2725\" data-end=\"2756\">flexibilit\u00e9 en mati\u00e8re de marquage personnalis\u00e9<\/strong>. La sangle peut pr\u00e9senter des logos r\u00e9p\u00e9t\u00e9s, des graphiques de fond color\u00e9s et des th\u00e8mes d'impression coordonn\u00e9s qui correspondent \u00e0 diff\u00e9rents \u00e9v\u00e9nements, secteurs ou identit\u00e9s d'entreprise. Certaines versions pr\u00e9sent\u00e9es dans les images montrent \u00e9galement un <strong data-start=\"2959\" data-end=\"2991\">boucle plastique \u00e0 d\u00e9gagement rapide<\/strong>, tandis que d'autres se concentrent sur un fermoir m\u00e9tallique classique. Le produit s'adapte ainsi aux diff\u00e9rentes pr\u00e9f\u00e9rences des utilisateurs et aux utilisations pratiques, qu'il s'agisse d'un simple cordon pour un \u00e9v\u00e9nement, d'un bracelet d'identification pour le personnel ou d'un accessoire promotionnel plus d\u00e9coratif.<\/p>\n<p data-start=\"3238\" data-end=\"3783\">Les <strong data-start=\"3242\" data-end=\"3268\">fermoir en m\u00e9tal<\/strong> \u00e0 l'extr\u00e9mit\u00e9 de la longe permet de connecter des porte-badges, des porte-cartes, des portefeuilles d'identit\u00e9, des cl\u00e9s, des cl\u00e9s USB et d'autres objets l\u00e9gers de la vie quotidienne. Le mat\u00e9riel donne au produit un aspect plus soign\u00e9 et professionnel, ce qui le rend plus raffin\u00e9 pour les conf\u00e9rences, les programmes pour le personnel, les \u00e9coles, le merchandising de d\u00e9tail et les cadeaux pour les clients. Les mod\u00e8les de porte-badges pr\u00e9sent\u00e9s dans les images permettent \u00e9galement de transformer le cordon en une solution d'identification pr\u00eate \u00e0 l'emploi pour les organisations qui ont besoin \u00e0 la fois d'une image de marque et d'une fonction.<\/p>\n<p data-start=\"3785\" data-end=\"4250\">Cette lani\u00e8re personnalis\u00e9e est \u00e9galement un excellent choix pour <strong data-start=\"3833\" data-end=\"3861\">la distribution \u00e0 grande \u00e9chelle<\/strong> parce qu'il est l\u00e9ger, facile \u00e0 emballer, facile \u00e0 distribuer et qu'il convient \u00e0 un large \u00e9ventail de publics. Il peut \u00eatre utilis\u00e9 lors de salons professionnels, d'\u00e9v\u00e9nements d'entreprise, de programmes \u00e9ducatifs, de festivals, d'expositions, de promotions dans le commerce de d\u00e9tail et de bureaux d'inscription des membres. Comme les utilisateurs continuent souvent \u00e0 se servir des lani\u00e8res apr\u00e8s l'\u00e9v\u00e9nement initial, elles offrent une exposition plus longue de la marque que de nombreux articles \u00e0 offrir une seule fois.<\/p>\n<p data-start=\"4252\" data-end=\"4565\">Pour les entreprises et les organisateurs d'\u00e9v\u00e9nements \u00e0 la recherche d'un produit simple mais efficace qui allie image de marque, utilisation quotidienne et pr\u00e9sentation color\u00e9e, ce lanyard imprim\u00e9 personnalis\u00e9 avec porte-badge est une option fiable. Il est facile \u00e0 personnaliser, facile \u00e0 distribuer et utile dans les environnements professionnels et d\u00e9contract\u00e9s.<\/p>\n<p data-start=\"4567\" data-end=\"5280\"><strong data-start=\"4567\" data-end=\"4583\">Caract\u00e9ristiques principales<\/strong><br data-start=\"4583\" data-end=\"4586\" \/>\u2022 <strong data-start=\"4588\" data-end=\"4621\">Conception d'une lani\u00e8re imprim\u00e9e sur mesure<\/strong> pour le marquage et l'utilisation promotionnelle<br data-start=\"4654\" data-end=\"4657\" \/>\u2022 <strong data-start=\"4659\" data-end=\"4711\">Porte-badge transparent, mod\u00e8le illustr\u00e9 dans les images du produit<\/strong> pour les cartes d'identit\u00e9 et les laissez-passer<br data-start=\"4741\" data-end=\"4744\" \/>\u2022 <strong data-start=\"4746\" data-end=\"4783\">Fermoir m\u00e9tallique pivotant \/ mousqueton<\/strong> pour l'attachement pratique<br data-start=\"4808\" data-end=\"4811\" \/>\u2022 <strong data-start=\"4813\" data-end=\"4875\">Boucle \u00e0 d\u00e9gagement rapide en option sur certaines versions<\/strong><br data-start=\"4875\" data-end=\"4878\" \/>\u2022 <strong data-start=\"4880\" data-end=\"4909\">Impression en quadrichromie des bracelets<\/strong> avec logo, motifs et dessins th\u00e9matiques<br data-start=\"4949\" data-end=\"4952\" \/>\u2022 <strong data-start=\"4954\" data-end=\"5029\">Convient pour les cartes d'identit\u00e9 du personnel, les cartes d'acc\u00e8s, les cl\u00e9s et les accessoires l\u00e9gers.<\/strong><br data-start=\"5029\" data-end=\"5032\" \/>\u2022 <strong data-start=\"5034\" data-end=\"5065\">Une zone de marque visuelle forte<\/strong> pour une exposition r\u00e9p\u00e9t\u00e9e au logo<br data-start=\"5092\" data-end=\"5095\" \/>\u2022 <strong data-start=\"5097\" data-end=\"5158\">Utile pour les conf\u00e9rences, les \u00e9coles, les bureaux et les expositions<\/strong><br data-start=\"5158\" data-end=\"5161\" \/>\u2022 <strong data-start=\"5163\" data-end=\"5201\">L\u00e9ger et facile \u00e0 distribuer<\/strong> lors d'\u00e9v\u00e9nements et de campagnes<br data-start=\"5225\" data-end=\"5228\" \/>\u2022 <strong data-start=\"5230\" data-end=\"5278\">Une alternative plus \u00e9l\u00e9gante aux lani\u00e8res ordinaires<\/strong><\/p>\n<p data-start=\"5282\" data-end=\"5789\"><strong data-start=\"5282\" data-end=\"5300\">Sp\u00e9cifications<\/strong><br data-start=\"5300\" data-end=\"5303\" \/>Type de produit : Lani\u00e8re imprim\u00e9e personnalis\u00e9e avec porte-badge<br data-start=\"5357\" data-end=\"5360\" \/>Style : Lani\u00e8re de cou \/ lani\u00e8re d'identification \/ sangle d'\u00e9v\u00e9nement<br data-start=\"5406\" data-end=\"5409\" \/>Mati\u00e8re : Courroie en tissu avec mat\u00e9riel m\u00e9tallique<br data-start=\"5451\" data-end=\"5454\" \/>Attache : Fermoir m\u00e9tallique pivotant \/ mousqueton<br data-start=\"5499\" data-end=\"5502\" \/>Pi\u00e8ces optionnelles montr\u00e9es dans les images : Boucle de fermeture rapide en plastique, porte-badge transparent<br data-start=\"5582\" data-end=\"5585\" \/>Style du logo : Logo imprim\u00e9 en quadrichromie et dessin \u00e0 motifs<br data-start=\"5642\" data-end=\"5645\" \/>Utilisation : cartes d'identit\u00e9, badges, laissez-passer, porte-cl\u00e9s, cartes d'acc\u00e8s, accessoires l\u00e9gers.<br data-start=\"5726\" data-end=\"5729\" \/>Th\u00e8me : \u00c9v\u00e9nements, utilisation par le personnel, conf\u00e9rences, \u00e9coles, promotions<\/p>\n<p data-start=\"5791\" data-end=\"6334\"><strong data-start=\"5791\" data-end=\"5818\">Pourquoi choisir ce produit ?<\/strong><br data-start=\"5818\" data-end=\"5821\" \/>Ce produit offre une forte combinaison de <strong data-start=\"5865\" data-end=\"5933\">une fonction quotidienne, une image de marque color\u00e9e et un aspect pratique pour les \u00e9v\u00e9nements<\/strong>. Par rapport \u00e0 un simple cordon, il offre plus d'espace pour les graphiques personnalis\u00e9s, une meilleure visibilit\u00e9 du logo et une pr\u00e9sentation g\u00e9n\u00e9rale plus attrayante. Il s'agit \u00e9galement d'un produit que les gens peuvent continuer \u00e0 utiliser apr\u00e8s l'\u00e9v\u00e9nement initial, ce qui permet d'\u00e9tendre la visibilit\u00e9 de la marque au fil du temps. Pour les entreprises, les \u00e9coles et les organisateurs d'\u00e9v\u00e9nements qui souhaitent un accessoire de marque utile avec un aspect plus personnalis\u00e9, il s'agit d'un choix judicieux.<\/p>\n<p data-start=\"6336\" data-end=\"6680\"><strong data-start=\"6336\" data-end=\"6349\">Id\u00e9al pour<\/strong><br data-start=\"6349\" data-end=\"6352\" \/>- Inscription au salon et \u00e0 l'exposition<br data-start=\"6392\" data-end=\"6395\" \/>- Badges de conf\u00e9rence et d'\u00e9v\u00e9nement<br data-start=\"6424\" data-end=\"6427\" \/>- Utilisation de la carte d'identit\u00e9 de l'\u00e9cole et du campus<br data-start=\"6453\" data-end=\"6456\" \/>- Identification du personnel de bureau<br data-start=\"6485\" data-end=\"6488\" \/>- D\u00e9tenteurs d'un laissez-passer de visiteur<br data-start=\"6510\" data-end=\"6513\" \/>- Promotions au d\u00e9tail et marchandises de marque<br data-start=\"6554\" data-end=\"6557\" \/>- Cartes de membre et programmes des clubs<br data-start=\"6593\" data-end=\"6596\" \/>- Utilisation pour l'acc\u00e8s aux festivals et aux \u00e9v\u00e9nements<br data-start=\"6627\" data-end=\"6630\" \/>- Cadeaux d'entreprise<br data-start=\"6651\" data-end=\"6654\" \/>- Paquets cadeaux promotionnels<\/p>\n<p data-start=\"6682\" data-end=\"6691\"><strong data-start=\"6682\" data-end=\"6689\">FAQ<\/strong><\/p>\n<p data-start=\"6693\" data-end=\"6881\"><strong data-start=\"6693\" data-end=\"6740\">Ce cordon peut-il \u00eatre personnalis\u00e9 avec un logo ?<\/strong><br data-start=\"6740\" data-end=\"6743\" \/>Oui, la sangle est con\u00e7ue pour <strong data-start=\"6774\" data-end=\"6821\">impression personnalis\u00e9e de logos et de motifs en quadrichromie<\/strong>, Il convient donc parfaitement aux promotions de marques et aux \u00e9v\u00e9nements.<\/p>\n<p data-start=\"6883\" data-end=\"7112\"><strong data-start=\"6883\" data-end=\"6928\">Ce produit comprend-il un porte-badge ?<\/strong><br data-start=\"6928\" data-end=\"6931\" \/>Les images du produit montrent <strong data-start=\"6955\" data-end=\"7015\">styles de porte-badges et combinaisons de lani\u00e8res et de porte-badges<\/strong>. Vous pouvez le pr\u00e9senter sur votre site web sous la forme d'une lani\u00e8re qui peut \u00eatre associ\u00e9e \u00e0 un porte-badge.<\/p>\n<p data-start=\"7114\" data-end=\"7274\"><strong data-start=\"7114\" data-end=\"7152\">\u00c0 quoi peut servir cette lani\u00e8re ?<\/strong><br data-start=\"7152\" data-end=\"7155\" \/>Il peut \u00eatre utilis\u00e9 pour <strong data-start=\"7174\" data-end=\"7271\">Cartes d'identit\u00e9, badges du personnel, laissez-passer, cartes d'acc\u00e8s, cl\u00e9s et autres accessoires l\u00e9gers<\/strong>.<\/p>\n<p data-start=\"7276\" data-end=\"7392\"><strong data-start=\"7276\" data-end=\"7307\">Est-il muni d'un fermoir en m\u00e9tal ?<\/strong><br data-start=\"7307\" data-end=\"7310\" \/>Oui, les images du produit montrent un <strong data-start=\"7341\" data-end=\"7378\">fermoir m\u00e9tallique pivotant \/ mousqueton<\/strong> l'attachement.<\/p>\n<p data-start=\"7394\" data-end=\"7570\"><strong data-start=\"7394\" data-end=\"7434\">Existe-t-il une boucle \u00e0 d\u00e9gagement rapide ?<\/strong><br data-start=\"7434\" data-end=\"7437\" \/>Certaines versions pr\u00e9sent\u00e9es dans les images comprennent un <strong data-start=\"7481\" data-end=\"7513\">boucle plastique \u00e0 d\u00e9gagement rapide<\/strong>. Cela peut \u00eatre mis en \u00e9vidence comme une option de style disponible.<\/p>\n<p data-start=\"7572\" data-end=\"7745\"><strong data-start=\"7572\" data-end=\"7615\">La sangle peut-elle \u00eatre imprim\u00e9e en quadrichromie ?<\/strong><br data-start=\"7615\" data-end=\"7618\" \/>Oui, les images du produit montrent clairement <strong data-start=\"7655\" data-end=\"7685\">dessins imprim\u00e9s en couleur<\/strong>, Le logo, les rayures, les points et les motifs d\u00e9coratifs sont autant d'\u00e9l\u00e9ments qui peuvent \u00eatre utilis\u00e9s dans le cadre d'un projet de recherche.<\/p>\n<p data-start=\"7747\" data-end=\"7966\"><strong data-start=\"7747\" data-end=\"7803\">Ce produit est-il adapt\u00e9 aux \u00e9v\u00e9nements et aux conf\u00e9rences ?<\/strong><br data-start=\"7803\" data-end=\"7806\" \/>Oui, il s'agit d'une option solide pour <strong data-start=\"7837\" data-end=\"7911\">\u00e9v\u00e9nements, conf\u00e9rences, expositions, \u00e9coles, bureaux et programmes pour le personnel<\/strong> parce qu'il allie l'image de marque \u00e0 la fonction quotidienne.<\/p>\n<p data-start=\"7968\" data-end=\"8148\"><strong data-start=\"7968\" data-end=\"8011\">Pourquoi est-ce un bon produit promotionnel ?<\/strong><br data-start=\"8011\" data-end=\"8014\" \/>Parce que c'est <strong data-start=\"8028\" data-end=\"8097\">utiles, visibles, faciles \u00e0 personnaliser et souvent r\u00e9utilis\u00e9s apr\u00e8s les \u00e9v\u00e9nements<\/strong>, En outre, il permet \u00e0 votre logo d'\u00eatre r\u00e9guli\u00e8rement visible par le public.<\/p>\n<p data-start=\"8150\" data-end=\"8315\"><strong data-start=\"8150\" data-end=\"8194\">Peut-on l'utiliser pour des \u00e9coles ou des bureaux ?<\/strong><br data-start=\"8194\" data-end=\"8197\" \/>Oui, il convient pour <strong data-start=\"8221\" data-end=\"8312\">les cartes d'identit\u00e9 du personnel, les cartes d'acc\u00e8s, les programmes du campus, les laissez-passer pour les visiteurs et l'utilisation des identifiants de bureau<\/strong>.<\/p>","protected":false},"excerpt":{"rendered":"<p data-start=\"1060\" data-end=\"1472\">Ce cordon imprim\u00e9 personnalis\u00e9 avec porte-badge est un accessoire promotionnel pratique con\u00e7u pour les cartes d'identit\u00e9 du personnel, les laissez-passer pour les \u00e9v\u00e9nements, les cl\u00e9s et les articles de tous les jours. Dot\u00e9 d'un tissu imprim\u00e9 en couleur, d'un fermoir m\u00e9tallique s\u00e9curis\u00e9, d'une boucle de s\u00e9curit\u00e9 en plastique en option et d'un porte-badge transparent comme indiqu\u00e9 sur les images du produit, il est id\u00e9al pour les conf\u00e9rences, les \u00e9coles, les bureaux, les salons professionnels et les cadeaux de marque.<\/p>\n<p data-start=\"1474\" data-end=\"1510\">","protected":false},"featured_media":47528,"template":"","meta":{"_gspb_post_css":""},"product_brand":[],"product_cat":[35],"product_tag":[],"class_list":{"0":"post-47527","1":"product","2":"type-product","3":"status-publish","4":"has-post-thumbnail","6":"product_cat-tradeshow-events","8":"first","9":"instock","10":"shipping-taxable","11":"product-type-simple"},"_links":{"self":[{"href":"https:\/\/globalgiftsupplier.com\/fr\/wp-json\/wp\/v2\/product\/47527","targetHints":{"allow":["GET"]}}],"collection":[{"href":"https:\/\/globalgiftsupplier.com\/fr\/wp-json\/wp\/v2\/product"}],"about":[{"href":"https:\/\/globalgiftsupplier.com\/fr\/wp-json\/wp\/v2\/types\/product"}],"wp:featuredmedia":[{"embeddable":true,"href":"https:\/\/globalgiftsupplier.com\/fr\/wp-json\/wp\/v2\/media\/47528"}],"wp:attachment":[{"href":"https:\/\/globalgiftsupplier.com\/fr\/wp-json\/wp\/v2\/media?parent=47527"}],"wp:term":[{"taxonomy":"product_brand","embeddable":true,"href":"https:\/\/globalgiftsupplier.com\/fr\/wp-json\/wp\/v2\/product_brand?post=47527"},{"taxonomy":"product_cat","embeddable":true,"href":"https:\/\/globalgiftsupplier.com\/fr\/wp-json\/wp\/v2\/product_cat?post=47527"},{"taxonomy":"product_tag","embeddable":true,"href":"https:\/\/globalgiftsupplier.com\/fr\/wp-json\/wp\/v2\/product_tag?post=47527"}],"curies":[{"name":"wp","href":"https:\/\/api.w.org\/{rel}","templated":true}]}}