{"id":47520,"date":"2026-03-31T15:29:01","date_gmt":"2026-03-31T15:29:01","guid":{"rendered":"https:\/\/globalgiftsupplier.com\/?post_type=product&#038;p=47520"},"modified":"2026-03-31T15:29:01","modified_gmt":"2026-03-31T15:29:01","slug":"custom-printed-lanyard-with-metal-clasp-and-logo","status":"publish","type":"product","link":"https:\/\/globalgiftsupplier.com\/fr\/product\/custom-printed-lanyard-with-metal-clasp-and-logo\/","title":{"rendered":"Lani\u00e8re imprim\u00e9e personnalis\u00e9e avec fermoir en m\u00e9tal et logo"},"content":{"rendered":"<p data-start=\"1590\" data-end=\"2132\">Le pr\u00e9sent <strong data-start=\"1621\" data-end=\"1647\">lani\u00e8re imprim\u00e9e personnalis\u00e9e<\/strong> est un accessoire promotionnel pratique et \u00e0 haute visibilit\u00e9 con\u00e7u pour les \u00e9v\u00e9nements, les bureaux, les \u00e9coles, les programmes de vente au d\u00e9tail et les marchandises de marque. Avec sa longue lani\u00e8re, son fermoir m\u00e9tallique s\u00e9curis\u00e9 et la pr\u00e9sentation claire de son logo, il constitue un article utile au quotidien tout en offrant \u00e0 votre marque une exposition r\u00e9p\u00e9t\u00e9e dans les lieux publics. Qu'il soit utilis\u00e9 pour des cl\u00e9s, des badges, des porte-cartes, des petits accessoires ou des laissez-passer pour des \u00e9v\u00e9nements, ce cordon allie la commodit\u00e9 \u00e0 une forte valeur de marque.<\/p>\n<p data-start=\"2134\" data-end=\"2649\">Le produit est dot\u00e9 d'un <strong data-start=\"2157\" data-end=\"2181\">sangle imprim\u00e9e<\/strong> avec un look propre et moderne qui peut \u00eatre personnalis\u00e9 avec diff\u00e9rentes couleurs, motifs graphiques et styles de logo. D'apr\u00e8s les images du produit, ce style convient particuli\u00e8rement bien aux marques qui souhaitent quelque chose de plus int\u00e9ressant visuellement qu'un simple cordon. Au lieu d'une sangle unicolore de base, il offre de la place pour <strong data-start=\"2485\" data-end=\"2557\">des motifs d\u00e9coratifs, des illustrations r\u00e9p\u00e9t\u00e9es et une pr\u00e9sentation de logo de qualit\u00e9 sup\u00e9rieure<\/strong>, Les produits de l'entreprise sont ainsi plus \u00e0 la mode et plus faciles \u00e0 m\u00e9moriser, qu'il s'agisse d'un cadeau ou d'une utilisation par le personnel.<\/p>\n<p data-start=\"2651\" data-end=\"3210\">A <strong data-start=\"2653\" data-end=\"2675\">fermoir m\u00e9tallique pivotant<\/strong> est fix\u00e9 \u00e0 l'extr\u00e9mit\u00e9 de la sangle pour une utilisation pratique au quotidien. Ce type de crochet permet d'attacher des cl\u00e9s, des pochettes de cartes, des supports d'identit\u00e9, des badges d'acc\u00e8s, des tirettes de fermeture \u00e0 glissi\u00e8re et des accessoires l\u00e9gers. Le mat\u00e9riel m\u00e9tallique conf\u00e8re \u00e9galement un aspect plus soign\u00e9 que les accessoires en plastique moins co\u00fbteux, ce qui conf\u00e8re \u00e0 la lani\u00e8re un aspect plus haut de gamme pour les cadeaux d'entreprise, le mat\u00e9riel \u00e9v\u00e9nementiel et les marchandises vendues au d\u00e9tail. Certaines des versions illustr\u00e9es pr\u00e9sentent \u00e9galement des accessoires dans diff\u00e9rentes finitions m\u00e9talliques, ce qui peut aider les marques \u00e0 mieux harmoniser leur style visuel.<\/p>\n<p data-start=\"3212\" data-end=\"3681\">Une autre caract\u00e9ristique importante de ce mod\u00e8le de longe est son <strong data-start=\"3264\" data-end=\"3292\">pr\u00e9sentation de logo personnalis\u00e9<\/strong>. Les images montrent \u00e0 la fois la d\u00e9coration imprim\u00e9e du bracelet et les \u00e9l\u00e9ments de marquage du logo en relief, ce qui donne au produit un aspect plus personnalis\u00e9 et plus ax\u00e9 sur la marque. Il s'agit donc d'un choix judicieux pour les entreprises qui souhaitent plus qu'un simple bracelet d'\u00e9v\u00e9nement. Il peut servir d'accessoire de marque que les clients, les employ\u00e9s ou les participants \u00e0 un \u00e9v\u00e9nement continuent d'utiliser apr\u00e8s la fin de la campagne ou de l'\u00e9v\u00e9nement initial.<\/p>\n<p data-start=\"3683\" data-end=\"4118\">Les lani\u00e8res \u00e9tant largement utilis\u00e9es dans les conf\u00e9rences, les salons professionnels, les expositions, les \u00e9coles, les bureaux et les \u00e9v\u00e9nements publics, elles constituent l'un des produits promotionnels les plus pratiques pour une exposition \u00e0 long terme. Les gens les portent autour du cou, les attachent \u00e0 leurs cl\u00e9s ou les utilisent comme porte-cartes tous les jours. Cela signifie que votre marque reste visible non seulement pendant l'\u00e9v\u00e9nement lui-m\u00eame, mais aussi apr\u00e8s, dans les d\u00e9placements, le travail de bureau et la routine quotidienne.<\/p>\n<p data-start=\"4120\" data-end=\"4573\">Ce produit convient \u00e9galement aux <strong data-start=\"4156\" data-end=\"4199\">des collections promotionnelles \u00e0 la pointe de la mode<\/strong> car la sangle peut \u00eatre adapt\u00e9e \u00e0 diff\u00e9rents motifs et combinaisons de couleurs. Des styles g\u00e9om\u00e9triques audacieux aux imprim\u00e9s floraux et aux couleurs vives de la marque, il peut \u00eatre personnalis\u00e9 pour l'identit\u00e9 d'entreprise, les th\u00e8mes d'\u00e9v\u00e9nements, les lancements de produits, les marchandises destin\u00e9es aux supporters, l'image de marque des universit\u00e9s, les promotions au d\u00e9tail et les campagnes communautaires. Il est simple, utile, facile \u00e0 distribuer et visuellement efficace.<\/p>\n<p data-start=\"4575\" data-end=\"4943\">Pour les entreprises \u00e0 la recherche d'un accessoire peu encombrant mais tr\u00e8s visible, cette lani\u00e8re personnalis\u00e9e offre un bon \u00e9quilibre entre la fonction, le style et la flexibilit\u00e9 de l'image de marque. Il convient pour <strong data-start=\"4752\" data-end=\"4861\">cadeaux pour les \u00e9v\u00e9nements, accessoires pour le personnel, cadeaux pour les clients, programmes de souvenirs et collections de marchandises personnalis\u00e9es<\/strong>, Il s'agit de l'un des articles les plus polyvalents dans la cat\u00e9gorie des salons et des \u00e9v\u00e9nements.<\/p>\n<p data-start=\"4945\" data-end=\"5608\"><strong data-start=\"4945\" data-end=\"4961\">Caract\u00e9ristiques principales<\/strong><br data-start=\"4961\" data-end=\"4964\" \/>\u2022 <strong data-start=\"4966\" data-end=\"4999\">Conception d'une lani\u00e8re imprim\u00e9e sur mesure<\/strong> pour les \u00e9v\u00e9nements et les promotions<br data-start=\"5029\" data-end=\"5032\" \/>\u2022 <strong data-start=\"5034\" data-end=\"5060\">Fermoir en m\u00e9tal<\/strong> pour les cl\u00e9s, les badges, les supports et les accessoires<br data-start=\"5103\" data-end=\"5106\" \/>\u2022 <strong data-start=\"5108\" data-end=\"5134\">Forte visibilit\u00e9 du logo<\/strong> sur la sangle et la zone de marquage<br data-start=\"5165\" data-end=\"5168\" \/>\u2022 <strong data-start=\"5170\" data-end=\"5225\">Convient pour les motifs en couleur et les illustrations personnalis\u00e9es<\/strong><br data-start=\"5225\" data-end=\"5228\" \/>\u2022 <strong data-start=\"5230\" data-end=\"5255\">Utile au quotidien<\/strong> dans les bureaux, les \u00e9coles, les \u00e9v\u00e9nements et les expositions<br data-start=\"5300\" data-end=\"5303\" \/>\u2022 <strong data-start=\"5305\" data-end=\"5344\">Aspect professionnel et \u00e9l\u00e9gant<\/strong> par rapport aux longes standard simples<br data-start=\"5382\" data-end=\"5385\" \/>\u2022 <strong data-start=\"5387\" data-end=\"5443\">Disponible en plusieurs styles de motifs et de couleurs<\/strong> sur la base des images du produit<br data-start=\"5471\" data-end=\"5474\" \/>\u2022 <strong data-start=\"5476\" data-end=\"5537\">Id\u00e9al pour les cadeaux, les marchandises et l'identification du personnel<\/strong><br data-start=\"5537\" data-end=\"5540\" \/>\u2022 <strong data-start=\"5542\" data-end=\"5582\">Facile \u00e0 transporter et \u00e0 distribuer<\/strong> lors d'\u00e9v\u00e9nements et de campagnes<\/p>\n<p data-start=\"5610\" data-end=\"6152\"><strong data-start=\"5610\" data-end=\"5628\">Sp\u00e9cifications<\/strong><br data-start=\"5628\" data-end=\"5631\" \/>Type de produit : Lani\u00e8re imprim\u00e9e personnalis\u00e9e<br data-start=\"5667\" data-end=\"5670\" \/>Style : Lani\u00e8re de cou \/ sangle promotionnelle<br data-start=\"5709\" data-end=\"5712\" \/>Mati\u00e8re : Courroie en tissu avec mat\u00e9riel m\u00e9tallique<br data-start=\"5754\" data-end=\"5757\" \/>Attache : Fermoir m\u00e9tallique pivotant \/ mousqueton<br data-start=\"5802\" data-end=\"5805\" \/>Options de logo : Logo imprim\u00e9 \/ pr\u00e9sentation du logo d\u00e9coratif<br data-start=\"5862\" data-end=\"5865\" \/>Style du motif : Motif personnalis\u00e9 en couleur disponible<br data-start=\"5915\" data-end=\"5918\" \/>Finition de la quincaillerie : ton argent\u00e9, ton dor\u00e9, ton dor\u00e9 rose illustr\u00e9 dans les images du produit<br data-start=\"5997\" data-end=\"6000\" \/>Utilisation : cl\u00e9s, badges, porte-identit\u00e9, porte-passe, pochettes de cartes, accessoires l\u00e9gers<br data-start=\"6082\" data-end=\"6085\" \/>Th\u00e8me : \u00c9v\u00e9nements, promotions, utilisation par le personnel, marchandises<br data-start=\"6134\" data-end=\"6137\" \/>Origine : Chine Chine<\/p>\n<p data-start=\"6154\" data-end=\"6731\"><strong data-start=\"6154\" data-end=\"6181\">Pourquoi choisir ce produit ?<\/strong><br data-start=\"6181\" data-end=\"6184\" \/>Cette longe offre une combinaison solide de <strong data-start=\"6228\" data-end=\"6304\">fonction pratique, personnalisation visuelle et exposition r\u00e9p\u00e9t\u00e9e \u00e0 la marque<\/strong>. Il est plus \u00e9l\u00e9gant qu'un simple lanyard de base, plus facile \u00e0 personnaliser avec des dessins et des couleurs, et utile dans un large \u00e9ventail de contextes professionnels et \u00e9v\u00e9nementiels. Parce qu'il peut continuer \u00e0 \u00eatre utilis\u00e9 apr\u00e8s l'\u00e9v\u00e9nement ou la promotion d'origine, il offre \u00e0 votre logo une visibilit\u00e9 \u00e0 long terme sup\u00e9rieure \u00e0 celle de nombreux cadeaux publicitaires ponctuels. Pour les marques qui recherchent un article simple avec une forte utilit\u00e9 quotidienne et une grande valeur de personnalisation, il s'agit d'un choix fiable.<\/p>\n<p data-start=\"6733\" data-end=\"7041\"><strong data-start=\"6733\" data-end=\"6746\">Id\u00e9al pour<\/strong><br data-start=\"6746\" data-end=\"6749\" \/>- Cadeaux pour les salons professionnels<br data-start=\"6771\" data-end=\"6774\" \/>- Conf\u00e9rences et expositions<br data-start=\"6803\" data-end=\"6806\" \/>- \u00c9v\u00e9nements d'entreprise<br data-start=\"6824\" data-end=\"6827\" \/>- Identification du personnel et utilisation du bureau<br data-start=\"6852\" data-end=\"6855\" \/>- Programmes scolaires et universitaires<br data-start=\"6887\" data-end=\"6890\" \/>- Adh\u00e9sion et accessoires de club<br data-start=\"6923\" data-end=\"6926\" \/>- Collections de marchandises au d\u00e9tail<br data-start=\"6958\" data-end=\"6961\" \/>- Campagnes de lancement de marques<br data-start=\"6985\" data-end=\"6988\" \/>- D\u00e9tenteurs d'un laissez-passer pour l'\u00e9v\u00e9nement<br data-start=\"7008\" data-end=\"7011\" \/>- Utilisation pour le port de cl\u00e9s et de badges<\/p>\n<p data-start=\"7043\" data-end=\"7052\"><strong data-start=\"7043\" data-end=\"7050\">FAQ<\/strong><\/p>\n<p data-start=\"7054\" data-end=\"7252\"><strong data-start=\"7054\" data-end=\"7101\">Ce cordon peut-il \u00eatre personnalis\u00e9 avec un logo ?<\/strong><br data-start=\"7101\" data-end=\"7104\" \/>Oui. La sangle peut \u00eatre personnalis\u00e9e avec votre logo, votre dessin ou le motif de votre marque, et les images du produit montrent \u00e9galement des options de pr\u00e9sentation d\u00e9corative du logo.<\/p>\n<p data-start=\"7254\" data-end=\"7413\"><strong data-start=\"7254\" data-end=\"7292\">\u00c0 quoi peut servir cette lani\u00e8re ?<\/strong><br data-start=\"7292\" data-end=\"7295\" \/>Il peut \u00eatre utilis\u00e9 pour les cl\u00e9s, les badges, les porte-\u00e9tiquettes, les pochettes de cartes, les laissez-passer pour les \u00e9v\u00e9nements et d'autres accessoires l\u00e9gers de tous les jours.<\/p>\n<p data-start=\"7415\" data-end=\"7563\"><strong data-start=\"7415\" data-end=\"7448\">Comprend-il un crochet en m\u00e9tal ?<\/strong><br data-start=\"7448\" data-end=\"7451\" \/>Oui. La lani\u00e8re est repr\u00e9sent\u00e9e avec un <strong data-start=\"7484\" data-end=\"7521\">fermoir m\u00e9tallique pivotant \/ mousqueton<\/strong> pour attacher diff\u00e9rents objets en toute s\u00e9curit\u00e9.<\/p>\n<p data-start=\"7565\" data-end=\"7778\"><strong data-start=\"7565\" data-end=\"7621\">Ce produit est-il adapt\u00e9 aux salons et aux \u00e9v\u00e9nements ?<\/strong><br data-start=\"7621\" data-end=\"7624\" \/>Oui. C'est un excellent choix pour les conf\u00e9rences, les expositions, les salons professionnels et l'identification du personnel car il est pratique, visible et facile \u00e0 distribuer.<\/p>\n<p data-start=\"7780\" data-end=\"7940\"><strong data-start=\"7780\" data-end=\"7823\">La sangle peut-elle \u00eatre imprim\u00e9e en quadrichromie ?<\/strong><br data-start=\"7823\" data-end=\"7826\" \/>Oui. D'apr\u00e8s les images du produit, ce mod\u00e8le convient \u00e0 <strong data-start=\"7887\" data-end=\"7937\">des motifs en couleur et des conceptions graphiques personnalis\u00e9es<\/strong>.<\/p>\n<p data-start=\"7942\" data-end=\"8108\"><strong data-start=\"7942\" data-end=\"7986\">Existe-t-il diff\u00e9rentes couleurs de quincaillerie ?<\/strong><br data-start=\"7986\" data-end=\"7989\" \/>Les images du produit montrent diff\u00e9rentes finitions m\u00e9talliques, notamment <strong data-start=\"8052\" data-end=\"8098\">tons argent\u00e9s, tons dor\u00e9s et tons dor\u00e9s roses<\/strong> les styles.<\/p>\n<p data-start=\"8110\" data-end=\"8288\"><strong data-start=\"8110\" data-end=\"8147\">S'agit-il uniquement d'\u00e9v\u00e9nements professionnels ?<\/strong><br data-start=\"8147\" data-end=\"8150\" \/>Non. Il peut \u00e9galement \u00eatre utilis\u00e9 pour les \u00e9coles, les clubs, les articles pour supporters, les accessoires de vente au d\u00e9tail, les souvenirs touristiques et les collections promotionnelles de marque.<\/p>\n<p data-start=\"8290\" data-end=\"8478\"><strong data-start=\"8290\" data-end=\"8333\">Pourquoi est-ce un bon produit promotionnel ?<\/strong><br data-start=\"8333\" data-end=\"8336\" \/>Parce qu'il est utile, portable, facile \u00e0 marquer et souvent r\u00e9utilis\u00e9 apr\u00e8s l'\u00e9v\u00e9nement initial, il permet de garder votre logo visible plus longtemps.<\/p>\n<p data-start=\"8480\" data-end=\"8646\" data-is-last-node=\"\" data-is-only-node=\"\">","protected":false},"excerpt":{"rendered":"<p>Cette lani\u00e8re imprim\u00e9e personnalis\u00e9e avec fermoir en m\u00e9tal est un accessoire promotionnel \u00e9l\u00e9gant et pratique pour les \u00e9v\u00e9nements, les badges, les cl\u00e9s et les objets de tous les jours. Dot\u00e9 d'une sangle imprim\u00e9e en couleur, d'un crochet m\u00e9tallique s\u00e9curis\u00e9 et d'une zone visible pour le logo, il constitue un choix judicieux pour les salons professionnels, l'identification du personnel, les marchandises de l'entreprise et les cadeaux de marque. Plusieurs styles de motifs et de finitions mat\u00e9rielles permettent de cr\u00e9er un look personnalis\u00e9 de qualit\u00e9 sup\u00e9rieure.<\/p>","protected":false},"featured_media":47521,"template":"","meta":{"_gspb_post_css":""},"product_brand":[],"product_cat":[35],"product_tag":[],"class_list":{"0":"post-47520","1":"product","2":"type-product","3":"status-publish","4":"has-post-thumbnail","6":"product_cat-tradeshow-events","8":"first","9":"instock","10":"shipping-taxable","11":"product-type-simple"},"_links":{"self":[{"href":"https:\/\/globalgiftsupplier.com\/fr\/wp-json\/wp\/v2\/product\/47520","targetHints":{"allow":["GET"]}}],"collection":[{"href":"https:\/\/globalgiftsupplier.com\/fr\/wp-json\/wp\/v2\/product"}],"about":[{"href":"https:\/\/globalgiftsupplier.com\/fr\/wp-json\/wp\/v2\/types\/product"}],"wp:featuredmedia":[{"embeddable":true,"href":"https:\/\/globalgiftsupplier.com\/fr\/wp-json\/wp\/v2\/media\/47521"}],"wp:attachment":[{"href":"https:\/\/globalgiftsupplier.com\/fr\/wp-json\/wp\/v2\/media?parent=47520"}],"wp:term":[{"taxonomy":"product_brand","embeddable":true,"href":"https:\/\/globalgiftsupplier.com\/fr\/wp-json\/wp\/v2\/product_brand?post=47520"},{"taxonomy":"product_cat","embeddable":true,"href":"https:\/\/globalgiftsupplier.com\/fr\/wp-json\/wp\/v2\/product_cat?post=47520"},{"taxonomy":"product_tag","embeddable":true,"href":"https:\/\/globalgiftsupplier.com\/fr\/wp-json\/wp\/v2\/product_tag?post=47520"}],"curies":[{"name":"wp","href":"https:\/\/api.w.org\/{rel}","templated":true}]}}