{"id":47475,"date":"2026-03-31T09:48:43","date_gmt":"2026-03-31T09:48:43","guid":{"rendered":"https:\/\/globalgiftsupplier.com\/?post_type=product&#038;p=47475"},"modified":"2026-03-31T09:48:44","modified_gmt":"2026-03-31T09:48:44","slug":"custom-rectangular-felt-raised-garden-bed-planter","status":"publish","type":"product","link":"https:\/\/globalgiftsupplier.com\/fr\/product\/custom-rectangular-felt-raised-garden-bed-planter\/","title":{"rendered":"Jardini\u00e8re sur\u00e9lev\u00e9e rectangulaire en feutre sur mesure"},"content":{"rendered":"<p data-start=\"1463\" data-end=\"1853\">Cette jardini\u00e8re rectangulaire en feutre est con\u00e7ue pour organiser les plantations dans les jardins, les patios, les balcons, les cours et autres espaces de culture en plein air. Sa grande forme rectangulaire et sa disposition divis\u00e9e permettent de s\u00e9parer diff\u00e9rentes plantes dans un m\u00eame lit, ce qui en fait un choix pratique pour les l\u00e9gumes, les herbes, les fleurs, les fraises, les l\u00e9gumes verts \u00e0 feuilles et les petites cultures de jardin.<\/p>\n<p data-start=\"1855\" data-end=\"2180\">Fabriqu\u00e9 en feutre \u00e9pais et respirant, ce bac constitue une solution de plantation l\u00e9g\u00e8re et r\u00e9utilisable, facile \u00e0 installer, \u00e0 d\u00e9placer, \u00e0 plier et \u00e0 ranger. La structure souple mais durable permet d'\u00e9conomiser de l'espace lorsqu'elle n'est pas utilis\u00e9e, tandis que le mat\u00e9riau respirant offre un environnement de culture plus pratique pour les plantations saisonni\u00e8res.<\/p>\n<p data-start=\"2182\" data-end=\"2619\">L'int\u00e9rieur divis\u00e9 permet de mieux organiser les zones de plantation, ce qui facilite la culture de plusieurs vari\u00e9t\u00e9s en m\u00eame temps. Il convient aux jardiniers amateurs, aux projets de jardinage urbain, \u00e0 la plantation en terrasse, \u00e0 l'utilisation dans l'arri\u00e8re-cour et aux promotions de jardinage saisonni\u00e8res. Le panneau avant peut \u00e9galement \u00eatre personnalis\u00e9 avec votre logo, ce qui en fait un article utile pour les marques de jardinage, les promotions de style de vie en plein air, les campagnes d'am\u00e9lioration de l'habitat et les collections de jardinage au d\u00e9tail.<\/p>\n<p data-start=\"2621\" data-end=\"3016\"><strong data-start=\"2621\" data-end=\"2637\">Caract\u00e9ristiques principales<\/strong><br data-start=\"2637\" data-end=\"2640\" \/>Conception d'un lit de jardin rectangulaire sur\u00e9lev\u00e9<br data-start=\"2676\" data-end=\"2679\" \/>Plan de plantation divis\u00e9 en plusieurs sections<br data-start=\"2716\" data-end=\"2719\" \/>Mat\u00e9riau en feutre respirant<br data-start=\"2749\" data-end=\"2752\" \/>Construction \u00e9paisse et durable<br data-start=\"2782\" data-end=\"2785\" \/>Pliable pour un rangement facile<br data-start=\"2810\" data-end=\"2813\" \/>R\u00e9utilisable pour les plantations saisonni\u00e8res<br data-start=\"2843\" data-end=\"2846\" \/>L\u00e9ger et facile \u00e0 installer<br data-start=\"2876\" data-end=\"2879\" \/>Convient pour les l\u00e9gumes, les herbes, les fleurs et les verdures<br data-start=\"2930\" data-end=\"2933\" \/>Impression de logos personnalis\u00e9s disponible<br data-start=\"2963\" data-end=\"2966\" \/>Convient pour le jardin, la terrasse, la pelouse et l'arri\u00e8re-cour<\/p>\n<p data-start=\"3018\" data-end=\"3543\"><strong data-start=\"3018\" data-end=\"3036\">Sp\u00e9cifications<\/strong><br data-start=\"3036\" data-end=\"3039\" \/>Type de produit : Jardini\u00e8re sur\u00e9lev\u00e9e en feutre<br data-start=\"3083\" data-end=\"3086\" \/>Mati\u00e8re : Tissu feutr\u00e9 \/ mat\u00e9riau non tiss\u00e9 de type feutre<br data-start=\"3139\" data-end=\"3142\" \/>Forme : Rectangulaire<br data-start=\"3160\" data-end=\"3163\" \/>Design : Jardini\u00e8re divis\u00e9e \u00e0 plusieurs compartiments<br data-start=\"3208\" data-end=\"3211\" \/>Caract\u00e9ristiques : Respirant, pliable, r\u00e9utilisable, l\u00e9ger<br data-start=\"3263\" data-end=\"3266\" \/>Couleur illustr\u00e9e : Noir<br data-start=\"3284\" data-end=\"3287\" \/>Personnalisation : Impression de logos possible<br data-start=\"3325\" data-end=\"3328\" \/>Dimensions approximatives indiqu\u00e9es : 180 x 90 x 30 cm<br data-start=\"3364\" data-end=\"3367\" \/>Utilisation pour : L\u00e9gumes, herbes, fleurs, fraises, l\u00e9gumes verts, plantation mixte<br data-start=\"3446\" data-end=\"3449\" \/>Application : Jardin, arri\u00e8re-cour, patio, balcon, pelouse, serre, plantation \u00e0 domicile<br data-start=\"3527\" data-end=\"3530\" \/>Origine : Chine Chine<\/p>\n<p data-start=\"3545\" data-end=\"3913\"><strong data-start=\"3545\" data-end=\"3572\">Pourquoi choisir ce produit ?<\/strong><br data-start=\"3572\" data-end=\"3575\" \/>Ce bac de jardinage sur\u00e9lev\u00e9 allie un espace de culture pratique \u00e0 un look personnalis\u00e9 \u00e9pur\u00e9. Le design divis\u00e9 aide \u00e0 organiser la plantation, la construction en feutre est facile \u00e0 stocker et \u00e0 r\u00e9utiliser, et la grande surface frontale est id\u00e9ale pour un marquage personnalis\u00e9. Il s'agit d'un produit utile pour les lignes de jardinage au d\u00e9tail et les collections promotionnelles d'ext\u00e9rieur.<\/p>\n<p data-start=\"3915\" data-end=\"4207\"><strong data-start=\"3915\" data-end=\"3928\">Id\u00e9al pour<\/strong><br data-start=\"3928\" data-end=\"3931\" \/>Centres de jardinage<br data-start=\"3945\" data-end=\"3948\" \/>Marques pour la maison et le jardin<br data-start=\"3968\" data-end=\"3971\" \/>Promotion du mode de vie en plein air<br data-start=\"3999\" data-end=\"4002\" \/>Campagnes de jardinage de printemps<br data-start=\"4028\" data-end=\"4031\" \/>Kits de plantation de l\u00e9gumes<br data-start=\"4054\" data-end=\"4057\" \/>Produits de jardinage<br data-start=\"4084\" data-end=\"4087\" \/>Projets de jardinage urbain<br data-start=\"4111\" data-end=\"4114\" \/>Produits promotionnels \u00e9cologiques<br data-start=\"4147\" data-end=\"4150\" \/>Collections de jardini\u00e8res pour le commerce de d\u00e9tail<br data-start=\"4176\" data-end=\"4179\" \/>Promotions saisonni\u00e8res de plantation<\/p>\n<p data-start=\"4209\" data-end=\"4216\"><strong data-start=\"4209\" data-end=\"4216\">FAQ<\/strong><\/p>\n<p data-start=\"4218\" data-end=\"4352\"><strong data-start=\"4218\" data-end=\"4265\">Ce bac peut-il \u00eatre personnalis\u00e9 avec un logo ?<\/strong><br data-start=\"4265\" data-end=\"4268\" \/>Oui, la face avant peut \u00eatre personnalis\u00e9e avec votre logo pour un usage promotionnel ou de vente au d\u00e9tail.<\/p>\n<p data-start=\"4354\" data-end=\"4505\"><strong data-start=\"4354\" data-end=\"4397\">Que peut-on planter dans ce lit sur\u00e9lev\u00e9 ?<\/strong><br data-start=\"4397\" data-end=\"4400\" \/>Il convient pour les l\u00e9gumes, les herbes, les fleurs, les fraises, les l\u00e9gumes verts et autres petites plantes de jardin.<\/p>\n<p data-start=\"4507\" data-end=\"4625\"><strong data-start=\"4507\" data-end=\"4551\">A-t-il des sections de plantation s\u00e9par\u00e9es ?<\/strong><br data-start=\"4551\" data-end=\"4554\" \/>Oui. L'int\u00e9rieur est divis\u00e9 pour mieux organiser les plantations.<\/p>\n<p data-start=\"4627\" data-end=\"4723\"><strong data-start=\"4627\" data-end=\"4656\">Le mat\u00e9riel est-il pliable ?<\/strong><br data-start=\"4656\" data-end=\"4659\" \/>Oui, le mat\u00e9riau en feutre peut \u00eatre pli\u00e9 \u00e0 plat lorsqu'il n'est pas utilis\u00e9.<\/p>\n<p data-start=\"4725\" data-end=\"4802\"><strong data-start=\"4725\" data-end=\"4744\">Est-il r\u00e9utilisable ?<\/strong><br data-start=\"4744\" data-end=\"4747\" \/>Oui, il est con\u00e7u pour des plantations saisonni\u00e8res r\u00e9p\u00e9t\u00e9es.<\/p>\n<p data-start=\"4804\" data-end=\"4903\"><strong data-start=\"4804\" data-end=\"4840\">Quelle est la taille indiqu\u00e9e sur l'image ?<\/strong><br data-start=\"4840\" data-end=\"4843\" \/>L'image montre une taille approximative de <strong data-start=\"4882\" data-end=\"4902\">180 x 90 x 30 cm<\/strong>.<\/p>\n<p data-start=\"4905\" data-end=\"5080\" data-is-last-node=\"\" data-is-only-node=\"\">","protected":false},"excerpt":{"rendered":"<p>Cette jardini\u00e8re rectangulaire en feutre est une solution pratique pour cultiver des l\u00e9gumes, des herbes, des fleurs et d'autres plantes dans des sections organis\u00e9es. Fabriqu\u00e9 en feutre \u00e9pais et respirant, il pr\u00e9sente une disposition divis\u00e9e, une structure pliable et une grande surface imprimable pour la personnalisation du logo, ce qui le rend adapt\u00e9 \u00e0 la fois au jardinage domestique et \u00e0 une utilisation promotionnelle.<\/p>","protected":false},"featured_media":47476,"template":"","meta":{"_gspb_post_css":""},"product_brand":[],"product_cat":[30],"product_tag":[],"class_list":{"0":"post-47475","1":"product","2":"type-product","3":"status-publish","4":"has-post-thumbnail","6":"product_cat-home-pets-tools","8":"first","9":"instock","10":"shipping-taxable","11":"product-type-simple"},"_links":{"self":[{"href":"https:\/\/globalgiftsupplier.com\/fr\/wp-json\/wp\/v2\/product\/47475","targetHints":{"allow":["GET"]}}],"collection":[{"href":"https:\/\/globalgiftsupplier.com\/fr\/wp-json\/wp\/v2\/product"}],"about":[{"href":"https:\/\/globalgiftsupplier.com\/fr\/wp-json\/wp\/v2\/types\/product"}],"wp:featuredmedia":[{"embeddable":true,"href":"https:\/\/globalgiftsupplier.com\/fr\/wp-json\/wp\/v2\/media\/47476"}],"wp:attachment":[{"href":"https:\/\/globalgiftsupplier.com\/fr\/wp-json\/wp\/v2\/media?parent=47475"}],"wp:term":[{"taxonomy":"product_brand","embeddable":true,"href":"https:\/\/globalgiftsupplier.com\/fr\/wp-json\/wp\/v2\/product_brand?post=47475"},{"taxonomy":"product_cat","embeddable":true,"href":"https:\/\/globalgiftsupplier.com\/fr\/wp-json\/wp\/v2\/product_cat?post=47475"},{"taxonomy":"product_tag","embeddable":true,"href":"https:\/\/globalgiftsupplier.com\/fr\/wp-json\/wp\/v2\/product_tag?post=47475"}],"curies":[{"name":"wp","href":"https:\/\/api.w.org\/{rel}","templated":true}]}}