{"id":47453,"date":"2026-03-31T09:39:39","date_gmt":"2026-03-31T09:39:39","guid":{"rendered":"https:\/\/globalgiftsupplier.com\/?post_type=product&#038;p=47453"},"modified":"2026-03-31T09:39:39","modified_gmt":"2026-03-31T09:39:39","slug":"custom-felt-potato-grow-bag-with-harvest-window","status":"publish","type":"product","link":"https:\/\/globalgiftsupplier.com\/fr\/product\/custom-felt-potato-grow-bag-with-harvest-window\/","title":{"rendered":"Sac de culture de pommes de terre en feutre personnalis\u00e9 avec fen\u00eatre de r\u00e9colte"},"content":{"rendered":"<p data-start=\"1373\" data-end=\"1780\">Ce sac de culture en feutre personnalis\u00e9 est une solution de jardinage pratique et r\u00e9utilisable con\u00e7ue pour faire pousser des l\u00e9gumes, des herbes, des fleurs et d'autres petites plantes dans des espaces limit\u00e9s. Fabriqu\u00e9 en tissu feutr\u00e9 \u00e0 la fois doux et durable, il permet de cr\u00e9er un environnement de plantation soign\u00e9 tout en facilitant la gestion des jardins domestiques, des patios, des balcons, des serres et des zones de culture en ext\u00e9rieur.<\/p>\n<p data-start=\"1782\" data-end=\"2208\">L'une des principales caract\u00e9ristiques de ce sac de culture est sa fen\u00eatre de r\u00e9colte frontale, qui permet aux utilisateurs de contr\u00f4ler la croissance des plantes et de r\u00e9colter facilement les plantes racines telles que les pommes de terre, sans avoir \u00e0 retirer la plante enti\u00e8re du conteneur. Il est donc particuli\u00e8rement utile pour cultiver des pommes de terre, des carottes, des arachides, des oignons et d'autres l\u00e9gumes similaires. Le sac est \u00e9galement \u00e9quip\u00e9 de poign\u00e9es lat\u00e9rales pour faciliter le levage, le d\u00e9placement et le positionnement lors de la plantation et de la r\u00e9colte.<\/p>\n<p data-start=\"2210\" data-end=\"2555\">La conception r\u00e9utilisable permet une utilisation saisonni\u00e8re r\u00e9p\u00e9t\u00e9e, tandis que la partie avant propre peut \u00eatre personnalis\u00e9e avec votre logo pour les marques de jardinage, les jardineries, les promotions en plein air, les campagnes \u00e9cologiques et les cadeaux pratiques sur le mode de vie. Disponible en plusieurs couleurs et tailles, ce sac de culture combine la fonction de jardinage avec une forte valeur promotionnelle.<\/p>\n<p data-start=\"2557\" data-end=\"2954\"><strong data-start=\"2557\" data-end=\"2573\">Caract\u00e9ristiques principales<\/strong><br data-start=\"2573\" data-end=\"2576\" \/>Sac de culture en feutre r\u00e9utilisable<br data-start=\"2605\" data-end=\"2608\" \/>Fen\u00eatre de r\u00e9colte frontale pour un acc\u00e8s facile<br data-start=\"2644\" data-end=\"2647\" \/>Convient aux pommes de terre et aux l\u00e9gumes-racines<br data-start=\"2688\" data-end=\"2691\" \/>Poign\u00e9es lat\u00e9rales pour faciliter le transport<br data-start=\"2721\" data-end=\"2724\" \/>Solution de plantation peu encombrante<br data-start=\"2754\" data-end=\"2757\" \/>Id\u00e9al pour le jardinage \u00e0 la maison, sur le patio et sur le balcon<br data-start=\"2800\" data-end=\"2803\" \/>Impression de logos personnalis\u00e9s disponible<br data-start=\"2833\" data-end=\"2836\" \/>L\u00e9ger et facile \u00e0 ranger<br data-start=\"2865\" data-end=\"2868\" \/>Utile pour les promotions de jardinage saisonni\u00e8res<br data-start=\"2908\" data-end=\"2911\" \/>Convient pour les l\u00e9gumes, les herbes et les fleurs<\/p>\n<p data-start=\"2956\" data-end=\"3553\"><strong data-start=\"2956\" data-end=\"2974\">Sp\u00e9cifications<\/strong><br data-start=\"2974\" data-end=\"2977\" \/>Type de produit : Sac de culture en feutre \/ sac de plantation de pommes de terre<br data-start=\"3025\" data-end=\"3028\" \/>Mati\u00e8re : Tissu feutr\u00e9<br data-start=\"3049\" data-end=\"3052\" \/>Design : Sac de plantation cylindrique avec fen\u00eatre de r\u00e9colte<br data-start=\"3103\" data-end=\"3106\" \/>Caract\u00e9ristiques : R\u00e9utilisable, portable, acc\u00e8s facile \u00e0 la r\u00e9colte<br data-start=\"3154\" data-end=\"3157\" \/>Tailles disponibles : 7 gallons, 10 gallons<br data-start=\"3193\" data-end=\"3196\" \/>R\u00e9f\u00e9rence de taille :<br data-start=\"3211\" data-end=\"3214\" \/>7 gallons : environ 30 x 35 cm<br data-start=\"3242\" data-end=\"3245\" \/>10 gallons : environ 35 x 40 cm<br data-start=\"3274\" data-end=\"3277\" \/>Options de couleur illustr\u00e9es : Vert, noir, beige<br data-start=\"3317\" data-end=\"3320\" \/>Personnalisation : Impression de logos possible<br data-start=\"3358\" data-end=\"3361\" \/>Application : Pommes de terre, carottes, oignons, arachides, herbes, fleurs, l\u00e9gumes<br data-start=\"3436\" data-end=\"3439\" \/>Sc\u00e9nario d'utilisation : jardinage domestique, plantation sur balcon, jardinage en terrasse, utilisation en serre, cadeaux promotionnels<br data-start=\"3537\" data-end=\"3540\" \/>Origine : Chine Chine<\/p>\n<p data-start=\"3555\" data-end=\"3897\"><strong data-start=\"3555\" data-end=\"3582\">Pourquoi choisir ce produit ?<\/strong><br data-start=\"3582\" data-end=\"3585\" \/>Ce sac de culture est un excellent article promotionnel pour le jardinage car il est pratique, r\u00e9utilisable, visuellement simple pour le marquage et adapt\u00e9 \u00e0 une utilisation saisonni\u00e8re. La fen\u00eatre de r\u00e9colte ajoute une commodit\u00e9 suppl\u00e9mentaire et le rend plus attrayant qu'un sac de plantation standard, en particulier pour les clients qui cultivent des pommes de terre et d'autres plantes racines.<\/p>\n<p data-start=\"3899\" data-end=\"4209\"><strong data-start=\"3899\" data-end=\"3912\">Id\u00e9al pour<\/strong><br data-start=\"3912\" data-end=\"3915\" \/>Centres de jardinage<br data-start=\"3929\" data-end=\"3932\" \/>Promotions pour le jardinage \u00e0 domicile<br data-start=\"3957\" data-end=\"3960\" \/>Campagnes de printemps et saisonni\u00e8res<br data-start=\"3989\" data-end=\"3992\" \/>Lignes de produits \u00e9cologiques<br data-start=\"4018\" data-end=\"4021\" \/>Marques de mode de vie en plein air<br data-start=\"4045\" data-end=\"4048\" \/>Cadeaux pour l'agriculture et la plantation<br data-start=\"4082\" data-end=\"4085\" \/>Jardinage des balcons et des terrasses<br data-start=\"4112\" data-end=\"4115\" \/>Vente au d\u00e9tail d'accessoires de jardin<br data-start=\"4140\" data-end=\"4143\" \/>Kits de plantation d'herbes et de l\u00e9gumes<br data-start=\"4175\" data-end=\"4178\" \/>Cadeaux promotionnels pour la maison et le jardin<\/p>\n<p data-start=\"4211\" data-end=\"4218\"><strong data-start=\"4211\" data-end=\"4218\">FAQ<\/strong><\/p>\n<p data-start=\"4220\" data-end=\"4355\"><strong data-start=\"4220\" data-end=\"4268\">Ce sac de culture peut-il \u00eatre personnalis\u00e9 avec un logo ?<\/strong><br data-start=\"4268\" data-end=\"4271\" \/>Oui, la partie avant peut \u00eatre personnalis\u00e9e avec votre logo pour une utilisation promotionnelle ou de vente au d\u00e9tail.<\/p>\n<p data-start=\"4357\" data-end=\"4493\"><strong data-start=\"4357\" data-end=\"4398\">Que peut-on planter dans ce sac de culture ?<\/strong><br data-start=\"4398\" data-end=\"4401\" \/>Il convient pour les pommes de terre, les carottes, les oignons, les arachides, les herbes, les fleurs et d'autres l\u00e9gumes.<\/p>\n<p data-start=\"4495\" data-end=\"4629\"><strong data-start=\"4495\" data-end=\"4539\">Quel est l'int\u00e9r\u00eat de la fen\u00eatre de fa\u00e7ade ?<\/strong><br data-start=\"4539\" data-end=\"4542\" \/>La fen\u00eatre de r\u00e9colte permet aux utilisateurs de contr\u00f4ler la croissance et de retirer plus facilement les l\u00e9gumes-racines.<\/p>\n<p data-start=\"4631\" data-end=\"4724\"><strong data-start=\"4631\" data-end=\"4660\">Le sac de culture est-il r\u00e9utilisable ?<\/strong><br data-start=\"4660\" data-end=\"4663\" \/>Oui, il est con\u00e7u pour une utilisation r\u00e9p\u00e9t\u00e9e au cours des saisons de plantation.<\/p>\n<p data-start=\"4726\" data-end=\"4810\"><strong data-start=\"4726\" data-end=\"4751\">A-t-il des poign\u00e9es ?<\/strong><br data-start=\"4751\" data-end=\"4754\" \/>Oui, les poign\u00e9es lat\u00e9rales facilitent le d\u00e9placement et le repositionnement.<\/p>\n<p data-start=\"4812\" data-end=\"4891\"><strong data-start=\"4812\" data-end=\"4841\">Quelles sont les tailles disponibles ?<\/strong><br data-start=\"4841\" data-end=\"4844\" \/>Les images montrent les options 7 gallons et 10 gallons.<\/p>\n<p data-start=\"4893\" data-end=\"5011\"><strong data-start=\"4893\" data-end=\"4938\">Est-il adapt\u00e9 au jardinage dans un espace restreint ?<\/strong><br data-start=\"4938\" data-end=\"4941\" \/>Oui, il convient parfaitement pour les patios, les balcons, les jardins et les serres.<\/p>","protected":false},"excerpt":{"rendered":"<p>Ce sac de culture de pommes de terre en feutre personnalis\u00e9 est con\u00e7u pour le jardinage pratique \u00e0 domicile et en plein air. Il est dot\u00e9 d'un corps en tissu r\u00e9utilisable, de poign\u00e9es lat\u00e9rales et d'une fen\u00eatre de r\u00e9colte \u00e0 l'avant pour faciliter l'acc\u00e8s aux l\u00e9gumes-racines. Adapt\u00e9 aux pommes de terre, carottes, cacahu\u00e8tes, oignons, herbes aromatiques et autres plantes, c'est un produit de jardinage utile pour la vente au d\u00e9tail, les promotions saisonni\u00e8res et les campagnes de jardinage de marque.<\/p>","protected":false},"featured_media":47454,"template":"","meta":{"_gspb_post_css":""},"product_brand":[],"product_cat":[30],"product_tag":[],"class_list":{"0":"post-47453","1":"product","2":"type-product","3":"status-publish","4":"has-post-thumbnail","6":"product_cat-home-pets-tools","8":"first","9":"instock","10":"shipping-taxable","11":"product-type-simple"},"_links":{"self":[{"href":"https:\/\/globalgiftsupplier.com\/fr\/wp-json\/wp\/v2\/product\/47453","targetHints":{"allow":["GET"]}}],"collection":[{"href":"https:\/\/globalgiftsupplier.com\/fr\/wp-json\/wp\/v2\/product"}],"about":[{"href":"https:\/\/globalgiftsupplier.com\/fr\/wp-json\/wp\/v2\/types\/product"}],"wp:featuredmedia":[{"embeddable":true,"href":"https:\/\/globalgiftsupplier.com\/fr\/wp-json\/wp\/v2\/media\/47454"}],"wp:attachment":[{"href":"https:\/\/globalgiftsupplier.com\/fr\/wp-json\/wp\/v2\/media?parent=47453"}],"wp:term":[{"taxonomy":"product_brand","embeddable":true,"href":"https:\/\/globalgiftsupplier.com\/fr\/wp-json\/wp\/v2\/product_brand?post=47453"},{"taxonomy":"product_cat","embeddable":true,"href":"https:\/\/globalgiftsupplier.com\/fr\/wp-json\/wp\/v2\/product_cat?post=47453"},{"taxonomy":"product_tag","embeddable":true,"href":"https:\/\/globalgiftsupplier.com\/fr\/wp-json\/wp\/v2\/product_tag?post=47453"}],"curies":[{"name":"wp","href":"https:\/\/api.w.org\/{rel}","templated":true}]}}