{"id":47429,"date":"2026-03-31T09:30:30","date_gmt":"2026-03-31T09:30:30","guid":{"rendered":"https:\/\/globalgiftsupplier.com\/?post_type=product&#038;p=47429"},"modified":"2026-03-31T09:30:30","modified_gmt":"2026-03-31T09:30:30","slug":"custom-led-light-up-baseball-cap-with-logo","status":"publish","type":"product","link":"https:\/\/globalgiftsupplier.com\/fr\/product\/custom-led-light-up-baseball-cap-with-logo\/","title":{"rendered":"Casquette de baseball lumineuse LED personnalis\u00e9e avec logo"},"content":{"rendered":"<p data-start=\"1471\" data-end=\"1808\">Cette casquette de baseball lumineuse \u00e0 LED personnalis\u00e9e est un produit promotionnel amusant qui attire l'attention, con\u00e7u pour les \u00e9v\u00e9nements, les activit\u00e9s de plein air, les campagnes de marque et l'utilisation nocturne. Avec sa bande lumineuse int\u00e9gr\u00e9e le long du bord, la casquette ajoute un effet visuel lumineux tout en conservant le style familier et d\u00e9contract\u00e9 d'une casquette de baseball classique.<\/p>\n<p data-start=\"1810\" data-end=\"2127\">La casquette est dot\u00e9e d'un panneau frontal pour le marquage du logo personnalis\u00e9, ce qui la rend adapt\u00e9e aux promotions marketing, aux festivals, aux concerts, aux \u00e9v\u00e9nements sportifs, aux activit\u00e9s d'\u00e9quipe, aux courses nocturnes et aux programmes de cadeaux. Elle est \u00e9galement dot\u00e9e d'une fermeture auto-agrippante r\u00e9glable pour un ajustement flexible, ce qui lui permet de s'adapter confortablement \u00e0 diff\u00e9rentes tailles de t\u00eate.<\/p>\n<p data-start=\"2129\" data-end=\"2411\">Con\u00e7ue avec des d\u00e9tails pratiques, cette casquette comprend un interrupteur cach\u00e9, une structure de fil d\u00e9tachable et une pile rempla\u00e7able, comme le montrent les images du produit. Le bandeau de transpiration confortable et le bord incurv\u00e9 standard permettent de porter cette casquette de mani\u00e8re prolong\u00e9e, que ce soit dans le cadre d'un \u00e9v\u00e9nement ou dans un contexte d\u00e9contract\u00e9.<\/p>\n<p data-start=\"2413\" data-end=\"2679\">Ce produit convient parfaitement aux entreprises qui recherchent une casquette promotionnelle plus originale qu'un couvre-chef classique. Il combine la valeur de la marque, la visibilit\u00e9 et la nouveaut\u00e9 en un seul article portable, ce qui en fait une bonne option pour les campagnes o\u00f9 la pr\u00e9sentation accrocheuse est importante.<\/p>\n<p data-start=\"2681\" data-end=\"3027\"><strong data-start=\"2681\" data-end=\"2697\">Caract\u00e9ristiques principales<\/strong><br data-start=\"2697\" data-end=\"2700\" \/>Bordure \u00e9clair\u00e9e par LED<br data-start=\"2724\" data-end=\"2727\" \/>Zone d'impression de logo personnalis\u00e9 sur le panneau avant<br data-start=\"2767\" data-end=\"2770\" \/>Style classique d'une casquette de baseball<br data-start=\"2796\" data-end=\"2799\" \/>Fermeture r\u00e9glable par bande auto-agrippante<br data-start=\"2831\" data-end=\"2834\" \/>Interrupteur cach\u00e9<br data-start=\"2854\" data-end=\"2857\" \/>Structure de la batterie rempla\u00e7able<br data-start=\"2886\" data-end=\"2889\" \/>Conception d'un fil d\u00e9tachable<br data-start=\"2911\" data-end=\"2914\" \/>Bandeau de transpiration confortable<br data-start=\"2935\" data-end=\"2938\" \/>Convient pour les \u00e9v\u00e9nements et les activit\u00e9s nocturnes<br data-start=\"2978\" data-end=\"2981\" \/>Utile pour les campagnes promotionnelles et les cadeaux publicitaires<\/p>\n<p data-start=\"3029\" data-end=\"3552\"><strong data-start=\"3029\" data-end=\"3047\">Sp\u00e9cifications<\/strong><br data-start=\"3047\" data-end=\"3050\" \/>Type de produit : Casquette de baseball \u00e0 LED<br data-start=\"3080\" data-end=\"3083\" \/>Mat\u00e9riau : Capuchon en tissu avec composant lumineux LED int\u00e9gr\u00e9<br data-start=\"3137\" data-end=\"3140\" \/>Style : Casquette de baseball<br data-start=\"3159\" data-end=\"3162\" \/>Style du bord : Bord incurv\u00e9<br data-start=\"3185\" data-end=\"3188\" \/>Type de fermeture : Bracelet ajustable par bande auto-agrippante<br data-start=\"3232\" data-end=\"3235\" \/>Tour de t\u00eate : Approx. 20-23.6 pouces<br data-start=\"3277\" data-end=\"3280\" \/>Longueur du bord : Environ 3,07 pouces<br data-start=\"3312\" data-end=\"3315\" \/>Caract\u00e9ristiques : Interrupteur cach\u00e9, fils d\u00e9tachables, batterie rempla\u00e7able<br data-start=\"3376\" data-end=\"3379\" \/>Options de couleur : Noir, blanc<br data-start=\"3406\" data-end=\"3409\" \/>Personnalisation : Impression de logos possible<br data-start=\"3447\" data-end=\"3450\" \/>Application : \u00c9v\u00e9nements, concerts, f\u00eates, promotions, activit\u00e9s d'\u00e9quipe, utilisation nocturne en plein air<br data-start=\"3536\" data-end=\"3539\" \/>Origine : Chine Chine<\/p>\n<p data-start=\"3554\" data-end=\"3903\"><strong data-start=\"3554\" data-end=\"3581\">Pourquoi choisir ce produit ?<\/strong><br data-start=\"3581\" data-end=\"3584\" \/>Cette casquette LED offre un attrait visuel plus fort qu'une casquette promotionnelle ordinaire. Elle permet aux marques d'attirer l'attention lors d'\u00e9v\u00e9nements nocturnes et dans des lieux tr\u00e8s fr\u00e9quent\u00e9s, tout en \u00e9tant pratique \u00e0 porter. Avec une taille r\u00e9glable et la possibilit\u00e9 de personnaliser le logo, c'est un produit utile pour les campagnes qui ont besoin \u00e0 la fois d'une image de marque et d'une nouveaut\u00e9.<\/p>\n<p data-start=\"3905\" data-end=\"4154\"><strong data-start=\"3905\" data-end=\"3918\">Id\u00e9al pour<\/strong><br data-start=\"3918\" data-end=\"3921\" \/>Les cadeaux des concerts<br data-start=\"3938\" data-end=\"3941\" \/>Produits d\u00e9riv\u00e9s du festival<br data-start=\"3961\" data-end=\"3964\" \/>Promotion d'\u00e9v\u00e9nements nocturnes<br data-start=\"3986\" data-end=\"3989\" \/>Campagnes d'activation de la marque<br data-start=\"4015\" data-end=\"4018\" \/>Articles de supporters sportifs<br data-start=\"4040\" data-end=\"4043\" \/>Activit\u00e9s d'\u00e9quipe<br data-start=\"4058\" data-end=\"4061\" \/>Articles de f\u00eate<br data-start=\"4075\" data-end=\"4078\" \/>Programmes de v\u00eatements promotionnels<br data-start=\"4106\" data-end=\"4109\" \/>Cadeaux pour \u00e9v\u00e9nements en plein air<br data-start=\"4128\" data-end=\"4131\" \/>Vente au d\u00e9tail d'articles de fantaisie<\/p>\n<p data-start=\"4156\" data-end=\"4163\"><strong data-start=\"4156\" data-end=\"4163\">FAQ<\/strong><\/p>\n<p data-start=\"4165\" data-end=\"4269\"><strong data-start=\"4165\" data-end=\"4208\">Cette casquette peut-elle \u00eatre personnalis\u00e9e avec un logo ?<\/strong><br data-start=\"4208\" data-end=\"4211\" \/>Oui, le panneau avant peut recevoir un logo personnalis\u00e9.<\/p>\n<p data-start=\"4271\" data-end=\"4353\"><strong data-start=\"4271\" data-end=\"4297\">Le capuchon est-il r\u00e9glable ?<\/strong><br data-start=\"4297\" data-end=\"4300\" \/>Oui, il est dot\u00e9 d'une fermeture auto-agrippante r\u00e9glable.<\/p>\n<p data-start=\"4355\" data-end=\"4501\"><strong data-start=\"4355\" data-end=\"4416\">Qu'est-ce qui diff\u00e9rencie cette casquette d'une casquette de baseball normale ?<\/strong><br data-start=\"4416\" data-end=\"4419\" \/>Il comprend un bord lumineux qui cr\u00e9e un effet promotionnel plus visible.<\/p>\n<p data-start=\"4503\" data-end=\"4652\"><strong data-start=\"4503\" data-end=\"4547\">Est-il adapt\u00e9 aux \u00e9v\u00e9nements et \u00e0 l'utilisation nocturne ?<\/strong><br data-start=\"4547\" data-end=\"4550\" \/>Oui, il est id\u00e9al pour les concerts, les festivals, les f\u00eates, les promotions en plein air et d'autres activit\u00e9s \u00e0 faible luminosit\u00e9.<\/p>\n<p data-start=\"4654\" data-end=\"4752\"><strong data-start=\"4654\" data-end=\"4688\">Est-il con\u00e7u avec une batterie ?<\/strong><br data-start=\"4688\" data-end=\"4691\" \/>Oui, les images du produit montrent une structure de batterie rempla\u00e7able.<\/p>","protected":false},"excerpt":{"rendered":"<p>Cette casquette de baseball LED personnalis\u00e9e associe le style classique d'un couvre-chef \u00e0 un bord lumineux pour une visibilit\u00e9 accrue et un impact promotionnel. Dot\u00e9e d'une fermeture r\u00e9glable, d'un interrupteur cach\u00e9, d'une pile rempla\u00e7able et d'une zone de logo personnalis\u00e9 sur le devant, elle constitue un article pratique et accrocheur pour les \u00e9v\u00e9nements, les promotions nocturnes, les concerts, les activit\u00e9s d'\u00e9quipe et les cadeaux publicitaires de marque.<\/p>","protected":false},"featured_media":47430,"template":"","meta":{"_gspb_post_css":""},"product_brand":[],"product_cat":[29],"product_tag":[],"class_list":{"0":"post-47429","1":"product","2":"type-product","3":"status-publish","4":"has-post-thumbnail","6":"product_cat-apparel","8":"first","9":"instock","10":"shipping-taxable","11":"product-type-simple"},"_links":{"self":[{"href":"https:\/\/globalgiftsupplier.com\/fr\/wp-json\/wp\/v2\/product\/47429","targetHints":{"allow":["GET"]}}],"collection":[{"href":"https:\/\/globalgiftsupplier.com\/fr\/wp-json\/wp\/v2\/product"}],"about":[{"href":"https:\/\/globalgiftsupplier.com\/fr\/wp-json\/wp\/v2\/types\/product"}],"wp:featuredmedia":[{"embeddable":true,"href":"https:\/\/globalgiftsupplier.com\/fr\/wp-json\/wp\/v2\/media\/47430"}],"wp:attachment":[{"href":"https:\/\/globalgiftsupplier.com\/fr\/wp-json\/wp\/v2\/media?parent=47429"}],"wp:term":[{"taxonomy":"product_brand","embeddable":true,"href":"https:\/\/globalgiftsupplier.com\/fr\/wp-json\/wp\/v2\/product_brand?post=47429"},{"taxonomy":"product_cat","embeddable":true,"href":"https:\/\/globalgiftsupplier.com\/fr\/wp-json\/wp\/v2\/product_cat?post=47429"},{"taxonomy":"product_tag","embeddable":true,"href":"https:\/\/globalgiftsupplier.com\/fr\/wp-json\/wp\/v2\/product_tag?post=47429"}],"curies":[{"name":"wp","href":"https:\/\/api.w.org\/{rel}","templated":true}]}}