{"id":47416,"date":"2026-03-31T09:27:47","date_gmt":"2026-03-31T09:27:47","guid":{"rendered":"https:\/\/globalgiftsupplier.com\/?post_type=product&#038;p=47416"},"modified":"2026-03-31T09:27:47","modified_gmt":"2026-03-31T09:27:47","slug":"custom-silicone-magnetic-cable-organizer-tie-for-earphones-cords-keys-and-daily-storage","status":"publish","type":"product","link":"https:\/\/globalgiftsupplier.com\/fr\/product\/custom-silicone-magnetic-cable-organizer-tie-for-earphones-cords-keys-and-daily-storage\/","title":{"rendered":"Attache magn\u00e9tique personnalis\u00e9e en silicone pour les \u00e9couteurs, les cordons, les cl\u00e9s et le rangement quotidien"},"content":{"rendered":"<p data-start=\"1476\" data-end=\"1833\">Cet organisateur de c\u00e2bles magn\u00e9tique en silicone personnalis\u00e9 est un accessoire quotidien simple et utile, con\u00e7u pour garder les petits objets bien rang\u00e9s et faciles \u00e0 g\u00e9rer. Gr\u00e2ce \u00e0 son corps en silicone flexible et \u00e0 ses extr\u00e9mit\u00e9s magn\u00e9tiques, il peut rapidement s'enrouler autour des fils d'\u00e9couteurs, des c\u00e2bles de charge, des cordons USB, des stylos, des notes, des cl\u00e9s et d'autres objets l\u00e9gers de la vie quotidienne.<\/p>\n<p data-start=\"1835\" data-end=\"2176\">Sa taille compacte permet de le transporter facilement dans un sac, un tiroir, un organisateur de bureau ou une pochette de voyage. Le mat\u00e9riau en silicone souple est flexible, r\u00e9utilisable et facile \u00e0 manipuler, tandis que la conception magn\u00e9tique permet une fixation et un retrait rapides. Ce produit convient aux bureaux, au rangement \u00e0 la maison, \u00e0 l'\u00e9cole, \u00e0 l'organisation des voyages et aux ensembles d'accessoires techniques.<\/p>\n<p data-start=\"2178\" data-end=\"2511\">L'extr\u00e9mit\u00e9 ronde permet \u00e9galement de personnaliser le logo, ce qui en fait un article de marque pratique pour les campagnes promotionnelles, les cadeaux d'entreprise, les salons professionnels, les \u00e9v\u00e9nements techniques, les promotions dans les \u00e9coles et les programmes de cadeaux au d\u00e9tail. Avec de multiples options de couleurs vives et une large utilisation quotidienne, il s'agit d'un article promotionnel peu co\u00fbteux avec une forte valeur d'utilisation r\u00e9p\u00e9t\u00e9e.<\/p>\n<p data-start=\"2513\" data-end=\"2794\">Cet organisateur est particuli\u00e8rement adapt\u00e9 aux marques qui recherchent des cadeaux publicitaires petits mais fonctionnels, faciles \u00e0 distribuer et utiles dans la vie quotidienne. Il convient parfaitement aux kits de bienvenue au bureau, aux promotions sur l'\u00e9lectronique, aux sets de papeterie, aux packs de voyage et aux collections d'organisation de bureau.<\/p>\n<p data-start=\"2796\" data-end=\"3245\"><strong data-start=\"2796\" data-end=\"2812\">Caract\u00e9ristiques principales<\/strong><br data-start=\"2812\" data-end=\"2815\" \/>Attache flexible en silicone pour l'organisation des c\u00e2bles<br data-start=\"2852\" data-end=\"2855\" \/>Fermeture magn\u00e9tique pour une fixation rapide<br data-start=\"2891\" data-end=\"2894\" \/>R\u00e9utilisable et l\u00e9ger<br data-start=\"2925\" data-end=\"2928\" \/>Convient pour les c\u00e2bles, les \u00e9couteurs, les cl\u00e9s, les notes, les stylos et les petits accessoires.<br data-start=\"3000\" data-end=\"3003\" \/>Facile \u00e0 transporter et \u00e0 ranger<br data-start=\"3026\" data-end=\"3029\" \/>Aide \u00e0 organiser les bureaux, les tiroirs et les sacs<br data-start=\"3074\" data-end=\"3077\" \/>Disponible en plusieurs couleurs<br data-start=\"3105\" data-end=\"3108\" \/>Impression de logos personnalis\u00e9s disponible<br data-start=\"3138\" data-end=\"3141\" \/>Utile pour le bureau, l'\u00e9cole, la maison et les voyages<br data-start=\"3184\" data-end=\"3187\" \/>Id\u00e9al pour les cadeaux promotionnels et les accessoires de marque<\/p>\n<p data-start=\"3247\" data-end=\"3796\"><strong data-start=\"3247\" data-end=\"3265\">Sp\u00e9cifications<\/strong><br data-start=\"3265\" data-end=\"3268\" \/>Type de produit : Attache magn\u00e9tique pour l'organisation des c\u00e2bles<br data-start=\"3310\" data-end=\"3313\" \/>Mat\u00e9riau : Silicone et aimant<br data-start=\"3342\" data-end=\"3345\" \/>Fonction : Gestion des c\u00e2bles et organisation des petits objets<br data-start=\"3399\" data-end=\"3402\" \/>Utilisation : Ecouteurs, c\u00e2bles de charge, cordons USB, cl\u00e9s, notes, stylos, rangement de bureau<br data-start=\"3479\" data-end=\"3482\" \/>Type de fermeture : Magn\u00e9tique<br data-start=\"3504\" data-end=\"3507\" \/>Options de couleur : Plusieurs couleurs disponibles<br data-start=\"3547\" data-end=\"3550\" \/>Personnalisation : Impression de logos possible<br data-start=\"3588\" data-end=\"3591\" \/>Longueur totale : Environ 4,33 pouces<br data-start=\"3622\" data-end=\"3625\" \/>Longueur utilisable de la cravate : Environ 3,03 pouces<br data-start=\"3659\" data-end=\"3662\" \/>Style : Courroie d'organisateur souple et r\u00e9utilisable<br data-start=\"3698\" data-end=\"3701\" \/>Application : Bureau, \u00e9cole, maison, voyage, \u00e9v\u00e9nements promotionnels, cadeaux publicitaires.<br data-start=\"3780\" data-end=\"3783\" \/>Origine : Chine Chine<\/p>\n<p data-start=\"3798\" data-end=\"4136\"><strong data-start=\"3798\" data-end=\"3825\">Pourquoi choisir ce produit ?<\/strong><br data-start=\"3825\" data-end=\"3828\" \/>Ce produit est compact, abordable et tr\u00e8s pratique pour un usage quotidien. Il offre une grande valeur promotionnelle car il est facile \u00e0 marquer, facile \u00e0 distribuer et utile dans de nombreuses situations. Sa conception r\u00e9utilisable permet d'augmenter l'exposition r\u00e9p\u00e9t\u00e9e de votre logo dans les bureaux, les maisons, les \u00e9coles et les lieux de voyage.<\/p>\n<p data-start=\"4138\" data-end=\"4427\"><strong data-start=\"4138\" data-end=\"4151\">Id\u00e9al pour<\/strong><br data-start=\"4151\" data-end=\"4154\" \/>Promotions sur les accessoires techniques<br data-start=\"4179\" data-end=\"4182\" \/>Cadeaux pour le bureau<br data-start=\"4198\" data-end=\"4201\" \/>Campagnes scolaires et de papeterie<br data-start=\"4232\" data-end=\"4235\" \/>Documents pour les salons professionnels<br data-start=\"4254\" data-end=\"4257\" \/>Kits de bienvenue pour les entreprises<br data-start=\"4279\" data-end=\"4282\" \/>Produits d'organisation de bureau<br data-start=\"4308\" data-end=\"4311\" \/>Accessoires de voyage<br data-start=\"4332\" data-end=\"4335\" \/>Compl\u00e9ments d'emballage pour l'\u00e9lectronique<br data-start=\"4364\" data-end=\"4367\" \/>Cadeaux d'impulsion pour la vente au d\u00e9tail<br data-start=\"4392\" data-end=\"4395\" \/>Marchandises promotionnelles de tous les jours<\/p>\n<p data-start=\"4429\" data-end=\"4436\"><strong data-start=\"4429\" data-end=\"4436\">FAQ<\/strong><\/p>\n<p data-start=\"4438\" data-end=\"4542\"><strong data-start=\"4438\" data-end=\"4485\">Ce produit peut-il \u00eatre personnalis\u00e9 avec un logo ?<\/strong><br data-start=\"4485\" data-end=\"4488\" \/>Oui, l'extr\u00e9mit\u00e9 ronde peut \u00eatre personnalis\u00e9e avec un logo.<\/p>\n<p data-start=\"4544\" data-end=\"4623\"><strong data-start=\"4544\" data-end=\"4567\">De quoi est-il fait ?<\/strong><br data-start=\"4567\" data-end=\"4570\" \/>Il est fabriqu\u00e9 en silicone avec des extr\u00e9mit\u00e9s magn\u00e9tiques int\u00e9gr\u00e9es.<\/p>\n<p data-start=\"4625\" data-end=\"4769\"><strong data-start=\"4625\" data-end=\"4653\">\u00c0 quoi peut-il servir ?<\/strong><br data-start=\"4653\" data-end=\"4656\" \/>Il peut \u00eatre utilis\u00e9 pour organiser les \u00e9couteurs, les c\u00e2bles de charge, les cordons USB, les notes, les cl\u00e9s, les stylos et d'autres petits objets quotidiens.<\/p>\n<p data-start=\"4771\" data-end=\"4836\"><strong data-start=\"4771\" data-end=\"4790\">Est-il r\u00e9utilisable ?<\/strong><br data-start=\"4790\" data-end=\"4793\" \/>Oui, il est con\u00e7u pour une utilisation quotidienne r\u00e9p\u00e9t\u00e9e.<\/p>\n<p data-start=\"4838\" data-end=\"4955\"><strong data-start=\"4838\" data-end=\"4872\">Convient-il pour une utilisation au bureau ?<\/strong><br data-start=\"4872\" data-end=\"4875\" \/>Oui, il convient \u00e0 l'organisation du bureau, \u00e0 la gestion des c\u00e2bles et au rangement des tiroirs.<\/p>\n<p data-start=\"4957\" data-end=\"5088\"><strong data-start=\"4957\" data-end=\"4987\">Peut-on l'utiliser pour voyager ?<\/strong><br data-start=\"4987\" data-end=\"4990\" \/>Oui. Son poids l\u00e9ger et sa conception compacte le rendent pratique pour les sacs de voyage et les pochettes d'accessoires.<\/p>\n<p data-start=\"5090\" data-end=\"5209\"><strong data-start=\"5090\" data-end=\"5124\">Est-ce un bon cadeau promotionnel ?<\/strong><br data-start=\"5124\" data-end=\"5127\" \/>Oui, il est pratique, color\u00e9, facile \u00e0 marquer et convient \u00e0 une large distribution.<\/p>","protected":false},"excerpt":{"rendered":"<p>Cet organisateur de c\u00e2bles magn\u00e9tique personnalis\u00e9 est un accessoire pratique et color\u00e9 pour le rangement quotidien et la gestion des c\u00e2bles. Fabriqu\u00e9 en silicone souple et dot\u00e9 d'une fermeture magn\u00e9tique, il permet de ranger les \u00e9couteurs, les c\u00e2bles de charge, les stylos, les cl\u00e9s et les petits objets. Compact, r\u00e9utilisable et facile \u00e0 transporter, c'est un cadeau promotionnel utile pour les bureaux, les \u00e9coles, les campagnes technologiques et les cadeaux publicitaires.<\/p>","protected":false},"featured_media":47417,"template":"","meta":{"_gspb_post_css":""},"product_brand":[],"product_cat":[27],"product_tag":[],"class_list":{"0":"post-47416","1":"product","2":"type-product","3":"status-publish","4":"has-post-thumbnail","6":"product_cat-technology","8":"first","9":"instock","10":"shipping-taxable","11":"product-type-simple"},"_links":{"self":[{"href":"https:\/\/globalgiftsupplier.com\/fr\/wp-json\/wp\/v2\/product\/47416","targetHints":{"allow":["GET"]}}],"collection":[{"href":"https:\/\/globalgiftsupplier.com\/fr\/wp-json\/wp\/v2\/product"}],"about":[{"href":"https:\/\/globalgiftsupplier.com\/fr\/wp-json\/wp\/v2\/types\/product"}],"wp:featuredmedia":[{"embeddable":true,"href":"https:\/\/globalgiftsupplier.com\/fr\/wp-json\/wp\/v2\/media\/47417"}],"wp:attachment":[{"href":"https:\/\/globalgiftsupplier.com\/fr\/wp-json\/wp\/v2\/media?parent=47416"}],"wp:term":[{"taxonomy":"product_brand","embeddable":true,"href":"https:\/\/globalgiftsupplier.com\/fr\/wp-json\/wp\/v2\/product_brand?post=47416"},{"taxonomy":"product_cat","embeddable":true,"href":"https:\/\/globalgiftsupplier.com\/fr\/wp-json\/wp\/v2\/product_cat?post=47416"},{"taxonomy":"product_tag","embeddable":true,"href":"https:\/\/globalgiftsupplier.com\/fr\/wp-json\/wp\/v2\/product_tag?post=47416"}],"curies":[{"name":"wp","href":"https:\/\/api.w.org\/{rel}","templated":true}]}}