{"id":47360,"date":"2026-03-30T09:08:01","date_gmt":"2026-03-30T09:08:01","guid":{"rendered":"https:\/\/globalgiftsupplier.com\/?post_type=product&#038;p=47360"},"modified":"2026-03-30T09:08:01","modified_gmt":"2026-03-30T09:08:01","slug":"custom-retractable-dog-leash-with-soft-grip-handle-and-logo","status":"publish","type":"product","link":"https:\/\/globalgiftsupplier.com\/fr\/product\/custom-retractable-dog-leash-with-soft-grip-handle-and-logo\/","title":{"rendered":"Laisse r\u00e9tractable pour chien avec poign\u00e9e souple et logo"},"content":{"rendered":"<p data-start=\"1538\" data-end=\"1948\">Cette laisse r\u00e9tractable personnalis\u00e9e pour chien est un accessoire pratique et facile \u00e0 utiliser pour les promenades quotidiennes, l'utilisation en ext\u00e9rieur et les promotions d'animaux de marque. Elle est dot\u00e9e d'un corps r\u00e9tractable compact, d'une poign\u00e9e souple et confortable et d'un crochet m\u00e9tallique solide pour une fixation rapide au collier ou au harnais. La conception r\u00e9tractable permet de garder la laisse propre tout en donnant aux animaux de compagnie une libert\u00e9 contr\u00f4l\u00e9e pendant les promenades.<\/p>\n<p data-start=\"1950\" data-end=\"2426\">La laisse est con\u00e7ue pour \u00eatre utilis\u00e9e d'une seule main. Sa fonction de verrouillage rapide, de pause et de d\u00e9verrouillage permet au propri\u00e9taire d'ajuster la longueur de la laisse plus facilement pendant la marche. Le mouvement sans enchev\u00eatrement \u00e0 360\u00b0 permet de r\u00e9duire les torsions pendant l'utilisation, ce qui la rend adapt\u00e9e aux promenades quotidiennes d\u00e9contract\u00e9es, au jogging l\u00e9ger, aux sorties dans les parcs et \u00e0 d'autres activit\u00e9s ext\u00e9rieures pour animaux de compagnie. La poign\u00e9e ergonomique antid\u00e9rapante est con\u00e7ue pour offrir une prise en main plus s\u00fbre et plus confortable lors d'une utilisation prolong\u00e9e.<\/p>\n<p data-start=\"2428\" data-end=\"2825\">Ce produit est disponible dans les longueurs de laisse 3M et 5M pour s'adapter aux diff\u00e9rentes habitudes de marche et aux diff\u00e9rentes tailles d'animaux. L'option 3M convient aux animaux de compagnie pesant jusqu'\u00e0 22 livres environ, tandis que l'option 5M convient aux animaux de compagnie pesant jusqu'\u00e0 33 livres environ. Le corps de la laisse est con\u00e7u pour \u00eatre durable et pratique au quotidien, offrant une combinaison utile de contr\u00f4le, de confort et de s\u00e9curit\u00e9 pour les propri\u00e9taires d'animaux.<\/p>\n<p data-start=\"2827\" data-end=\"3144\">Avec un panneau frontal visible pour l'impression d'un logo personnalis\u00e9, cette laisse r\u00e9tractable est \u00e9galement un excellent article promotionnel pour les animaleries, les cliniques v\u00e9t\u00e9rinaires, les salons de toilettage pour chiens, les \u00e9v\u00e9nements d'adoption d'animaux de compagnie et les marques de soins pour animaux de compagnie. Il s'agit d'un cadeau fonctionnel et d'un produit de vente au d\u00e9tail pratique qui permet \u00e0 votre marque d'\u00eatre visible lors d'une utilisation r\u00e9guli\u00e8re.<\/p>\n<p data-start=\"3146\" data-end=\"3599\"><strong data-start=\"3146\" data-end=\"3162\">Caract\u00e9ristiques principales<\/strong><br data-start=\"3162\" data-end=\"3165\" \/>Poign\u00e9e ergonomique souple<br data-start=\"3191\" data-end=\"3194\" \/>Laisse r\u00e9tractable pour une utilisation quotidienne<br data-start=\"3232\" data-end=\"3235\" \/>Contr\u00f4le rapide du verrouillage, de la pause et du d\u00e9verrouillage<br data-start=\"3272\" data-end=\"3275\" \/>Mouvement sans enchev\u00eatrement sur 360<br data-start=\"3300\" data-end=\"3303\" \/>Extension et r\u00e9traction en douceur de la laisse<br data-start=\"3340\" data-end=\"3343\" \/>Laisse en nylon solide pour la durabilit\u00e9<br data-start=\"3376\" data-end=\"3379\" \/>Crochet m\u00e9tallique s\u00e9curis\u00e9<br data-start=\"3407\" data-end=\"3410\" \/>Impression de logos personnalis\u00e9s disponible<br data-start=\"3440\" data-end=\"3443\" \/>Disponible en options 3M et 5M<br data-start=\"3473\" data-end=\"3476\" \/>Convient aux petits animaux de compagnie et aux promenades quotidiennes<br data-start=\"3517\" data-end=\"3520\" \/>Plusieurs options de couleurs disponibles<br data-start=\"3552\" data-end=\"3555\" \/>Id\u00e9al pour les programmes de vente au d\u00e9tail et de promotion des animaux de compagnie<\/p>\n<p data-start=\"3601\" data-end=\"4276\"><strong data-start=\"3601\" data-end=\"3619\">Sp\u00e9cifications<\/strong><br data-start=\"3619\" data-end=\"3622\" \/>Type de produit : Laisse r\u00e9tractable pour chien<br data-start=\"3657\" data-end=\"3660\" \/>Mat\u00e9riau : Bo\u00eetier en plastique, laisse en nylon, crochet en m\u00e9tal, poign\u00e9e antid\u00e9rapante en TPE<br data-start=\"3732\" data-end=\"3735\" \/>Options de longueur de laisse : 3M \/ 5M<br data-start=\"3764\" data-end=\"3767\" \/>Taille de 3M : Environ 13 x 8,8 cm<br data-start=\"3795\" data-end=\"3798\" \/>Taille de 5M : Environ 15 x 11 cm<br data-start=\"3825\" data-end=\"3828\" \/>Poids de l'animal sugg\u00e9r\u00e9 pour 3M : jusqu'\u00e0 22 livres <br data-start=\"3907\" data-end=\"3910\" \/>Poids sugg\u00e9r\u00e9 de l'animal pour 5M : jusqu'\u00e0 33 lbs <br data-start=\"3989\" data-end=\"3992\" \/>Options de couleur : Bleu, rose, rouge, vert, jaune<br data-start=\"4037\" data-end=\"4040\" \/>Style de la poign\u00e9e : Poign\u00e9e ergonomique souple<br data-start=\"4073\" data-end=\"4076\" \/>Type de commande : Bouton de verrouillage \/ pause \/ d\u00e9verrouillage<br data-start=\"4118\" data-end=\"4121\" \/>Type de crochet : Clip m\u00e9tallique pivotant<br data-start=\"4149\" data-end=\"4152\" \/>M\u00e9thode d'impression : S\u00e9rigraphie \/ tampographie<br data-start=\"4193\" data-end=\"4196\" \/>Position d'impression : Face avant<br data-start=\"4225\" data-end=\"4228\" \/>Origine : Chine Chine<br data-start=\"4241\" data-end=\"4244\" \/>Temps de production : 15 jours ouvrables<\/p>\n<p data-start=\"4278\" data-end=\"4692\"><strong data-start=\"4278\" data-end=\"4305\">Pourquoi choisir ce produit ?<\/strong><br data-start=\"4305\" data-end=\"4308\" \/>Cette laisse r\u00e9tractable pour chien allie confort, contr\u00f4le et valeur de marque dans un produit utile au quotidien. Elle est facile \u00e0 tenir, simple \u00e0 utiliser et convient \u00e0 un usage quotidien r\u00e9p\u00e9t\u00e9, ce qui en fait un excellent choix pour les promotions et les ventes au d\u00e9tail li\u00e9es aux animaux de compagnie. Comme les propri\u00e9taires d'animaux de compagnie utilisent r\u00e9guli\u00e8rement des laisses, votre logo peut b\u00e9n\u00e9ficier d'une exposition r\u00e9p\u00e9t\u00e9e \u00e0 long terme sur un article pratique que les gens gardent et utilisent.<\/p>\n<p data-start=\"4694\" data-end=\"4939\"><strong data-start=\"4694\" data-end=\"4707\">Id\u00e9al pour<\/strong><br data-start=\"4707\" data-end=\"4710\" \/>Animaleries<br data-start=\"4720\" data-end=\"4723\" \/>Cliniques v\u00e9t\u00e9rinaires<br data-start=\"4741\" data-end=\"4744\" \/>Salons de toilettage pour chiens<br data-start=\"4763\" data-end=\"4766\" \/>Marques de produits pour animaux de compagnie<br data-start=\"4781\" data-end=\"4784\" \/>Services de promenades pour chiens<br data-start=\"4804\" data-end=\"4807\" \/>\u00c9v\u00e9nements pour l'adoption d'animaux de compagnie<br data-start=\"4826\" data-end=\"4829\" \/>Refuges pour animaux<br data-start=\"4844\" data-end=\"4847\" \/>Cadeaux promotionnels pour animaux de compagnie<br data-start=\"4872\" data-end=\"4875\" \/>Collections d'accessoires pour animaux de compagnie<br data-start=\"4907\" data-end=\"4910\" \/>Campagnes sur les produits de marque pour animaux de compagnie<\/p>\n<p data-start=\"4941\" data-end=\"4948\"><strong data-start=\"4941\" data-end=\"4948\">FAQ<\/strong><\/p>\n<p data-start=\"4950\" data-end=\"5089\"><strong data-start=\"4950\" data-end=\"4999\">Cette laisse peut-elle \u00eatre personnalis\u00e9e avec un logo ?<\/strong><br data-start=\"4999\" data-end=\"5002\" \/>Oui, la face avant peut \u00eatre imprim\u00e9e avec votre logo, votre nom de marque ou une illustration promotionnelle.<\/p>\n<p data-start=\"5091\" data-end=\"5179\"><strong data-start=\"5091\" data-end=\"5128\">Quelles sont les longueurs de laisse disponibles ?<\/strong><br data-start=\"5128\" data-end=\"5131\" \/>Ce produit est disponible en versions 3M et 5M.<\/p>\n<p data-start=\"5181\" data-end=\"5375\"><strong data-start=\"5181\" data-end=\"5219\">Pour quelles tailles d'animaux convient-il ?<\/strong><br data-start=\"5219\" data-end=\"5222\" \/>La version 3M convient aux animaux de compagnie pesant jusqu'\u00e0 22 livres environ, et la version 5M convient aux animaux de compagnie pesant jusqu'\u00e0 33 livres environ.<\/p>\n<p data-start=\"5377\" data-end=\"5539\"><strong data-start=\"5377\" data-end=\"5413\">Est-il dot\u00e9 d'une fonction de verrouillage ?<\/strong><br data-start=\"5413\" data-end=\"5416\" \/>Oui. Il comprend une commande de verrouillage, de pause et de d\u00e9verrouillage rapide pour faciliter l'utilisation d'une seule main.<\/p>\n<p data-start=\"5541\" data-end=\"5721\"><strong data-start=\"5541\" data-end=\"5588\">La laisse se tordra-t-elle facilement pendant la marche ?<\/strong><br data-start=\"5588\" data-end=\"5591\" \/>Il est con\u00e7u avec un syst\u00e8me de mouvement sans enchev\u00eatrement \u00e0 360\u00b0 pour aider \u00e0 r\u00e9duire les torsions pendant les promenades.<\/p>\n<p data-start=\"5723\" data-end=\"5898\"><strong data-start=\"5723\" data-end=\"5763\">Quel est le mat\u00e9riau utilis\u00e9 pour la laisse ?<\/strong><br data-start=\"5763\" data-end=\"5766\" \/>Il est dot\u00e9 d'un corps en plastique, d'une laisse en nylon durable, d'un crochet en m\u00e9tal et d'une poign\u00e9e antid\u00e9rapante en TPE.<\/p>\n<p data-start=\"5900\" data-end=\"6082\"><strong data-start=\"5900\" data-end=\"5944\">La poign\u00e9e est-elle confortable pour un usage quotidien ?<\/strong><br data-start=\"5944\" data-end=\"5947\" \/>Oui, la poign\u00e9e est form\u00e9e pour une prise en main confortable et con\u00e7ue pour r\u00e9duire les risques de glissement pendant l'utilisation.<\/p>\n<p data-start=\"6084\" data-end=\"6187\"><strong data-start=\"6084\" data-end=\"6114\">Quelles sont les couleurs disponibles ?<\/strong><br data-start=\"6114\" data-end=\"6117\" \/>Les couleurs courantes pr\u00e9sent\u00e9es sont le bleu, le rose, le rouge, le vert et le jaune.<\/p>\n<p data-start=\"6189\" data-end=\"6351\"><strong data-start=\"6189\" data-end=\"6234\">Ce produit peut-il \u00eatre utilis\u00e9 \u00e0 des fins promotionnelles ?<\/strong><br data-start=\"6234\" data-end=\"6237\" \/>Oui, c'est un accessoire de marque utile pour les animaleries, les cliniques v\u00e9t\u00e9rinaires, les entreprises de toilettage et les campagnes de cadeaux.<\/p>","protected":false},"excerpt":{"rendered":"<p>Cette laisse r\u00e9tractable personnalis\u00e9e pour chien est con\u00e7ue pour des promenades quotidiennes confortables, avec une poign\u00e9e ergonomique douce, un crochet m\u00e9tallique s\u00fbr et une commande facile d'une seule main. Disponible en 3M et 5M, elle offre une extension de la laisse en douceur et une manipulation fiable pour les petits animaux de compagnie. Avec une zone de logo nette et plusieurs choix de couleurs vives, c'est un produit de marque pratique pour les animaleries, les salons de toilettage, les cliniques v\u00e9t\u00e9rinaires et les campagnes promotionnelles pour les animaux de compagnie.<\/p>","protected":false},"featured_media":47361,"template":"","meta":{"_gspb_post_css":""},"product_brand":[],"product_cat":[30],"product_tag":[],"class_list":{"0":"post-47360","1":"product","2":"type-product","3":"status-publish","4":"has-post-thumbnail","6":"product_cat-home-pets-tools","8":"first","9":"instock","10":"shipping-taxable","11":"product-type-simple"},"_links":{"self":[{"href":"https:\/\/globalgiftsupplier.com\/fr\/wp-json\/wp\/v2\/product\/47360","targetHints":{"allow":["GET"]}}],"collection":[{"href":"https:\/\/globalgiftsupplier.com\/fr\/wp-json\/wp\/v2\/product"}],"about":[{"href":"https:\/\/globalgiftsupplier.com\/fr\/wp-json\/wp\/v2\/types\/product"}],"wp:featuredmedia":[{"embeddable":true,"href":"https:\/\/globalgiftsupplier.com\/fr\/wp-json\/wp\/v2\/media\/47361"}],"wp:attachment":[{"href":"https:\/\/globalgiftsupplier.com\/fr\/wp-json\/wp\/v2\/media?parent=47360"}],"wp:term":[{"taxonomy":"product_brand","embeddable":true,"href":"https:\/\/globalgiftsupplier.com\/fr\/wp-json\/wp\/v2\/product_brand?post=47360"},{"taxonomy":"product_cat","embeddable":true,"href":"https:\/\/globalgiftsupplier.com\/fr\/wp-json\/wp\/v2\/product_cat?post=47360"},{"taxonomy":"product_tag","embeddable":true,"href":"https:\/\/globalgiftsupplier.com\/fr\/wp-json\/wp\/v2\/product_tag?post=47360"}],"curies":[{"name":"wp","href":"https:\/\/api.w.org\/{rel}","templated":true}]}}