{"id":47340,"date":"2026-03-30T09:03:37","date_gmt":"2026-03-30T09:03:37","guid":{"rendered":"https:\/\/globalgiftsupplier.com\/?post_type=product&#038;p=47340"},"modified":"2026-03-30T09:03:37","modified_gmt":"2026-03-30T09:03:37","slug":"custom-30-oz-stainless-steel-insulated-tumbler-with-lid","status":"publish","type":"product","link":"https:\/\/globalgiftsupplier.com\/fr\/product\/custom-30-oz-stainless-steel-insulated-tumbler-with-lid\/","title":{"rendered":"Gobelet en acier inoxydable 30 oz personnalis\u00e9 avec couvercle"},"content":{"rendered":"<p data-start=\"1582\" data-end=\"1992\">Ce gobelet isotherme personnalis\u00e9 en acier inoxydable de 30 oz est un article pratique et tr\u00e8s visible, con\u00e7u pour un usage quotidien \u00e0 la maison, au bureau, sur la route et en voyage. Sa grande capacit\u00e9 lui permet de contenir du caf\u00e9, du th\u00e9, de l'eau, du jus de fruit, des boissons glac\u00e9es et d'autres boissons de tous les jours, tandis que la surface ext\u00e9rieure propre offre un excellent espace pour la personnalisation du logo.<\/p>\n<p data-start=\"1994\" data-end=\"2417\">Le gobelet est dot\u00e9 d'un corps en acier inoxydable durable et d'un profil simple et moderne qui convient aussi bien aux environnements d\u00e9contract\u00e9s qu'aux environnements professionnels. Sa conception r\u00e9utilisable en fait un choix judicieux pour les marques qui souhaitent un produit promotionnel utile que les clients peuvent transporter et utiliser encore et encore. Qu'il soit plac\u00e9 sur un bureau, emport\u00e9 dans la voiture ou utilis\u00e9 lors d'activit\u00e9s de plein air, ce gobelet permet \u00e0 votre marque de rester visible tout au long de la journ\u00e9e.<\/p>\n<p data-start=\"2419\" data-end=\"2808\">Le couvercle inclus permet de boire tous les jours et de r\u00e9duire les \u00e9claboussures lors d'une utilisation normale. La section inf\u00e9rieure effil\u00e9e facilite la prise en main du gobelet et le rend plus adapt\u00e9 \u00e0 une utilisation de type porte-gobelet, ce qui le rend encore plus pratique pour les trajets quotidiens et les voyages. Avec plusieurs options de couleurs disponibles, il peut \u00eatre assorti \u00e0 diff\u00e9rents styles de marque, th\u00e8mes d'\u00e9v\u00e9nements et promotions saisonni\u00e8res.<\/p>\n<p data-start=\"2810\" data-end=\"3100\">Ce gobelet en acier inoxydable convient parfaitement aux cadeaux d'entreprise, aux kits d'accueil des employ\u00e9s, aux cadeaux d'exposition, aux programmes de vente au d\u00e9tail, aux articles de caf\u00e9, aux campagnes promotionnelles et aux collections de style de vie de la marque. Il offre un \u00e9quilibre entre fonctionnalit\u00e9, pr\u00e9sentation simple et valeur de marque \u00e0 long terme.<\/p>\n<p data-start=\"3102\" data-end=\"3499\"><strong data-start=\"3102\" data-end=\"3118\">Caract\u00e9ristiques principales<\/strong><br data-start=\"3118\" data-end=\"3121\" \/>Gobelet de grande capacit\u00e9 de 30 oz<br data-start=\"3156\" data-end=\"3159\" \/>Construction en acier inoxydable<br data-start=\"3187\" data-end=\"3190\" \/>Verres \u00e0 boire r\u00e9utilisables pour un usage quotidien<br data-start=\"3222\" data-end=\"3225\" \/>Impression de logos personnalis\u00e9s disponible<br data-start=\"3255\" data-end=\"3258\" \/>Couvercle inclus pour une d\u00e9gustation pratique<br data-start=\"3293\" data-end=\"3296\" \/>Finition ext\u00e9rieure lisse et moderne<br data-start=\"3322\" data-end=\"3325\" \/>Base inf\u00e9rieure conique pour une utilisation pratique au quotidien<br data-start=\"3370\" data-end=\"3373\" \/>Convient aux boissons chaudes et froides<br data-start=\"3408\" data-end=\"3411\" \/>Disponible en plusieurs couleurs<br data-start=\"3446\" data-end=\"3449\" \/>Id\u00e9al pour le bureau, les d\u00e9placements, les voyages et les cadeaux.<\/p>\n<p data-start=\"3501\" data-end=\"3898\"><strong data-start=\"3501\" data-end=\"3519\">Sp\u00e9cifications<\/strong><br data-start=\"3519\" data-end=\"3522\" \/>Type de produit : Gobelet en acier inoxydable<br data-start=\"3559\" data-end=\"3562\" \/>Capacit\u00e9 : 30 oz<br data-start=\"3577\" data-end=\"3580\" \/>Mat\u00e9riau : Acier inoxydable<br data-start=\"3605\" data-end=\"3608\" \/>Type de couvercle : Couvercle transparent \u00e0 embo\u00eeter<br data-start=\"3635\" data-end=\"3638\" \/>Options de couleur : Plusieurs couleurs disponibles<br data-start=\"3678\" data-end=\"3681\" \/>Finition : ext\u00e9rieur enduit lisse<br data-start=\"3711\" data-end=\"3714\" \/>M\u00e9thode d'impression : S\u00e9rigraphie \/ gravure laser disponible<br data-start=\"3768\" data-end=\"3771\" \/>Position d'impression : Avant \/ corps<br data-start=\"3801\" data-end=\"3804\" \/>Utilisation : Caf\u00e9, th\u00e9, eau, jus, boissons glac\u00e9es<br data-start=\"3847\" data-end=\"3850\" \/>Origine : Chine Chine<br data-start=\"3863\" data-end=\"3866\" \/>Temps de production : 15 jours ouvrables<\/p>\n<p data-start=\"3900\" data-end=\"4227\"><strong data-start=\"3900\" data-end=\"3927\">Pourquoi choisir ce produit ?<\/strong><br data-start=\"3927\" data-end=\"3930\" \/>Ce gobelet offre une valeur quotidienne pratique, une grande surface de marquage et un design r\u00e9utilisable qui permet de garder votre logo bien en vue. Sa capacit\u00e9 de 30 oz, sa forme simple et ses multiples choix de couleurs en font une excellente option promotionnelle pour les entreprises, les \u00e9v\u00e9nements, les programmes de vente au d\u00e9tail et les cadeaux d'entreprise.<\/p>\n<p data-start=\"4229\" data-end=\"4458\"><strong data-start=\"4229\" data-end=\"4242\">Id\u00e9al pour<\/strong><br data-start=\"4242\" data-end=\"4245\" \/>Cadeaux d'entreprise<br data-start=\"4260\" data-end=\"4263\" \/>Kits de bienvenue pour les employ\u00e9s<br data-start=\"4284\" data-end=\"4287\" \/>Cadeaux pour les salons professionnels<br data-start=\"4307\" data-end=\"4310\" \/>Marchandises de l'entreprise<br data-start=\"4329\" data-end=\"4332\" \/>Promotions dans les caf\u00e9s<br data-start=\"4354\" data-end=\"4357\" \/>Collections d'articles de boisson pour la vente au d\u00e9tail<br data-start=\"4385\" data-end=\"4388\" \/>Promotions sur les voyages<br data-start=\"4405\" data-end=\"4408\" \/>Cadeaux pour les navetteurs<br data-start=\"4422\" data-end=\"4425\" \/>Manifestations en plein air<br data-start=\"4439\" data-end=\"4442\" \/>Utilisation quotidienne au bureau<\/p>\n<p data-start=\"4460\" data-end=\"4467\"><strong data-start=\"4460\" data-end=\"4467\">FAQ<\/strong><\/p>\n<p data-start=\"4469\" data-end=\"4609\"><strong data-start=\"4469\" data-end=\"4516\">Ce gobelet peut-il \u00eatre personnalis\u00e9 avec un logo ?<\/strong><br data-start=\"4516\" data-end=\"4519\" \/>Oui, le corps du gobelet peut \u00eatre personnalis\u00e9 avec votre logo, votre nom de marque ou votre dessin promotionnel.<\/p>\n<p data-start=\"4611\" data-end=\"4689\"><strong data-start=\"4611\" data-end=\"4652\">Quelle est la capacit\u00e9 de ce gobelet ?<\/strong><br data-start=\"4652\" data-end=\"4655\" \/>Ce gobelet a une capacit\u00e9 de 30 oz.<\/p>\n<p data-start=\"4691\" data-end=\"4760\"><strong data-start=\"4691\" data-end=\"4725\">Quel est le mat\u00e9riau utilis\u00e9 ?<\/strong><br data-start=\"4725\" data-end=\"4728\" \/>Il est fabriqu\u00e9 en acier inoxydable.<\/p>\n<p data-start=\"4762\" data-end=\"4850\"><strong data-start=\"4762\" data-end=\"4790\">Est-il livr\u00e9 avec un couvercle ?<\/strong><br data-start=\"4790\" data-end=\"4793\" \/>Oui, il est muni d'un couvercle transparent pour une utilisation pratique au quotidien.<\/p>\n<p data-start=\"4852\" data-end=\"4999\"><strong data-start=\"4852\" data-end=\"4900\">Peut-on l'utiliser pour des boissons chaudes ou froides ?<\/strong><br data-start=\"4900\" data-end=\"4903\" \/>Oui, il convient aux boissons chaudes et froides telles que le caf\u00e9, le th\u00e9, l'eau et les boissons glac\u00e9es.<\/p>\n<p data-start=\"5001\" data-end=\"5076\"><strong data-start=\"5001\" data-end=\"5030\">Ce gobelet est-il r\u00e9utilisable ?<\/strong><br data-start=\"5030\" data-end=\"5033\" \/>Oui, il est con\u00e7u pour une utilisation quotidienne r\u00e9p\u00e9t\u00e9e.<\/p>\n<p data-start=\"5078\" data-end=\"5206\"><strong data-start=\"5078\" data-end=\"5113\">Existe-t-il diff\u00e9rentes couleurs ?<\/strong><br data-start=\"5113\" data-end=\"5116\" \/>Oui. Plusieurs options de couleurs sont disponibles en fonction des images du produit et de la s\u00e9lection de la commande.<\/p>\n<p data-start=\"5208\" data-end=\"5378\"><strong data-start=\"5208\" data-end=\"5248\">Quelles sont les m\u00e9thodes d'impression disponibles ?<\/strong><br data-start=\"5248\" data-end=\"5251\" \/>Les m\u00e9thodes de personnalisation les plus courantes sont la s\u00e9rigraphie et la gravure au laser, en fonction de votre maquette et des exigences de votre commande.<\/p>\n<p data-start=\"5380\" data-end=\"5543\"><strong data-start=\"5380\" data-end=\"5436\">Est-ce un bon produit pour les promotions et les cadeaux ?<\/strong><br data-start=\"5436\" data-end=\"5439\" \/>Oui, c'est un excellent choix pour les campagnes promotionnelles, les ventes au d\u00e9tail, les cadeaux d'entreprise et les \u00e9v\u00e9nements de marque.<\/p>\n<p data-start=\"5545\" data-end=\"5721\"><strong data-start=\"5545\" data-end=\"5598\">Ce gobelet peut-il \u00eatre utilis\u00e9 pour les trajets quotidiens ou les voyages ?<\/strong><br data-start=\"5598\" data-end=\"5601\" \/>Oui, sa grande capacit\u00e9 et sa forme pratique le rendent adapt\u00e9 aux d\u00e9placements quotidiens, \u00e0 l'utilisation au bureau, aux voyages en voiture et aux d\u00e9placements de tous les jours.<\/p>","protected":false},"excerpt":{"rendered":"<p>Ce gobelet isotherme personnalis\u00e9 en acier inoxydable de 30 oz est con\u00e7u pour une utilisation quotidienne avec une grande capacit\u00e9, une construction r\u00e9utilisable et une forme moderne et nette. Dot\u00e9 d'un couvercle s\u00e9curis\u00e9, d'une finition ext\u00e9rieure lisse et d'une zone d'impression de logo personnalis\u00e9, il est id\u00e9al pour le caf\u00e9, le th\u00e9, l'eau, les boissons glac\u00e9es, les trajets quotidiens, l'utilisation au bureau, les voyages et le marquage promotionnel. Disponible dans une large gamme de couleurs, il s'agit d'un gobelet pratique pour les cadeaux publicitaires, la vente au d\u00e9tail et les cadeaux d'entreprise.<\/p>","protected":false},"featured_media":47341,"template":"","meta":{"_gspb_post_css":""},"product_brand":[],"product_cat":[25],"product_tag":[],"class_list":{"0":"post-47340","1":"product","2":"type-product","3":"status-publish","4":"has-post-thumbnail","6":"product_cat-drinkware","8":"first","9":"instock","10":"shipping-taxable","11":"product-type-simple"},"_links":{"self":[{"href":"https:\/\/globalgiftsupplier.com\/fr\/wp-json\/wp\/v2\/product\/47340","targetHints":{"allow":["GET"]}}],"collection":[{"href":"https:\/\/globalgiftsupplier.com\/fr\/wp-json\/wp\/v2\/product"}],"about":[{"href":"https:\/\/globalgiftsupplier.com\/fr\/wp-json\/wp\/v2\/types\/product"}],"wp:featuredmedia":[{"embeddable":true,"href":"https:\/\/globalgiftsupplier.com\/fr\/wp-json\/wp\/v2\/media\/47341"}],"wp:attachment":[{"href":"https:\/\/globalgiftsupplier.com\/fr\/wp-json\/wp\/v2\/media?parent=47340"}],"wp:term":[{"taxonomy":"product_brand","embeddable":true,"href":"https:\/\/globalgiftsupplier.com\/fr\/wp-json\/wp\/v2\/product_brand?post=47340"},{"taxonomy":"product_cat","embeddable":true,"href":"https:\/\/globalgiftsupplier.com\/fr\/wp-json\/wp\/v2\/product_cat?post=47340"},{"taxonomy":"product_tag","embeddable":true,"href":"https:\/\/globalgiftsupplier.com\/fr\/wp-json\/wp\/v2\/product_tag?post=47340"}],"curies":[{"name":"wp","href":"https:\/\/api.w.org\/{rel}","templated":true}]}}