{"id":47335,"date":"2026-03-30T09:01:42","date_gmt":"2026-03-30T09:01:42","guid":{"rendered":"https:\/\/globalgiftsupplier.com\/?post_type=product&#038;p=47335"},"modified":"2026-03-30T09:01:42","modified_gmt":"2026-03-30T09:01:42","slug":"custom-stainless-steel-water-bottle-with-carry-loop-lid","status":"publish","type":"product","link":"https:\/\/globalgiftsupplier.com\/fr\/product\/custom-stainless-steel-water-bottle-with-carry-loop-lid\/","title":{"rendered":"Bouteille d'eau personnalis\u00e9e en acier inoxydable avec couvercle \u00e0 boucle de transport"},"content":{"rendered":"<p data-start=\"1615\" data-end=\"2081\">Cette bouteille d'eau personnalis\u00e9e en acier inoxydable est une option propre et pratique con\u00e7ue pour une utilisation quotidienne et une visibilit\u00e9 \u00e0 long terme de la marque. Avec sa finition en m\u00e9tal bross\u00e9 et sa forme cylindrique simple, elle offre un look moderne qui s'int\u00e8gre bien dans les bureaux, les gymnases, les \u00e9coles, les activit\u00e9s de plein air et les voyages. Le corps de la bouteille offre une zone d'impression claire pour votre logo, ce qui permet de transformer un article d'usage quotidien en un produit promotionnel efficace.<\/p>\n<p data-start=\"2083\" data-end=\"2488\">Le couvercle \u00e0 vis est dot\u00e9 d'une boucle de transport int\u00e9gr\u00e9e, ce qui facilite la prise en main, le levage et le transport de la bouteille tout au long de la journ\u00e9e. Cette caract\u00e9ristique est pratique pour les personnes en mouvement, qu'elles fassent la navette, qu'elles marchent, qu'elles voyagent, qu'elles aillent \u00e0 la salle de sport ou qu'elles emportent la bouteille au travail ou en classe. La structure du couvercle comprend \u00e9galement un anneau d'\u00e9tanch\u00e9it\u00e9 qui am\u00e9liore la fermeture et permet une utilisation quotidienne plus s\u00fbre.<\/p>\n<p data-start=\"2490\" data-end=\"2938\">Sa construction en acier inoxydable lui conf\u00e8re un caract\u00e8re durable et r\u00e9utilisable, ce qui en fait une bonne option pour les marques qui souhaitent un article promotionnel plus pratique et plus durable. L'aspect m\u00e9tal bross\u00e9 conf\u00e8re \u00e9galement \u00e0 la bouteille un style premium mais polyvalent qui convient \u00e0 de nombreux secteurs et publics. Elle peut \u00eatre utilis\u00e9e comme cadeau d'entreprise, cadeau \u00e9v\u00e9nementiel, produit de vente au d\u00e9tail, article pour les employ\u00e9s ou marchandise de marque pour les campagnes sur le bien-\u00eatre et le style de vie.<\/p>\n<p data-start=\"2940\" data-end=\"3309\">Disponible en 750 ml et 1000 ml, cette bouteille offre aux acheteurs des options flexibles pour r\u00e9pondre aux diff\u00e9rents besoins des utilisateurs. La version de 750 ml est id\u00e9ale pour un transport quotidien plus l\u00e9ger, tandis que la taille de 1000 ml est id\u00e9ale pour une utilisation plus longue pendant les voyages, le sport, les activit\u00e9s de plein air ou l'hydratation tout au long de la journ\u00e9e. Son design simple lui permet de s'adapter facilement \u00e0 de nombreux programmes de marque et th\u00e8mes promotionnels.<\/p>\n<p data-start=\"3311\" data-end=\"3579\">Cette bouteille d'eau en acier inoxydable est un choix judicieux pour les entreprises qui recherchent des articles fonctionnels que les clients peuvent r\u00e9utiliser \u00e0 l'infini. Avec l'impression de logo personnalis\u00e9 disponible, elle aide \u00e0 garder votre marque visible dans les bureaux, les voitures, les gymnases, les campus et les environnements ext\u00e9rieurs.<\/p>\n<p data-start=\"3581\" data-end=\"3993\"><strong data-start=\"3581\" data-end=\"3597\">Caract\u00e9ristiques principales<\/strong><br data-start=\"3597\" data-end=\"3600\" \/>Bouteille d'eau en acier inoxydable<br data-start=\"3635\" data-end=\"3638\" \/>Couvercle \u00e0 boucle de transport int\u00e9gr\u00e9e pour une manipulation pratique<br data-start=\"3687\" data-end=\"3690\" \/>Bouteille r\u00e9utilisable pour l'hydratation quotidienne<br data-start=\"3725\" data-end=\"3728\" \/>Finition en m\u00e9tal bross\u00e9<br data-start=\"3754\" data-end=\"3757\" \/>Impression de logos personnalis\u00e9s disponible<br data-start=\"3787\" data-end=\"3790\" \/>Disponible en 750ml et 1000ml<br data-start=\"3825\" data-end=\"3828\" \/>Forme moderne et simple de la bouteille<br data-start=\"3854\" data-end=\"3857\" \/>Couvercle \u00e0 vis avec anneau d'\u00e9tanch\u00e9it\u00e9<br data-start=\"3891\" data-end=\"3894\" \/>Convient aux voyages, au bureau, \u00e0 la salle de sport et \u00e0 l'ext\u00e9rieur<br data-start=\"3943\" data-end=\"3946\" \/>Articles promotionnels durables et faciles \u00e0 transporter<\/p>\n<p data-start=\"3995\" data-end=\"4506\"><strong data-start=\"3995\" data-end=\"4013\">Sp\u00e9cifications<\/strong><br data-start=\"4013\" data-end=\"4016\" \/>Type de produit : Bouteille d'eau en acier inoxydable<br data-start=\"4058\" data-end=\"4061\" \/>Mat\u00e9riau : Acier inoxydable<br data-start=\"4086\" data-end=\"4089\" \/>Finition : acier inoxydable bross\u00e9 \/ m\u00e9tal naturel<br data-start=\"4143\" data-end=\"4146\" \/>Type de couvercle : Couvercle \u00e0 vis avec boucle de transport<br data-start=\"4181\" data-end=\"4184\" \/>Options de capacit\u00e9 : 750ml \/ 1000ml<br data-start=\"4216\" data-end=\"4219\" \/>Diam\u00e8tre de la bouche : 4,9 cm<br data-start=\"4241\" data-end=\"4244\" \/>750ml taille : 30 cm de hauteur x 7,8 cm de diam\u00e8tre<br data-start=\"4286\" data-end=\"4289\" \/>1000ml taille : 31,3 cm de hauteur x 8,4 cm de diam\u00e8tre<br data-start=\"4334\" data-end=\"4337\" \/>Couleur : Acier inoxydable argent\u00e9<br data-start=\"4366\" data-end=\"4369\" \/>M\u00e9thode d'impression : S\u00e9rigraphie \/ gravure laser disponible<br data-start=\"4423\" data-end=\"4426\" \/>Position d'impression : Corps de la bouteille<br data-start=\"4455\" data-end=\"4458\" \/>Origine : Chine Chine<br data-start=\"4471\" data-end=\"4474\" \/>Temps de production : 15 jours ouvrables<\/p>\n<p data-start=\"4508\" data-end=\"4903\"><strong data-start=\"4508\" data-end=\"4535\">Pourquoi choisir ce produit ?<\/strong><br data-start=\"4535\" data-end=\"4538\" \/>Cette bouteille combine un aspect propre en acier inoxydable, un design pratique \u00e0 transporter et une grande utilit\u00e9 au quotidien, ce qui en fait un choix solide d'articles promotionnels pour les marques qui souhaitent une exposition \u00e0 long terme. Le couvercle \u00e0 boucle de transport ajoute \u00e0 la commodit\u00e9, tandis que le corps de la bouteille r\u00e9utilisable aide \u00e0 garder votre logo visible dans la vie quotidienne, au travail, pendant les voyages et dans les environnements ext\u00e9rieurs.<\/p>\n<p data-start=\"4905\" data-end=\"5165\"><strong data-start=\"4905\" data-end=\"4918\">Id\u00e9al pour<\/strong><br data-start=\"4918\" data-end=\"4921\" \/>Cadeaux d'entreprise<br data-start=\"4936\" data-end=\"4939\" \/>Kits de bienvenue pour les employ\u00e9s<br data-start=\"4960\" data-end=\"4963\" \/>Cadeaux pour les salons professionnels<br data-start=\"4983\" data-end=\"4986\" \/>Promotion des \u00e9coles et des campus<br data-start=\"5014\" data-end=\"5017\" \/>Marque pour les gymnases et les centres de remise en forme<br data-start=\"5041\" data-end=\"5044\" \/>Promotions sur les voyages<br data-start=\"5061\" data-end=\"5064\" \/>Campagnes de plein air et de randonn\u00e9e<br data-start=\"5092\" data-end=\"5095\" \/>Collections d'articles de boisson pour la vente au d\u00e9tail<br data-start=\"5123\" data-end=\"5126\" \/>Programmes de bien-\u00eatre<br data-start=\"5143\" data-end=\"5146\" \/>Utilisation quotidienne au bureau<\/p>\n<p data-start=\"5167\" data-end=\"5174\"><strong data-start=\"5167\" data-end=\"5174\">FAQ<\/strong><\/p>\n<p data-start=\"5176\" data-end=\"5296\"><strong data-start=\"5176\" data-end=\"5222\">Cette bouteille peut-elle \u00eatre personnalis\u00e9e avec un logo ?<\/strong><br data-start=\"5222\" data-end=\"5225\" \/>Oui, le corps de la bouteille peut \u00eatre personnalis\u00e9 avec votre logo ou votre marque.<\/p>\n<p data-start=\"5298\" data-end=\"5376\"><strong data-start=\"5298\" data-end=\"5341\">En quel mat\u00e9riau cette bouteille est-elle fabriqu\u00e9e ?<\/strong><br data-start=\"5341\" data-end=\"5344\" \/>Il est fabriqu\u00e9 en acier inoxydable.<\/p>\n<p data-start=\"5378\" data-end=\"5461\"><strong data-start=\"5378\" data-end=\"5407\">Quelles sont les tailles disponibles ?<\/strong><br data-start=\"5407\" data-end=\"5410\" \/>Cette bouteille est disponible en 750 ml et 1000 ml.<\/p>\n<p data-start=\"5463\" data-end=\"5593\"><strong data-start=\"5463\" data-end=\"5501\">Le couvercle est-il dot\u00e9 d'une fonction de transport ?<\/strong><br data-start=\"5501\" data-end=\"5504\" \/>Oui. Le couvercle \u00e0 vis comprend une boucle de transport int\u00e9gr\u00e9e pour faciliter la manipulation et la portabilit\u00e9.<\/p>\n<p data-start=\"5595\" data-end=\"5664\"><strong data-start=\"5595\" data-end=\"5626\">Quel est le diam\u00e8tre de la bouche ?<\/strong><br data-start=\"5626\" data-end=\"5629\" \/>Le diam\u00e8tre de l'embouchure est de 4,9 cm.<\/p>\n<p data-start=\"5666\" data-end=\"5778\"><strong data-start=\"5666\" data-end=\"5714\">Quelles sont les dimensions de la bouteille de 750 ml ?<\/strong><br data-start=\"5714\" data-end=\"5717\" \/>La bouteille de 750 ml mesure environ 30 cm de haut et 7,8 cm de large.<\/p>\n<p data-start=\"5780\" data-end=\"5896\"><strong data-start=\"5780\" data-end=\"5829\">Quelles sont les dimensions de la bouteille de 1000 ml ?<\/strong><br data-start=\"5829\" data-end=\"5832\" \/>La bouteille de 1000 ml mesure environ 31,3 cm de haut et 8,4 cm de large.<\/p>\n<p data-start=\"5898\" data-end=\"6042\"><strong data-start=\"5898\" data-end=\"5940\">Ce flacon convient-il \u00e0 un usage quotidien ?<\/strong><br data-start=\"5940\" data-end=\"5943\" \/>Oui, il est con\u00e7u pour l'hydratation quotidienne au travail, \u00e0 l'\u00e9cole, en voyage, dans les sports et les activit\u00e9s de plein air.<\/p>\n<p data-start=\"6044\" data-end=\"6217\"><strong data-start=\"6044\" data-end=\"6109\">Cette bouteille peut-elle \u00eatre utilis\u00e9e pour des \u00e9v\u00e9nements promotionnels et des cadeaux publicitaires ?<\/strong><br data-start=\"6109\" data-end=\"6112\" \/>Oui, c'est un bon choix pour les cadeaux de marque, les cadeaux d'entreprise, les ventes au d\u00e9tail et les campagnes promotionnelles.<\/p>\n<p data-start=\"6219\" data-end=\"6392\"><strong data-start=\"6219\" data-end=\"6259\">Quelles sont les m\u00e9thodes d'impression disponibles ?<\/strong><br data-start=\"6259\" data-end=\"6262\" \/>Les options de personnalisation courantes comprennent la s\u00e9rigraphie et la gravure au laser, en fonction de la conception du logo et des exigences de la commande.<\/p>\n<p data-start=\"6394\" data-end=\"6531\"><strong data-start=\"6394\" data-end=\"6454\">La bouteille est-elle facile \u00e0 transporter en voyage ou sur le trajet domicile-travail ?<\/strong><br data-start=\"6454\" data-end=\"6457\" \/>Oui, le couvercle \u00e0 boucle de transport permet de le prendre et de le transporter plus facilement.<\/p>","protected":false},"excerpt":{"rendered":"<p>Cette bouteille d'eau personnalis\u00e9e en acier inoxydable pr\u00e9sente une finition propre en m\u00e9tal bross\u00e9, un couvercle \u00e0 vis pratique avec une boucle de transport, et un design r\u00e9utilisable pour une hydratation quotidienne. Disponible en 750 ml et 1000 ml, elle convient \u00e0 une utilisation au bureau, pour les trajets domicile-travail, le sport, les activit\u00e9s de plein air et le marquage promotionnel. Avec une grande surface pour le logo et une apparence simple et moderne, c'est une option de boisson pratique pour les cadeaux publicitaires, la vente au d\u00e9tail et les cadeaux d'entreprise.<\/p>","protected":false},"featured_media":47336,"template":"","meta":{"_gspb_post_css":""},"product_brand":[],"product_cat":[25],"product_tag":[],"class_list":{"0":"post-47335","1":"product","2":"type-product","3":"status-publish","4":"has-post-thumbnail","6":"product_cat-drinkware","8":"first","9":"instock","10":"shipping-taxable","11":"product-type-simple"},"_links":{"self":[{"href":"https:\/\/globalgiftsupplier.com\/fr\/wp-json\/wp\/v2\/product\/47335","targetHints":{"allow":["GET"]}}],"collection":[{"href":"https:\/\/globalgiftsupplier.com\/fr\/wp-json\/wp\/v2\/product"}],"about":[{"href":"https:\/\/globalgiftsupplier.com\/fr\/wp-json\/wp\/v2\/types\/product"}],"wp:featuredmedia":[{"embeddable":true,"href":"https:\/\/globalgiftsupplier.com\/fr\/wp-json\/wp\/v2\/media\/47336"}],"wp:attachment":[{"href":"https:\/\/globalgiftsupplier.com\/fr\/wp-json\/wp\/v2\/media?parent=47335"}],"wp:term":[{"taxonomy":"product_brand","embeddable":true,"href":"https:\/\/globalgiftsupplier.com\/fr\/wp-json\/wp\/v2\/product_brand?post=47335"},{"taxonomy":"product_cat","embeddable":true,"href":"https:\/\/globalgiftsupplier.com\/fr\/wp-json\/wp\/v2\/product_cat?post=47335"},{"taxonomy":"product_tag","embeddable":true,"href":"https:\/\/globalgiftsupplier.com\/fr\/wp-json\/wp\/v2\/product_tag?post=47335"}],"curies":[{"name":"wp","href":"https:\/\/api.w.org\/{rel}","templated":true}]}}