{"id":47280,"date":"2026-03-30T08:47:26","date_gmt":"2026-03-30T08:47:26","guid":{"rendered":"https:\/\/globalgiftsupplier.com\/?post_type=product&#038;p=47280"},"modified":"2026-03-30T08:47:26","modified_gmt":"2026-03-30T08:47:26","slug":"custom-reverse-folding-c-handle-umbrella-with-double-layer-windproof-design","status":"publish","type":"product","link":"https:\/\/globalgiftsupplier.com\/fr\/product\/custom-reverse-folding-c-handle-umbrella-with-double-layer-windproof-design\/","title":{"rendered":"Parapluie pliant invers\u00e9 avec poign\u00e9e en C et double couche coupe-vent, personnalis\u00e9"},"content":{"rendered":"<p data-start=\"1490\" data-end=\"1963\">Ce parapluie pliant invers\u00e9 personnalis\u00e9 est un produit promotionnel moderne et tr\u00e8s pratique con\u00e7u pour faciliter l'utilisation quotidienne par temps de pluie. Contrairement aux parapluies traditionnels, il utilise une structure de pliage \u00e0 l'envers qui aide \u00e0 pi\u00e9ger la surface ext\u00e9rieure humide \u00e0 l'int\u00e9rieur lorsque le parapluie est ferm\u00e9. Cela permet de r\u00e9duire les gouttes sur les v\u00eatements, les sols, les si\u00e8ges de voiture et les espaces int\u00e9rieurs, ce qui le rend particuli\u00e8rement pratique pour les navetteurs, les conducteurs, les voyageurs et les participants \u00e0 des \u00e9v\u00e9nements.<\/p>\n<p data-start=\"1965\" data-end=\"2349\">Le parapluie est dot\u00e9 d'une double couche de toile qui am\u00e9liore la durabilit\u00e9 et la r\u00e9sistance au vent. Les images du produit mettent en \u00e9vidence une couche ext\u00e9rieure en tissu PG hydrofuge, une structure interm\u00e9diaire coupe-vent et une couche int\u00e9rieure con\u00e7ue pour faciliter le s\u00e9chage. Cette construction en couches donne au parapluie une conception plus fonctionnelle pour la protection quotidienne contre la pluie et l'utilisation r\u00e9p\u00e9t\u00e9e.<\/p>\n<p data-start=\"2351\" data-end=\"2700\">Ce parapluie se distingue par sa poign\u00e9e en forme de C. Cette poign\u00e9e permet de suspendre le parapluie au poignet. Cette poign\u00e9e permet aux utilisateurs d'accrocher le parapluie \u00e0 leur poignet, ce qui lib\u00e8re les mains pour porter des sacs, utiliser un t\u00e9l\u00e9phone, ouvrir des portes ou entrer et sortir d'une voiture. Il s'agit donc d'un excellent choix promotionnel pour les professionnels occup\u00e9s, les navetteurs, les acheteurs, les \u00e9tudiants et les campagnes li\u00e9es aux voyages.<\/p>\n<p data-start=\"2702\" data-end=\"3059\">Sa structure d'ouverture invers\u00e9e est particuli\u00e8rement utile pour l'utilisation en voiture. Le parapluie peut \u00eatre ouvert et ferm\u00e9 dans un mouvement ascendant plus compact, ce qui le rend plus facile \u00e0 manipuler dans les espaces restreints tels que les porti\u00e8res de voiture, les entr\u00e9es et les trottoirs encombr\u00e9s. Il offre \u00e9galement une grande taille de toile pour une meilleure couverture tout en conservant une longueur ferm\u00e9e confortable pour le transport et le stockage.<\/p>\n<p data-start=\"3061\" data-end=\"3376\">Avec la personnalisation du logo sur la toile, ce parapluie invers\u00e9 offre aux marques une grande surface d'impression visible sur un produit qui b\u00e9n\u00e9ficie d'une exposition publique r\u00e9p\u00e9t\u00e9e. C'est un choix judicieux pour les cadeaux d'entreprise, les promotions des concessionnaires, les campagnes de voyage, les cadeaux publicitaires, les programmes d'assurance, les marques immobili\u00e8res et les marchandises \u00e9v\u00e9nementielles.<\/p>\n<p data-start=\"3378\" data-end=\"3846\"><strong data-start=\"3378\" data-end=\"3394\">Caract\u00e9ristiques principales<\/strong><br data-start=\"3394\" data-end=\"3397\" \/>Le syst\u00e8me de pliage invers\u00e9 permet de garder les surfaces humides \u00e0 l'int\u00e9rieur<br data-start=\"3450\" data-end=\"3453\" \/>Canop\u00e9e \u00e0 double couche pour une meilleure durabilit\u00e9<br data-start=\"3496\" data-end=\"3499\" \/>Structure coupe-vent pour une meilleure performance \u00e0 l'ext\u00e9rieur<br data-start=\"3549\" data-end=\"3552\" \/>Poign\u00e9e en forme de C pour un transport mains libres<br data-start=\"3591\" data-end=\"3594\" \/>Pratique pour monter et descendre de voiture<br data-start=\"3635\" data-end=\"3638\" \/>Aide \u00e0 r\u00e9duire les gouttes sur les sols et les si\u00e8ges<br data-start=\"3679\" data-end=\"3682\" \/>Grande couverture pour une protection quotidienne contre la pluie<br data-start=\"3729\" data-end=\"3732\" \/>Conception ferm\u00e9e facile \u00e0 transporter<br data-start=\"3759\" data-end=\"3762\" \/>Impression de logos personnalis\u00e9s disponible<br data-start=\"3792\" data-end=\"3795\" \/>Convient aux d\u00e9placements quotidiens, aux voyages et \u00e0 l'utilisation promotionnelle<\/p>\n<p data-start=\"3848\" data-end=\"4275\"><strong data-start=\"3848\" data-end=\"3866\">Sp\u00e9cifications<\/strong><br data-start=\"3866\" data-end=\"3869\" \/>Type de produit : Parapluie pliant invers\u00e9<br data-start=\"3907\" data-end=\"3910\" \/>Style : Parapluie invers\u00e9 avec poign\u00e9e en C<br data-start=\"3948\" data-end=\"3951\" \/>Structure de la canop\u00e9e : Double couche<br data-start=\"3981\" data-end=\"3984\" \/>Tissu : Tissu PG<br data-start=\"4001\" data-end=\"4004\" \/>Caract\u00e9ristique : Coupe-vent<br data-start=\"4022\" data-end=\"4025\" \/>Fonctionnalit\u00e9 : Conception d'ouverture et de fermeture invers\u00e9es<br data-start=\"4063\" data-end=\"4066\" \/>Type de poign\u00e9e : Poign\u00e9e mains libres en forme de C<br data-start=\"4105\" data-end=\"4108\" \/>Taille ouverte : Environ 107 cm<br data-start=\"4133\" data-end=\"4136\" \/>Longueur : Environ 80 cm<br data-start=\"4157\" data-end=\"4160\" \/>Options de couleur : Noir, rose, orange, rouge, bleu clair<br data-start=\"4211\" data-end=\"4214\" \/>Personnalisation : Impression du logo sur les panneaux de l'auvent<br data-start=\"4259\" data-end=\"4262\" \/>Origine : Chine Chine<\/p>\n<p data-start=\"4277\" data-end=\"4604\"><strong data-start=\"4277\" data-end=\"4304\">Pourquoi choisir ce produit ?<\/strong><br data-start=\"4304\" data-end=\"4307\" \/>Ce parapluie offre plus de commodit\u00e9 qu'un parapluie standard en combinant un pliage invers\u00e9, une performance de r\u00e9duction des gouttes, une toile \u00e0 double couche r\u00e9sistante au vent et une poign\u00e9e en forme de C. Il s'agit d'un produit de marque pratique que les clients utilisent r\u00e9guli\u00e8rement. Il s'agit d'un produit de marque pratique que les clients peuvent utiliser r\u00e9guli\u00e8rement et qui conf\u00e8re \u00e0 votre logo une grande visibilit\u00e9 au quotidien.<\/p>\n<p data-start=\"4606\" data-end=\"4856\"><strong data-start=\"4606\" data-end=\"4619\">Id\u00e9al pour<\/strong><br data-start=\"4619\" data-end=\"4622\" \/>Cadeaux d'entreprise<br data-start=\"4641\" data-end=\"4644\" \/>Promotions des concessionnaires automobiles<br data-start=\"4669\" data-end=\"4672\" \/>Campagnes d'assurance<br data-start=\"4691\" data-end=\"4694\" \/>Promotions sur les voyages<br data-start=\"4711\" data-end=\"4714\" \/>Cadeaux pour la vente au d\u00e9tail<br data-start=\"4726\" data-end=\"4729\" \/>Cadeaux pour les navetteurs<br data-start=\"4747\" data-end=\"4750\" \/>Marchandises pour salons professionnels<br data-start=\"4772\" data-end=\"4775\" \/>L'image de marque des \u00e9coles et des universit\u00e9s<br data-start=\"4805\" data-end=\"4808\" \/>Promotions immobili\u00e8res<br data-start=\"4830\" data-end=\"4833\" \/>Utilisation quotidienne par temps de pluie<\/p>\n<p data-start=\"4858\" data-end=\"4865\"><strong data-start=\"4858\" data-end=\"4865\">FAQ<\/strong><\/p>\n<p data-start=\"4867\" data-end=\"5003\"><strong data-start=\"4867\" data-end=\"4915\">Ce parapluie peut-il \u00eatre personnalis\u00e9 avec un logo ?<\/strong><br data-start=\"4915\" data-end=\"4918\" \/>Oui, l'auvent peut \u00eatre personnalis\u00e9 avec votre logo, le nom de votre marque ou une illustration promotionnelle.<\/p>\n<p data-start=\"5005\" data-end=\"5213\"><strong data-start=\"5005\" data-end=\"5044\">Qu'est-ce qu'un parapluie pliant invers\u00e9 ?<\/strong><br data-start=\"5044\" data-end=\"5047\" \/>Un parapluie pliant invers\u00e9 se referme vers l'int\u00e9rieur, ce qui permet de garder l'ext\u00e9rieur humide \u00e0 l'int\u00e9rieur apr\u00e8s le pliage. Cela permet de r\u00e9duire les gouttes d'eau sur les v\u00eatements, les sols et l'int\u00e9rieur des voitures.<\/p>\n<p data-start=\"5215\" data-end=\"5377\"><strong data-start=\"5215\" data-end=\"5257\">Quel est l'avantage de la poign\u00e9e en C ?<\/strong><br data-start=\"5257\" data-end=\"5260\" \/>La poign\u00e9e en forme de C peut reposer sur le poignet, ce qui permet de lib\u00e9rer les mains pour porter des sacs, utiliser un t\u00e9l\u00e9phone ou ouvrir des portes.<\/p>\n<p data-start=\"5379\" data-end=\"5563\"><strong data-start=\"5379\" data-end=\"5417\">Ce parapluie peut-il \u00eatre utilis\u00e9 en voiture ?<\/strong><br data-start=\"5417\" data-end=\"5420\" \/>Oui. La conception \u00e0 ouverture invers\u00e9e est particuli\u00e8rement pratique pour entrer ou sortir d'une voiture, car elle peut \u00eatre ouverte et ferm\u00e9e dans un espace plus restreint.<\/p>\n<p data-start=\"5565\" data-end=\"5704\"><strong data-start=\"5565\" data-end=\"5585\">Est-il coupe-vent ?<\/strong><br data-start=\"5585\" data-end=\"5588\" \/>Oui. Le produit est pr\u00e9sent\u00e9 avec une construction coupe-vent \u00e0 double couche con\u00e7ue pour une meilleure stabilit\u00e9 par temps venteux.<\/p>\n<p data-start=\"5706\" data-end=\"5796\"><strong data-start=\"5706\" data-end=\"5747\">Quel est le mat\u00e9riau utilis\u00e9 pour l'auvent ?<\/strong><br data-start=\"5747\" data-end=\"5750\" \/>Les images des produits indiquent que le tissu PG est utilis\u00e9.<\/p>\n<p data-start=\"5798\" data-end=\"5919\"><strong data-start=\"5798\" data-end=\"5829\">Quelle est la taille de ce parapluie ?<\/strong><br data-start=\"5829\" data-end=\"5832\" \/>Les images du produit montrent une taille ouverte approximative de 107 cm et une longueur d'environ 80 cm.<\/p>\n<p data-start=\"5921\" data-end=\"6027\"><strong data-start=\"5921\" data-end=\"5951\">Quelles sont les couleurs disponibles ?<\/strong><br data-start=\"5951\" data-end=\"5954\" \/>Les images du produit montrent les options noir, rose, orange, rouge et bleu clair.<\/p>\n<p data-start=\"6029\" data-end=\"6212\"><strong data-start=\"6029\" data-end=\"6080\">Le parapluie permet-il de r\u00e9duire les gouttes d'eau \u00e0 l'int\u00e9rieur ?<\/strong><br data-start=\"6080\" data-end=\"6083\" \/>Oui. Comme le c\u00f4t\u00e9 humide se replie vers l'int\u00e9rieur, il aide \u00e0 r\u00e9duire les gouttes lorsque vous apportez le parapluie dans les voitures, les bureaux, les magasins ou les maisons.<\/p>","protected":false},"excerpt":{"rendered":"<p data-start=\"1006\" data-end=\"1350\">Ce parapluie pliant invers\u00e9 personnalis\u00e9 est dot\u00e9 d'un design int\u00e9rieur-ext\u00e9rieur pratique qui permet de contenir la surface mouill\u00e9e lors de la fermeture. Avec une poign\u00e9e confortable en forme de C, une toile \u00e0 double couche et une structure r\u00e9sistante au vent, c'est un parapluie de marque utile pour les trajets quotidiens, les entr\u00e9es et sorties de voiture, les voyages et les cadeaux promotionnels.<\/p>","protected":false},"featured_media":47281,"template":"","meta":{"_gspb_post_css":""},"product_brand":[],"product_cat":[30],"product_tag":[],"class_list":{"0":"post-47280","1":"product","2":"type-product","3":"status-publish","4":"has-post-thumbnail","6":"product_cat-home-pets-tools","8":"first","9":"instock","10":"shipping-taxable","11":"product-type-simple"},"_links":{"self":[{"href":"https:\/\/globalgiftsupplier.com\/fr\/wp-json\/wp\/v2\/product\/47280","targetHints":{"allow":["GET"]}}],"collection":[{"href":"https:\/\/globalgiftsupplier.com\/fr\/wp-json\/wp\/v2\/product"}],"about":[{"href":"https:\/\/globalgiftsupplier.com\/fr\/wp-json\/wp\/v2\/types\/product"}],"wp:featuredmedia":[{"embeddable":true,"href":"https:\/\/globalgiftsupplier.com\/fr\/wp-json\/wp\/v2\/media\/47281"}],"wp:attachment":[{"href":"https:\/\/globalgiftsupplier.com\/fr\/wp-json\/wp\/v2\/media?parent=47280"}],"wp:term":[{"taxonomy":"product_brand","embeddable":true,"href":"https:\/\/globalgiftsupplier.com\/fr\/wp-json\/wp\/v2\/product_brand?post=47280"},{"taxonomy":"product_cat","embeddable":true,"href":"https:\/\/globalgiftsupplier.com\/fr\/wp-json\/wp\/v2\/product_cat?post=47280"},{"taxonomy":"product_tag","embeddable":true,"href":"https:\/\/globalgiftsupplier.com\/fr\/wp-json\/wp\/v2\/product_tag?post=47280"}],"curies":[{"name":"wp","href":"https:\/\/api.w.org\/{rel}","templated":true}]}}