{"id":47239,"date":"2026-03-30T08:37:57","date_gmt":"2026-03-30T08:37:57","guid":{"rendered":"https:\/\/globalgiftsupplier.com\/?post_type=product&#038;p=47239"},"modified":"2026-03-30T08:37:57","modified_gmt":"2026-03-30T08:37:57","slug":"custom-straight-handle-black-coated-golf-umbrella-with-logo-printing","status":"publish","type":"product","link":"https:\/\/globalgiftsupplier.com\/fr\/product\/custom-straight-handle-black-coated-golf-umbrella-with-logo-printing\/","title":{"rendered":"Parapluie de golf avec poign\u00e9e droite et impression de logo"},"content":{"rendered":"<p data-start=\"1606\" data-end=\"1992\">Ce parapluie de golf personnalis\u00e9 \u00e0 poign\u00e9e droite est un article promotionnel pratique con\u00e7u pour les jours de pluie et l'utilisation quotidienne en ext\u00e9rieur. Avec sa structure classique sur toute la longueur, sa poign\u00e9e incurv\u00e9e confortable et sa large couverture, il offre un aspect propre et professionnel qui convient parfaitement aux cadeaux d'affaires, aux campagnes publicitaires, aux promotions d'\u00e9v\u00e9nements et aux marchandises de marque.<\/p>\n<p data-start=\"1994\" data-end=\"2484\">Le parapluie est dot\u00e9 d'un rev\u00eatement int\u00e9rieur noir qui lui conf\u00e8re une fonction suppl\u00e9mentaire pour une utilisation en ext\u00e9rieur. Il convient donc aussi bien \u00e0 la protection contre la pluie qu'aux besoins quotidiens en mati\u00e8re d'ombre. Sa taille g\u00e9n\u00e9reuse offre une large couverture, ce qui permet aux utilisateurs d'\u00eatre plus \u00e0 l'aise lorsqu'ils se prom\u00e8nent \u00e0 l'ext\u00e9rieur, se rendent au travail, assistent \u00e0 des \u00e9v\u00e9nements ou se d\u00e9placent d'un endroit \u00e0 l'autre. Cette combinaison de fonction et de visibilit\u00e9 en fait un produit utile pour les marques qui souhaitent une exposition durable sur un article que les clients utiliseront r\u00e9ellement.<\/p>\n<p data-start=\"2486\" data-end=\"2954\">Son design parapluie droit lui conf\u00e8re une apparence classique qui convient \u00e0 de nombreux secteurs d'activit\u00e9 et \u00e0 de nombreux publics. La poign\u00e9e incurv\u00e9e est facile \u00e0 tenir et \u00e0 transporter, tandis que la structure pleine grandeur offre une structure stable et pratique pour une utilisation r\u00e9guli\u00e8re. Le parapluie offre \u00e9galement une grande surface de personnalisation pour votre logo, votre slogan ou vos illustrations promotionnelles, ce qui permet \u00e0 votre marque de rester visible dans les espaces publics tels que les rues, les bureaux, les campus, les h\u00f4tels, les \u00e9v\u00e9nements commerciaux et les zones de transport.<\/p>\n<p data-start=\"2956\" data-end=\"3319\">Ce parapluie est un choix judicieux pour les entreprises qui recherchent un produit de marque fonctionnel avec un large attrait. Il peut \u00eatre utilis\u00e9 comme cadeau d'entreprise, cadeau de remerciement pour les clients, article pour les employ\u00e9s, article de vente au d\u00e9tail ou document \u00e0 distribuer lors d'un \u00e9v\u00e9nement. Qu'il soit utilis\u00e9 par temps de pluie ou sous un soleil radieux, il offre \u00e0 votre marque une visibilit\u00e9 r\u00e9p\u00e9t\u00e9e gr\u00e2ce \u00e0 un accessoire pratique de tous les jours.<\/p>\n<p data-start=\"3321\" data-end=\"3778\"><strong data-start=\"3321\" data-end=\"3337\">Caract\u00e9ristiques principales<\/strong><br data-start=\"3337\" data-end=\"3340\" \/>Grande couverture pour une meilleure protection ext\u00e9rieure<br data-start=\"3391\" data-end=\"3394\" \/>Rev\u00eatement int\u00e9rieur noir pour le soleil et la pluie<br data-start=\"3434\" data-end=\"3437\" \/>Conception classique d'un parapluie droit<br data-start=\"3469\" data-end=\"3472\" \/>Poign\u00e9e en J incurv\u00e9e et confortable<br data-start=\"3499\" data-end=\"3502\" \/>Possibilit\u00e9 d'imprimer un logo personnalis\u00e9 sur les panneaux de l'auvent<br data-start=\"3549\" data-end=\"3552\" \/>Convient \u00e0 un usage promotionnel et corporatif<br data-start=\"3594\" data-end=\"3597\" \/>Pratique pour les trajets quotidiens, les \u00e9v\u00e9nements et les activit\u00e9s de plein air<br data-start=\"3652\" data-end=\"3655\" \/>Apparence propre et professionnelle<br data-start=\"3688\" data-end=\"3691\" \/>Disponible en plusieurs couleurs<br data-start=\"3726\" data-end=\"3729\" \/>Objet publicitaire utile avec exposition r\u00e9p\u00e9t\u00e9e \u00e0 la marque<\/p>\n<p data-start=\"3780\" data-end=\"4173\"><strong data-start=\"3780\" data-end=\"3798\">Sp\u00e9cifications<\/strong><br data-start=\"3798\" data-end=\"3801\" \/>Type de produit : Parapluie \u00e0 poign\u00e9e droite<br data-start=\"3839\" data-end=\"3842\" \/>Mat\u00e9riau : Canop\u00e9e en polyester avec rev\u00eatement int\u00e9rieur noir<br data-start=\"3893\" data-end=\"3896\" \/>Style du cadre : Cadre de parapluie droit de grande taille<br data-start=\"3942\" data-end=\"3945\" \/>Type de poign\u00e9e : Poign\u00e9e en J incurv\u00e9e<br data-start=\"3973\" data-end=\"3976\" \/>Diam\u00e8tre de l'auvent : 105 cm<br data-start=\"3999\" data-end=\"4002\" \/>Hauteur du parapluie : 83 cm<br data-start=\"4024\" data-end=\"4027\" \/>Options de couleur : Noir, bleu, rouge<br data-start=\"4058\" data-end=\"4061\" \/>Personnalisation : Impression de logos possible<br data-start=\"4099\" data-end=\"4102\" \/>Utilisation : Protection contre la pluie et le soleil, promotions, cadeaux, \u00e9v\u00e9nements<br data-start=\"4157\" data-end=\"4160\" \/>Origine : Chine Chine<\/p>\n<p data-start=\"4175\" data-end=\"4624\"><strong data-start=\"4175\" data-end=\"4202\">Pourquoi choisir ce produit ?<\/strong><br data-start=\"4202\" data-end=\"4205\" \/>Ce parapluie combine une forme classique, une couverture utile et une forte valeur de marque en un seul produit pratique. La grande toile et le rev\u00eatement int\u00e9rieur noir permettent une utilisation quotidienne en ext\u00e9rieur, tandis que la zone de logo personnalis\u00e9 permet \u00e0 votre marque de rester visible dans les bureaux, dans les rues, lors d'\u00e9v\u00e9nements et pendant les voyages. Il s'agit d'un article promotionnel fiable, pratique, pr\u00e9sentable et facile \u00e0 distribuer dans de nombreux secteurs d'activit\u00e9.<\/p>\n<p data-start=\"4626\" data-end=\"4900\"><strong data-start=\"4626\" data-end=\"4639\">Id\u00e9al pour<\/strong><br data-start=\"4639\" data-end=\"4642\" \/>Cadeaux d'entreprise<br data-start=\"4657\" data-end=\"4660\" \/>Cadeaux pour les salons professionnels<br data-start=\"4680\" data-end=\"4683\" \/>Promotion des \u00e9coles et des campus<br data-start=\"4711\" data-end=\"4714\" \/>Image de marque de l'h\u00f4tellerie et de la restauration<br data-start=\"4744\" data-end=\"4747\" \/>Promotions immobili\u00e8res<br data-start=\"4769\" data-end=\"4772\" \/>Cadeaux pour les \u00e9v\u00e9nements en plein air<br data-start=\"4795\" data-end=\"4798\" \/>Marchandises au d\u00e9tail<br data-start=\"4816\" data-end=\"4819\" \/>Kits de bienvenue pour les employ\u00e9s<br data-start=\"4840\" data-end=\"4843\" \/>Utilisation pour les voyages et les d\u00e9placements domicile-travail<br data-start=\"4867\" data-end=\"4870\" \/>Campagnes publicitaires saisonni\u00e8res<\/p>\n<p data-start=\"4902\" data-end=\"4909\"><strong data-start=\"4902\" data-end=\"4909\">FAQ<\/strong><\/p>\n<p data-start=\"4911\" data-end=\"5040\"><strong data-start=\"4911\" data-end=\"4959\">Ce parapluie peut-il \u00eatre personnalis\u00e9 avec un logo ?<\/strong><br data-start=\"4959\" data-end=\"4962\" \/>Oui, les panneaux de l'auvent peuvent \u00eatre personnalis\u00e9s avec votre logo ou votre conception promotionnelle.<\/p>\n<p data-start=\"5042\" data-end=\"5224\"><strong data-start=\"5042\" data-end=\"5098\">Ce parapluie convient-il \u00e0 la fois pour la pluie et le soleil ?<\/strong><br data-start=\"5098\" data-end=\"5101\" \/>Oui. Le rev\u00eatement int\u00e9rieur noir et l'auvent de grande taille permettent de l'utiliser \u00e0 la fois comme protection contre la pluie et comme protection quotidienne contre le soleil.<\/p>\n<p data-start=\"5226\" data-end=\"5343\"><strong data-start=\"5226\" data-end=\"5257\">Quelle est la taille de ce parapluie ?<\/strong><br data-start=\"5257\" data-end=\"5260\" \/>Le diam\u00e8tre de la canop\u00e9e est d'environ 105 cm et la hauteur totale est d'environ 83 cm.<\/p>\n<p data-start=\"5345\" data-end=\"5454\"><strong data-start=\"5345\" data-end=\"5379\">Quel type de poign\u00e9e utilise-t-il ?<\/strong><br data-start=\"5379\" data-end=\"5382\" \/>Il est dot\u00e9 d'une poign\u00e9e en J classique incurv\u00e9e pour un transport et une prise en main confortables.<\/p>\n<p data-start=\"5456\" data-end=\"5540\"><strong data-start=\"5456\" data-end=\"5486\">Quelles sont les couleurs disponibles ?<\/strong><br data-start=\"5486\" data-end=\"5489\" \/>Les images montrent les options de couleur noire, bleue et rouge.<\/p>\n<p data-start=\"5542\" data-end=\"5620\"><strong data-start=\"5542\" data-end=\"5573\">S'agit-il d'un parapluie pliant ?<\/strong><br data-start=\"5573\" data-end=\"5576\" \/>Non. Il s'agit d'un parapluie droit de pleine longueur.<\/p>\n<p data-start=\"5622\" data-end=\"5818\"><strong data-start=\"5622\" data-end=\"5679\">\u00c0 quel type de clients ce parapluie convient-il ?<\/strong><br data-start=\"5679\" data-end=\"5682\" \/>Il convient aux entreprises, aux \u00e9coles, aux h\u00f4tels, aux organisateurs d'\u00e9v\u00e9nements, aux magasins de d\u00e9tail et aux marques \u00e0 la recherche d'un produit promotionnel pratique.<\/p>\n<p data-start=\"5820\" data-end=\"5979\"><strong data-start=\"5820\" data-end=\"5863\">Peut-il \u00eatre utilis\u00e9 comme cadeau d'entreprise ?<\/strong><br data-start=\"5863\" data-end=\"5866\" \/>Oui, c'est une excellente option pour les cadeaux clients, les cadeaux employ\u00e9s, les cadeaux \u00e9v\u00e9nementiels et les programmes de marchandises de marque.<\/p>\n<p data-start=\"5981\" data-end=\"6154\"><strong data-start=\"5981\" data-end=\"6033\">Le parapluie offre-t-il une grande surface de marquage ?<\/strong><br data-start=\"6033\" data-end=\"6036\" \/>L'auvent offre une zone claire et visible pour l'impression du logo, ce qui permet d'am\u00e9liorer l'exposition de la marque dans les environnements ext\u00e9rieurs.<\/p>","protected":false},"excerpt":{"rendered":"<p>Ce parapluie de golf personnalis\u00e9 \u00e0 poign\u00e9e droite est dot\u00e9 d'une grande toile, d'une poign\u00e9e en J classique et d'un rev\u00eatement int\u00e9rieur noir pour une utilisation pratique sous le soleil et la pluie. Con\u00e7u pour une utilisation quotidienne et une forte visibilit\u00e9 de la marque, il est id\u00e9al pour les cadeaux d'entreprise, les promotions, les \u00e9v\u00e9nements en plein air, les h\u00f4tels, les \u00e9coles et la vente au d\u00e9tail. La large surface d'impression permet \u00e0 votre logo de se d\u00e9marquer sur un article utile que les gens peuvent transporter \u00e0 maintes reprises.<\/p>","protected":false},"featured_media":47240,"template":"","meta":{"_gspb_post_css":""},"product_brand":[],"product_cat":[30],"product_tag":[],"class_list":{"0":"post-47239","1":"product","2":"type-product","3":"status-publish","4":"has-post-thumbnail","6":"product_cat-home-pets-tools","8":"first","9":"instock","10":"shipping-taxable","11":"product-type-simple"},"_links":{"self":[{"href":"https:\/\/globalgiftsupplier.com\/fr\/wp-json\/wp\/v2\/product\/47239","targetHints":{"allow":["GET"]}}],"collection":[{"href":"https:\/\/globalgiftsupplier.com\/fr\/wp-json\/wp\/v2\/product"}],"about":[{"href":"https:\/\/globalgiftsupplier.com\/fr\/wp-json\/wp\/v2\/types\/product"}],"wp:featuredmedia":[{"embeddable":true,"href":"https:\/\/globalgiftsupplier.com\/fr\/wp-json\/wp\/v2\/media\/47240"}],"wp:attachment":[{"href":"https:\/\/globalgiftsupplier.com\/fr\/wp-json\/wp\/v2\/media?parent=47239"}],"wp:term":[{"taxonomy":"product_brand","embeddable":true,"href":"https:\/\/globalgiftsupplier.com\/fr\/wp-json\/wp\/v2\/product_brand?post=47239"},{"taxonomy":"product_cat","embeddable":true,"href":"https:\/\/globalgiftsupplier.com\/fr\/wp-json\/wp\/v2\/product_cat?post=47239"},{"taxonomy":"product_tag","embeddable":true,"href":"https:\/\/globalgiftsupplier.com\/fr\/wp-json\/wp\/v2\/product_tag?post=47239"}],"curies":[{"name":"wp","href":"https:\/\/api.w.org\/{rel}","templated":true}]}}