{"id":47196,"date":"2026-03-30T06:07:13","date_gmt":"2026-03-30T06:07:13","guid":{"rendered":"https:\/\/globalgiftsupplier.com\/?post_type=product&#038;p=47196"},"modified":"2026-03-30T06:07:14","modified_gmt":"2026-03-30T06:07:14","slug":"custom-bbq-grill-basket-with-wooden-handle","status":"publish","type":"product","link":"https:\/\/globalgiftsupplier.com\/fr\/product\/custom-bbq-grill-basket-with-wooden-handle\/","title":{"rendered":"Panier \u00e0 barbecue personnalis\u00e9 avec poign\u00e9e en bois"},"content":{"rendered":"<p data-start=\"1422\" data-end=\"1775\">Ce panier \u00e0 barbecue personnalis\u00e9 est un accessoire pratique con\u00e7u pour la cuisine en plein air, la pr\u00e9paration de barbecues et l'utilisation promotionnelle d'une marque. Fabriqu\u00e9 avec une structure en fil m\u00e9tallique durable et une poign\u00e9e en bois confortable, il permet de garder les aliments en s\u00e9curit\u00e9 pendant la cuisson et de retourner les aliments sur le barbecue plus facilement et plus commod\u00e9ment.<\/p>\n<p data-start=\"1777\" data-end=\"2165\">Le panier est dot\u00e9 d'un syst\u00e8me de verrouillage \u00e0 l'ouverture et \u00e0 la fermeture qui permet de maintenir fermement les aliments \u00e0 l'int\u00e9rieur pendant la cuisson. Il convient pour griller les l\u00e9gumes, les lani\u00e8res de viande, les fruits de mer, les saucisses, les brochettes et autres ingr\u00e9dients longs ou \u00e9troits qui n\u00e9cessitent un outil de grillade plus contr\u00f4l\u00e9. Le cadre m\u00e9tallique permet \u00e0 la chaleur de circuler autour des aliments tout en aidant \u00e0 les maintenir align\u00e9s et \u00e0 les retourner plus facilement.<\/p>\n<p data-start=\"2167\" data-end=\"2506\">Sa longue poign\u00e9e permet de mieux s'\u00e9loigner de la source de chaleur, tandis que la poign\u00e9e en bois ajoute au confort et \u00e0 l'aspect naturel. La poign\u00e9e peut \u00eatre personnalis\u00e9e avec votre logo, ce qui fait de ce panier un produit de marque utile pour les campagnes en plein air, les promotions sur les barbecues, les programmes d'articles de cuisine, les cadeaux publicitaires pour le camping et les \u00e9v\u00e9nements marketing saisonniers.<\/p>\n<p data-start=\"2508\" data-end=\"2757\">Ce panier \u00e0 grillades est un choix judicieux pour les marques qui recherchent un produit fonctionnel pour la cuisine en plein air, avec une valeur d'utilisation r\u00e9p\u00e9t\u00e9e. Il combine des performances de grillades pratiques, une structure simple et un espace de marquage visible dans un accessoire de barbecue promotionnel.<\/p>\n<p data-start=\"2759\" data-end=\"3255\"><strong data-start=\"2759\" data-end=\"2775\">Caract\u00e9ristiques principales<\/strong><br data-start=\"2775\" data-end=\"2778\" \/>Panier grillag\u00e9 durable<br data-start=\"2810\" data-end=\"2813\" \/>Structure de verrouillage s\u00e9curis\u00e9e pour maintenir les aliments en place<br data-start=\"2863\" data-end=\"2866\" \/>Poign\u00e9e longue pour des grillades plus s\u00fbres et plus faciles<br data-start=\"2907\" data-end=\"2910\" \/>Poign\u00e9e en bois pour une prise en main confortable<br data-start=\"2944\" data-end=\"2947\" \/>Possibilit\u00e9 d'apposer un logo personnalis\u00e9 sur la poign\u00e9e<br data-start=\"2991\" data-end=\"2994\" \/>Permet d'organiser les ingr\u00e9dients pendant la cuisson<br data-start=\"3041\" data-end=\"3044\" \/>Bonne circulation de l'air \u00e0 travers le cadre m\u00e9tallique pour des grillades r\u00e9guli\u00e8res<br data-start=\"3097\" data-end=\"3100\" \/>R\u00e9utilisable et facile \u00e0 stocker<br data-start=\"3126\" data-end=\"3129\" \/>Convient pour le barbecue, le camping, le pique-nique et la cuisine en plein air<br data-start=\"3192\" data-end=\"3195\" \/>Produit promotionnel simple pour les campagnes en cuisine et \u00e0 l'ext\u00e9rieur<\/p>\n<p data-start=\"3257\" data-end=\"3677\"><strong data-start=\"3257\" data-end=\"3275\">Sp\u00e9cifications<\/strong><br data-start=\"3275\" data-end=\"3278\" \/>Type de produit : Panier pour barbecue<br data-start=\"3308\" data-end=\"3311\" \/>Mat\u00e9riau : Panier en fil m\u00e9tallique avec poign\u00e9e en bois<br data-start=\"3357\" data-end=\"3360\" \/>Couleur : cadre de panier noir avec poign\u00e9e en bois naturel<br data-start=\"3410\" data-end=\"3413\" \/>Longueur : 49 cm<br data-start=\"3426\" data-end=\"3429\" \/>Largeur : 5 cm<br data-start=\"3440\" data-end=\"3443\" \/>Hauteur : 4 cm<br data-start=\"3455\" data-end=\"3458\" \/>Largeur de la poign\u00e9e : 5 cm<br data-start=\"3476\" data-end=\"3479\" \/>Structure : Panier verrouillable ouvert\/ferm\u00e9<br data-start=\"3522\" data-end=\"3525\" \/>Logo : Logo personnalis\u00e9 sur la poign\u00e9e<br data-start=\"3552\" data-end=\"3555\" \/>Utilisation : Grillades au barbecue, camping, cuisine en plein air, cadeaux promotionnels<br data-start=\"3626\" data-end=\"3629\" \/>Origine : Chine Chine<br data-start=\"3642\" data-end=\"3645\" \/>Temps de production : 15 jours ouvrables<\/p>\n<p data-start=\"3679\" data-end=\"4030\"><strong data-start=\"3679\" data-end=\"3706\">Pourquoi choisir ce produit ?<\/strong><br data-start=\"3706\" data-end=\"3709\" \/>Ce produit est utile, r\u00e9utilisable et facile \u00e0 personnaliser, ce qui en fait un excellent choix promotionnel pour les marques li\u00e9es \u00e0 la vie en plein air, aux \u00e9v\u00e9nements gastronomiques, aux campagnes de barbecue et aux cadeaux saisonniers. Il offre une v\u00e9ritable fonction quotidienne tout en donnant de la visibilit\u00e9 \u00e0 votre logo sur un outil de grillade pratique que les gens peuvent garder et utiliser \u00e0 plusieurs reprises.<\/p>\n<p data-start=\"4032\" data-end=\"4321\"><strong data-start=\"4032\" data-end=\"4045\">Id\u00e9al pour<\/strong><br data-start=\"4045\" data-end=\"4048\" \/>Promotion des barbecues<br data-start=\"4062\" data-end=\"4065\" \/>Campagnes de cuisine en plein air<br data-start=\"4090\" data-end=\"4093\" \/>Cadeaux pour le camping<br data-start=\"4110\" data-end=\"4113\" \/>Coffrets pique-nique<br data-start=\"4129\" data-end=\"4132\" \/>Promotions sur les ustensiles de cuisine<br data-start=\"4154\" data-end=\"4157\" \/>Cadeaux pour les festivals de l'alimentation<br data-start=\"4180\" data-end=\"4183\" \/>Marchandises saisonni\u00e8res de la marque<br data-start=\"4209\" data-end=\"4212\" \/>Cadeaux de marques de restaurants ou de barbecues<br data-start=\"4246\" data-end=\"4249\" \/>\u00c9v\u00e9nements d'entreprise en plein air<br data-start=\"4273\" data-end=\"4276\" \/>Campagnes promotionnelles pour la f\u00eate des p\u00e8res et l'\u00e9t\u00e9<\/p>\n<p data-start=\"4323\" data-end=\"4330\"><strong data-start=\"4323\" data-end=\"4330\">FAQ<\/strong><\/p>\n<p data-start=\"4332\" data-end=\"4482\"><strong data-start=\"4332\" data-end=\"4384\">Ce panier \u00e0 grillades peut-il \u00eatre personnalis\u00e9 avec un logo ?<\/strong><br data-start=\"4384\" data-end=\"4387\" \/>Oui, la poign\u00e9e en bois peut \u00eatre personnalis\u00e9e avec votre logo ou votre nom de marque pour une utilisation promotionnelle.<\/p>\n<p data-start=\"4484\" data-end=\"4596\"><strong data-start=\"4484\" data-end=\"4530\">Quel est le mat\u00e9riau principal de ce produit ?<\/strong><br data-start=\"4530\" data-end=\"4533\" \/>Le panier est constitu\u00e9 d'un cadre m\u00e9tallique et d'une poign\u00e9e en bois.<\/p>\n<p data-start=\"4598\" data-end=\"4769\"><strong data-start=\"4598\" data-end=\"4647\">Quel type d'aliment peut \u00eatre utilis\u00e9 dans ce panier ?<\/strong><br data-start=\"4647\" data-end=\"4650\" \/>Il convient pour les l\u00e9gumes, les lani\u00e8res de viande, les saucisses, les fruits de mer et autres ingr\u00e9dients de barbecue qui correspondent \u00e0 la taille du panier.<\/p>\n<p data-start=\"4771\" data-end=\"4919\"><strong data-start=\"4771\" data-end=\"4822\">Le panier se ferme-t-il bien pendant la cuisson ?<\/strong><br data-start=\"4822\" data-end=\"4825\" \/>Oui, il est dot\u00e9 d'une structure de verrouillage qui permet de maintenir les aliments en place pendant la cuisson et le retournement.<\/p>\n<p data-start=\"4921\" data-end=\"5071\"><strong data-start=\"4921\" data-end=\"4968\">La poign\u00e9e est-elle con\u00e7ue pour une utilisation confortable ?<\/strong><br data-start=\"4968\" data-end=\"4971\" \/>Le manche en bois offre une prise en main plus confortable et permet d'\u00e9loigner les mains de la chaleur directe.<\/p>\n<p data-start=\"5073\" data-end=\"5203\"><strong data-start=\"5073\" data-end=\"5104\">Ce produit peut-il \u00eatre r\u00e9utilis\u00e9 ?<\/strong><br data-start=\"5104\" data-end=\"5107\" \/>Oui, il s'agit d'un accessoire de grillade r\u00e9utilisable con\u00e7u pour une utilisation r\u00e9p\u00e9t\u00e9e au barbecue et pour la cuisine en plein air.<\/p>\n<p data-start=\"5205\" data-end=\"5368\"><strong data-start=\"5205\" data-end=\"5256\">Ce produit est-il adapt\u00e9 aux programmes de cadeaux promotionnels ?<\/strong><br data-start=\"5256\" data-end=\"5259\" \/>Oui, il convient parfaitement aux cadeaux de marque pour l'ext\u00e9rieur, aux promotions sur les barbecues, aux campagnes de camping et aux cadeaux saisonniers.<\/p>\n<p data-start=\"5370\" data-end=\"5494\"><strong data-start=\"5370\" data-end=\"5406\">Quelles sont les dimensions du produit ?<\/strong><br data-start=\"5406\" data-end=\"5409\" \/>Le panier mesure environ 49 cm de long, 5 cm de large et 4 cm de haut.<\/p>\n<p data-start=\"5496\" data-end=\"5700\"><strong data-start=\"5496\" data-end=\"5553\">Est-ce une bonne option pour les campagnes de marketing estivales ?<\/strong><br data-start=\"5553\" data-end=\"5556\" \/>Oui, parce qu'il est directement li\u00e9 \u00e0 la saison des grillades, des repas en plein air et des pique-niques, il est particuli\u00e8rement adapt\u00e9 aux activit\u00e9s promotionnelles estivales.<\/p>","protected":false},"excerpt":{"rendered":"<p>Ce panier de barbecue personnalis\u00e9 est dot\u00e9 d'un long panier m\u00e9tallique, d'une structure de verrouillage s\u00e9curis\u00e9e et d'une poign\u00e9e en bois pour une prise en main confortable pendant les grillades. Con\u00e7u pour le barbecue, il permet de maintenir les aliments en place tout en les retournant et en les faisant cuire sur le gril. Accessoire de cuisine promotionnel pratique, il convient aux \u00e9v\u00e9nements en plein air, aux cadeaux de camping, aux promotions de marque et aux cadeaux publicitaires sur le th\u00e8me du barbecue.<\/p>","protected":false},"featured_media":47197,"template":"","meta":{"_gspb_post_css":""},"product_brand":[],"product_cat":[30],"product_tag":[],"class_list":{"0":"post-47196","1":"product","2":"type-product","3":"status-publish","4":"has-post-thumbnail","6":"product_cat-home-pets-tools","8":"first","9":"instock","10":"shipping-taxable","11":"product-type-simple"},"_links":{"self":[{"href":"https:\/\/globalgiftsupplier.com\/fr\/wp-json\/wp\/v2\/product\/47196","targetHints":{"allow":["GET"]}}],"collection":[{"href":"https:\/\/globalgiftsupplier.com\/fr\/wp-json\/wp\/v2\/product"}],"about":[{"href":"https:\/\/globalgiftsupplier.com\/fr\/wp-json\/wp\/v2\/types\/product"}],"wp:featuredmedia":[{"embeddable":true,"href":"https:\/\/globalgiftsupplier.com\/fr\/wp-json\/wp\/v2\/media\/47197"}],"wp:attachment":[{"href":"https:\/\/globalgiftsupplier.com\/fr\/wp-json\/wp\/v2\/media?parent=47196"}],"wp:term":[{"taxonomy":"product_brand","embeddable":true,"href":"https:\/\/globalgiftsupplier.com\/fr\/wp-json\/wp\/v2\/product_brand?post=47196"},{"taxonomy":"product_cat","embeddable":true,"href":"https:\/\/globalgiftsupplier.com\/fr\/wp-json\/wp\/v2\/product_cat?post=47196"},{"taxonomy":"product_tag","embeddable":true,"href":"https:\/\/globalgiftsupplier.com\/fr\/wp-json\/wp\/v2\/product_tag?post=47196"}],"curies":[{"name":"wp","href":"https:\/\/api.w.org\/{rel}","templated":true}]}}