{"id":47173,"date":"2026-03-30T04:27:32","date_gmt":"2026-03-30T04:27:32","guid":{"rendered":"https:\/\/globalgiftsupplier.com\/?post_type=product&#038;p=47173"},"modified":"2026-03-30T04:27:32","modified_gmt":"2026-03-30T04:27:32","slug":"custom-drawer-gift-boxes-with-foam-insert","status":"publish","type":"product","link":"https:\/\/globalgiftsupplier.com\/fr\/product\/custom-drawer-gift-boxes-with-foam-insert\/","title":{"rendered":"Bo\u00eetes cadeaux \u00e0 tiroir personnalis\u00e9es avec insert en mousse"},"content":{"rendered":"<p data-start=\"6102\" data-end=\"6411\">Ces bo\u00eetes-cadeaux \u00e0 tiroirs personnalis\u00e9es constituent une option d'emballage haut de gamme pour les entreprises qui souhaitent que leurs produits soient plus raffin\u00e9s, organis\u00e9s et pr\u00eats \u00e0 \u00eatre offerts. Le tiroir coulissant permet une pr\u00e9sentation soign\u00e9e, tandis que l'insert en mousse permet de prot\u00e9ger et de pr\u00e9senter le contenu \u00e0 l'int\u00e9rieur.<\/p>\n<p data-start=\"6413\" data-end=\"6824\">Ce type de bo\u00eete convient aux stylos, aux accessoires de bureau, aux coffrets promotionnels, aux accessoires \u00e9lectroniques, aux r\u00e9compenses et \u00e0 d'autres petits produits emball\u00e9s. L'insert en mousse permet de maintenir l'article stable pendant le stockage et la pr\u00e9sentation, tout en am\u00e9liorant l'aspect g\u00e9n\u00e9ral de l'emballage. Il s'agit d'un choix judicieux pour les entreprises qui souhaitent emballer leurs cadeaux ou leurs produits de marque de mani\u00e8re plus \u00e9l\u00e9gante et plus professionnelle.<\/p>\n<p data-start=\"6826\" data-end=\"7154\">La surface ext\u00e9rieure peut \u00eatre personnalis\u00e9e avec votre logo ou votre dessin, ce qui la rend adapt\u00e9e \u00e0 la pr\u00e9sentation de la marque, aux cadeaux pour les clients, aux cadeaux pour les employ\u00e9s, \u00e0 l'emballage d'\u00e9v\u00e9nements et \u00e0 la pr\u00e9sentation de produits au d\u00e9tail. Qu'il s'agisse d'emballer un produit promotionnel ou de cr\u00e9er un coffret cadeau haut de gamme, ce coffret \u00e0 tiroirs ajoute de la valeur gr\u00e2ce \u00e0 sa pr\u00e9sentation et \u00e0 sa protection.<\/p>\n<p data-start=\"7156\" data-end=\"7496\"><strong data-start=\"7156\" data-end=\"7172\">Caract\u00e9ristiques principales<\/strong><br data-start=\"7172\" data-end=\"7175\" \/>Tiroir coulissant<br data-start=\"7204\" data-end=\"7207\" \/>Insert de protection en mousse<br data-start=\"7229\" data-end=\"7232\" \/>Possibilit\u00e9 d'apposer un logo personnalis\u00e9<br data-start=\"7262\" data-end=\"7265\" \/>Pr\u00e9sentation soign\u00e9e et de qualit\u00e9<br data-start=\"7294\" data-end=\"7297\" \/>Convient pour les coffrets cadeaux et les accessoires<br data-start=\"7335\" data-end=\"7338\" \/>Aide \u00e0 prot\u00e9ger les produits pendant le stockage<br data-start=\"7375\" data-end=\"7378\" \/>Exp\u00e9rience professionnelle d'unboxing<br data-start=\"7410\" data-end=\"7413\" \/>Id\u00e9al pour les emballages promotionnels et de vente au d\u00e9tail<br data-start=\"7455\" data-end=\"7458\" \/>Un emballage propre et \u00e9l\u00e9gant<\/p>\n<p data-start=\"7498\" data-end=\"7816\"><strong data-start=\"7498\" data-end=\"7516\">Sp\u00e9cifications<\/strong><br data-start=\"7516\" data-end=\"7519\" \/>Type de produit : Bo\u00eete cadeau \u00e0 tiroir<br data-start=\"7548\" data-end=\"7551\" \/>Mat\u00e9riau : Bo\u00eete en carton avec insert en mousse<br data-start=\"7592\" data-end=\"7595\" \/>Style : Bo\u00eete \u00e0 tiroirs coulissante<br data-start=\"7622\" data-end=\"7625\" \/>Insert : Insert en mousse<br data-start=\"7644\" data-end=\"7647\" \/>Couleur : couleurs personnalis\u00e9es disponibles<br data-start=\"7677\" data-end=\"7680\" \/>Logo : Possibilit\u00e9 d'impression de logos personnalis\u00e9s<br data-start=\"7716\" data-end=\"7719\" \/>Utilisation : Pr\u00e9sentation de produits et emballage de cadeaux<br data-start=\"7765\" data-end=\"7768\" \/>Origine : Chine Chine<br data-start=\"7781\" data-end=\"7784\" \/>Temps de production : 15 jours ouvrables<\/p>\n<p data-start=\"7818\" data-end=\"8054\"><strong data-start=\"7818\" data-end=\"7845\">Pourquoi choisir ce produit ?<\/strong><br data-start=\"7845\" data-end=\"7848\" \/>Ce coffret cadeau permet de transformer un produit standard en une pr\u00e9sentation plus haut de gamme. Il am\u00e9liore l'exp\u00e9rience d'emballage, prot\u00e8ge l'article \u00e0 l'int\u00e9rieur et augmente la valeur de la marque gr\u00e2ce \u00e0 un emballage professionnel personnalis\u00e9.<\/p>\n<p data-start=\"8056\" data-end=\"8272\"><strong data-start=\"8056\" data-end=\"8069\">Id\u00e9al pour<\/strong><br data-start=\"8069\" data-end=\"8072\" \/>Cadeaux d'entreprise<br data-start=\"8087\" data-end=\"8090\" \/>Bo\u00eetes-cadeaux pour stylos<br data-start=\"8104\" data-end=\"8107\" \/>Cadeaux promotionnels<br data-start=\"8128\" data-end=\"8131\" \/>Accessoires de bureau<br data-start=\"8149\" data-end=\"8152\" \/>Cadeaux aux dirigeants<br data-start=\"8167\" data-end=\"8170\" \/>Emballage de vente au d\u00e9tail<br data-start=\"8186\" data-end=\"8189\" \/>Kits de pr\u00e9sentation d'\u00e9v\u00e9nements<br data-start=\"8212\" data-end=\"8215\" \/>R\u00e9compenses et articles comm\u00e9moratifs<br data-start=\"8240\" data-end=\"8243\" \/>Emballage de marchandises de marque<\/p>\n<p data-start=\"8274\" data-end=\"8283\"><strong data-start=\"8274\" data-end=\"8281\">FAQ<\/strong><\/p>\n<p data-start=\"8285\" data-end=\"8401\"><strong data-start=\"8285\" data-end=\"8335\">Cette bo\u00eete cadeau peut-elle \u00eatre personnalis\u00e9e avec notre logo ?<\/strong><br data-start=\"8335\" data-end=\"8338\" \/>Oui, la bo\u00eete peut \u00eatre personnalis\u00e9e avec votre logo ou votre marque.<\/p>\n<p data-start=\"8403\" data-end=\"8534\"><strong data-start=\"8403\" data-end=\"8435\">\u00c0 quoi sert l'insert en mousse ?<\/strong><br data-start=\"8435\" data-end=\"8438\" \/>L'insert en mousse permet de maintenir le produit en place et de le prot\u00e9ger lors du stockage et de la pr\u00e9sentation.<\/p>\n<p data-start=\"8536\" data-end=\"8679\"><strong data-start=\"8536\" data-end=\"8575\">Quels produits peuvent \u00eatre emball\u00e9s \u00e0 l'int\u00e9rieur ?<\/strong><br data-start=\"8575\" data-end=\"8578\" \/>Il convient pour les stylos, les accessoires, les cadeaux de bureau, les articles techniques et d'autres petits produits promotionnels.<\/p>\n<p data-start=\"8681\" data-end=\"8824\"><strong data-start=\"8681\" data-end=\"8730\">Cet emballage convient-il pour les cadeaux haut de gamme ?<\/strong><br data-start=\"8730\" data-end=\"8733\" \/>Oui. La structure \u00e0 tiroirs et l'insert en font un bon choix pour les emballages cadeaux plus haut de gamme.<\/p>\n<p data-start=\"8826\" data-end=\"8956\"><strong data-start=\"8826\" data-end=\"8873\">Peut-on l'utiliser pour des coffrets cadeaux promotionnels ?<\/strong><br data-start=\"8873\" data-end=\"8876\" \/>Oui, il convient parfaitement \u00e0 l'emballage des produits de marque et des coffrets cadeaux.<\/p>","protected":false},"excerpt":{"rendered":"<p>Ces bo\u00eetes-cadeaux \u00e0 tiroirs personnalis\u00e9es sont con\u00e7ues pour l'emballage de marque et la pr\u00e9sentation de produits de qualit\u00e9 sup\u00e9rieure. Dot\u00e9es d'une structure \u00e0 tiroirs coulissants et d'un insert en mousse de protection, elles permettent de s\u00e9curiser le produit \u00e0 l'int\u00e9rieur tout en cr\u00e9ant une exp\u00e9rience de d\u00e9ballage propre et haut de gamme. Id\u00e9ales pour les coffrets cadeaux, les stylos, les cadeaux de bureau, les accessoires et les articles promotionnels.<\/p>","protected":false},"featured_media":47174,"template":"","meta":{"_gspb_post_css":""},"product_brand":[],"product_cat":[26],"product_tag":[],"class_list":{"0":"post-47173","1":"product","2":"type-product","3":"status-publish","4":"has-post-thumbnail","6":"product_cat-bags","8":"first","9":"instock","10":"shipping-taxable","11":"product-type-simple"},"_links":{"self":[{"href":"https:\/\/globalgiftsupplier.com\/fr\/wp-json\/wp\/v2\/product\/47173","targetHints":{"allow":["GET"]}}],"collection":[{"href":"https:\/\/globalgiftsupplier.com\/fr\/wp-json\/wp\/v2\/product"}],"about":[{"href":"https:\/\/globalgiftsupplier.com\/fr\/wp-json\/wp\/v2\/types\/product"}],"wp:featuredmedia":[{"embeddable":true,"href":"https:\/\/globalgiftsupplier.com\/fr\/wp-json\/wp\/v2\/media\/47174"}],"wp:attachment":[{"href":"https:\/\/globalgiftsupplier.com\/fr\/wp-json\/wp\/v2\/media?parent=47173"}],"wp:term":[{"taxonomy":"product_brand","embeddable":true,"href":"https:\/\/globalgiftsupplier.com\/fr\/wp-json\/wp\/v2\/product_brand?post=47173"},{"taxonomy":"product_cat","embeddable":true,"href":"https:\/\/globalgiftsupplier.com\/fr\/wp-json\/wp\/v2\/product_cat?post=47173"},{"taxonomy":"product_tag","embeddable":true,"href":"https:\/\/globalgiftsupplier.com\/fr\/wp-json\/wp\/v2\/product_tag?post=47173"}],"curies":[{"name":"wp","href":"https:\/\/api.w.org\/{rel}","templated":true}]}}