{"id":47166,"date":"2026-03-30T04:25:19","date_gmt":"2026-03-30T04:25:19","guid":{"rendered":"https:\/\/globalgiftsupplier.com\/?post_type=product&#038;p=47166"},"modified":"2026-03-30T04:25:19","modified_gmt":"2026-03-30T04:25:19","slug":"custom-non-woven-tote-bags-with-side-pocket","status":"publish","type":"product","link":"https:\/\/globalgiftsupplier.com\/fr\/product\/custom-non-woven-tote-bags-with-side-pocket\/","title":{"rendered":"Sacs fourre-tout non tiss\u00e9s personnalis\u00e9s avec poche lat\u00e9rale"},"content":{"rendered":"<p data-start=\"1573\" data-end=\"1915\">Ces sacs fourre-tout non tiss\u00e9s personnalis\u00e9s constituent un emballage promotionnel pratique et une solution d'achat pour les entreprises qui recherchent \u00e0 la fois la visibilit\u00e9 et la facilit\u00e9 d'utilisation au quotidien. Fabriqu\u00e9s \u00e0 partir d'un mat\u00e9riau l\u00e9ger non tiss\u00e9, ils sont con\u00e7us pour transporter des brochures, des catalogues, des provisions, des \u00e9chantillons, du mat\u00e9riel \u00e9v\u00e9nementiel et d'autres articles essentiels au quotidien.<\/p>\n<p data-start=\"1917\" data-end=\"2319\">Le compartiment principal spacieux offre suffisamment de place pour les articles promotionnels et de d\u00e9tail courants, tandis que la poche lat\u00e9rale ext\u00e9rieure offre un espace de rangement suppl\u00e9mentaire pratique pour les magazines, les prospectus, les carnets de notes ou les petits accessoires. Les longues poign\u00e9es permettent de porter le sac \u00e0 la main ou sur l'\u00e9paule, ce qui le rend id\u00e9al pour le shopping, les expositions, les conf\u00e9rences, les \u00e9coles, les librairies et les \u00e9v\u00e9nements communautaires.<\/p>\n<p data-start=\"2321\" data-end=\"2693\">Sa structure simple et sa grande surface d'impression frontale en font un produit de marque efficace pour l'impression de logos. Le sac \u00e9tant r\u00e9utilisable et facile \u00e0 ranger, il offre une visibilit\u00e9 durable \u00e0 votre marque apr\u00e8s l'\u00e9v\u00e9nement. Qu'il s'agisse d'un sac \u00e0 emporter, de documents \u00e0 distribuer lors d'un salon ou d'une promotion d'entreprise, ce sac fourre-tout allie commodit\u00e9, fonctionnalit\u00e9 et valeur promotionnelle.<\/p>\n<p data-start=\"2695\" data-end=\"3039\"><strong data-start=\"2695\" data-end=\"2711\">Caract\u00e9ristiques principales<\/strong><br data-start=\"2711\" data-end=\"2714\" \/>Compartiment principal spacieux<br data-start=\"2739\" data-end=\"2742\" \/>Poche lat\u00e9rale ext\u00e9rieure pour un rangement suppl\u00e9mentaire<br data-start=\"2780\" data-end=\"2783\" \/>Mat\u00e9riau l\u00e9ger non tiss\u00e9<br data-start=\"2813\" data-end=\"2816\" \/>Longues poign\u00e9es pour un transport confortable<br data-start=\"2853\" data-end=\"2856\" \/>Impression de logos personnalis\u00e9s disponible<br data-start=\"2886\" data-end=\"2889\" \/>R\u00e9utilisable pour les achats et l'usage quotidien<br data-start=\"2924\" data-end=\"2927\" \/>Convient pour les \u00e9v\u00e9nements, la vente au d\u00e9tail et les promotions<br data-start=\"2970\" data-end=\"2973\" \/>Facile \u00e0 stocker et \u00e0 distribuer<br data-start=\"3001\" data-end=\"3004\" \/>Bonne visibilit\u00e9 du message de la marque<\/p>\n<p data-start=\"3041\" data-end=\"3391\"><strong data-start=\"3041\" data-end=\"3059\">Sp\u00e9cifications<\/strong><br data-start=\"3059\" data-end=\"3062\" \/>Type de produit : Sac fourre-tout non tiss\u00e9<br data-start=\"3094\" data-end=\"3097\" \/>Mat\u00e9riau : Tissu non tiss\u00e9<br data-start=\"3123\" data-end=\"3126\" \/>Style : Sac fourre-tout avec poche lat\u00e9rale<br data-start=\"3158\" data-end=\"3161\" \/>Type de poign\u00e9e : Longues poign\u00e9es d'\u00e9paule<br data-start=\"3195\" data-end=\"3198\" \/>Fermeture : Dessus ouvert<br data-start=\"3215\" data-end=\"3218\" \/>Couleur : couleurs personnalis\u00e9es disponibles<br data-start=\"3248\" data-end=\"3251\" \/>M\u00e9thode d'impression : S\u00e9rigraphie \/ transfert thermique en fonction de l'\u0153uvre d'art<br data-start=\"3314\" data-end=\"3317\" \/>Position d'impression : Avant<br data-start=\"3340\" data-end=\"3343\" \/>Origine : Chine Chine<br data-start=\"3356\" data-end=\"3359\" \/>Temps de production : 15 jours ouvrables<\/p>\n<p data-start=\"3393\" data-end=\"3682\"><strong data-start=\"3393\" data-end=\"3420\">Pourquoi choisir ce produit ?<\/strong><br data-start=\"3420\" data-end=\"3423\" \/>Ce sac fourre-tout est utile, r\u00e9utilisable et facile \u00e0 marquer, ce qui en fait un excellent produit promotionnel pour les entreprises qui souhaitent une visibilit\u00e9 \u00e0 long terme de leur logo. La poche lat\u00e9rale ajout\u00e9e lui conf\u00e8re \u00e9galement plus de fonctions qu'un fourre-tout standard, ce qui le rend plus attrayant pour un usage quotidien.<\/p>\n<p data-start=\"3684\" data-end=\"3893\"><strong data-start=\"3684\" data-end=\"3697\">Id\u00e9al pour<\/strong><br data-start=\"3697\" data-end=\"3700\" \/>Promotions des achats<br data-start=\"3719\" data-end=\"3722\" \/>Cadeaux pour les salons professionnels<br data-start=\"3742\" data-end=\"3745\" \/>Sacs de conf\u00e9rence<br data-start=\"3760\" data-end=\"3763\" \/>Emballage de vente au d\u00e9tail<br data-start=\"3779\" data-end=\"3782\" \/>Promotions en librairie<br data-start=\"3802\" data-end=\"3805\" \/>\u00c9v\u00e9nements scolaires<br data-start=\"3818\" data-end=\"3821\" \/>Campagnes communautaires<br data-start=\"3840\" data-end=\"3843\" \/>Promotions dans les supermarch\u00e9s<br data-start=\"3865\" data-end=\"3868\" \/>Ev\u00e9nements li\u00e9s \u00e0 l'image de marque de l'entreprise<\/p>\n<p data-start=\"3895\" data-end=\"3904\"><strong data-start=\"3895\" data-end=\"3902\">FAQ<\/strong><\/p>\n<p data-start=\"3906\" data-end=\"4038\"><strong data-start=\"3906\" data-end=\"3949\">Ce sac peut-il \u00eatre personnalis\u00e9 avec un logo ?<\/strong><br data-start=\"3949\" data-end=\"3952\" \/>Oui, le panneau avant peut \u00eatre personnalis\u00e9 avec votre logo, votre slogan ou votre message promotionnel.<\/p>\n<p data-start=\"4040\" data-end=\"4161\"><strong data-start=\"4040\" data-end=\"4077\">\u00c0 quoi sert la poche lat\u00e9rale ?<\/strong><br data-start=\"4077\" data-end=\"4080\" \/>Il convient pour les brochures, les d\u00e9pliants, les carnets, les magazines ou les petits accessoires.<\/p>\n<p data-start=\"4163\" data-end=\"4268\"><strong data-start=\"4163\" data-end=\"4188\">Ce sac est-il r\u00e9utilisable ?<\/strong><br data-start=\"4188\" data-end=\"4191\" \/>Oui, il est con\u00e7u pour une utilisation r\u00e9p\u00e9t\u00e9e lors de courses, d'\u00e9v\u00e9nements et de d\u00e9placements quotidiens.<\/p>\n<p data-start=\"4270\" data-end=\"4443\"><strong data-start=\"4270\" data-end=\"4316\">Quel type d'entreprise utilise ce fourre-tout ?<\/strong><br data-start=\"4316\" data-end=\"4319\" \/>Les magasins de d\u00e9tail, les \u00e9coles, les organisateurs de salons professionnels, les \u00e9diteurs, les supermarch\u00e9s et les \u00e9quipes de marketing des entreprises utilisent souvent ce style.<\/p>\n<p data-start=\"4445\" data-end=\"4577\"><strong data-start=\"4445\" data-end=\"4484\">Convient-il pour les cadeaux \u00e9v\u00e9nementiels ?<\/strong><br data-start=\"4484\" data-end=\"4487\" \/>Oui, il est l\u00e9ger, facile \u00e0 distribuer et utile pour transporter du mat\u00e9riel promotionnel.<\/p>","protected":false},"excerpt":{"rendered":"<p>Ces sacs fourre-tout non tiss\u00e9s personnalis\u00e9s sont con\u00e7us pour une utilisation quotidienne pratique et pour la promotion de la marque. Dot\u00e9s d'un compartiment principal spacieux, d'une poche lat\u00e9rale et de longues poign\u00e9es confortables, ils sont id\u00e9aux pour le shopping, les salons professionnels, les conf\u00e9rences, les emballages de vente au d\u00e9tail et les cadeaux publicitaires. L\u00e9gers, r\u00e9utilisables et faciles \u00e0 transporter, ils constituent un sac de marque utile que les clients pourront continuer \u00e0 utiliser.<\/p>","protected":false},"featured_media":47167,"template":"","meta":{"_gspb_post_css":""},"product_brand":[],"product_cat":[26],"product_tag":[],"class_list":{"0":"post-47166","1":"product","2":"type-product","3":"status-publish","4":"has-post-thumbnail","6":"product_cat-bags","8":"first","9":"instock","10":"shipping-taxable","11":"product-type-simple"},"_links":{"self":[{"href":"https:\/\/globalgiftsupplier.com\/fr\/wp-json\/wp\/v2\/product\/47166","targetHints":{"allow":["GET"]}}],"collection":[{"href":"https:\/\/globalgiftsupplier.com\/fr\/wp-json\/wp\/v2\/product"}],"about":[{"href":"https:\/\/globalgiftsupplier.com\/fr\/wp-json\/wp\/v2\/types\/product"}],"wp:featuredmedia":[{"embeddable":true,"href":"https:\/\/globalgiftsupplier.com\/fr\/wp-json\/wp\/v2\/media\/47167"}],"wp:attachment":[{"href":"https:\/\/globalgiftsupplier.com\/fr\/wp-json\/wp\/v2\/media?parent=47166"}],"wp:term":[{"taxonomy":"product_brand","embeddable":true,"href":"https:\/\/globalgiftsupplier.com\/fr\/wp-json\/wp\/v2\/product_brand?post=47166"},{"taxonomy":"product_cat","embeddable":true,"href":"https:\/\/globalgiftsupplier.com\/fr\/wp-json\/wp\/v2\/product_cat?post=47166"},{"taxonomy":"product_tag","embeddable":true,"href":"https:\/\/globalgiftsupplier.com\/fr\/wp-json\/wp\/v2\/product_tag?post=47166"}],"curies":[{"name":"wp","href":"https:\/\/api.w.org\/{rel}","templated":true}]}}