{"id":47160,"date":"2026-03-30T04:22:12","date_gmt":"2026-03-30T04:22:12","guid":{"rendered":"https:\/\/globalgiftsupplier.com\/?post_type=product&#038;p=47160"},"modified":"2026-03-30T04:22:12","modified_gmt":"2026-03-30T04:22:12","slug":"custom-cotton-drawstring-bags-for-gift-packaging-and-promotional-use","status":"publish","type":"product","link":"https:\/\/globalgiftsupplier.com\/fr\/product\/custom-cotton-drawstring-bags-for-gift-packaging-and-promotional-use\/","title":{"rendered":"Sacs \u00e0 cordon en coton personnalis\u00e9s pour l'emballage de cadeaux et l'utilisation promotionnelle"},"content":{"rendered":"<p data-start=\"1426\" data-end=\"1750\">Ces sacs \u00e0 cordon en coton personnalis\u00e9s constituent une solution d'emballage pratique et r\u00e9utilisable pour le stockage quotidien, les cadeaux et les promotions. Fabriqu\u00e9s en coton doux, ils prot\u00e8gent les articles tout en offrant un aspect simple et naturel qui convient parfaitement \u00e0 la vente au d\u00e9tail, aux \u00e9v\u00e9nements, aux voyages et aux promotions de marque.<\/p>\n<p data-start=\"1752\" data-end=\"2128\">Le cordon de serrage facilite l'ouverture et la fermeture du sac, tout en s\u00e9curisant son contenu. Il convient aux bijoux, aux cosm\u00e9tiques, aux petits accessoires, aux cadeaux, aux n\u00e9cessit\u00e9s quotidiennes, aux articles de voyage et \u00e0 d'autres produits l\u00e9gers. Qu'il soit utilis\u00e9 pour l'emballage d'un produit ou la pr\u00e9sentation d'un cadeau, ce sac offre un moyen propre et pratique d'organiser et de transporter des articles.<\/p>\n<p data-start=\"2130\" data-end=\"2457\">Sa fabrication en coton doux lui conf\u00e8re un toucher naturel et une fonction r\u00e9utilisable, ce qui en fait un bon choix pour les marques qui souhaitent un emballage pratique et plus respectueux de l'environnement. La face avant du sac peut \u00eatre personnalis\u00e9e avec votre logo ou votre slogan, ce qui permet d'accro\u00eetre la visibilit\u00e9 de la marque sur un produit que les clients peuvent continuer \u00e0 utiliser.<\/p>\n<p data-start=\"2459\" data-end=\"2731\">Ce sac \u00e0 cordon en coton convient parfaitement aux supermarch\u00e9s, aux boutiques de cadeaux, aux promotions de voyage, \u00e0 l'emballage de bijoux, \u00e0 la pr\u00e9sentation de produits, aux cadeaux publicitaires lors d'\u00e9v\u00e9nements et au rangement quotidien \u00e0 la maison. Il s'agit d'un article d'emballage promotionnel polyvalent qui allie fonction, simplicit\u00e9 et valeur de marque.<\/p>\n<p data-start=\"2733\" data-end=\"3100\"><strong data-start=\"2733\" data-end=\"2749\">Caract\u00e9ristiques principales<\/strong><br data-start=\"2749\" data-end=\"2752\" \/>Mat\u00e9riau en coton doux<br data-start=\"2772\" data-end=\"2775\" \/>Sac \u00e0 cordon r\u00e9utilisable<br data-start=\"2805\" data-end=\"2808\" \/>Fermeture pratique pour une ouverture et un stockage faciles<br data-start=\"2855\" data-end=\"2858\" \/>Impression de logos personnalis\u00e9s disponible<br data-start=\"2888\" data-end=\"2891\" \/>Convient pour les cadeaux, les voyages, les bijoux et le rangement quotidien<br data-start=\"2945\" data-end=\"2948\" \/>L\u00e9ger et facile \u00e0 transporter<br data-start=\"2977\" data-end=\"2980\" \/>Aspect naturel et simple<br data-start=\"3009\" data-end=\"3012\" \/>Id\u00e9al pour les emballages promotionnels et les cadeaux publicitaires<br data-start=\"3059\" data-end=\"3062\" \/>Permet d'organiser et de prot\u00e9ger les petits objets<\/p>\n<p data-start=\"3102\" data-end=\"3375\"><strong data-start=\"3102\" data-end=\"3120\">Sp\u00e9cifications<\/strong><br data-start=\"3120\" data-end=\"3123\" \/>Type de produit : Sac \u00e0 cordon en coton<br data-start=\"3158\" data-end=\"3161\" \/>Mati\u00e8re : Coton<br data-start=\"3177\" data-end=\"3180\" \/>Taille : 9.7\u2033 x 7\u2033<br data-start=\"3195\" data-end=\"3198\" \/>Couleur : coton naturel \/ couleurs personnalis\u00e9es disponibles<br data-start=\"3245\" data-end=\"3248\" \/>M\u00e9thode d'impression : S\u00e9rigraphie<br data-start=\"3274\" data-end=\"3277\" \/>Taille de l'impression : 5\u2033 x 5\u2033<br data-start=\"3298\" data-end=\"3301\" \/>Position d'impression : Avant<br data-start=\"3324\" data-end=\"3327\" \/>Origine : Chine Chine<br data-start=\"3340\" data-end=\"3343\" \/>Temps de production : 15 jours ouvrables<\/p>\n<p data-start=\"3377\" data-end=\"3666\"><strong data-start=\"3377\" data-end=\"3404\">Pourquoi choisir ce produit ?<\/strong><br data-start=\"3404\" data-end=\"3407\" \/>Ce sac est utile, r\u00e9utilisable et facile \u00e0 personnaliser, ce qui en fait une excellente option d'emballage promotionnel pour les marques qui recherchent \u00e0 la fois une valeur pratique et une visibilit\u00e9 quotidienne. Il peut servir de pochette cadeau, de sac de rangement et de sac d'emballage pour la vente au d\u00e9tail en un seul produit simple.<\/p>\n<p data-start=\"3668\" data-end=\"3871\"><strong data-start=\"3668\" data-end=\"3681\">Id\u00e9al pour<\/strong><br data-start=\"3681\" data-end=\"3684\" \/>Emballage cadeau<br data-start=\"3698\" data-end=\"3701\" \/>Sacs \u00e0 bijoux<br data-start=\"3713\" data-end=\"3716\" \/>Emballage des produits de d\u00e9tail<br data-start=\"3740\" data-end=\"3743\" \/>Stockage de voyage<br data-start=\"3757\" data-end=\"3760\" \/>Promotions dans les supermarch\u00e9s<br data-start=\"3782\" data-end=\"3785\" \/>Cadeaux pour les salons professionnels<br data-start=\"3805\" data-end=\"3808\" \/>Emballage cosm\u00e9tique<br data-start=\"3826\" data-end=\"3829\" \/>Organisation de la maison<br data-start=\"3846\" data-end=\"3849\" \/>\u00c9v\u00e9nements de promotion de la marque<\/p>\n<p data-start=\"3873\" data-end=\"3880\"><strong data-start=\"3873\" data-end=\"3880\">FAQ<\/strong><\/p>\n<p data-start=\"3882\" data-end=\"3997\"><strong data-start=\"3882\" data-end=\"3925\">Ce sac peut-il \u00eatre personnalis\u00e9 avec un logo ?<\/strong><br data-start=\"3925\" data-end=\"3928\" \/>Oui, le devant du sac peut \u00eatre personnalis\u00e9 avec votre logo ou votre slogan.<\/p>\n<p data-start=\"3999\" data-end=\"4059\"><strong data-start=\"3999\" data-end=\"4033\">Quel est le mat\u00e9riau utilis\u00e9 ?<\/strong><br data-start=\"4033\" data-end=\"4036\" \/>Il est fabriqu\u00e9 en coton.<\/p>\n<p data-start=\"4061\" data-end=\"4119\"><strong data-start=\"4061\" data-end=\"4087\">Quelle est la taille de ce sac ?<\/strong><br data-start=\"4087\" data-end=\"4090\" \/>La taille indiqu\u00e9e est de 9,7\u2033 x 7\u2033.<\/p>\n<p data-start=\"4121\" data-end=\"4275\"><strong data-start=\"4121\" data-end=\"4156\">Quel type d'objets peut-il contenir ?<\/strong><br data-start=\"4156\" data-end=\"4159\" \/>Il convient pour les bijoux, les cadeaux, les articles de voyage, les petits accessoires, les cosm\u00e9tiques et d'autres produits quotidiens l\u00e9gers.<\/p>\n<p data-start=\"4277\" data-end=\"4380\"><strong data-start=\"4277\" data-end=\"4296\">Est-il r\u00e9utilisable ?<\/strong><br data-start=\"4296\" data-end=\"4299\" \/>Oui, le mat\u00e9riau en coton et le cordon de serrage permettent une utilisation r\u00e9p\u00e9t\u00e9e.<\/p>\n<p data-start=\"4382\" data-end=\"4456\"><strong data-start=\"4382\" data-end=\"4420\">Quelle est la m\u00e9thode d'impression disponible ?<\/strong><br data-start=\"4420\" data-end=\"4423\" \/>La s\u00e9rigraphie est disponible.<\/p>","protected":false},"excerpt":{"rendered":"<p>Ces sacs \u00e0 cordon en coton personnalis\u00e9s sont fabriqu\u00e9s en coton doux et con\u00e7us pour un stockage et un emballage pratiques au quotidien. Id\u00e9aux pour les cadeaux, les articles de voyage, les bijoux, les emballages de vente au d\u00e9tail et l'utilisation promotionnelle, ils sont dot\u00e9s d'une fermeture \u00e0 cordon pratique et d'une grande surface d'impression pour votre logo. L\u00e9gers, r\u00e9utilisables et faciles \u00e0 transporter, ils constituent une solution d'emballage simple pour de nombreux secteurs d'activit\u00e9.<\/p>","protected":false},"featured_media":47161,"template":"","meta":{"_gspb_post_css":""},"product_brand":[],"product_cat":[26],"product_tag":[],"class_list":{"0":"post-47160","1":"product","2":"type-product","3":"status-publish","4":"has-post-thumbnail","6":"product_cat-bags","8":"first","9":"instock","10":"shipping-taxable","11":"product-type-simple"},"_links":{"self":[{"href":"https:\/\/globalgiftsupplier.com\/fr\/wp-json\/wp\/v2\/product\/47160","targetHints":{"allow":["GET"]}}],"collection":[{"href":"https:\/\/globalgiftsupplier.com\/fr\/wp-json\/wp\/v2\/product"}],"about":[{"href":"https:\/\/globalgiftsupplier.com\/fr\/wp-json\/wp\/v2\/types\/product"}],"wp:featuredmedia":[{"embeddable":true,"href":"https:\/\/globalgiftsupplier.com\/fr\/wp-json\/wp\/v2\/media\/47161"}],"wp:attachment":[{"href":"https:\/\/globalgiftsupplier.com\/fr\/wp-json\/wp\/v2\/media?parent=47160"}],"wp:term":[{"taxonomy":"product_brand","embeddable":true,"href":"https:\/\/globalgiftsupplier.com\/fr\/wp-json\/wp\/v2\/product_brand?post=47160"},{"taxonomy":"product_cat","embeddable":true,"href":"https:\/\/globalgiftsupplier.com\/fr\/wp-json\/wp\/v2\/product_cat?post=47160"},{"taxonomy":"product_tag","embeddable":true,"href":"https:\/\/globalgiftsupplier.com\/fr\/wp-json\/wp\/v2\/product_tag?post=47160"}],"curies":[{"name":"wp","href":"https:\/\/api.w.org\/{rel}","templated":true}]}}