{"id":47137,"date":"2026-03-30T03:27:26","date_gmt":"2026-03-30T03:27:26","guid":{"rendered":"https:\/\/globalgiftsupplier.com\/?post_type=product&#038;p=47137"},"modified":"2026-03-30T03:27:26","modified_gmt":"2026-03-30T03:27:26","slug":"custom-ergonomic-mouse-pad-with-wrist-rest","status":"publish","type":"product","link":"https:\/\/globalgiftsupplier.com\/fr\/product\/custom-ergonomic-mouse-pad-with-wrist-rest\/","title":{"rendered":"Tapis de souris ergonomique personnalis\u00e9 avec repose-poignets"},"content":{"rendered":"<p data-start=\"1482\" data-end=\"1866\">Ce tapis de souris ergonomique personnalis\u00e9 avec repose-poignet est un accessoire de bureau fonctionnel et promotionnel qui allie utilit\u00e9 quotidienne et forte visibilit\u00e9 de la marque. Con\u00e7u pour le bureau, la maison et les postes de travail informatiques, il offre une surface confortable pour le mouvement de la souris tout en offrant un support de poignet int\u00e9gr\u00e9 pour plus de confort pendant les longues p\u00e9riodes de travail.<\/p>\n<p data-start=\"1868\" data-end=\"2232\">La caract\u00e9ristique principale de ce tapis de souris est son repose-poignet ergonomique, qui permet de soutenir le poignet lors de l'utilisation de la souris. Il convient donc particuli\u00e8rement aux employ\u00e9s de bureau, aux \u00e9tudiants, aux travailleurs \u00e0 distance et \u00e0 tous ceux qui passent beaucoup de temps assis \u00e0 un bureau. Sa forme compacte mais efficace s'adapte facilement \u00e0 la plupart des bureaux et des postes de travail sans prendre trop de place.<\/p>\n<p data-start=\"2234\" data-end=\"2655\">Une grande surface imprimable permet d'afficher clairement le logo, le slogan ou le dessin personnalis\u00e9 de votre entreprise, ce qui fait de ce produit une excellente option pour une utilisation promotionnelle. Parce qu'il est utilis\u00e9 de mani\u00e8re r\u00e9p\u00e9t\u00e9e sur un bureau tous les jours, il offre une exposition \u00e0 long terme de la marque et une valeur pratique en m\u00eame temps. Il convient aux cadeaux d'entreprise, aux cadeaux de conf\u00e9rence, aux kits d'accueil des employ\u00e9s, aux promotions scolaires et aux programmes de fournitures de bureau de marque.<\/p>\n<p data-start=\"2657\" data-end=\"2924\">Disponible en plusieurs couleurs vives et classiques, ce tapis de souris peut s'adapter \u00e0 diff\u00e9rents styles de marque et th\u00e8mes promotionnels. Sa forme simple, sa fonction pratique et sa zone d'impression visible en font un article fiable pour les entreprises \u00e0 la recherche d'un produit de bureau personnalis\u00e9 utile.<\/p>\n<p data-start=\"2926\" data-end=\"3242\"><strong data-start=\"2926\" data-end=\"2942\">Caract\u00e9ristiques principales<\/strong><br data-start=\"2942\" data-end=\"2945\" \/>Tapis de souris ergonomique avec repose-poignets<br data-start=\"2980\" data-end=\"2983\" \/>Support confortable pour l'utilisation quotidienne de l'ordinateur<br data-start=\"3032\" data-end=\"3035\" \/>Grande surface d'impression du logo<br data-start=\"3058\" data-end=\"3061\" \/>Convient pour le bureau, l'\u00e9cole et la maison<br data-start=\"3102\" data-end=\"3105\" \/>Disponible en plusieurs couleurs<br data-start=\"3133\" data-end=\"3136\" \/>Accessoire de bureau promotionnel utile<br data-start=\"3171\" data-end=\"3174\" \/>Id\u00e9al pour le marquage et les cadeaux publicitaires<br data-start=\"3206\" data-end=\"3209\" \/>Conception compacte pour un placement sur un bureau<\/p>\n<p data-start=\"3244\" data-end=\"3442\"><strong data-start=\"3244\" data-end=\"3262\">Sp\u00e9cifications<\/strong><br data-start=\"3262\" data-end=\"3265\" \/>Type de produit : Tapis de souris avec repose-poignets<br data-start=\"3304\" data-end=\"3307\" \/>Personnalisation : Impression de logos possible<br data-start=\"3345\" data-end=\"3348\" \/>Couleurs : Plusieurs couleurs disponibles<br data-start=\"3381\" data-end=\"3384\" \/>Utilisation : Bureau, bureau, ordinateur, maison, \u00e9cole, usage promotionnel<\/p>\n<p data-start=\"3444\" data-end=\"3728\"><strong data-start=\"3444\" data-end=\"3471\">Pourquoi choisir ce produit ?<\/strong><br data-start=\"3471\" data-end=\"3474\" \/>Ce tapis de souris est un article promotionnel solide parce qu'il est pratique, visible et utilis\u00e9 fr\u00e9quemment dans les environnements de travail quotidiens. Le design du support de poignet ajoute au confort, tandis que la grande surface d'impression personnalis\u00e9e permet de garder votre marque en vue sur les bureaux et les postes de travail.<\/p>\n<p data-start=\"3730\" data-end=\"3923\"><strong data-start=\"3730\" data-end=\"3743\">Id\u00e9al pour<\/strong><br data-start=\"3743\" data-end=\"3746\" \/>Cadeaux pour le bureau<br data-start=\"3762\" data-end=\"3765\" \/>Cadeaux d'entreprise<br data-start=\"3780\" data-end=\"3783\" \/>Kits de bienvenue pour les employ\u00e9s<br data-start=\"3804\" data-end=\"3807\" \/>Salons professionnels<br data-start=\"3818\" data-end=\"3821\" \/>Promotions scolaires<br data-start=\"3838\" data-end=\"3841\" \/>Collections d'accessoires de bureau<br data-start=\"3867\" data-end=\"3870\" \/>Programmes d'accessoires informatiques<br data-start=\"3897\" data-end=\"3900\" \/>Fournitures de bureau de marque<\/p>\n<p data-start=\"3925\" data-end=\"3932\"><strong data-start=\"3925\" data-end=\"3932\">FAQ<\/strong><\/p>\n<p data-start=\"3934\" data-end=\"4053\"><strong data-start=\"3934\" data-end=\"3983\">Ce tapis de souris peut-il \u00eatre personnalis\u00e9 avec un logo ?<\/strong><br data-start=\"3983\" data-end=\"3986\" \/>Oui, la surface principale offre une zone claire pour l'impression de logos personnalis\u00e9s.<\/p>\n<p data-start=\"4055\" data-end=\"4163\"><strong data-start=\"4055\" data-end=\"4089\">Comprend-il un support pour le poignet ?<\/strong><br data-start=\"4089\" data-end=\"4092\" \/>Oui, il est dot\u00e9 d'un repose-poignet int\u00e9gr\u00e9 pour un plus grand confort d'utilisation.<\/p>\n<p data-start=\"4165\" data-end=\"4285\"><strong data-start=\"4165\" data-end=\"4199\">Convient-il pour une utilisation au bureau ?<\/strong><br data-start=\"4199\" data-end=\"4202\" \/>Oui, il est con\u00e7u pour les bureaux, les postes de travail \u00e0 domicile et l'utilisation quotidienne d'un ordinateur.<\/p>\n<p data-start=\"4287\" data-end=\"4396\"><strong data-start=\"4287\" data-end=\"4326\">S'agit-il d'un bon produit promotionnel ?<\/strong><br data-start=\"4326\" data-end=\"4329\" \/>Oui, il s'agit d'un article de bureau de marque utile qui b\u00e9n\u00e9ficie d'une forte visibilit\u00e9 quotidienne.<\/p>\n<p data-start=\"4398\" data-end=\"4487\"><strong data-start=\"4398\" data-end=\"4432\">Plusieurs couleurs sont-elles disponibles ?<\/strong><br data-start=\"4432\" data-end=\"4435\" \/>Oui, le produit est pr\u00e9sent\u00e9 en plusieurs couleurs.<\/p>","protected":false},"excerpt":{"rendered":"<p data-start=\"940\" data-end=\"1376\">Ce tapis de souris ergonomique personnalis\u00e9 avec repose-poignet est un accessoire de bureau pratique con\u00e7u pour une utilisation quotidienne de l'ordinateur. Son repose-poignet permet d'am\u00e9liorer le confort pendant les longues heures pass\u00e9es au bureau, tandis que la grande surface d'impression frontale en fait un outil id\u00e9al pour le marquage de votre logo. Disponible en plusieurs couleurs, ce tapis de souris est un choix utile pour les bureaux, les cadeaux d'employ\u00e9s, les salons professionnels, les \u00e9coles et les campagnes promotionnelles.<\/p>","protected":false},"featured_media":47138,"template":"","meta":{"_gspb_post_css":""},"product_brand":[],"product_cat":[31],"product_tag":[],"class_list":{"0":"post-47137","1":"product","2":"type-product","3":"status-publish","4":"has-post-thumbnail","6":"product_cat-office","8":"first","9":"instock","10":"shipping-taxable","11":"product-type-simple"},"_links":{"self":[{"href":"https:\/\/globalgiftsupplier.com\/fr\/wp-json\/wp\/v2\/product\/47137","targetHints":{"allow":["GET"]}}],"collection":[{"href":"https:\/\/globalgiftsupplier.com\/fr\/wp-json\/wp\/v2\/product"}],"about":[{"href":"https:\/\/globalgiftsupplier.com\/fr\/wp-json\/wp\/v2\/types\/product"}],"wp:featuredmedia":[{"embeddable":true,"href":"https:\/\/globalgiftsupplier.com\/fr\/wp-json\/wp\/v2\/media\/47138"}],"wp:attachment":[{"href":"https:\/\/globalgiftsupplier.com\/fr\/wp-json\/wp\/v2\/media?parent=47137"}],"wp:term":[{"taxonomy":"product_brand","embeddable":true,"href":"https:\/\/globalgiftsupplier.com\/fr\/wp-json\/wp\/v2\/product_brand?post=47137"},{"taxonomy":"product_cat","embeddable":true,"href":"https:\/\/globalgiftsupplier.com\/fr\/wp-json\/wp\/v2\/product_cat?post=47137"},{"taxonomy":"product_tag","embeddable":true,"href":"https:\/\/globalgiftsupplier.com\/fr\/wp-json\/wp\/v2\/product_tag?post=47137"}],"curies":[{"name":"wp","href":"https:\/\/api.w.org\/{rel}","templated":true}]}}