{"id":47112,"date":"2026-03-30T03:10:04","date_gmt":"2026-03-30T03:10:04","guid":{"rendered":"https:\/\/globalgiftsupplier.com\/?post_type=product&#038;p=47112"},"modified":"2026-03-30T03:10:05","modified_gmt":"2026-03-30T03:10:05","slug":"3-in-1-keychain-usb-charging-data-cable-with-led-logo","status":"publish","type":"product","link":"https:\/\/globalgiftsupplier.com\/fr\/product\/3-in-1-keychain-usb-charging-data-cable-with-led-logo\/","title":{"rendered":"C\u00e2ble de chargement USB 3-en-1 avec logo LED"},"content":{"rendered":"<p data-start=\"1600\" data-end=\"1967\">Ce c\u00e2ble de recharge USB 3-en-1 avec logo LED est un accessoire technologique promotionnel compact et pratique, con\u00e7u pour un usage quotidien. Avec son style porte-cl\u00e9s portable et son design multi-connecteur int\u00e9gr\u00e9, il offre une solution de charge simple pour les utilisateurs qui transportent diff\u00e9rents appareils et veulent un c\u00e2ble facile \u00e0 garder \u00e0 port\u00e9e de main.<\/p>\n<p data-start=\"1969\" data-end=\"2343\">Le c\u00e2ble comprend <strong data-start=\"1988\" data-end=\"2062\">trois connecteurs populaires en une seule unit\u00e9 : Micro USB, Type-C et Lightning<\/strong>. Il convient donc \u00e0 la recharge d'une large gamme de smartphones, de banques d'alimentation et d'autres appareils \u00e9lectroniques compatibles. Sa conception multi-usage permet de ne pas avoir \u00e0 transporter plusieurs cordons de charge distincts, ce qui le rend particuli\u00e8rement utile pour les voyages, les trajets quotidiens, le travail de bureau et les \u00e9v\u00e9nements.<\/p>\n<p data-start=\"2345\" data-end=\"2768\">Fabriqu\u00e9 \u00e0 partir de <strong data-start=\"2355\" data-end=\"2370\">ABS et TPE<\/strong>, Ce c\u00e2ble de charge est con\u00e7u pour la flexibilit\u00e9, la durabilit\u00e9 et l'utilisation quotidienne. La structure \u00e0 quatre fils de cuivre contribue \u00e0 l'efficacit\u00e9 des performances de charge, tandis que le corps compact permet de transporter facilement le c\u00e2ble dans une poche, un sac, une pochette ou de l'attacher \u00e0 des cl\u00e9s. D'une longueur totale d'environ <strong data-start=\"2666\" data-end=\"2680\">6,3 pouces<\/strong>, Il s'agit d'une solution pratique pour la recharge sur de courtes distances lorsque la portabilit\u00e9 est la plus importante.<\/p>\n<p data-start=\"2770\" data-end=\"3173\">L'une des caract\u00e9ristiques les plus remarquables de ce produit est son <strong data-start=\"2822\" data-end=\"2855\">zone de logo \u00e9clair\u00e9e par des LED personnalis\u00e9es<\/strong>, Le logo s'illumine lorsqu'il est connect\u00e9, transformant un accessoire utile au quotidien en un objet promotionnel fort. Lorsqu'elle est connect\u00e9e, la section du logo s'allume, transformant un accessoire utile de tous les jours en un objet promotionnel puissant. Il est donc id\u00e9al pour les cadeaux d'entreprise, les salons professionnels, les cadeaux clients, les kits pour les employ\u00e9s, les promotions technologiques et les programmes de marchandises de marque.<\/p>\n<p data-start=\"3175\" data-end=\"3360\">Les couleurs disponibles indiqu\u00e9es dans les d\u00e9tails du produit sont les suivantes <strong data-start=\"3233\" data-end=\"3280\">orange, bleu, noir, rouge, blanc et jaune<\/strong>, Vous disposez ainsi de multiples options pour vous adapter au style de votre entreprise ou au th\u00e8me de votre campagne.<\/p>\n<p data-start=\"3362\" data-end=\"3760\"><strong data-start=\"3362\" data-end=\"3378\">Caract\u00e9ristiques principales<\/strong><br data-start=\"3378\" data-end=\"3381\" \/>C\u00e2ble de chargement 3 en 1<br data-start=\"3409\" data-end=\"3412\" \/>Comprend des connecteurs Micro USB, Type-C et Lightning<br data-start=\"3464\" data-end=\"3467\" \/>Crochet porte-cl\u00e9s int\u00e9gr\u00e9 pour un transport facile<br data-start=\"3507\" data-end=\"3510\" \/>Zone de marquage du logo \u00e0 \u00e9clairage LED personnalis\u00e9<br data-start=\"3548\" data-end=\"3551\" \/>Conception compacte et portable<br data-start=\"3578\" data-end=\"3581\" \/>Longueur approximative de 6,3 pouces<br data-start=\"3604\" data-end=\"3607\" \/>Fabriqu\u00e9 en ABS et TPE<br data-start=\"3628\" data-end=\"3631\" \/>Structure du fil de cuivre \u00e0 quatre fils<br data-start=\"3662\" data-end=\"3665\" \/>Convient au chargement quotidien du t\u00e9l\u00e9phone et \u00e0 une utilisation promotionnelle<br data-start=\"3718\" data-end=\"3721\" \/>Id\u00e9al pour les voyages, le bureau et les cadeaux publicitaires<\/p>\n<p data-start=\"3762\" data-end=\"4082\"><strong data-start=\"3762\" data-end=\"3789\">Pourquoi choisir ce produit ?<\/strong><br data-start=\"3789\" data-end=\"3792\" \/>Ce c\u00e2ble est petit, utile et tr\u00e8s reconnaissable. Son design de porte-cl\u00e9s le rend facile \u00e0 transporter n'importe o\u00f9, tandis que le logo lumineux renforce l'impact visuel des promotions. Il combine la commodit\u00e9, la portabilit\u00e9 et la personnalisation de la marque dans un produit simple que les gens peuvent utiliser tous les jours.<\/p>\n<p data-start=\"4084\" data-end=\"4333\"><strong data-start=\"4084\" data-end=\"4097\">Id\u00e9al pour<\/strong><br data-start=\"4097\" data-end=\"4100\" \/>Cadeaux pour les salons professionnels<br data-start=\"4120\" data-end=\"4123\" \/>Promotions d'entreprise<br data-start=\"4143\" data-end=\"4146\" \/>Cadeaux de la conf\u00e9rence<br data-start=\"4162\" data-end=\"4165\" \/>Kits de bienvenue pour les employ\u00e9s<br data-start=\"4186\" data-end=\"4189\" \/>Accessoires de voyage<br data-start=\"4207\" data-end=\"4210\" \/>Accessoires de bureau<br data-start=\"4233\" data-end=\"4236\" \/>Collections d'accessoires pour t\u00e9l\u00e9phones<br data-start=\"4263\" data-end=\"4266\" \/>Promotions techniques<br data-start=\"4281\" data-end=\"4284\" \/>Marchandises de marque<br data-start=\"4303\" data-end=\"4306\" \/>Cadeaux de remerciement pour les clients<\/p>\n<p data-start=\"4335\" data-end=\"4342\"><strong data-start=\"4335\" data-end=\"4342\">FAQ<\/strong><\/p>\n<p data-start=\"4344\" data-end=\"4469\"><strong data-start=\"4344\" data-end=\"4389\">Ce c\u00e2ble peut-il \u00eatre personnalis\u00e9 avec un logo ?<\/strong><br data-start=\"4389\" data-end=\"4392\" \/>Oui, il est dot\u00e9 d'une zone d'illumination du logo par LED pour une utilisation promotionnelle de la marque.<\/p>\n<p data-start=\"4471\" data-end=\"4571\"><strong data-start=\"4471\" data-end=\"4504\">Quels sont les connecteurs inclus ?<\/strong><br data-start=\"4504\" data-end=\"4507\" \/>Ce c\u00e2ble comprend des connecteurs Micro USB, Type-C et Lightning.<\/p>\n<p data-start=\"4573\" data-end=\"4638\"><strong data-start=\"4573\" data-end=\"4607\">Quel est le mat\u00e9riau utilis\u00e9 ?<\/strong><br data-start=\"4607\" data-end=\"4610\" \/>Il est fabriqu\u00e9 en ABS et TPE.<\/p>\n<p data-start=\"4640\" data-end=\"4714\"><strong data-start=\"4640\" data-end=\"4666\">Quelle est la longueur du c\u00e2ble ?<\/strong><br data-start=\"4666\" data-end=\"4669\" \/>La longueur du c\u00e2ble est d'environ 6,3 pouces.<\/p>\n<p data-start=\"4716\" data-end=\"4847\"><strong data-start=\"4716\" data-end=\"4740\">Est-il facile \u00e0 transporter ?<\/strong><br data-start=\"4740\" data-end=\"4743\" \/>Oui. Sa taille compacte et son crochet de porte-cl\u00e9s int\u00e9gr\u00e9 permettent de le transporter facilement avec les cl\u00e9s, les sacs ou les articles de voyage.<\/p>\n<p data-start=\"4849\" data-end=\"4994\"><strong data-start=\"4849\" data-end=\"4879\">Quelles sont les couleurs disponibles ?<\/strong><br data-start=\"4879\" data-end=\"4882\" \/>Selon les informations fournies sur le produit, les couleurs disponibles sont l'orange, le bleu, le noir, le rouge, le blanc et le jaune.<\/p>","protected":false},"excerpt":{"rendered":"<p>Ce c\u00e2ble de donn\u00e9es de charge USB porte-cl\u00e9s 3-en-1 avec logo LED combine les connecteurs Micro USB, Type-C et Lightning dans un seul design compact et portable. Fabriqu\u00e9 en ABS et TPE, il est l\u00e9ger, flexible et facile \u00e0 transporter gr\u00e2ce \u00e0 son crochet porte-cl\u00e9s int\u00e9gr\u00e9. Le logo personnalis\u00e9 lumineux en fait un excellent choix pour les cadeaux promotionnels, les \u00e9v\u00e9nements, les voyages, l'utilisation au bureau et les accessoires technologiques de marque.<\/p>","protected":false},"featured_media":47113,"template":"","meta":{"_gspb_post_css":""},"product_brand":[],"product_cat":[27],"product_tag":[],"class_list":{"0":"post-47112","1":"product","2":"type-product","3":"status-publish","4":"has-post-thumbnail","6":"product_cat-technology","8":"first","9":"instock","10":"shipping-taxable","11":"product-type-simple"},"_links":{"self":[{"href":"https:\/\/globalgiftsupplier.com\/fr\/wp-json\/wp\/v2\/product\/47112","targetHints":{"allow":["GET"]}}],"collection":[{"href":"https:\/\/globalgiftsupplier.com\/fr\/wp-json\/wp\/v2\/product"}],"about":[{"href":"https:\/\/globalgiftsupplier.com\/fr\/wp-json\/wp\/v2\/types\/product"}],"wp:featuredmedia":[{"embeddable":true,"href":"https:\/\/globalgiftsupplier.com\/fr\/wp-json\/wp\/v2\/media\/47113"}],"wp:attachment":[{"href":"https:\/\/globalgiftsupplier.com\/fr\/wp-json\/wp\/v2\/media?parent=47112"}],"wp:term":[{"taxonomy":"product_brand","embeddable":true,"href":"https:\/\/globalgiftsupplier.com\/fr\/wp-json\/wp\/v2\/product_brand?post=47112"},{"taxonomy":"product_cat","embeddable":true,"href":"https:\/\/globalgiftsupplier.com\/fr\/wp-json\/wp\/v2\/product_cat?post=47112"},{"taxonomy":"product_tag","embeddable":true,"href":"https:\/\/globalgiftsupplier.com\/fr\/wp-json\/wp\/v2\/product_tag?post=47112"}],"curies":[{"name":"wp","href":"https:\/\/api.w.org\/{rel}","templated":true}]}}