{"id":47106,"date":"2026-03-30T03:07:34","date_gmt":"2026-03-30T03:07:34","guid":{"rendered":"https:\/\/globalgiftsupplier.com\/?post_type=product&#038;p=47106"},"modified":"2026-03-30T03:07:34","modified_gmt":"2026-03-30T03:07:34","slug":"3-in-1-nylon-braided-multiple-usb-phone-charger-cord","status":"publish","type":"product","link":"https:\/\/globalgiftsupplier.com\/fr\/product\/3-in-1-nylon-braided-multiple-usb-phone-charger-cord\/","title":{"rendered":"Cordon de chargeur de t\u00e9l\u00e9phone USB 3-en-1 en nylon tress\u00e9"},"content":{"rendered":"<p data-start=\"1663\" data-end=\"2055\">Ce cordon de chargeur de t\u00e9l\u00e9phone USB 3-en-1 en nylon tress\u00e9 est un accessoire technologique pratique et tr\u00e8s utile, con\u00e7u pour une charge pratique de plusieurs types d'appareils. Au lieu de transporter diff\u00e9rents c\u00e2bles pour diff\u00e9rents t\u00e9l\u00e9phones ou tablettes, ce cordon de charge tout-en-un offre une solution simple pour une utilisation quotidienne \u00e0 la maison, au bureau, dans la voiture ou en voyage.<\/p>\n<p data-start=\"2057\" data-end=\"2438\">Le c\u00e2ble pr\u00e9sente les caract\u00e9ristiques suivantes <strong data-start=\"2076\" data-end=\"2157\">trois types de connecteurs populaires en un seul design : Lightning, Micro USB et Type-C<\/strong>. Il convient donc \u00e0 la recharge d'une large gamme de smartphones, de banques d'alimentation, de tablettes et d'autres appareils \u00e9lectroniques compatibles. C'est une excellente option pour les personnes qui utilisent plusieurs appareils ou qui ont besoin d'un c\u00e2ble polyvalent capable de r\u00e9pondre \u00e0 diff\u00e9rents besoins de charge sans encombrement suppl\u00e9mentaire.<\/p>\n<p data-start=\"2440\" data-end=\"2872\">Fabriqu\u00e9 \u00e0 partir de <strong data-start=\"2450\" data-end=\"2495\">mat\u00e9riau en nylon tress\u00e9 et alliage d'aluminium<\/strong>, Le cordon de charge est con\u00e7u pour \u00eatre plus durable et de meilleure qualit\u00e9 que les c\u00e2bles de charge en plastique standard. L'ext\u00e9rieur tress\u00e9 permet d'am\u00e9liorer la flexibilit\u00e9 et de r\u00e9duire les enchev\u00eatrements, tandis que le connecteur renforc\u00e9 offre une meilleure r\u00e9sistance \u00e0 l'usure quotidienne. Le c\u00e2ble est doux au toucher, solide dans sa structure et pratique \u00e0 transporter dans les sacs, les tiroirs de bureau, les trousses de voyage ou les v\u00e9hicules.<\/p>\n<p data-start=\"2874\" data-end=\"3164\">D'une longueur d'environ <strong data-start=\"2905\" data-end=\"2921\">39.37 pouces<\/strong>, Ce c\u00e2ble offre une port\u00e9e confortable pour la recharge sur les bureaux, les tables de chevet, dans les v\u00e9hicules et dans d'autres environnements quotidiens. Sa conception multi-connecteur compacte permet de gagner de l'espace et aide les utilisateurs \u00e0 rester organis\u00e9s sans avoir \u00e0 transporter plusieurs cordons distincts.<\/p>\n<p data-start=\"3166\" data-end=\"3575\">Ce produit est \u00e9galement un excellent article promotionnel parce qu'il soutient <strong data-start=\"3233\" data-end=\"3257\">logo personnalis\u00e9<\/strong> sur le connecteur central. Il s'agit d'un cadeau id\u00e9al pour les entreprises qui recherchent un produit technologique pratique que les clients et les employ\u00e9s peuvent utiliser tous les jours. Les c\u00e2bles de charge de marque sont particuli\u00e8rement efficaces pour les salons professionnels, les \u00e9v\u00e9nements, les conf\u00e9rences, les cadeaux clients, les kits de bienvenue pour le personnel et les promotions d'accessoires mobiles.<\/p>\n<p data-start=\"3577\" data-end=\"3777\">Les couleurs disponibles indiqu\u00e9es dans les informations sur les produits fournies sont les suivantes <strong data-start=\"3644\" data-end=\"3696\">bleu, noir, rose, rouge, vert, blanc et orange<\/strong>, Les produits de l'entreprise peuvent \u00eatre personnalis\u00e9s, ce qui vous offre de multiples options pour les programmes d'assortiment de marques et de marchandises personnalis\u00e9es.<\/p>\n<p data-start=\"3779\" data-end=\"4206\"><strong data-start=\"3779\" data-end=\"3795\">Caract\u00e9ristiques principales<\/strong><br data-start=\"3795\" data-end=\"3798\" \/>C\u00e2ble de chargement 3 en 1<br data-start=\"3826\" data-end=\"3829\" \/>Comprend des connecteurs Lightning, Micro USB et Type-C<br data-start=\"3881\" data-end=\"3884\" \/>C\u00e2ble tress\u00e9 en nylon pour une plus grande durabilit\u00e9<br data-start=\"3924\" data-end=\"3927\" \/>Pi\u00e8ces de connexion en alliage d'aluminium<br data-start=\"3957\" data-end=\"3960\" \/>Structure flexible et r\u00e9sistante \u00e0 l'emm\u00ealement<br data-start=\"3999\" data-end=\"4002\" \/>Longueur approximative de 39,37 pouces<br data-start=\"4027\" data-end=\"4030\" \/>Convient aux smartphones et autres appareils compatibles<br data-start=\"4083\" data-end=\"4086\" \/>Possibilit\u00e9 d'apposer un logo personnalis\u00e9<br data-start=\"4116\" data-end=\"4119\" \/>Id\u00e9al pour les voyages, le bureau, la voiture et l'usage quotidien<br data-start=\"4163\" data-end=\"4166\" \/>Accessoire \u00e9lectronique promotionnel utile<\/p>\n<p data-start=\"4208\" data-end=\"4574\"><strong data-start=\"4208\" data-end=\"4235\">Pourquoi choisir ce produit ?<\/strong><br data-start=\"4235\" data-end=\"4238\" \/>Ce c\u00e2ble de charge est simple, pratique et facile \u00e0 utiliser. Sa conception multi-connecteurs le rend plus pratique que de transporter des cordons de charge s\u00e9par\u00e9s, tandis que la finition en nylon tress\u00e9 et les pi\u00e8ces en alliage d'aluminium lui conf\u00e8rent un aspect plus durable et de qualit\u00e9 sup\u00e9rieure. Il s'agit d'un article utile au quotidien qui fonctionne \u00e9galement tr\u00e8s bien en tant que cadeau promotionnel de marque.<\/p>\n<p data-start=\"4576\" data-end=\"4817\"><strong data-start=\"4576\" data-end=\"4589\">Id\u00e9al pour<\/strong><br data-start=\"4589\" data-end=\"4592\" \/>Cadeaux d'entreprise<br data-start=\"4611\" data-end=\"4614\" \/>Salons professionnels<br data-start=\"4625\" data-end=\"4628\" \/>Cadeaux de la conf\u00e9rence<br data-start=\"4644\" data-end=\"4647\" \/>Accessoires de bureau<br data-start=\"4670\" data-end=\"4673\" \/>Promotions sur les voyages<br data-start=\"4690\" data-end=\"4693\" \/>Kits de bienvenue pour les employ\u00e9s<br data-start=\"4714\" data-end=\"4717\" \/>Cadeaux de remerciement pour les clients<br data-start=\"4744\" data-end=\"4747\" \/>Collections d'accessoires pour t\u00e9l\u00e9phones<br data-start=\"4774\" data-end=\"4777\" \/>Marchandises techniques<br data-start=\"4793\" data-end=\"4796\" \/>Campagnes promotionnelles<\/p>\n<p data-start=\"4819\" data-end=\"4826\"><strong data-start=\"4819\" data-end=\"4826\">FAQ<\/strong><\/p>\n<p data-start=\"4828\" data-end=\"4964\"><strong data-start=\"4828\" data-end=\"4873\">Ce c\u00e2ble peut-il \u00eatre personnalis\u00e9 avec un logo ?<\/strong><br data-start=\"4873\" data-end=\"4876\" \/>Oui, la partie centrale peut \u00eatre personnalis\u00e9e avec votre logo pour une utilisation promotionnelle ou de marque.<\/p>\n<p data-start=\"4966\" data-end=\"5066\"><strong data-start=\"4966\" data-end=\"4999\">Quels sont les connecteurs inclus ?<\/strong><br data-start=\"4999\" data-end=\"5002\" \/>Ce c\u00e2ble comprend des connecteurs Lightning, Micro USB et Type-C.<\/p>\n<p data-start=\"5068\" data-end=\"5163\"><strong data-start=\"5068\" data-end=\"5102\">Quel est le mat\u00e9riau utilis\u00e9 ?<\/strong><br data-start=\"5102\" data-end=\"5105\" \/>Il est fabriqu\u00e9 en nylon tress\u00e9 et en alliage d'aluminium.<\/p>\n<p data-start=\"5165\" data-end=\"5243\"><strong data-start=\"5165\" data-end=\"5191\">Quelle est la longueur du c\u00e2ble ?<\/strong><br data-start=\"5191\" data-end=\"5194\" \/>La longueur du produit est d'environ 39,37 pouces.<\/p>\n<p data-start=\"5245\" data-end=\"5406\"><strong data-start=\"5245\" data-end=\"5278\">Est-il adapt\u00e9 \u00e0 un usage quotidien ?<\/strong><br data-start=\"5278\" data-end=\"5281\" \/>Oui. Sa conception tress\u00e9e et sa structure renforc\u00e9e le rendent adapt\u00e9 au bureau, aux voyages, \u00e0 la voiture et \u00e0 l'utilisation quotidienne de charge.<\/p>\n<p data-start=\"5408\" data-end=\"5558\"><strong data-start=\"5408\" data-end=\"5438\">Quelles sont les couleurs disponibles ?<\/strong><br data-start=\"5438\" data-end=\"5441\" \/>Selon les informations fournies sur le produit, les couleurs disponibles sont le bleu, le noir, le rose, le rouge, le vert, le blanc et l'orange.<\/p>","protected":false},"excerpt":{"rendered":"<p>Ce cordon de chargeur de t\u00e9l\u00e9phone USB multiple 3-en-1 en nylon tress\u00e9 combine les connecteurs Lightning, Micro USB et Type-C en un seul c\u00e2ble pratique. Fabriqu\u00e9 en nylon tress\u00e9 et en alliage d'aluminium, il offre une solution de charge durable, flexible et pratique pour les smartphones et les appareils compatibles. Le marquage de logo personnalis\u00e9 est disponible, ce qui en fait un excellent choix pour les cadeaux promotionnels, l'utilisation au bureau, les voyages et les besoins de charge quotidiens.<\/p>","protected":false},"featured_media":47107,"template":"","meta":{"_gspb_post_css":""},"product_brand":[],"product_cat":[27],"product_tag":[],"class_list":{"0":"post-47106","1":"product","2":"type-product","3":"status-publish","4":"has-post-thumbnail","6":"product_cat-technology","8":"first","9":"instock","10":"shipping-taxable","11":"product-type-simple"},"_links":{"self":[{"href":"https:\/\/globalgiftsupplier.com\/fr\/wp-json\/wp\/v2\/product\/47106","targetHints":{"allow":["GET"]}}],"collection":[{"href":"https:\/\/globalgiftsupplier.com\/fr\/wp-json\/wp\/v2\/product"}],"about":[{"href":"https:\/\/globalgiftsupplier.com\/fr\/wp-json\/wp\/v2\/types\/product"}],"wp:featuredmedia":[{"embeddable":true,"href":"https:\/\/globalgiftsupplier.com\/fr\/wp-json\/wp\/v2\/media\/47107"}],"wp:attachment":[{"href":"https:\/\/globalgiftsupplier.com\/fr\/wp-json\/wp\/v2\/media?parent=47106"}],"wp:term":[{"taxonomy":"product_brand","embeddable":true,"href":"https:\/\/globalgiftsupplier.com\/fr\/wp-json\/wp\/v2\/product_brand?post=47106"},{"taxonomy":"product_cat","embeddable":true,"href":"https:\/\/globalgiftsupplier.com\/fr\/wp-json\/wp\/v2\/product_cat?post=47106"},{"taxonomy":"product_tag","embeddable":true,"href":"https:\/\/globalgiftsupplier.com\/fr\/wp-json\/wp\/v2\/product_tag?post=47106"}],"curies":[{"name":"wp","href":"https:\/\/api.w.org\/{rel}","templated":true}]}}