{"id":47080,"date":"2026-03-19T08:35:19","date_gmt":"2026-03-19T08:35:19","guid":{"rendered":"https:\/\/globalgiftsupplier.com\/?post_type=product&#038;p=47080"},"modified":"2026-03-19T08:39:19","modified_gmt":"2026-03-19T08:39:19","slug":"3-in-1-braided-keychain-charging-cable-with-led-laser-logo","status":"publish","type":"product","link":"https:\/\/globalgiftsupplier.com\/fr\/product\/3-in-1-braided-keychain-charging-cable-with-led-laser-logo\/","title":{"rendered":"C\u00e2ble de recharge tress\u00e9 3 en 1 avec logo laser LED"},"content":{"rendered":"<p data-start=\"1452\" data-end=\"1835\">Ce c\u00e2ble de recharge tress\u00e9 3 en 1 avec logo laser LED est un accessoire technologique compact et tr\u00e8s pratique con\u00e7u pour la recharge quotidienne et une forte valeur promotionnelle. Il combine plusieurs types de connecteurs en un seul petit c\u00e2ble portable, ce qui en fait une solution intelligente pour les utilisateurs qui ont besoin d'un chargeur fiable pour diff\u00e9rents appareils lorsqu'ils sont en d\u00e9placement.<\/p>\n<p data-start=\"1837\" data-end=\"2230\">Le c\u00e2ble pr\u00e9sente les caract\u00e9ristiques suivantes <strong data-start=\"1856\" data-end=\"1927\">trois connecteurs de charge populaires : Micro USB, Type-C et Lightning<\/strong>, Ce produit peut \u00eatre utilis\u00e9 avec une large gamme de smartphones, de tablettes et d'autres appareils \u00e9lectroniques. Selon les informations fournies sur le produit, il peut charger <strong data-start=\"2083\" data-end=\"2123\">jusqu'\u00e0 trois appareils en m\u00eame temps<\/strong>, Il est donc particuli\u00e8rement utile pour les bureaux, les sacs de voyage, les voitures, les documents \u00e0 distribuer lors de salons professionnels et pour le transport quotidien.<\/p>\n<p data-start=\"2232\" data-end=\"2623\">La caract\u00e9ristique principale de cet article est la <strong data-start=\"2271\" data-end=\"2296\">logo laser LED personnalis\u00e9<\/strong> sur le corps du porte-cl\u00e9s. Lorsque le c\u00e2ble est connect\u00e9, le logo s'illumine, ce qui permet \u00e0 votre marque d'attirer davantage l'attention qu'un c\u00e2ble imprim\u00e9 standard. Cet effet de marquage lumineux conf\u00e8re au produit un aspect plus premium et plus moderne, ce qui en fait un choix judicieux pour les campagnes promotionnelles, les cadeaux clients et les marchandises de marque.<\/p>\n<p data-start=\"2625\" data-end=\"3090\">Le c\u00e2ble est fabriqu\u00e9 \u00e0 partir de <strong data-start=\"2648\" data-end=\"2686\">mat\u00e9riaux TPE et ABS respectueux de l'environnement<\/strong> et comprend un <strong data-start=\"2702\" data-end=\"2726\">conception du c\u00e2ble tress\u00e9<\/strong> pour une durabilit\u00e9 et une flexibilit\u00e9 accrues, ainsi qu'une finition plus propre et de qualit\u00e9 sup\u00e9rieure. La construction \u00e0 quatre fils de cuivre permet d'am\u00e9liorer l'efficacit\u00e9 de la charge, et le courant de sortie total maximum peut atteindre <strong data-start=\"2913\" data-end=\"2919\">2A<\/strong> sur la base des informations fournies. Avec une taille compacte d'environ <strong data-start=\"2980\" data-end=\"2995\">5.91 pouces<\/strong>, Il est facile \u00e0 transporter dans une poche, un sac \u00e0 main, un sac \u00e0 dos, une pochette de voyage ou \u00e0 attacher directement aux cl\u00e9s.<\/p>\n<p data-start=\"3092\" data-end=\"3437\">Le syst\u00e8me int\u00e9gr\u00e9 <strong data-start=\"3105\" data-end=\"3122\">porte-cl\u00e9s<\/strong> ajoute une commodit\u00e9 suppl\u00e9mentaire, permettant aux utilisateurs d'accrocher le c\u00e2ble \u00e0 des porte-cl\u00e9s, des sacs ou des lani\u00e8res afin qu'il soit toujours facile \u00e0 trouver et pr\u00eat \u00e0 l'emploi. Il est donc beaucoup plus pratique que les cadeaux technologiques ordinaires et augmente les chances que les clients le conservent et l'utilisent r\u00e9guli\u00e8rement, offrant ainsi \u00e0 votre marque une visibilit\u00e9 plus durable.<\/p>\n<p data-start=\"3439\" data-end=\"3774\">Ce produit convient pour <strong data-start=\"3468\" data-end=\"3652\">cadeaux d'entreprise, promotions sur les salons professionnels, cadeaux d'affaires, documents \u00e0 distribuer lors d'\u00e9v\u00e9nements, collections d'accessoires techniques, articles de remerciement pour les clients, cadeaux de bureau et promotions li\u00e9es aux voyages.<\/strong>. Il convient particuli\u00e8rement aux entreprises qui souhaitent un produit promotionnel pratique que les gens utilisent dans la vie de tous les jours.<\/p>\n<p data-start=\"3776\" data-end=\"4024\">Le produit est disponible en <strong data-start=\"3804\" data-end=\"3823\">noir et blanc<\/strong> et offre une zone de personnalisation simple sur le bo\u00eetier avant pour votre logo. Sa forme \u00e9pur\u00e9e, sa construction tress\u00e9e et son effet de marquage lumineux en font un choix judicieux pour un marketing promotionnel moderne.<\/p>\n<p data-start=\"4026\" data-end=\"4236\">Si vous souhaitez un accessoire de recharge compact, facile \u00e0 transporter, largement compatible et efficace pour la visibilit\u00e9 de votre marque, ce c\u00e2ble de recharge tress\u00e9 3 en 1 personnalis\u00e9 est une excellente option pour votre site web.<\/p>\n<p data-start=\"4238\" data-end=\"4645\"><strong data-start=\"4238\" data-end=\"4254\">Caract\u00e9ristiques principales<\/strong><br data-start=\"4254\" data-end=\"4257\" \/>C\u00e2ble de chargement 3 en 1<br data-start=\"4285\" data-end=\"4288\" \/>Connecteurs micro USB, Type-C et Lightning<br data-start=\"4331\" data-end=\"4334\" \/>Logo laser LED personnalis\u00e9<br data-start=\"4355\" data-end=\"4358\" \/>Peut charger jusqu'\u00e0 3 appareils en m\u00eame temps<br data-start=\"4401\" data-end=\"4404\" \/>C\u00e2ble tress\u00e9 pour la durabilit\u00e9 et la flexibilit\u00e9<br data-start=\"4448\" data-end=\"4451\" \/>Mat\u00e9riaux TPE et ABS respectueux de l'environnement<br data-start=\"4485\" data-end=\"4488\" \/>Porte-cl\u00e9s compact pour une meilleure portabilit\u00e9<br data-start=\"4527\" data-end=\"4530\" \/>Taille approximative de 5,91 pouces<br data-start=\"4552\" data-end=\"4555\" \/>Courant de sortie total maximal jusqu'\u00e0 2A<br data-start=\"4592\" data-end=\"4595\" \/>Convient pour les voyages, le bureau, les \u00e9v\u00e9nements et l'usage quotidien<\/p>\n<p data-start=\"4647\" data-end=\"4883\"><strong data-start=\"4647\" data-end=\"4674\">Pourquoi choisir ce produit ?<\/strong><br data-start=\"4674\" data-end=\"4677\" \/>Ce c\u00e2ble de charge est compact, pratique et visuellement attrayant. Son logo LED rend la marque plus visible, tandis que sa conception multi-connecteurs le rend utile pour un large \u00e9ventail d'utilisateurs et d'appareils.<\/p>\n<p data-start=\"4885\" data-end=\"5121\"><strong data-start=\"4885\" data-end=\"4898\">Id\u00e9al pour<\/strong><br data-start=\"4898\" data-end=\"4901\" \/>Cadeaux d'entreprise<br data-start=\"4920\" data-end=\"4923\" \/>Salons professionnels<br data-start=\"4934\" data-end=\"4937\" \/>\u00c9v\u00e9nements promotionnels<br data-start=\"4955\" data-end=\"4958\" \/>Coffrets cadeaux technologiques<br data-start=\"4972\" data-end=\"4975\" \/>Documents du bureau<br data-start=\"4990\" data-end=\"4993\" \/>Accessoires de voyage<br data-start=\"5011\" data-end=\"5014\" \/>Cadeaux de remerciement pour les clients<br data-start=\"5038\" data-end=\"5041\" \/>Kits de bienvenue pour les employ\u00e9s<br data-start=\"5062\" data-end=\"5065\" \/>Collections d'accessoires pour t\u00e9l\u00e9phones<br data-start=\"5092\" data-end=\"5095\" \/>Marchandises de marque<\/p>\n<p data-start=\"5123\" data-end=\"5130\"><strong data-start=\"5123\" data-end=\"5130\">FAQ<\/strong><\/p>\n<p data-start=\"5132\" data-end=\"5298\"><strong data-start=\"5132\" data-end=\"5186\">Ce c\u00e2ble de charge peut-il \u00eatre personnalis\u00e9 avec un logo ?<\/strong><br data-start=\"5186\" data-end=\"5189\" \/>Oui, le bo\u00eetier avant peut \u00eatre personnalis\u00e9 avec votre logo, et le logo peut appara\u00eetre avec un effet lumineux LED.<\/p>\n<p data-start=\"5300\" data-end=\"5405\"><strong data-start=\"5300\" data-end=\"5338\">Quels sont les types de connecteurs inclus ?<\/strong><br data-start=\"5338\" data-end=\"5341\" \/>Ce c\u00e2ble comprend des connecteurs Micro USB, Type-C et Lightning.<\/p>\n<p data-start=\"5407\" data-end=\"5543\"><strong data-start=\"5407\" data-end=\"5450\">Peut-il charger plusieurs appareils \u00e0 la fois ?<\/strong><br data-start=\"5450\" data-end=\"5453\" \/>Oui, d'apr\u00e8s les d\u00e9tails du produit, il peut charger jusqu'\u00e0 trois appareils en m\u00eame temps.<\/p>\n<p data-start=\"5545\" data-end=\"5686\"><strong data-start=\"5545\" data-end=\"5577\">Ce c\u00e2ble est-il facile \u00e0 transporter ?<\/strong><br data-start=\"5577\" data-end=\"5580\" \/>Oui, il est compact et dot\u00e9 d'un anneau de porte-cl\u00e9s, ce qui permet de l'attacher facilement aux cl\u00e9s, aux sacs ou au mat\u00e9riel de voyage.<\/p>\n<p data-start=\"5688\" data-end=\"5810\"><strong data-start=\"5688\" data-end=\"5722\">Quel est le mat\u00e9riau utilis\u00e9 ?<\/strong><br data-start=\"5722\" data-end=\"5725\" \/>Il est fabriqu\u00e9 \u00e0 partir de mat\u00e9riaux TPE et ABS respectueux de l'environnement, avec un c\u00e2ble tress\u00e9.<\/p>","protected":false},"excerpt":{"rendered":"<p>Ce c\u00e2ble de charge tress\u00e9 3 en 1 pour porte-cl\u00e9s combine les connecteurs Micro USB, Type-C et Lightning dans un seul design compact. Fabriqu\u00e9 en TPE et ABS respectueux de l'environnement avec un cordon tress\u00e9 durable, il prend en charge la charge rapide, la portabilit\u00e9 facile et le marquage de logo LED personnalis\u00e9 pour une utilisation promotionnelle et au d\u00e9tail.<\/p>","protected":false},"featured_media":47083,"template":"","meta":{"_gspb_post_css":""},"product_brand":[],"product_cat":[27],"product_tag":[],"class_list":{"0":"post-47080","1":"product","2":"type-product","3":"status-publish","4":"has-post-thumbnail","6":"product_cat-technology","8":"first","9":"instock","10":"shipping-taxable","11":"product-type-simple"},"_links":{"self":[{"href":"https:\/\/globalgiftsupplier.com\/fr\/wp-json\/wp\/v2\/product\/47080","targetHints":{"allow":["GET"]}}],"collection":[{"href":"https:\/\/globalgiftsupplier.com\/fr\/wp-json\/wp\/v2\/product"}],"about":[{"href":"https:\/\/globalgiftsupplier.com\/fr\/wp-json\/wp\/v2\/types\/product"}],"wp:featuredmedia":[{"embeddable":true,"href":"https:\/\/globalgiftsupplier.com\/fr\/wp-json\/wp\/v2\/media\/47083"}],"wp:attachment":[{"href":"https:\/\/globalgiftsupplier.com\/fr\/wp-json\/wp\/v2\/media?parent=47080"}],"wp:term":[{"taxonomy":"product_brand","embeddable":true,"href":"https:\/\/globalgiftsupplier.com\/fr\/wp-json\/wp\/v2\/product_brand?post=47080"},{"taxonomy":"product_cat","embeddable":true,"href":"https:\/\/globalgiftsupplier.com\/fr\/wp-json\/wp\/v2\/product_cat?post=47080"},{"taxonomy":"product_tag","embeddable":true,"href":"https:\/\/globalgiftsupplier.com\/fr\/wp-json\/wp\/v2\/product_tag?post=47080"}],"curies":[{"name":"wp","href":"https:\/\/api.w.org\/{rel}","templated":true}]}}