{"id":47068,"date":"2026-03-19T08:32:54","date_gmt":"2026-03-19T08:32:54","guid":{"rendered":"https:\/\/globalgiftsupplier.com\/?post_type=product&#038;p=47068"},"modified":"2026-03-19T08:32:54","modified_gmt":"2026-03-19T08:32:54","slug":"3-in-1-keychain-charging-cable-with-led-laser-logo","status":"publish","type":"product","link":"https:\/\/globalgiftsupplier.com\/fr\/product\/3-in-1-keychain-charging-cable-with-led-laser-logo\/","title":{"rendered":"C\u00e2ble de chargement 3 en 1 avec logo laser LED"},"content":{"rendered":"<p data-start=\"1432\" data-end=\"1790\">Ce c\u00e2ble de recharge 3 en 1 avec logo laser LED est un objet technologique promotionnel compact et utile, con\u00e7u pour une utilisation quotidienne moderne. Il combine plusieurs connecteurs de charge en un seul c\u00e2ble portable, ce qui en fait un choix intelligent pour les clients, les employ\u00e9s, les visiteurs d'\u00e9v\u00e9nements et tous ceux qui ont besoin d'une solution de charge facile en d\u00e9placement.<\/p>\n<p data-start=\"1792\" data-end=\"2177\">Le c\u00e2ble comprend trois types de connecteurs de charge courants : <strong data-start=\"1851\" data-end=\"1887\">Micro USB, Type-C et Lightning<\/strong>, Il permet aux utilisateurs de recharger une large gamme de t\u00e9l\u00e9phones portables et d'appareils \u00e9lectroniques avec un seul accessoire. D'apr\u00e8s les d\u00e9tails du produit, il peut recharger jusqu'\u00e0 <strong data-start=\"2046\" data-end=\"2080\">trois dispositifs en m\u00eame temps<\/strong>, Il est donc encore plus pratique pour l'utilisation quotidienne, les voyages, le travail de bureau ou la recharge d'urgence.<\/p>\n<p data-start=\"2179\" data-end=\"2571\">L'une des caract\u00e9ristiques les plus attrayantes de cet article est la <strong data-start=\"2235\" data-end=\"2260\">logo laser LED personnalis\u00e9<\/strong> sur le corps rond du porte-cl\u00e9s. Lorsqu'il est connect\u00e9 et utilis\u00e9, le logo s'illumine, ce qui donne \u00e0 votre marque un aspect plus accrocheur et de qualit\u00e9. Compar\u00e9 aux c\u00e2bles de recharge imprim\u00e9s standard, l'effet du logo lumineux rend ce produit beaucoup plus m\u00e9morable et aide votre marque \u00e0 se d\u00e9marquer dans les contextes promotionnels.<\/p>\n<p data-start=\"2573\" data-end=\"3029\">Le c\u00e2ble est compos\u00e9 de <strong data-start=\"2596\" data-end=\"2634\">mat\u00e9riaux TPE et ABS respectueux de l'environnement<\/strong> et dispose d'un <strong data-start=\"2650\" data-end=\"2674\">conception du c\u00e2ble tress\u00e9<\/strong> pour une durabilit\u00e9 et une flexibilit\u00e9 accrues, ainsi qu'une finition plus \u00e9l\u00e9gante. La construction du fil de cuivre \u00e0 quatre fils contribue \u00e0 la stabilit\u00e9 des performances de charge, avec un fil de cuivre \u00e0 quatre fils. <strong data-start=\"2829\" data-end=\"2873\">courant de sortie total maximal jusqu'\u00e0 2A<\/strong> sur la base des informations fournies sur le produit. La taille compacte d'environ <strong data-start=\"2943\" data-end=\"2958\">5.91 pouces<\/strong> Le syst\u00e8me d'alimentation de l'appareil permet de le transporter facilement dans une poche, un sac, un sac \u00e0 dos, une voiture ou un kit de voyage.<\/p>\n<p data-start=\"3031\" data-end=\"3370\">Sa fonction int\u00e9gr\u00e9e <strong data-start=\"3044\" data-end=\"3061\">porte-cl\u00e9s<\/strong> rend cet article particuli\u00e8rement pratique. Les utilisateurs peuvent l'accrocher \u00e0 leurs cl\u00e9s, \u00e0 leur sac \u00e0 dos, \u00e0 leur pochette ou \u00e0 leur cordon, ce qui permet de le garder accessible tout au long de la journ\u00e9e. Parce qu'il est \u00e0 la fois utile et portable, il est beaucoup plus susceptible d'\u00eatre conserv\u00e9 et r\u00e9utilis\u00e9 que les cadeaux publicitaires ordinaires, ce qui conf\u00e8re \u00e0 votre marque une plus grande visibilit\u00e9 au fil du temps.<\/p>\n<p data-start=\"3372\" data-end=\"3701\">Ce produit est bien adapt\u00e9 pour <strong data-start=\"3404\" data-end=\"3563\">cadeaux d'entreprise, salons professionnels, promotions technologiques, cadeaux de bureau, articles de remerciement pour les clients, trousses de voyage, documents \u00e0 distribuer lors d'\u00e9v\u00e9nements et accessoires technologiques de marque pour la vente au d\u00e9tail.<\/strong>. C'est un choix judicieux pour les entreprises qui souhaitent un produit promotionnel moderne, fonctionnel et adapt\u00e9 \u00e0 l'utilisation quotidienne d'un appareil.<\/p>\n<p data-start=\"3703\" data-end=\"3987\">Le c\u00e2ble est repr\u00e9sent\u00e9 en version classique <strong data-start=\"3733\" data-end=\"3766\">options de couleurs noir et blanc<\/strong>, Le panneau avant rond offre une zone de personnalisation claire pour votre logo, tandis que l'effet LED ajoute une touche finale plus innovante. La face avant ronde offre une zone de personnalisation claire pour votre logo, tandis que l'effet LED ajoute une touche finale plus innovante.<\/p>\n<p data-start=\"3989\" data-end=\"4177\">Si vous souhaitez un accessoire promotionnel qui allie praticit\u00e9, portabilit\u00e9 et forte visibilit\u00e9 de la marque, ce c\u00e2ble de recharge 3 en 1 personnalis\u00e9 avec porte-cl\u00e9s est une excellente option pour votre site web.<\/p>\n<p data-start=\"4179\" data-end=\"4553\"><strong data-start=\"4179\" data-end=\"4195\">Caract\u00e9ristiques principales<\/strong><br data-start=\"4195\" data-end=\"4198\" \/>C\u00e2ble de chargement 3 en 1<br data-start=\"4226\" data-end=\"4229\" \/>Connecteurs micro USB, Type-C et Lightning<br data-start=\"4272\" data-end=\"4275\" \/>Logo laser LED personnalis\u00e9<br data-start=\"4296\" data-end=\"4299\" \/>Peut charger jusqu'\u00e0 3 appareils en m\u00eame temps<br data-start=\"4342\" data-end=\"4345\" \/>C\u00e2ble tress\u00e9 pour une plus grande durabilit\u00e9<br data-start=\"4379\" data-end=\"4382\" \/>Construction \u00e9cologique en TPE et ABS<br data-start=\"4419\" data-end=\"4422\" \/>Porte-cl\u00e9s compact pour un transport facile<br data-start=\"4463\" data-end=\"4466\" \/>Taille portable d'environ 5,91 pouces<br data-start=\"4497\" data-end=\"4500\" \/>Convient \u00e0 un usage quotidien, aux voyages, au bureau et aux \u00e9v\u00e9nements<\/p>\n<p data-start=\"4555\" data-end=\"4845\"><strong data-start=\"4555\" data-end=\"4582\">Pourquoi choisir ce produit ?<\/strong><br data-start=\"4582\" data-end=\"4585\" \/>Ce produit allie la commodit\u00e9 de la recharge \u00e0 l'effet lumineux du logo personnalis\u00e9, ce qui le rend plus utile et plus m\u00e9morable que les accessoires promotionnels standard. Son style compact de porte-cl\u00e9s le rend \u00e9galement facile \u00e0 transporter et plus susceptible d'\u00eatre utilis\u00e9 r\u00e9guli\u00e8rement.<\/p>\n<p data-start=\"4847\" data-end=\"5088\"><strong data-start=\"4847\" data-end=\"4860\">Id\u00e9al pour<\/strong><br data-start=\"4860\" data-end=\"4863\" \/>Cadeaux d'entreprise<br data-start=\"4882\" data-end=\"4885\" \/>Salons professionnels<br data-start=\"4896\" data-end=\"4899\" \/>Campagnes promotionnelles<br data-start=\"4920\" data-end=\"4923\" \/>Coffrets cadeaux technologiques<br data-start=\"4937\" data-end=\"4940\" \/>Documents du bureau<br data-start=\"4955\" data-end=\"4958\" \/>Accessoires de voyage<br data-start=\"4976\" data-end=\"4979\" \/>Cadeaux de remerciement pour les clients<br data-start=\"5006\" data-end=\"5009\" \/>Kits de bienvenue pour les employ\u00e9s<br data-start=\"5030\" data-end=\"5033\" \/>Collections d'accessoires pour t\u00e9l\u00e9phones<br data-start=\"5060\" data-end=\"5063\" \/>Produits d\u00e9riv\u00e9s de la marque de l'\u00e9v\u00e9nement<\/p>\n<p data-start=\"5090\" data-end=\"5097\"><strong data-start=\"5090\" data-end=\"5097\">FAQ<\/strong><\/p>\n<p data-start=\"5099\" data-end=\"5279\"><strong data-start=\"5099\" data-end=\"5153\">Ce c\u00e2ble de charge peut-il \u00eatre personnalis\u00e9 avec un logo ?<\/strong><br data-start=\"5153\" data-end=\"5156\" \/>Oui, la partie avant ronde peut \u00eatre personnalis\u00e9e avec votre logo, et le logo est dot\u00e9 d'un effet d'\u00e9clairage laser LED lorsqu'il est utilis\u00e9.<\/p>\n<p data-start=\"5281\" data-end=\"5386\"><strong data-start=\"5281\" data-end=\"5319\">Quels sont les types de connecteurs inclus ?<\/strong><br data-start=\"5319\" data-end=\"5322\" \/>Ce c\u00e2ble comprend des connecteurs Micro USB, Type-C et Lightning.<\/p>\n<p data-start=\"5388\" data-end=\"5515\"><strong data-start=\"5388\" data-end=\"5427\">Peut-il charger plus d'un appareil ?<\/strong><br data-start=\"5427\" data-end=\"5430\" \/>Selon les d\u00e9tails du produit, il peut charger jusqu'\u00e0 trois appareils en m\u00eame temps.<\/p>\n<p data-start=\"5517\" data-end=\"5669\"><strong data-start=\"5517\" data-end=\"5551\">Ce produit est-il facile \u00e0 transporter ?<\/strong><br data-start=\"5551\" data-end=\"5554\" \/>Oui, il a une taille mini compacte et un anneau porte-cl\u00e9s, ce qui permet de l'attacher facilement aux cl\u00e9s, aux sacs ou aux accessoires de voyage.<\/p>\n<p data-start=\"5671\" data-end=\"5790\"><strong data-start=\"5671\" data-end=\"5705\">Quel est le mat\u00e9riau utilis\u00e9 ?<\/strong><br data-start=\"5705\" data-end=\"5708\" \/>Il est fabriqu\u00e9 \u00e0 partir de mat\u00e9riaux TPE et ABS respectueux de l'environnement, avec une structure de c\u00e2ble tress\u00e9.<\/p>","protected":false},"excerpt":{"rendered":"<p>Ce c\u00e2ble de charge porte-cl\u00e9s 3 en 1 est un accessoire technologique promotionnel compact et pratique avec des connecteurs Micro USB, Type-C et Lightning dans un seul design portable. Dot\u00e9 d'un c\u00e2ble tress\u00e9, d'une construction ABS et TPE durable et d'un logo laser LED personnalis\u00e9, il est id\u00e9al pour la charge quotidienne, l'utilisation en voyage et les cadeaux publicitaires de marque.<\/p>","protected":false},"featured_media":47069,"template":"","meta":{"_gspb_post_css":""},"product_brand":[],"product_cat":[27],"product_tag":[],"class_list":{"0":"post-47068","1":"product","2":"type-product","3":"status-publish","4":"has-post-thumbnail","6":"product_cat-technology","8":"first","9":"instock","10":"shipping-taxable","11":"product-type-simple"},"_links":{"self":[{"href":"https:\/\/globalgiftsupplier.com\/fr\/wp-json\/wp\/v2\/product\/47068","targetHints":{"allow":["GET"]}}],"collection":[{"href":"https:\/\/globalgiftsupplier.com\/fr\/wp-json\/wp\/v2\/product"}],"about":[{"href":"https:\/\/globalgiftsupplier.com\/fr\/wp-json\/wp\/v2\/types\/product"}],"wp:featuredmedia":[{"embeddable":true,"href":"https:\/\/globalgiftsupplier.com\/fr\/wp-json\/wp\/v2\/media\/47069"}],"wp:attachment":[{"href":"https:\/\/globalgiftsupplier.com\/fr\/wp-json\/wp\/v2\/media?parent=47068"}],"wp:term":[{"taxonomy":"product_brand","embeddable":true,"href":"https:\/\/globalgiftsupplier.com\/fr\/wp-json\/wp\/v2\/product_brand?post=47068"},{"taxonomy":"product_cat","embeddable":true,"href":"https:\/\/globalgiftsupplier.com\/fr\/wp-json\/wp\/v2\/product_cat?post=47068"},{"taxonomy":"product_tag","embeddable":true,"href":"https:\/\/globalgiftsupplier.com\/fr\/wp-json\/wp\/v2\/product_tag?post=47068"}],"curies":[{"name":"wp","href":"https:\/\/api.w.org\/{rel}","templated":true}]}}