{"id":47055,"date":"2026-03-19T08:26:04","date_gmt":"2026-03-19T08:26:04","guid":{"rendered":"https:\/\/globalgiftsupplier.com\/?post_type=product&#038;p=47055"},"modified":"2026-03-19T08:26:04","modified_gmt":"2026-03-19T08:26:04","slug":"custom-metal-stylus-ballpoint-pen-with-touchscreen-tip","status":"publish","type":"product","link":"https:\/\/globalgiftsupplier.com\/fr\/product\/custom-metal-stylus-ballpoint-pen-with-touchscreen-tip\/","title":{"rendered":"Stylo \u00e0 bille stylet en m\u00e9tal personnalis\u00e9 avec pointe tactile"},"content":{"rendered":"<p data-start=\"1152\" data-end=\"1531\">Ce stylo \u00e0 bille en m\u00e9tal personnalis\u00e9 est un produit promotionnel pratique et moderne con\u00e7u pour l'\u00e9criture et l'utilisation d'\u00e9crans tactiles. Il combine l'utilit\u00e9 d'un stylo \u00e0 bille classique avec la commodit\u00e9 d'une pointe de stylet, ce qui en fait un excellent choix pour les bureaux, les r\u00e9unions, les \u00e9v\u00e9nements, les \u00e9coles, les h\u00f4tels, les salons professionnels et les programmes d'image de marque des entreprises.<\/p>\n<p data-start=\"1533\" data-end=\"2009\">Le stylo est dot\u00e9 d'un corps m\u00e9tallique \u00e9l\u00e9gant avec une finition color\u00e9e lisse et des accents chrom\u00e9s polis qui lui conf\u00e8rent un aspect raffin\u00e9 et professionnel. Compar\u00e9 aux stylos en plastique ordinaires, ce style offre un aspect plus premium et une meilleure sensation en main, ce qui permet \u00e0 votre marque de faire une plus forte impression lors d'une utilisation quotidienne. C'est une option intelligente pour les entreprises qui souhaitent un instrument d'\u00e9criture \u00e0 l'aspect soign\u00e9 tout en \u00e9tant pratique et rentable pour les promotions \u00e0 grande \u00e9chelle.<\/p>\n<p data-start=\"2011\" data-end=\"2454\">L'un des principaux avantages de ce produit est sa conception \u00e0 double fonction. La pointe du stylet permet aux utilisateurs d'interagir avec les \u00e9crans tactiles tels que les t\u00e9l\u00e9phones, les tablettes, les \u00e9crans en libre-service et autres appareils num\u00e9riques, tandis que la fonction stylo reste utile pour la prise de notes, la signature de documents, de formulaires, de r\u00e9unions et l'\u00e9criture quotidienne au bureau. Cette combinaison rend le produit plus polyvalent qu'un stylo promotionnel standard et lui conf\u00e8re une plus grande utilit\u00e9 au quotidien.<\/p>\n<p data-start=\"2456\" data-end=\"2863\">Le corps du stylo comporte une zone claire pour le logo personnalis\u00e9, ce qui permet au nom de votre entreprise, \u00e0 votre marque ou \u00e0 votre message promotionnel de rester visible lors d'une utilisation r\u00e9p\u00e9t\u00e9e. Comme les destinataires peuvent utiliser cet article \u00e0 la fois comme stylo et comme accessoire pour \u00e9cran tactile, il a une forte valeur promotionnelle \u00e0 long terme. Plus un produit est utile, plus les gens sont susceptibles de le garder \u00e0 proximit\u00e9, ce qui contribue \u00e0 augmenter l'exposition r\u00e9p\u00e9t\u00e9e de la marque au fil du temps.<\/p>\n<p data-start=\"2865\" data-end=\"3290\">D'apr\u00e8s les images, ce stylo est disponible dans une gamme de couleurs vives et classiques, dont le noir, le gris, le bleu, le vert, le rouge, le violet, le rose, l'orange et d'autres tons modernes. Il est donc facile de l'assortir \u00e0 diff\u00e9rents styles de marque d'entreprise, th\u00e8mes de campagne, couleurs d'\u00e9cole, palettes d'\u00e9v\u00e9nements ou promotions saisonni\u00e8res. Que votre entreprise veuille un objet publicitaire audacieux ou un look d'entreprise plus sobre, ce style de stylo offre un attrait visuel flexible.<\/p>\n<p data-start=\"3292\" data-end=\"3696\">Son profil mince permet \u00e9galement de l'inclure facilement dans les kits de publipostage, les sacs pour \u00e9v\u00e9nements, les kits de cadeaux de bureau, les packs de bienvenue, le mat\u00e9riel de conf\u00e9rence et les lots promotionnels. Il s'associe parfaitement aux cahiers, chemises, journaux, articles de bureau et autres produits de bureau de marque. Pour les entreprises qui cherchent \u00e0 offrir un article pratique de tous les jours qui semble plus moderne pour l'utilisation num\u00e9rique moderne, ce stylo stylet personnalis\u00e9 est un bon choix.<\/p>\n<p data-start=\"3698\" data-end=\"4034\">Ce produit est particuli\u00e8rement adapt\u00e9 aux \u00e9v\u00e9nements d'entreprise, aux promotions technologiques, aux programmes de fournitures de bureau, aux documents \u00e0 distribuer aux clients, aux bureaux de r\u00e9ception des h\u00f4tels, aux cadeaux \u00e9ducatifs, aux bureaux de sant\u00e9 et aux kits d'accueil des employ\u00e9s. Parce qu'il fonctionne \u00e0 la fois dans des environnements de travail physiques et num\u00e9riques, il convient \u00e0 un large \u00e9ventail d'industries et de groupes d'utilisateurs.<\/p>\n<p data-start=\"4036\" data-end=\"4284\">Si vous souhaitez un stylo promotionnel qui offre \u00e0 la fois l'utilit\u00e9 de l'\u00e9criture et la commodit\u00e9 de l'\u00e9cran tactile tout en donnant \u00e0 votre logo une pr\u00e9sentation \u00e9l\u00e9gante et professionnelle, ce stylo \u00e0 bille \u00e0 stylet en m\u00e9tal personnalis\u00e9 est un excellent ajout \u00e0 la gamme de produits de votre site Web.<\/p>\n<p data-start=\"4286\" data-end=\"4653\"><strong data-start=\"4286\" data-end=\"4302\">Caract\u00e9ristiques principales<\/strong><br data-start=\"4302\" data-end=\"4305\" \/>Stylo \u00e0 bille avec stylet en m\u00e9tal<br data-start=\"4331\" data-end=\"4334\" \/>Stylo \u00e0 double fonction et stylet pour \u00e9cran tactile<br data-start=\"4374\" data-end=\"4377\" \/>Zone d'impression du logo personnalis\u00e9 sur le baril<br data-start=\"4411\" data-end=\"4414\" \/>Barillet color\u00e9 et \u00e9l\u00e9gant avec des accents chrom\u00e9s<br data-start=\"4454\" data-end=\"4457\" \/>Convient \u00e0 l'\u00e9criture quotidienne et \u00e0 l'utilisation d'appareils<br data-start=\"4501\" data-end=\"4504\" \/>Aspect professionnel pour les promotions d'entreprise<br data-start=\"4545\" data-end=\"4548\" \/>Disponible en plusieurs couleurs (voir images)<br data-start=\"4599\" data-end=\"4602\" \/>Id\u00e9al pour le bureau, les \u00e9v\u00e9nements et l'image de marque de l'entreprise<\/p>\n<p data-start=\"4655\" data-end=\"4968\"><strong data-start=\"4655\" data-end=\"4682\">Pourquoi choisir ce produit ?<\/strong><br data-start=\"4682\" data-end=\"4685\" \/>Ce produit se distingue par le fait qu'il associe l'\u00e9criture traditionnelle \u00e0 la fonctionnalit\u00e9 moderne d'un \u00e9cran tactile. Il offre une valeur quotidienne sup\u00e9rieure \u00e0 celle d'un stylo standard, donne \u00e0 votre marque une image plus moderne et pr\u00e9sente une finition m\u00e9tallique \u00e9l\u00e9gante qui contribue \u00e0 cr\u00e9er une impression promotionnelle plus forte.<\/p>\n<p data-start=\"4970\" data-end=\"5199\"><strong data-start=\"4970\" data-end=\"4983\">Id\u00e9al pour<\/strong><br data-start=\"4983\" data-end=\"4986\" \/>Promotion des bureaux<br data-start=\"5003\" data-end=\"5006\" \/>Cadeaux d'entreprise<br data-start=\"5025\" data-end=\"5028\" \/>Salons professionnels<br data-start=\"5039\" data-end=\"5042\" \/>Documents de la conf\u00e9rence<br data-start=\"5061\" data-end=\"5064\" \/>Kits de bienvenue pour les employ\u00e9s<br data-start=\"5085\" data-end=\"5088\" \/>Promotions scolaires<br data-start=\"5105\" data-end=\"5108\" \/>Fournitures pour la r\u00e9ception de l'h\u00f4tel<br data-start=\"5133\" data-end=\"5136\" \/>R\u00e9unions d'affaires<br data-start=\"5153\" data-end=\"5156\" \/>Cadeaux des clients<br data-start=\"5168\" data-end=\"5171\" \/>Campagnes li\u00e9es \u00e0 la technologie<\/p>\n<p data-start=\"5201\" data-end=\"5208\"><strong data-start=\"5201\" data-end=\"5208\">FAQ<\/strong><\/p>\n<p data-start=\"5210\" data-end=\"5349\"><strong data-start=\"5210\" data-end=\"5253\">Ce stylo peut-il \u00eatre personnalis\u00e9 avec un logo ?<\/strong><br data-start=\"5253\" data-end=\"5256\" \/>Oui, le baril peut \u00eatre personnalis\u00e9 avec le logo de votre entreprise, le nom de votre marque ou un message promotionnel.<\/p>\n<p data-start=\"5351\" data-end=\"5481\"><strong data-start=\"5351\" data-end=\"5390\">Ce stylo fonctionne-t-il sur les \u00e9crans tactiles ?<\/strong><br data-start=\"5390\" data-end=\"5393\" \/>Oui, il comprend une pointe de stylet \u00e0 utiliser sur les t\u00e9l\u00e9phones, les tablettes et autres appareils \u00e0 \u00e9cran tactile.<\/p>\n<p data-start=\"5483\" data-end=\"5677\"><strong data-start=\"5483\" data-end=\"5548\">Qu'est-ce qui diff\u00e9rencie ce stylo d'un stylo promotionnel ordinaire ?<\/strong><br data-start=\"5548\" data-end=\"5551\" \/>Il combine deux fonctions en un seul produit, offrant aux utilisateurs \u00e0 la fois un stylo d'\u00e9criture et un stylet pour \u00e9cran tactile, pour une plus grande commodit\u00e9 au quotidien.<\/p>\n<p data-start=\"5679\" data-end=\"5882\"><strong data-start=\"5679\" data-end=\"5732\">Ce produit est-il adapt\u00e9 aux promotions commerciales ?<\/strong><br data-start=\"5732\" data-end=\"5735\" \/>En effet, son aspect m\u00e9tallique \u00e9l\u00e9gant et sa conception pratique \u00e0 double usage en font un choix judicieux pour les bureaux, les \u00e9v\u00e9nements d'entreprise, les salons professionnels et les cadeaux publicitaires.<\/p>","protected":false},"excerpt":{"rendered":"<p>Ce stylo \u00e0 bille \u00e0 stylet en m\u00e9tal personnalis\u00e9 combine l'\u00e9criture douce et la commodit\u00e9 d'un \u00e9cran tactile en un seul produit promotionnel \u00e9l\u00e9gant. Dot\u00e9 d'un corps color\u00e9, d'accents chrom\u00e9s, d'une pointe de stylet douce au toucher et d'une zone de logo personnalis\u00e9, il est id\u00e9al pour les promotions de bureau, les cadeaux d'entreprise, les salons professionnels, les trousses d'employ\u00e9s et l'utilisation quotidienne de la marque.<\/p>","protected":false},"featured_media":47056,"template":"","meta":{"_gspb_post_css":""},"product_brand":[],"product_cat":[31],"product_tag":[],"class_list":{"0":"post-47055","1":"product","2":"type-product","3":"status-publish","4":"has-post-thumbnail","6":"product_cat-office","8":"first","9":"instock","10":"shipping-taxable","11":"product-type-simple"},"_links":{"self":[{"href":"https:\/\/globalgiftsupplier.com\/fr\/wp-json\/wp\/v2\/product\/47055","targetHints":{"allow":["GET"]}}],"collection":[{"href":"https:\/\/globalgiftsupplier.com\/fr\/wp-json\/wp\/v2\/product"}],"about":[{"href":"https:\/\/globalgiftsupplier.com\/fr\/wp-json\/wp\/v2\/types\/product"}],"wp:featuredmedia":[{"embeddable":true,"href":"https:\/\/globalgiftsupplier.com\/fr\/wp-json\/wp\/v2\/media\/47056"}],"wp:attachment":[{"href":"https:\/\/globalgiftsupplier.com\/fr\/wp-json\/wp\/v2\/media?parent=47055"}],"wp:term":[{"taxonomy":"product_brand","embeddable":true,"href":"https:\/\/globalgiftsupplier.com\/fr\/wp-json\/wp\/v2\/product_brand?post=47055"},{"taxonomy":"product_cat","embeddable":true,"href":"https:\/\/globalgiftsupplier.com\/fr\/wp-json\/wp\/v2\/product_cat?post=47055"},{"taxonomy":"product_tag","embeddable":true,"href":"https:\/\/globalgiftsupplier.com\/fr\/wp-json\/wp\/v2\/product_tag?post=47055"}],"curies":[{"name":"wp","href":"https:\/\/api.w.org\/{rel}","templated":true}]}}