{"id":46985,"date":"2026-03-19T07:50:29","date_gmt":"2026-03-19T07:50:29","guid":{"rendered":"https:\/\/globalgiftsupplier.com\/?post_type=product&#038;p=46985"},"modified":"2026-03-19T07:50:29","modified_gmt":"2026-03-19T07:50:29","slug":"custom-fda-approved-bent-silicone-straws-with-logo-imprint","status":"publish","type":"product","link":"https:\/\/globalgiftsupplier.com\/fr\/product\/custom-fda-approved-bent-silicone-straws-with-logo-imprint\/","title":{"rendered":"Pailles en silicone courb\u00e9es personnalis\u00e9es approuv\u00e9es par la FDA avec impression du logo"},"content":{"rendered":"<p data-start=\"1200\" data-end=\"1605\">Ajoutez un accessoire pratique et r\u00e9utilisable \u00e0 votre gamme promotionnelle avec ces pailles en silicone pli\u00e9es personnalis\u00e9es. Con\u00e7ues avec une forme courb\u00e9e flexible, des options de couleurs vives et une zone d'impression claire pour le logo, ces pailles sont un choix intelligent pour les marques qui veulent un produit simple mais tr\u00e8s visible pour les promotions de boissons, les programmes d'hospitalit\u00e9 et les campagnes de cadeaux \u00e9cologiques.<\/p>\n<p data-start=\"1607\" data-end=\"2090\">Ces pailles en silicone sont approuv\u00e9es par la FDA et sont con\u00e7ues pour un usage quotidien r\u00e9p\u00e9t\u00e9. Par rapport aux pailles jetables, les pailles en silicone r\u00e9utilisables constituent une option plus durable que les clients, les invit\u00e9s et les participants \u00e0 un \u00e9v\u00e9nement peuvent continuer \u00e0 utiliser longtemps apr\u00e8s la promotion initiale. Le produit \u00e9tant directement li\u00e9 \u00e0 l'utilisation quotidienne de la boisson, il contribue \u00e0 cr\u00e9er une exposition r\u00e9p\u00e9t\u00e9e de la marque dans les foyers, les bureaux, les caf\u00e9s, les restaurants, les lieux de voyage et les environnements \u00e9v\u00e9nementiels.<\/p>\n<p data-start=\"2092\" data-end=\"2605\">Le design courb\u00e9 rend la paille pratique et confortable pour boire, tandis que la construction en silicone souple lui conf\u00e8re une sensation de flexibilit\u00e9 qui la distingue des pailles plus rigides. Cette combinaison de confort, de r\u00e9utilisation et de couleurs vives rend le produit particuli\u00e8rement attrayant pour les marques qui recherchent un accessoire amusant et utile plut\u00f4t qu'un simple article \u00e0 usage unique. Elle convient aux boissons froides, aux bars \u00e0 jus de fruits, aux boutiques de smoothies, aux caf\u00e9s, aux restaurants, aux services de restauration et aux programmes de boissons de marque.<\/p>\n<p data-start=\"2607\" data-end=\"3084\">L'un des principaux atouts de cette paille en silicone personnalis\u00e9e est son fort attrait visuel. Les couleurs vives pr\u00e9sent\u00e9es dans les images du produit aident l'article \u00e0 se d\u00e9marquer et le rendent appropri\u00e9 pour une image de marque joyeuse, des promotions estivales, des programmes scolaires, des \u00e9v\u00e9nements ax\u00e9s sur la famille et des campagnes de style de vie. La zone d'impression du logo sur la paille permet \u00e0 votre entreprise d'ajouter un message de marque simple, le nom de l'entreprise ou un texte promotionnel directement sur un produit r\u00e9utilisable qui peut \u00eatre utilis\u00e9 encore et encore.<\/p>\n<p data-start=\"3086\" data-end=\"3575\">Ces pailles r\u00e9utilisables personnalis\u00e9es conviennent parfaitement aux promotions de boissons, \u00e0 l'image de marque des restaurants, aux marchandises des caf\u00e9s, aux kits d'accueil, aux documents \u00e0 distribuer lors d'\u00e9v\u00e9nements, aux campagnes \u00e9cologiques, aux programmes scolaires et aux packs de cadeaux d'entreprise. Elles peuvent \u00e9galement \u00eatre utilis\u00e9es comme produit compl\u00e9mentaire pour les gobelets, les tasses, les promotions de smoothies, les ensembles de boissons r\u00e9utilisables ou les kits de cadeaux li\u00e9s aux boissons. Parce qu'ils sont l\u00e9gers et faciles \u00e0 distribuer, ils sont pratiques aussi bien pour les petits ensembles promotionnels que pour les \u00e9v\u00e9nements de marque de plus grande envergure.<\/p>\n<p data-start=\"3577\" data-end=\"3946\">Par rapport \u00e0 de nombreux cadeaux publicitaires ordinaires, une paille r\u00e9utilisable offre une valeur d'usage quotidien dans une cat\u00e9gorie de produits qui est naturellement li\u00e9e aux boissons et \u00e0 la restauration. Elle est donc particuli\u00e8rement adapt\u00e9e aux entreprises des secteurs des boissons, de l'h\u00f4tellerie, de la restauration, des voyages et de l'\u00e9v\u00e9nementiel. C'est \u00e9galement une option simple pour les marques qui souhaitent un article r\u00e9utilisable au look d\u00e9contract\u00e9 et accessible.<\/p>\n<p data-start=\"3948\" data-end=\"4323\">La construction en silicone souple et la forme courb\u00e9e rendent la paille plus confortable \u00e0 utiliser, tandis que l'assortiment de couleurs vives donne aux marques une certaine flexibilit\u00e9 pour assortir les th\u00e8mes promotionnels ou les campagnes saisonni\u00e8res. Qu'il s'agisse d'un look color\u00e9 audacieux ou d'un simple accessoire de marque pour les produits de boisson, ces pailles en silicone offrent une option propre et efficace pour la visibilit\u00e9 du logo.<\/p>\n<p data-start=\"4325\" data-end=\"4576\">Si vous \u00eates \u00e0 la recherche d'une paille r\u00e9utilisable personnalis\u00e9e qui allie une pr\u00e9sentation brillante, un aspect pratique au quotidien et une forte valeur de marque pour les boissons, ces pailles en silicone pli\u00e9es approuv\u00e9es par la FDA sont un excellent ajout \u00e0 votre site Web et \u00e0 votre gamme de produits.<\/p>\n<p data-start=\"4578\" data-end=\"4927\"><strong data-start=\"4578\" data-end=\"4594\">Caract\u00e9ristiques principales<\/strong><br data-start=\"4594\" data-end=\"4597\" \/>Paille en silicone courb\u00e9e<br data-start=\"4623\" data-end=\"4626\" \/>Construction r\u00e9utilisable et flexible<br data-start=\"4660\" data-end=\"4663\" \/>Mod\u00e8le approuv\u00e9 par la FDA pr\u00e9sent\u00e9 dans les images du produit<br data-start=\"4705\" data-end=\"4708\" \/>Zone d'impression du logo personnalis\u00e9<br data-start=\"4732\" data-end=\"4735\" \/>Couleurs vives assorties pour un attrait promotionnel<br data-start=\"4780\" data-end=\"4783\" \/>Convient pour les campagnes sur les boissons et les produits d\u00e9riv\u00e9s.<br data-start=\"4836\" data-end=\"4839\" \/>L\u00e9ger et facile \u00e0 distribuer<br data-start=\"4873\" data-end=\"4876\" \/>Id\u00e9al pour les caf\u00e9s, les restaurants, les \u00e9v\u00e9nements et les cadeaux publicitaires.<\/p>\n<p data-start=\"4929\" data-end=\"5254\"><strong data-start=\"4929\" data-end=\"4956\">Pourquoi choisir ce produit ?<\/strong><br data-start=\"4956\" data-end=\"4959\" \/>Ce produit est un excellent choix parce qu'il combine une fonction quotidienne r\u00e9utilisable avec une pr\u00e9sentation color\u00e9e amusante et une visibilit\u00e9 simple du logo. Par rapport aux accessoires jetables pour boissons, une paille en silicone offre une utilisation \u00e0 plus long terme et permet de positionner votre marque avec un produit plus pratique et r\u00e9utilisable.<\/p>\n<p data-start=\"5256\" data-end=\"5519\"><strong data-start=\"5256\" data-end=\"5269\">Id\u00e9al pour<\/strong><br data-start=\"5269\" data-end=\"5272\" \/>Promotions sur les boissons<br data-start=\"5292\" data-end=\"5295\" \/>Marque des caf\u00e9s et des restaurants<br data-start=\"5323\" data-end=\"5326\" \/>Bars \u00e0 smoothies et \u00e0 jus de fruits<br data-start=\"5349\" data-end=\"5352\" \/>Kits d'accueil pour l'hospitalit\u00e9<br data-start=\"5376\" data-end=\"5379\" \/>Campagnes \u00e9cologiques<br data-start=\"5401\" data-end=\"5404\" \/>Programmes scolaires<br data-start=\"5419\" data-end=\"5422\" \/>Cadeaux pour les \u00e9v\u00e9nements<br data-start=\"5437\" data-end=\"5440\" \/>Promotions d'\u00e9t\u00e9<br data-start=\"5457\" data-end=\"5460\" \/>Coffrets de boissons r\u00e9utilisables<br data-start=\"5487\" data-end=\"5490\" \/>Produits de style de vie de marque<\/p>\n<p data-start=\"5521\" data-end=\"5528\"><strong data-start=\"5521\" data-end=\"5528\">FAQ<\/strong><\/p>\n<p data-start=\"5530\" data-end=\"5682\"><strong data-start=\"5530\" data-end=\"5586\">Ces pailles en silicone peuvent-elles \u00eatre personnalis\u00e9es avec un logo ?<\/strong><br data-start=\"5586\" data-end=\"5589\" \/>Oui, les pailles peuvent \u00eatre personnalis\u00e9es avec le logo de votre entreprise, votre nom de marque ou un texte promotionnel.<\/p>\n<p data-start=\"5684\" data-end=\"5869\"><strong data-start=\"5684\" data-end=\"5732\">Qu'est-ce qui fait que ces pailles sont bonnes pour les promotions ?<\/strong><br data-start=\"5732\" data-end=\"5735\" \/>Ils sont color\u00e9s, r\u00e9utilisables, l\u00e9gers et directement li\u00e9s \u00e0 l'utilisation quotidienne des boissons, ce qui contribue \u00e0 cr\u00e9er une exposition r\u00e9p\u00e9t\u00e9e \u00e0 la marque.<\/p>\n<p data-start=\"5871\" data-end=\"5972\"><strong data-start=\"5871\" data-end=\"5901\">Ces pailles sont-elles r\u00e9utilisables ?<\/strong><br data-start=\"5901\" data-end=\"5904\" \/>Oui, elles sont con\u00e7ues comme des pailles en silicone r\u00e9utilisables.<\/p>\n<p data-start=\"5974\" data-end=\"6199\"><strong data-start=\"5974\" data-end=\"6027\">\u00c0 quelles entreprises ces pailles conviennent-elles le mieux ?<\/strong><br data-start=\"6027\" data-end=\"6030\" \/>Ils sont id\u00e9aux pour les caf\u00e9s, les restaurants, les bars \u00e0 smoothie, les entreprises d'h\u00f4tellerie, les organisateurs d'\u00e9v\u00e9nements, les \u00e9coles et les marques qui organisent des promotions \u00e9cologiques ou li\u00e9es \u00e0 la consommation de boissons.<\/p>\n<p data-start=\"6201\" data-end=\"6381\" data-is-last-node=\"\" data-is-only-node=\"\"><strong data-start=\"6201\" data-end=\"6235\">Pourquoi la conception coud\u00e9e est-elle utile ?<\/strong><br data-start=\"6235\" data-end=\"6238\" \/>La forme coud\u00e9e rend la paille plus facile et plus confortable \u00e0 utiliser pour de nombreuses boissons, tout en lui donnant un style familier et pratique.<\/p>","protected":false},"excerpt":{"rendered":"<p>Ces pailles en silicone pli\u00e9es personnalis\u00e9es pr\u00e9sentent un design flexible r\u00e9utilisable, des couleurs vives et une zone d'impression de logo personnalis\u00e9 pour un marquage pratique au quotidien. Id\u00e9ales pour les promotions de boissons, les restaurants, les caf\u00e9s, les \u00e9v\u00e9nements, les programmes d'accueil et les cadeaux \u00e9cologiques, elles offrent un moyen amusant et r\u00e9utilisable de mettre en valeur votre logo.<\/p>","protected":false},"featured_media":46986,"template":"","meta":{"_gspb_post_css":""},"product_brand":[],"product_cat":[25],"product_tag":[],"class_list":{"0":"post-46985","1":"product","2":"type-product","3":"status-publish","4":"has-post-thumbnail","6":"product_cat-drinkware","8":"first","9":"instock","10":"shipping-taxable","11":"product-type-simple"},"_links":{"self":[{"href":"https:\/\/globalgiftsupplier.com\/fr\/wp-json\/wp\/v2\/product\/46985","targetHints":{"allow":["GET"]}}],"collection":[{"href":"https:\/\/globalgiftsupplier.com\/fr\/wp-json\/wp\/v2\/product"}],"about":[{"href":"https:\/\/globalgiftsupplier.com\/fr\/wp-json\/wp\/v2\/types\/product"}],"wp:featuredmedia":[{"embeddable":true,"href":"https:\/\/globalgiftsupplier.com\/fr\/wp-json\/wp\/v2\/media\/46986"}],"wp:attachment":[{"href":"https:\/\/globalgiftsupplier.com\/fr\/wp-json\/wp\/v2\/media?parent=46985"}],"wp:term":[{"taxonomy":"product_brand","embeddable":true,"href":"https:\/\/globalgiftsupplier.com\/fr\/wp-json\/wp\/v2\/product_brand?post=46985"},{"taxonomy":"product_cat","embeddable":true,"href":"https:\/\/globalgiftsupplier.com\/fr\/wp-json\/wp\/v2\/product_cat?post=46985"},{"taxonomy":"product_tag","embeddable":true,"href":"https:\/\/globalgiftsupplier.com\/fr\/wp-json\/wp\/v2\/product_tag?post=46985"}],"curies":[{"name":"wp","href":"https:\/\/api.w.org\/{rel}","templated":true}]}}