{"id":46979,"date":"2026-03-19T07:48:13","date_gmt":"2026-03-19T07:48:13","guid":{"rendered":"https:\/\/globalgiftsupplier.com\/?post_type=product&#038;p=46979"},"modified":"2026-03-19T07:48:13","modified_gmt":"2026-03-19T07:48:13","slug":"custom-metal-push-click-action-ball-pen-with-logo-imprint","status":"publish","type":"product","link":"https:\/\/globalgiftsupplier.com\/fr\/product\/custom-metal-push-click-action-ball-pen-with-logo-imprint\/","title":{"rendered":"Stylo \u00e0 bille en m\u00e9tal avec impression du logo"},"content":{"rendered":"<p data-start=\"1130\" data-end=\"1537\">Faites la promotion de votre marque avec un instrument d'\u00e9criture propre et moderne qui combine une utilisation quotidienne pratique avec un look professionnel soign\u00e9. Ce stylo \u00e0 bille en m\u00e9tal est dot\u00e9 d'un corps fin, d'un m\u00e9canisme de clic souple et d'un clip \u00e9l\u00e9gant, ce qui en fait un choix judicieux pour les entreprises qui souhaitent un stylo promotionnel \u00e0 l'aspect plus raffin\u00e9 qu'un stylo publicitaire en plastique ordinaire.<\/p>\n<p data-start=\"1539\" data-end=\"1957\">Ce stylo est con\u00e7u pour les entreprises qui souhaitent un produit d'\u00e9criture simple, professionnel et facile \u00e0 utiliser. Son corps fin lui conf\u00e8re un profil \u00e9l\u00e9gant qui lui donne un aspect soign\u00e9 sur les bureaux, dans les carnets, \u00e0 l'int\u00e9rieur des dossiers et dans les documents de conf\u00e9rence. L'action du bouton-poussoir le rend pratique pour la prise de notes quotidienne, l'utilisation au bureau, les r\u00e9unions et les \u00e9v\u00e9nements, tandis que la surface nette du corps du stylo offre une zone claire pour l'impression d'un logo personnalis\u00e9.<\/p>\n<p data-start=\"1959\" data-end=\"2359\">La construction m\u00e9tallique moderne conf\u00e8re au stylo une sensation plus substantielle et de qualit\u00e9 sup\u00e9rieure en main. Compar\u00e9 \u00e0 un stylo standard bon march\u00e9, un stylo en m\u00e9tal cr\u00e9e souvent une premi\u00e8re impression plus forte et refl\u00e8te mieux l'image d'une marque professionnelle. Ce produit est donc particuli\u00e8rement adapt\u00e9 aux promotions d'entreprise, \u00e0 la remise de documents aux clients, aux kits d'accueil des employ\u00e9s, aux bureaux d'h\u00f4tel, aux visites de vente et aux cadeaux publicitaires lors d'\u00e9v\u00e9nements professionnels.<\/p>\n<p data-start=\"2361\" data-end=\"2826\">Son design se distingue \u00e9galement par une agrafe contemporaine et des d\u00e9tails sur le dessus qui ajoutent un int\u00e9r\u00eat visuel sans que le stylo ne paraisse trop compliqu\u00e9. La combinaison de couleurs vives pour le corps et de garnitures plus fonc\u00e9es conf\u00e8re au stylo un style frais et moderne qui convient aussi bien aux th\u00e8mes formels qu'aux th\u00e8mes plus cr\u00e9atifs. Que votre marque pr\u00e9f\u00e8re les couleurs classiques ou les tons promotionnels plus vifs, ce stylo offre une pr\u00e9sentation polyvalente qui reste organis\u00e9e et professionnelle.<\/p>\n<p data-start=\"2828\" data-end=\"3253\">Les stylos \u00e9tant l'un des objets promotionnels les plus utilis\u00e9s, ce produit offre une valeur de marque \u00e0 long terme. Un stylo utile est susceptible d'\u00eatre gard\u00e9 sur un bureau, transport\u00e9 dans un sac, rang\u00e9 dans un tiroir ou partag\u00e9 lors de r\u00e9unions et d'activit\u00e9s quotidiennes. Chaque fois que le stylo est utilis\u00e9, votre logo reste visible. Cette exposition r\u00e9p\u00e9t\u00e9e contribue \u00e0 faire des stylos personnalis\u00e9s l'un des produits promotionnels les plus fiables et les plus rentables pour de nombreux secteurs d'activit\u00e9.<\/p>\n<p data-start=\"3255\" data-end=\"3662\">Ce stylo en m\u00e9tal avec logo personnalis\u00e9 convient aux bureaux, aux \u00e9coles, aux conf\u00e9rences, aux guichets, aux programmes d'accueil, aux promotions immobili\u00e8res, aux services financiers, aux cabinets de soins de sant\u00e9, aux \u00e9tablissements d'enseignement et aux packs d'\u00e9v\u00e9nements de marque. C'est \u00e9galement une bonne option pour les entreprises qui souhaitent un stylo promotionnel plus \u00e9l\u00e9gant qu'un mod\u00e8le standard en plastique, tout en restant pratique pour une distribution \u00e0 grande \u00e9chelle.<\/p>\n<p data-start=\"3664\" data-end=\"4068\">Le m\u00e9canisme de clic pouss\u00e9 est simple et pratique, permettant aux utilisateurs d'allonger rapidement la pointe d'\u00e9criture d'une simple pression. Ce stylo est donc particuli\u00e8rement utile dans les environnements o\u00f9 le rythme est soutenu, tels que les r\u00e9ceptions, les salles de r\u00e9union, les tables d'inscription \u00e0 des \u00e9v\u00e9nements, les bureaux du service client\u00e8le et les environnements de bureau quotidiens. Sa forme fine lui permet \u00e9galement de s'int\u00e9grer confortablement dans les ensembles de papeterie, les planificateurs, les porte-cahiers et les sacs cadeaux.<\/p>\n<p data-start=\"4070\" data-end=\"4321\">Si vous \u00eates \u00e0 la recherche d'un stylo promotionnel personnalis\u00e9 qui allie un aspect m\u00e9tallique \u00e9l\u00e9gant, un design \u00e0 d\u00e9clic souple et une forte valeur de marque quotidienne, ce stylo \u00e0 bille \u00e0 d\u00e9clic en m\u00e9tal personnalis\u00e9 est un excellent ajout \u00e0 votre site Web et \u00e0 votre gamme de produits.<\/p>\n<p data-start=\"4323\" data-end=\"4710\"><strong data-start=\"4323\" data-end=\"4339\">Caract\u00e9ristiques principales<\/strong><br data-start=\"4339\" data-end=\"4342\" \/>Stylo en m\u00e9tal \u00e0 bouton-poussoir<br data-start=\"4376\" data-end=\"4379\" \/>Barillet fin et moderne pour un look professionnel \u00e9pur\u00e9<br data-start=\"4427\" data-end=\"4430\" \/>Zone d'impression du logo personnalis\u00e9 sur le baril<br data-start=\"4464\" data-end=\"4467\" \/>Clip \u00e9l\u00e9gant pour une apparence contemporaine<br data-start=\"4516\" data-end=\"4519\" \/>\u00c9criture fluide pour une utilisation quotidienne au bureau et en r\u00e9union<br data-start=\"4566\" data-end=\"4569\" \/>Conception pratique et r\u00e9tractable<br data-start=\"4597\" data-end=\"4600\" \/>Convient pour les promotions et les cadeaux d'entreprise<br data-start=\"4646\" data-end=\"4649\" \/>Id\u00e9al pour les bureaux, les conf\u00e9rences, les salons professionnels et les paquets de clients<\/p>\n<p data-start=\"4712\" data-end=\"5027\"><strong data-start=\"4712\" data-end=\"4747\">Pourquoi choisir ce stylo promotionnel<\/strong><br data-start=\"4747\" data-end=\"4750\" \/>Ce stylo est un excellent choix promotionnel car il allie l'utilit\u00e9 de l'\u00e9criture au quotidien \u00e0 une apparence plus soign\u00e9e et professionnelle. Par rapport aux stylos publicitaires ordinaires, le corps en m\u00e9tal et le design fin \u00e0 clic permettent de pr\u00e9senter votre marque d'une mani\u00e8re plus nette et plus moderne.<\/p>\n<p data-start=\"5029\" data-end=\"5290\"><strong data-start=\"5029\" data-end=\"5042\">Id\u00e9al pour<\/strong><br data-start=\"5042\" data-end=\"5045\" \/>Promotion des bureaux<br data-start=\"5062\" data-end=\"5065\" \/>R\u00e9unions d'entreprise<br data-start=\"5083\" data-end=\"5086\" \/>Cadeaux pour les salons professionnels<br data-start=\"5106\" data-end=\"5109\" \/>Paquets de remerciement pour les clients<br data-start=\"5134\" data-end=\"5137\" \/>Kits de bienvenue pour la conf\u00e9rence<br data-start=\"5160\" data-end=\"5163\" \/>Bureaux d'accueil<br data-start=\"5178\" data-end=\"5181\" \/>Image de marque de l'h\u00f4tellerie et de la restauration<br data-start=\"5211\" data-end=\"5214\" \/>Marketing immobilier<br data-start=\"5235\" data-end=\"5238\" \/>Programmes de l'\u00e9cole et du campus<br data-start=\"5264\" data-end=\"5267\" \/>Documents relatifs aux \u00e9v\u00e9nements professionnels<\/p>\n<p data-start=\"5292\" data-end=\"5299\"><strong data-start=\"5292\" data-end=\"5299\">FAQ<\/strong><\/p>\n<p data-start=\"5301\" data-end=\"5440\"><strong data-start=\"5301\" data-end=\"5344\">Ce stylo peut-il \u00eatre personnalis\u00e9 avec un logo ?<\/strong><br data-start=\"5344\" data-end=\"5347\" \/>Oui, le baril peut \u00eatre personnalis\u00e9 avec le logo de votre entreprise, le nom de votre marque ou un message promotionnel.<\/p>\n<p data-start=\"5442\" data-end=\"5668\"><strong data-start=\"5442\" data-end=\"5507\">Qu'est-ce qui diff\u00e9rencie ce stylo d'un stylo promotionnel ordinaire ?<\/strong><br data-start=\"5507\" data-end=\"5510\" \/>Ce stylo est dot\u00e9 d'un corps m\u00e9tallique fin et d'un syst\u00e8me d'encliquetage plus moderne, ce qui lui conf\u00e8re un aspect plus net et plus soign\u00e9 qu'un stylo en plastique ordinaire.<\/p>\n<p data-start=\"5670\" data-end=\"5846\"><strong data-start=\"5670\" data-end=\"5719\">Ce stylo est-il adapt\u00e9 aux promotions professionnelles ?<\/strong><br data-start=\"5719\" data-end=\"5722\" \/>Oui, il est id\u00e9al pour les bureaux, les r\u00e9unions, les cadeaux aux clients, les salons professionnels, les kits de conf\u00e9rence et d'autres utilisations promotionnelles professionnelles.<\/p>\n<p data-start=\"5848\" data-end=\"6020\"><strong data-start=\"5848\" data-end=\"5894\">Quel est l'avantage d'un stylo \"push click\" ?<\/strong><br data-start=\"5894\" data-end=\"5897\" \/>Le stylo \u00e0 bouton-poussoir est rapide et facile \u00e0 utiliser, ce qui le rend pratique pour les r\u00e9unions, la prise de notes, les formulaires et l'\u00e9criture quotidienne au bureau.<\/p>\n<p data-start=\"6022\" data-end=\"6253\" data-is-last-node=\"\" data-is-only-node=\"\"><strong data-start=\"6022\" data-end=\"6070\">\u00c0 qui ce stylo promotionnel convient-il le mieux ?<\/strong><br data-start=\"6070\" data-end=\"6073\" \/>Il est id\u00e9al pour les entreprises, les \u00e9coles, les h\u00f4tels, les agences immobili\u00e8res, les bureaux, les conf\u00e9rences et les marques qui recherchent un article d'\u00e9criture personnalis\u00e9 pratique avec un aspect plus professionnel.<\/p>","protected":false},"excerpt":{"rendered":"<p>Ce stylo \u00e0 bille \u00e0 bouton-poussoir en m\u00e9tal est dot\u00e9 d'un corps fin et moderne, d'un clip \u00e9l\u00e9gant et d'une \u00e9criture souple et r\u00e9tractable pour un usage professionnel quotidien. Id\u00e9al pour les bureaux, les r\u00e9unions, les salons professionnels, les packs clients et les cadeaux promotionnels, il offre un moyen pratique et \u00e9l\u00e9gant de mettre en valeur votre logo.<\/p>","protected":false},"featured_media":46980,"template":"","meta":{"_gspb_post_css":""},"product_brand":[],"product_cat":[31],"product_tag":[],"class_list":{"0":"post-46979","1":"product","2":"type-product","3":"status-publish","4":"has-post-thumbnail","6":"product_cat-office","8":"first","9":"instock","10":"shipping-taxable","11":"product-type-simple"},"_links":{"self":[{"href":"https:\/\/globalgiftsupplier.com\/fr\/wp-json\/wp\/v2\/product\/46979","targetHints":{"allow":["GET"]}}],"collection":[{"href":"https:\/\/globalgiftsupplier.com\/fr\/wp-json\/wp\/v2\/product"}],"about":[{"href":"https:\/\/globalgiftsupplier.com\/fr\/wp-json\/wp\/v2\/types\/product"}],"wp:featuredmedia":[{"embeddable":true,"href":"https:\/\/globalgiftsupplier.com\/fr\/wp-json\/wp\/v2\/media\/46980"}],"wp:attachment":[{"href":"https:\/\/globalgiftsupplier.com\/fr\/wp-json\/wp\/v2\/media?parent=46979"}],"wp:term":[{"taxonomy":"product_brand","embeddable":true,"href":"https:\/\/globalgiftsupplier.com\/fr\/wp-json\/wp\/v2\/product_brand?post=46979"},{"taxonomy":"product_cat","embeddable":true,"href":"https:\/\/globalgiftsupplier.com\/fr\/wp-json\/wp\/v2\/product_cat?post=46979"},{"taxonomy":"product_tag","embeddable":true,"href":"https:\/\/globalgiftsupplier.com\/fr\/wp-json\/wp\/v2\/product_tag?post=46979"}],"curies":[{"name":"wp","href":"https:\/\/api.w.org\/{rel}","templated":true}]}}