{"id":46955,"date":"2026-03-19T07:37:05","date_gmt":"2026-03-19T07:37:05","guid":{"rendered":"https:\/\/globalgiftsupplier.com\/?post_type=product&#038;p=46955"},"modified":"2026-03-19T07:37:05","modified_gmt":"2026-03-19T07:37:05","slug":"custom-clear-pet-face-shield-full-protective-face-visor-with-logo-imprint","status":"publish","type":"product","link":"https:\/\/globalgiftsupplier.com\/fr\/product\/custom-clear-pet-face-shield-full-protective-face-visor-with-logo-imprint\/","title":{"rendered":"\u00c9cran facial en PET transparent personnalis\u00e9 Visi\u00e8re de protection compl\u00e8te pour le visage avec impression du logo"},"content":{"rendered":"<p data-start=\"1235\" data-end=\"1784\">Ajoutez un article de protection pratique et tr\u00e8s visible \u00e0 votre gamme de produits de marque avec cet \u00e9cran facial en PET transparent personnalis\u00e9. Con\u00e7ue avec une visi\u00e8re transparente \u00e0 couverture totale et un bandeau frontal l\u00e9ger, cette visi\u00e8re offre un aspect propre et professionnel qui la rend adapt\u00e9e aux programmes sur le lieu de travail, aux \u00e9quipes en contact avec la client\u00e8le, aux environnements de vente au d\u00e9tail, aux \u00e9v\u00e9nements et \u00e0 la distribution de produits de marque. Il s'agit d'une option utile pour les organisations qui recherchent un produit personnalis\u00e9 li\u00e9 \u00e0 l'EPI avec une visibilit\u00e9 claire du logo et un aspect professionnel simple.<\/p>\n<p data-start=\"1786\" data-end=\"2259\">Cet \u00e9cran facial est compos\u00e9 d'une visi\u00e8re en PET transparent qui aide \u00e0 maintenir la visibilit\u00e9 tout en cr\u00e9ant une barri\u00e8re physique devant le visage. Le large panneau transparent donne au produit un aspect propre et fonctionnel, tandis que le bandeau offre un espace pour le marquage, l'\u00e9tiquetage ou l'impression d'informations personnalis\u00e9es. Le bouclier \u00e9tant port\u00e9 sur le visage et restant tr\u00e8s visible pendant l'utilisation, il offre une forte exposition \u00e0 la marque par rapport \u00e0 de nombreux autres produits promotionnels plus petits.<\/p>\n<p data-start=\"2261\" data-end=\"2723\">Gr\u00e2ce \u00e0 sa l\u00e9g\u00e8ret\u00e9, ce produit est facile \u00e0 porter dans divers environnements g\u00e9n\u00e9raux tels que les comptoirs de vente au d\u00e9tail, les zones de r\u00e9ception, les environnements d'accueil, les \u00e9quipes de restauration, les programmes scolaires, les zones d'enregistrement des \u00e9v\u00e9nements et les kits d'assistance sur le lieu de travail. Il peut \u00eatre utilis\u00e9 dans le cadre de programmes destin\u00e9s au personnel, de packs de fournitures de s\u00e9curit\u00e9 pour les entreprises, d'uniformes pour le service \u00e0 la client\u00e8le ou d'assortiments d'EPI de marque. Sa structure simple le rend facile \u00e0 stocker, \u00e0 transporter et \u00e0 distribuer en quantit\u00e9.<\/p>\n<p data-start=\"2725\" data-end=\"3168\">Cette visi\u00e8re transparente personnalis\u00e9e est particuli\u00e8rement adapt\u00e9e aux organisations qui souhaitent une pr\u00e9sentation plus professionnelle des accessoires de protection du visage sur le lieu de travail. La visi\u00e8re transparente permet de conserver une apparence nette et ouverte, tandis que la bande sup\u00e9rieure peut supporter l'impression d'un logo ou d'un message de marque. Cette visi\u00e8re convient donc parfaitement aux entreprises qui souhaitent une identit\u00e9 visuelle coordonn\u00e9e pour l'\u00e9quipement du personnel, les fournitures de s\u00e9curit\u00e9 au d\u00e9tail ou le mat\u00e9riel destin\u00e9 au public sur le lieu de travail.<\/p>\n<p data-start=\"3170\" data-end=\"3606\">Compar\u00e9 \u00e0 de nombreux produits publicitaires ordinaires, cet \u00e9cran facial offre une plus grande surface visible et une application plus pratique sur le lieu de travail. Il est utile pour les entreprises qui veulent des articles de soutien de marque pour les \u00e9quipes, les \u00e9v\u00e9nements, les comptoirs de service, les \u00e9coles, les cliniques, les salons, les restaurants et les op\u00e9rations d'accueil. Parce qu'il est directement associ\u00e9 \u00e0 une utilisation visible sur le lieu de travail, il peut contribuer \u00e0 renforcer une image de marque plus organis\u00e9e et plus professionnelle.<\/p>\n<p data-start=\"3608\" data-end=\"3968\">La visi\u00e8re en PET conf\u00e8re \u00e9galement \u00e0 ce produit un aspect propre et moderne qui convient \u00e0 de nombreux secteurs d'activit\u00e9. Que votre entreprise ait besoin d'une visi\u00e8re transparente pour le personnel, de kits visiteurs de marque, d'un support pour les \u00e9v\u00e9nements ou de programmes promotionnels de fourniture d'EPI, cet article offre un design simple qui s'int\u00e8gre facilement dans de nombreux environnements de travail ou de service.<\/p>\n<p data-start=\"3970\" data-end=\"4405\">Cet \u00e9cran facial personnalis\u00e9 peut \u00eatre une option intelligente pour les environnements li\u00e9s \u00e0 la sant\u00e9, les \u00e9quipes de vente au d\u00e9tail, les comptoirs de service \u00e0 la client\u00e8le, les environnements de manipulation des aliments, les \u00e9coles, les bureaux d'accueil de bureau, les entreprises de beaut\u00e9, le personnel d'accueil et les programmes g\u00e9n\u00e9raux sur le lieu de travail. Sa structure claire permet de garder le marquage subtil mais visible, ce qui le rend appropri\u00e9 pour les entreprises qui souhaitent placer leur logo sans que l'aspect pratique et propre du produit ne soit surcharg\u00e9.<\/p>\n<p data-start=\"4407\" data-end=\"4630\">Si vous \u00eates \u00e0 la recherche d'une visi\u00e8re personnalis\u00e9e avec une visibilit\u00e9 claire, une construction l\u00e9g\u00e8re et un design professionnel pratique, cet \u00e9cran facial en PET transparent est un excellent ajout \u00e0 votre site Web et \u00e0 votre gamme de produits.<\/p>\n<p data-start=\"4632\" data-end=\"5029\"><strong data-start=\"4632\" data-end=\"4648\">Caract\u00e9ristiques principales<\/strong><br data-start=\"4648\" data-end=\"4651\" \/>Ecran facial transparent en PET \u00e0 couverture totale<br data-start=\"4693\" data-end=\"4696\" \/>Visi\u00e8re l\u00e9g\u00e8re pour une utilisation pratique au quotidien<br data-start=\"4740\" data-end=\"4743\" \/>Bandeau frontal avec zone d'impression du logo<br data-start=\"4779\" data-end=\"4782\" \/>Bouclier transparent pour une bonne visibilit\u00e9<br data-start=\"4821\" data-end=\"4824\" \/>Convient aux environnements de travail et aux environnements en contact avec la client\u00e8le<br data-start=\"4879\" data-end=\"4882\" \/>Facile \u00e0 stocker, \u00e0 transporter et \u00e0 distribuer<br data-start=\"4922\" data-end=\"4925\" \/>Apparence professionnelle pour les programmes d'EPI de marque<br data-start=\"4973\" data-end=\"4976\" \/>Id\u00e9al pour le commerce de d\u00e9tail, l'h\u00f4tellerie, les \u00e9v\u00e9nements et les v\u00eatements pour le personnel<\/p>\n<p data-start=\"5031\" data-end=\"5400\"><strong data-start=\"5031\" data-end=\"5058\">Pourquoi choisir ce produit ?<\/strong><br data-start=\"5058\" data-end=\"5061\" \/>Ce produit est un excellent choix car il combine une couverture pratique du visage avec une visibilit\u00e9 claire du logo dans un format professionnel simple. Par rapport \u00e0 de nombreux petits articles promotionnels, il offre une plus grande surface visible et une plus grande pertinence sur le lieu de travail, ce qui le rend adapt\u00e9 aux programmes de marque destin\u00e9s au personnel, aux kits de soutien et aux utilisations professionnelles li\u00e9es \u00e0 l'EPI.<\/p>\n<p data-start=\"5402\" data-end=\"5666\"><strong data-start=\"5402\" data-end=\"5415\">Id\u00e9al pour<\/strong><br data-start=\"5415\" data-end=\"5418\" \/>V\u00eatements pour le personnel de la vente au d\u00e9tail<br data-start=\"5435\" data-end=\"5438\" \/>Comptoirs d'accueil<br data-start=\"5456\" data-end=\"5459\" \/>\u00c9quipes d'accueil<br data-start=\"5476\" data-end=\"5479\" \/>Personnel charg\u00e9 de l'enregistrement des \u00e9v\u00e9nements<br data-start=\"5499\" data-end=\"5502\" \/>Programmes de soutien scolaire<br data-start=\"5525\" data-end=\"5528\" \/>Entreprises de soins de beaut\u00e9 et de salons de coiffure<br data-start=\"5555\" data-end=\"5558\" \/>\u00c9quipes de restauration<br data-start=\"5576\" data-end=\"5579\" \/>Kits d'EPI sur le lieu de travail<br data-start=\"5597\" data-end=\"5600\" \/>Environnements des cliniques et des services<br data-start=\"5631\" data-end=\"5634\" \/>Programmes de s\u00e9curit\u00e9 pour les entreprises<\/p>\n<p data-start=\"5668\" data-end=\"5675\"><strong data-start=\"5668\" data-end=\"5675\">FAQ<\/strong><\/p>\n<p data-start=\"5677\" data-end=\"5842\"><strong data-start=\"5677\" data-end=\"5728\">Cet \u00e9cran facial peut-il \u00eatre personnalis\u00e9 avec un logo ?<\/strong><br data-start=\"5728\" data-end=\"5731\" \/>Oui, le bouclier peut \u00eatre personnalis\u00e9 avec le logo de votre entreprise ou des informations sur votre marque dans la zone d'impression pr\u00e9vue \u00e0 cet effet.<\/p>\n<p data-start=\"5844\" data-end=\"5971\"><strong data-start=\"5844\" data-end=\"5885\">Quel est le mat\u00e9riau de la visi\u00e8re ?<\/strong><br data-start=\"5885\" data-end=\"5888\" \/>La visi\u00e8re est fabriqu\u00e9e en PET transparent pour une conception transparente et l\u00e9g\u00e8re.<\/p>\n<p data-start=\"5973\" data-end=\"6169\"><strong data-start=\"5973\" data-end=\"6024\">Cet \u00e9cran facial est-il adapt\u00e9 \u00e0 une utilisation sur le lieu de travail ?<\/strong><br data-start=\"6024\" data-end=\"6027\" \/>Oui, il convient aux environnements de travail, de vente au d\u00e9tail, d'h\u00f4tellerie, d'\u00e9v\u00e9nements et de contact avec la client\u00e8le dans lesquels une visi\u00e8re transparente est pr\u00e9f\u00e9rable.<\/p>\n<p data-start=\"6171\" data-end=\"6354\"><strong data-start=\"6171\" data-end=\"6218\">Ce produit est-il facile \u00e0 distribuer en vrac ?<\/strong><br data-start=\"6218\" data-end=\"6221\" \/>Oui, sa structure l\u00e9g\u00e8re permet de l'emballer, de le stocker et de le distribuer facilement dans le cadre de programmes de distribution au personnel ou de besoins d'approvisionnement plus importants de l'entreprise.<\/p>\n<p data-start=\"6356\" data-end=\"6563\" data-is-last-node=\"\" data-is-only-node=\"\"><strong data-start=\"6356\" data-end=\"6396\">\u00c0 qui ce produit convient-il le mieux ?<\/strong><br data-start=\"6396\" data-end=\"6399\" \/>Elle est id\u00e9ale pour les \u00e9quipes de vente au d\u00e9tail, le personnel de l'h\u00f4tellerie, les \u00e9quipes d'\u00e9v\u00e9nements, les \u00e9coles, les salons, les comptoirs de service, les cliniques et les entreprises \u00e0 la recherche d'une visi\u00e8re de marque pratique.<\/p>","protected":false},"excerpt":{"rendered":"<p>Cet \u00e9cran facial en PET transparent personnalis\u00e9 est dot\u00e9 d'une visi\u00e8re l\u00e9g\u00e8re et compl\u00e8te, d'une bande frontale confortable et d'une zone d'impression de logo transparente pour une utilisation pratique de la marque. Id\u00e9al pour le personnel, les programmes sur le lieu de travail, les environnements de vente au d\u00e9tail, les \u00e9v\u00e9nements et la distribution promotionnelle, il offre un moyen simple et visible de mettre en valeur votre logo sur des v\u00eatements de protection.<\/p>","protected":false},"featured_media":46956,"template":"","meta":{"_gspb_post_css":""},"product_brand":[],"product_cat":[32],"product_tag":[],"class_list":{"0":"post-46955","1":"product","2":"type-product","3":"status-publish","4":"has-post-thumbnail","6":"product_cat-healthcare-ppe","8":"first","9":"instock","10":"shipping-taxable","11":"product-type-simple"},"_links":{"self":[{"href":"https:\/\/globalgiftsupplier.com\/fr\/wp-json\/wp\/v2\/product\/46955","targetHints":{"allow":["GET"]}}],"collection":[{"href":"https:\/\/globalgiftsupplier.com\/fr\/wp-json\/wp\/v2\/product"}],"about":[{"href":"https:\/\/globalgiftsupplier.com\/fr\/wp-json\/wp\/v2\/types\/product"}],"wp:featuredmedia":[{"embeddable":true,"href":"https:\/\/globalgiftsupplier.com\/fr\/wp-json\/wp\/v2\/media\/46956"}],"wp:attachment":[{"href":"https:\/\/globalgiftsupplier.com\/fr\/wp-json\/wp\/v2\/media?parent=46955"}],"wp:term":[{"taxonomy":"product_brand","embeddable":true,"href":"https:\/\/globalgiftsupplier.com\/fr\/wp-json\/wp\/v2\/product_brand?post=46955"},{"taxonomy":"product_cat","embeddable":true,"href":"https:\/\/globalgiftsupplier.com\/fr\/wp-json\/wp\/v2\/product_cat?post=46955"},{"taxonomy":"product_tag","embeddable":true,"href":"https:\/\/globalgiftsupplier.com\/fr\/wp-json\/wp\/v2\/product_tag?post=46955"}],"curies":[{"name":"wp","href":"https:\/\/api.w.org\/{rel}","templated":true}]}}